{"id":917,"date":"2025-08-26T11:09:53","date_gmt":"2025-08-26T03:09:53","guid":{"rendered":"https:\/\/mostebglass.com\/?post_type=product&#038;p=917"},"modified":"2026-03-13T15:13:32","modified_gmt":"2026-03-13T07:13:32","slug":"round-reed-diffuser-bottles-empty-for-aromatherapy-bulk","status":"publish","type":"product","link":"https:\/\/mostebglass.com\/es\/round-reed-diffuser-bottles-empty-for-aromatherapy-bulk\/","title":{"rendered":"Botellas difusoras de varillas redondas de 100 ml y 200 ml vac\u00edas para aromaterapia a granel"},"content":{"rendered":"<p>La serie de difusores de varillas vac\u00edos presenta una forma \u00fanica de dise\u00f1o aplanado y redondo. Los frascos se apoyan en una base ancha y estable, y el cuerpo presenta l\u00edneas suaves y fluidas que se estrechan gradualmente hacia el cuello. El anillo met\u00e1lico decorativo que adorna la abertura le da a los difusores una carcasa elegante y sofisticada. Esta serie de productos se utiliza habitualmente en salas de estar, dormitorios, oficinas, hoteles y spas.<\/p>\n<h2>P\u0159izp\u016fsoben\u00e9 n\u00e1vrhy<\/h2>\n<ul>\n<li><strong>Forma redonda:<\/strong> El dise\u00f1o \u00fanico, plano y redondeado se diferencia de los difusores tradicionales, ahorrando espacio y proporcionando un acabado duradero y estable.<\/li>\n<li><strong>El difusor de varillas ideal:<\/strong> Contiene suficientes aceites esenciales para varias semanas de uso. No es ni muy pesado ni muy ligero, y se adapta perfectamente a la mayor\u00eda de los difusores de vidrio comerciales.<\/li>\n<li><strong>El vidrio transparente exhibe tu fragancia:<\/strong> Los aceites esenciales en tonos \u00e1mbar, verde o transparente crean un brillo cautivador. No se deforman ni crean una neblina. Difusor de vidrio de calidad pura.<\/li>\n<\/ul>\n<h2>C\u00f3mo una marca cre\u00f3 su producto<\/h2>\n<p>Una startup emergente de fragancias para el hogar quer\u00eda que su difusor evocara una atm\u00f3sfera relajante a la vez que incorporaba una est\u00e9tica moderna. Eligieron estos frascos difusores redondos, ti\u00f1eron el vidrio de un suave verde salvia mate y los combinaron con un tap\u00f3n de bamb\u00fa natural y una varilla negra. Las curvas fluidas infunden a los frascos una tranquilidad &#034;piedra&#034;. \u00bfEl resultado? Sus difusores de varillas vac\u00edos son un \u00e9xito de ventas en tiendas de regalos boutique. Los clientes dicen que &#034;se sienten como un spa en la habitaci\u00f3n&#034;.<\/p>\n<h2>T\u00e9cnicas de personalizaci\u00f3n inteligentes (Empiece por la botella)<\/h2>\n<ul>\n<li>Prueba el vidrio tintado para crear una atm\u00f3sfera armoniosa: los azules suaves son perfectos para fragancias inspiradas en el oc\u00e9ano. El \u00e1mbar c\u00e1lido combina bien con mezclas de vainilla. Incluso el negro ahumado es perfecto para notas ricas y misteriosas. Los difusores de vidrio tintado crean el ambiente al instante.<\/li>\n<li>Logotipo personalizado: agregue su logotipo mediante serigraf\u00eda o grabado para reconocimiento de marca.<\/li>\n<li>Altura del cuello de la botella ajustable (opcional): \u00bfNecesitas elevar el cuello de la botella para personalizar la tapa o el dosificador? Podemos modificarlo. O bien, puedes acortarlo para una apariencia m\u00e1s discreta y moderna.<\/li>\n<\/ul>\n<p>Proporcionamos difusores. T\u00fa aportas la visi\u00f3n. Deja que hagamos que tu pr\u00f3xima colecci\u00f3n sea inolvidable.<\/p>","protected":false},"excerpt":{"rendered":"<p>Botellas difusoras redondas premium y botellas difusoras de varillas vac\u00edas para venta al por mayor. Dise\u00f1o personalizado, descuentos por volumen y muestras gratis para impulsar tu marca de fragancias.<\/p>","protected":false},"featured_media":4753,"template":"","meta":{"site-sidebar-layout":"default","site-content-layout":"","ast-site-content-layout":"default","site-content-style":"default","site-sidebar-style":"default","ast-global-header-display":"","ast-banner-title-visibility":"","ast-main-header-display":"","ast-hfb-above-header-display":"","ast-hfb-below-header-display":"","ast-hfb-mobile-header-display":"","site-post-title":"","ast-breadcrumbs-content":"","ast-featured-img":"","footer-sml-layout":"","theme-transparent-header-meta":"default","adv-header-id-meta":"","stick-header-meta":"","header-above-stick-meta":"","header-main-stick-meta":"","header-below-stick-meta":"","astra-migrate-meta-layouts":"set","ast-page-background-enabled":"default","ast-page-background-meta":{"desktop":{"background-color":"var(--ast-global-color-5)","background-image":"","background-repeat":"repeat","background-position":"center center","background-size":"auto","background-attachment":"scroll","background-type":"","background-media":"","overlay-type":"","overlay-color":"","overlay-opacity":"","overlay-gradient":""},"tablet":{"background-color":"","background-image":"","background-repeat":"repeat","background-position":"center center","background-size":"auto","background-attachment":"scroll","background-type":"","background-media":"","overlay-type":"","overlay-color":"","overlay-opacity":"","overlay-gradient":""},"mobile":{"background-color":"","background-image":"","background-repeat":"repeat","background-position":"center center","background-size":"auto","background-attachment":"scroll","background-type":"","background-media":"","overlay-type":"","overlay-color":"","overlay-opacity":"","overlay-gradient":""}},"ast-content-background-meta":{"desktop":{"background-color":"var(--ast-global-color-4)","background-image":"","background-repeat":"repeat","background-position":"center center","background-size":"auto","background-attachment":"scroll","background-type":"","background-media":"","overlay-type":"","overlay-color":"","overlay-opacity":"","overlay-gradient":""},"tablet":{"background-color":"var(--ast-global-color-4)","background-image":"","background-repeat":"repeat","background-position":"center center","background-size":"auto","background-attachment":"scroll","background-type":"","background-media":"","overlay-type":"","overlay-color":"","overlay-opacity":"","overlay-gradient":""},"mobile":{"background-color":"var(--ast-global-color-4)","background-image":"","background-repeat":"repeat","background-position":"center center","background-size":"auto","background-attachment":"scroll","background-type":"","background-media":"","overlay-type":"","overlay-color":"","overlay-opacity":"","overlay-gradient":""}}},"product_brand":[],"product_cat":[54],"product_tag":[],"class_list":{"0":"post-917","1":"product","2":"type-product","3":"status-publish","4":"has-post-thumbnail","6":"product_cat-reed-diffuser-bottles","7":"desktop-align-left","8":"tablet-align-left","9":"mobile-align-left","11":"first","12":"instock","13":"shipping-taxable","14":"product-type-simple"},"jetpack_sharing_enabled":true,"_links":{"self":[{"href":"https:\/\/mostebglass.com\/es\/wp-json\/wp\/v2\/product\/917","targetHints":{"allow":["GET"]}}],"collection":[{"href":"https:\/\/mostebglass.com\/es\/wp-json\/wp\/v2\/product"}],"about":[{"href":"https:\/\/mostebglass.com\/es\/wp-json\/wp\/v2\/types\/product"}],"wp:featuredmedia":[{"embeddable":true,"href":"https:\/\/mostebglass.com\/es\/wp-json\/wp\/v2\/media\/4753"}],"wp:attachment":[{"href":"https:\/\/mostebglass.com\/es\/wp-json\/wp\/v2\/media?parent=917"}],"wp:term":[{"taxonomy":"product_brand","embeddable":true,"href":"https:\/\/mostebglass.com\/es\/wp-json\/wp\/v2\/product_brand?post=917"},{"taxonomy":"product_cat","embeddable":true,"href":"https:\/\/mostebglass.com\/es\/wp-json\/wp\/v2\/product_cat?post=917"},{"taxonomy":"product_tag","embeddable":true,"href":"https:\/\/mostebglass.com\/es\/wp-json\/wp\/v2\/product_tag?post=917"}],"curies":[{"name":"wp","href":"https:\/\/api.w.org\/{rel}","templated":true}]}}