{"id":922,"date":"2025-08-26T11:52:19","date_gmt":"2025-08-26T03:52:19","guid":{"rendered":"https:\/\/mostebglass.com\/?post_type=product&#038;p=922"},"modified":"2026-03-25T15:09:03","modified_gmt":"2026-03-25T07:09:03","slug":"empty-vintage-candle-stand-for-packaging-wholesale","status":"publish","type":"product","link":"https:\/\/mostebglass.com\/es\/empty-vintage-candle-stand-for-packaging-wholesale\/","title":{"rendered":"Soporte vac\u00edo vintage para velas de 200 ml a 620 ml para embalaje al por mayor"},"content":{"rendered":"<p>\u00bfBuscas frascos vac\u00edos para velas que desprendan un encanto vintage y a la vez ofrezcan versatilidad moderna? Nuestro porta velas vintage combina vidrio de alta calidad con un elegante dise\u00f1o de fondo arqueado para crear recipientes ideales para la decoraci\u00f3n del hogar, restaurantes o colecciones de velas de lujo. Con seis tama\u00f1os (de 200 ml a 620 ml) y opciones personalizables, son la opci\u00f3n ideal para el envasado de velas de proveedores y compradores mayoristas.<\/p>\n<h2>P\u0159izp\u016fsoben\u00e9 n\u00e1vrhy<\/h2>\n<ul>\n<li><strong>Dise\u00f1o de arco estable para mayor seguridad: <\/strong>El soporte para velas vintage tiene una base de vidrio grueso (71\u2013125 mm) con un arco suave, lo que garantiza que el frasco de velas permanezca recto en env\u00edos de velas al por mayor o en lugares de mucho tr\u00e1fico.<\/li>\n<li><strong>L\u00edmite de formas m\u00faltiples para mayor versatilidad: <\/strong>Desde 200 ml hasta 620 ml, estos frascos para velas son perfectos para velas de t\u00e9 vac\u00edas, velas de columna o frascos para velas grandes: la vela es perfecta para vendedores minoristas o una variedad de pedidos al por mayor y al por mayor.<\/li>\n<\/ul>\n<h2>Especificaciones clave<\/h2>\n<table style=\"border-collapse: collapse; width: 80%; margin-left: auto; margin-right: auto;\" border=\"0\" width=\"504\" cellspacing=\"0\" cellpadding=\"0\">\n<tbody>\n<tr style=\"height: 13.50pt;\">\n<td style=\"height: 13.5pt; width: 54pt; text-align: center;\" width=\"72\" height=\"18\">Capacidad<\/td>\n<td style=\"width: 54pt; text-align: center;\" width=\"72\">200 ml<\/td>\n<td style=\"width: 54pt; text-align: center;\" width=\"72\">245 ml<\/td>\n<td style=\"width: 54pt; text-align: center;\" width=\"72\">295 ml<\/td>\n<td style=\"width: 54pt; text-align: center;\" width=\"72\">390 ml<\/td>\n<td style=\"width: 54pt; text-align: center;\" width=\"72\">500 ml<\/td>\n<td style=\"width: 54pt; text-align: center;\" width=\"72\">620 ml<\/td>\n<\/tr>\n<tr style=\"height: 13.50pt;\">\n<td style=\"height: 13.5pt; text-align: center;\" height=\"18\">Peso<\/td>\n<td style=\"text-align: center;\">175 gramos<\/td>\n<td style=\"text-align: center;\">220 g<\/td>\n<td style=\"text-align: center;\">250 g<\/td>\n<td style=\"text-align: center;\">350 gramos<\/td>\n<td style=\"text-align: center;\">500 gramos<\/td>\n<td style=\"text-align: center;\">620 gramos<\/td>\n<\/tr>\n<tr style=\"height: 13.50pt;\">\n<td style=\"height: 13.5pt; text-align: center;\" height=\"18\">Dimensiones<\/td>\n<td style=\"text-align: center;\">71 x 47 x 82 mm<\/td>\n<td style=\"text-align: center;\">75 x 75 x 85 mm<\/td>\n<td style=\"text-align: center;\">80x75x90mm<\/td>\n<td style=\"text-align: center;\">88x83x100mm<\/td>\n<td style=\"text-align: center;\">100x95x100mm<\/td>\n<td style=\"text-align: center;\">100x92x125mm<\/td>\n<\/tr>\n<tr style=\"height: 13.50pt;\">\n<td style=\"height: 13.5pt; text-align: center;\" height=\"18\">Material<\/td>\n<td class=\"et2\" style=\"text-align: center;\" colspan=\"6\">Vidrio templado<\/td>\n<\/tr>\n<tr style=\"height: 13.50pt;\">\n<td style=\"height: 13.5pt; text-align: center;\" height=\"18\">Opciones de color<\/td>\n<td class=\"et2\" style=\"text-align: center;\" colspan=\"6\">Transparente\/tintado<\/td>\n<\/tr>\n<\/tbody>\n<\/table>\n<h2>Caso de \u00e9xito<\/h2>\n<p>Una marca de fragancias para el hogar con sede en el Reino Unido eligi\u00f3 nuestro recipiente de vidrio de 245 ml con base curva. Para personalizarlo, opt\u00f3 por un acabado mate suave al tacto y un acabado transl\u00facido que produce una luz difusa al encender la vela. Adem\u00e1s, grabamos el logotipo de la marca en el centro de la base para darle un toque de sofisticaci\u00f3n a su imagen.<\/p>\n<p>El producto principal experiment\u00f3 un crecimiento del volumen de ventas del 26% en tan solo siete semanas despu\u00e9s de su lanzamiento; posteriormente, el cliente realiz\u00f3 un nuevo pedido de 75.000 unidades adicionales para ayudar a la empresa a incrementar a\u00fan m\u00e1s su canal de distribuci\u00f3n minorista.<\/p>\n<h2>Idea de adaptaci\u00f3n para ti<\/h2>\n<ol>\n<li><strong>Tintas degradadas:<\/strong> Ofrezca un dise\u00f1o de candelabro vintage en colores degradados (por ejemplo, de arriba a abajo en oro rosa) para bodas o marcas de velas de lujo dirigidas a d\u00edas festivos.<\/li>\n<li><strong>Logotipo retirado por l\u00e1ser:<\/strong> Agregue una marca microsc\u00f3pica dentro del frasco de la vela para compradores mayoristas y mayoristas que desean un empaque discreto.<\/li>\n<li><strong>Conjunto estable:<\/strong> Ingeniero Adaptaci\u00f3n de Tarro de Velas para Almacenamiento para Env\u00edo de Velas Sopladas a Granel para construir nidos uno dentro del otro.<\/li>\n<\/ol>","protected":false},"excerpt":{"rendered":"<p>Candelabro vintage con dise\u00f1os de tarros de vela vac\u00edos. Envase de alta calidad para la venta al por mayor de velas a precios competitivos. Env\u00edo r\u00e1pido.<\/p>","protected":false},"featured_media":923,"template":"","meta":{"site-sidebar-layout":"default","site-content-layout":"","ast-site-content-layout":"default","site-content-style":"default","site-sidebar-style":"default","ast-global-header-display":"","ast-banner-title-visibility":"","ast-main-header-display":"","ast-hfb-above-header-display":"","ast-hfb-below-header-display":"","ast-hfb-mobile-header-display":"","site-post-title":"","ast-breadcrumbs-content":"","ast-featured-img":"","footer-sml-layout":"","theme-transparent-header-meta":"default","adv-header-id-meta":"","stick-header-meta":"","header-above-stick-meta":"","header-main-stick-meta":"","header-below-stick-meta":"","astra-migrate-meta-layouts":"set","ast-page-background-enabled":"default","ast-page-background-meta":{"desktop":{"background-color":"var(--ast-global-color-5)","background-image":"","background-repeat":"repeat","background-position":"center center","background-size":"auto","background-attachment":"scroll","background-type":"","background-media":"","overlay-type":"","overlay-color":"","overlay-opacity":"","overlay-gradient":""},"tablet":{"background-color":"","background-image":"","background-repeat":"repeat","background-position":"center center","background-size":"auto","background-attachment":"scroll","background-type":"","background-media":"","overlay-type":"","overlay-color":"","overlay-opacity":"","overlay-gradient":""},"mobile":{"background-color":"","background-image":"","background-repeat":"repeat","background-position":"center center","background-size":"auto","background-attachment":"scroll","background-type":"","background-media":"","overlay-type":"","overlay-color":"","overlay-opacity":"","overlay-gradient":""}},"ast-content-background-meta":{"desktop":{"background-color":"var(--ast-global-color-4)","background-image":"","background-repeat":"repeat","background-position":"center center","background-size":"auto","background-attachment":"scroll","background-type":"","background-media":"","overlay-type":"","overlay-color":"","overlay-opacity":"","overlay-gradient":""},"tablet":{"background-color":"var(--ast-global-color-4)","background-image":"","background-repeat":"repeat","background-position":"center center","background-size":"auto","background-attachment":"scroll","background-type":"","background-media":"","overlay-type":"","overlay-color":"","overlay-opacity":"","overlay-gradient":""},"mobile":{"background-color":"var(--ast-global-color-4)","background-image":"","background-repeat":"repeat","background-position":"center center","background-size":"auto","background-attachment":"scroll","background-type":"","background-media":"","overlay-type":"","overlay-color":"","overlay-opacity":"","overlay-gradient":""}}},"product_brand":[],"product_cat":[28],"product_tag":[],"class_list":{"0":"post-922","1":"product","2":"type-product","3":"status-publish","4":"has-post-thumbnail","6":"product_cat-glass-candle-jars","7":"desktop-align-left","8":"tablet-align-left","9":"mobile-align-left","11":"first","12":"instock","13":"shipping-taxable","14":"product-type-simple"},"jetpack_sharing_enabled":true,"_links":{"self":[{"href":"https:\/\/mostebglass.com\/es\/wp-json\/wp\/v2\/product\/922","targetHints":{"allow":["GET"]}}],"collection":[{"href":"https:\/\/mostebglass.com\/es\/wp-json\/wp\/v2\/product"}],"about":[{"href":"https:\/\/mostebglass.com\/es\/wp-json\/wp\/v2\/types\/product"}],"wp:featuredmedia":[{"embeddable":true,"href":"https:\/\/mostebglass.com\/es\/wp-json\/wp\/v2\/media\/923"}],"wp:attachment":[{"href":"https:\/\/mostebglass.com\/es\/wp-json\/wp\/v2\/media?parent=922"}],"wp:term":[{"taxonomy":"product_brand","embeddable":true,"href":"https:\/\/mostebglass.com\/es\/wp-json\/wp\/v2\/product_brand?post=922"},{"taxonomy":"product_cat","embeddable":true,"href":"https:\/\/mostebglass.com\/es\/wp-json\/wp\/v2\/product_cat?post=922"},{"taxonomy":"product_tag","embeddable":true,"href":"https:\/\/mostebglass.com\/es\/wp-json\/wp\/v2\/product_tag?post=922"}],"curies":[{"name":"wp","href":"https:\/\/api.w.org\/{rel}","templated":true}]}}