{"id":988,"date":"2025-08-27T11:53:06","date_gmt":"2025-08-27T03:53:06","guid":{"rendered":"https:\/\/mostebglass.com\/?post_type=product&#038;p=988"},"modified":"2026-02-28T18:49:16","modified_gmt":"2026-02-28T10:49:16","slug":"multi-size-clear-glass-candle-jars-containers-wholesale","status":"publish","type":"product","link":"https:\/\/mostebglass.com\/es\/multi-size-clear-glass-candle-jars-containers-wholesale\/","title":{"rendered":"Tarros y recipientes para velas de vidrio transparente de varios tama\u00f1os (320-950 ml) al por mayor"},"content":{"rendered":"<p>La serie consta de vers\u00e1tiles frascos de vidrio transparente para velas con un borde limpio y redondeado, una base gruesa y una forma cil\u00edndrica que les confiere una imagen refinada y contempor\u00e1nea. Su construcci\u00f3n en vidrio s\u00f3dico-c\u00e1lcico transparente ofrece una gran claridad y un espesor de pared uniforme, lo que les confiere un aspecto atractivo y una mayor durabilidad.<\/p>\n<p>La colecci\u00f3n cuenta con seis capacidades diferentes: 320 ml, 410 ml, 430 ml, 550 ml, 690 ml y 950 ml, lo que permite a las marcas crear l\u00edneas de productos que se adaptan a diversas aplicaciones. Los modelos seleccionados pueden combinarse con tapas de bamb\u00fa natural y tapas met\u00e1licas, creando un contraste de materiales c\u00e1lidos y mejorando el sellado.<\/p>\n<h2>Especificaciones clave<\/h2>\n<p>&nbsp;<\/p>\n<table style=\"border-collapse: collapse; width: 100%; margin-left: auto; margin-right: auto;\" border=\"0\" width=\"100%\" cellspacing=\"0\" cellpadding=\"0\">\n<tbody>\n<tr style=\"height: 13.50pt;\">\n<td style=\"height: 13.50pt; width: 54.00pt;\" width=\"72\" height=\"18\">Capacidad<\/td>\n<td style=\"width: 54.00pt;\" width=\"72\">320 ml<\/td>\n<td style=\"width: 54.00pt;\" width=\"72\">410 ml<\/td>\n<td style=\"width: 54.00pt;\" width=\"72\">430 ml<\/td>\n<td style=\"width: 54.00pt;\" width=\"72\">550 ml<\/td>\n<td style=\"width: 54.00pt;\" width=\"72\">690 ml<\/td>\n<td style=\"width: 54.00pt;\" width=\"72\">950 ml<\/td>\n<\/tr>\n<tr style=\"height: 13.50pt;\">\n<td style=\"height: 13.50pt;\" height=\"18\">Dimensiones<\/td>\n<td>80x75x100mm<\/td>\n<td>88x83x100mm<\/td>\n<td>90x85x102mm<\/td>\n<td>100x94x101mm<\/td>\n<td>100x92x125mm<\/td>\n<td>120*113*120 mm<\/td>\n<\/tr>\n<tr style=\"height: 13.50pt;\">\n<td style=\"height: 13.50pt;\" height=\"18\">Material<\/td>\n<td class=\"et2\" style=\"text-align: center;\" colspan=\"6\">Vidrio s\u00f3dico-c\u00e1lcico sin plomo de alta transparencia<\/td>\n<\/tr>\n<tr style=\"height: 13.50pt;\">\n<td style=\"height: 13.50pt;\" height=\"18\">Opciones de color<\/td>\n<td class=\"et2\" style=\"text-align: center;\" colspan=\"6\">Transparente, tu color personalizado<\/td>\n<\/tr>\n<tr style=\"height: 13.50pt;\">\n<td style=\"height: 13.50pt;\" height=\"18\">Forma<\/td>\n<td class=\"et2\" style=\"text-align: center;\" colspan=\"6\">Cuerpo cil\u00edndrico de lados rectos con base estable, hecho grueso y pesado.<\/td>\n<\/tr>\n<tr style=\"height: 13.50pt;\">\n<td style=\"height: 13.50pt;\" height=\"18\">Compatibilidad de la tapa<\/td>\n<td class=\"et2\" style=\"text-align: center;\" colspan=\"6\">Tapas de bamb\u00fa y tapas de metal con almohadillas de silicona.<\/td>\n<\/tr>\n<tr style=\"height: 13.50pt;\">\n<td style=\"height: 13.50pt;\" height=\"18\">Opciones de personalizaci\u00f3n<\/td>\n<td class=\"et2\" style=\"text-align: center;\" colspan=\"6\">Color, tama\u00f1o, capacidad, acabado superficial, logotipo, caja de embalaje.<\/td>\n<\/tr>\n<\/tbody>\n<\/table>\n<h2>Aplicaciones<\/h2>\n<p>Estos frascos de vidrio transparente para velas sirven para diversas aplicaciones en distintos mercados:<\/p>\n<ul>\n<li><strong>frascos de velas<\/strong>Estas velas son aptas para velas arom\u00e1ticas, velas de soja y velas de contenedor. Su base densa aumenta el calor de combusti\u00f3n y la seguridad.<\/li>\n<li><strong>Vasos para beber<\/strong>:La elecci\u00f3n de la capacidad (por ejemplo, vasos de 320 ml-430 ml) se puede utilizar como vasos de whisky o vasos de agua debido a la proporcionalidad y al soporte s\u00f3lido.<\/li>\n<li><strong>Tarros de almacenamiento<\/strong>Estos frascos son perfectos para guardar granos de caf\u00e9, especias, az\u00facar, t\u00e9, sales de ba\u00f1o o peque\u00f1as cosas del hogar y se utilizan mejor con tapa.<\/li>\n<li><strong>jarrones<\/strong>:Los m\u00e1s grandes (690 ml-950 ml) son posibles como jarrones de vidrio minimalistas con arreglos de flores frescas o secas.<\/li>\n<li><strong>Hospitalidad\/regalos<\/strong>:Esto es apropiado para hoteles, restaurantes, sets de regalo de mercader\u00eda y empaques de marketing.<\/li>\n<\/ul>\n<h2>Recomendaciones sobre personalizaci\u00f3n B2B.<\/h2>\n<p>La serie tiene un gran potencial para personalizarse y adaptarse a propietarios de marcas, mayoristas y compradores de marcas propias:<\/p>\n<ul>\n<li><strong>Decoraci\u00f3n en logotipos<\/strong>:Serigraf\u00eda, transferencia t\u00e9rmica, logotipo esmerilado, grabado l\u00e1ser.<\/li>\n<li><strong>Acabado superficial:<\/strong> Vidrio esmerilado, recubrimiento en aerosol, galvanoplastia, color degradado.<\/li>\n<li><strong>Tapas variables:<\/strong> Tapas de madera, bamb\u00fa, metal o pintadas a medida.<\/li>\n<li><strong>Ajuste de tama\u00f1o:<\/strong> Moldeo de tama\u00f1o personalizado de capacidad o di\u00e1metro exclusivo.<\/li>\n<li><strong>Opciones de embalaje:<\/strong> Inserciones de marca, cajas de exportaci\u00f3n grandes, cajas de regalo personalizadas.<\/li>\n<li><strong>Listo para suministrar velas:<\/strong> Relleno preencerado para trabajos de velas llave en mano.<\/li>\n<\/ul>\n<p>La apariencia uniforme de la capacidad m\u00faltiple permite a las marcas crear familias de productos completas y maximizar la eficiencia de producci\u00f3n y envasado.<\/p>","protected":false},"excerpt":{"rendered":"<p>Recipientes de vidrio multitama\u00f1o de 320 ml a 950 ml para tarros de vidrio transparente para velas, vasos para bebidas y jarrones. Personalizables para marcas blancas y proyectos al por mayor.<\/p>","protected":false},"featured_media":4529,"template":"","meta":{"site-sidebar-layout":"default","site-content-layout":"","ast-site-content-layout":"default","site-content-style":"default","site-sidebar-style":"default","ast-global-header-display":"","ast-banner-title-visibility":"","ast-main-header-display":"","ast-hfb-above-header-display":"","ast-hfb-below-header-display":"","ast-hfb-mobile-header-display":"","site-post-title":"","ast-breadcrumbs-content":"","ast-featured-img":"","footer-sml-layout":"","theme-transparent-header-meta":"default","adv-header-id-meta":"","stick-header-meta":"","header-above-stick-meta":"","header-main-stick-meta":"","header-below-stick-meta":"","astra-migrate-meta-layouts":"set","ast-page-background-enabled":"default","ast-page-background-meta":{"desktop":{"background-color":"var(--ast-global-color-5)","background-image":"","background-repeat":"repeat","background-position":"center center","background-size":"auto","background-attachment":"scroll","background-type":"","background-media":"","overlay-type":"","overlay-color":"","overlay-opacity":"","overlay-gradient":""},"tablet":{"background-color":"","background-image":"","background-repeat":"repeat","background-position":"center center","background-size":"auto","background-attachment":"scroll","background-type":"","background-media":"","overlay-type":"","overlay-color":"","overlay-opacity":"","overlay-gradient":""},"mobile":{"background-color":"","background-image":"","background-repeat":"repeat","background-position":"center center","background-size":"auto","background-attachment":"scroll","background-type":"","background-media":"","overlay-type":"","overlay-color":"","overlay-opacity":"","overlay-gradient":""}},"ast-content-background-meta":{"desktop":{"background-color":"var(--ast-global-color-4)","background-image":"","background-repeat":"repeat","background-position":"center center","background-size":"auto","background-attachment":"scroll","background-type":"","background-media":"","overlay-type":"","overlay-color":"","overlay-opacity":"","overlay-gradient":""},"tablet":{"background-color":"var(--ast-global-color-4)","background-image":"","background-repeat":"repeat","background-position":"center center","background-size":"auto","background-attachment":"scroll","background-type":"","background-media":"","overlay-type":"","overlay-color":"","overlay-opacity":"","overlay-gradient":""},"mobile":{"background-color":"var(--ast-global-color-4)","background-image":"","background-repeat":"repeat","background-position":"center center","background-size":"auto","background-attachment":"scroll","background-type":"","background-media":"","overlay-type":"","overlay-color":"","overlay-opacity":"","overlay-gradient":""}}},"product_brand":[],"product_cat":[28,21],"product_tag":[],"class_list":{"0":"post-988","1":"product","2":"type-product","3":"status-publish","4":"has-post-thumbnail","6":"product_cat-glass-candle-jars","7":"product_cat-product","8":"desktop-align-left","9":"tablet-align-left","10":"mobile-align-left","12":"first","13":"instock","14":"shipping-taxable","15":"product-type-simple"},"jetpack_sharing_enabled":true,"_links":{"self":[{"href":"https:\/\/mostebglass.com\/es\/wp-json\/wp\/v2\/product\/988","targetHints":{"allow":["GET"]}}],"collection":[{"href":"https:\/\/mostebglass.com\/es\/wp-json\/wp\/v2\/product"}],"about":[{"href":"https:\/\/mostebglass.com\/es\/wp-json\/wp\/v2\/types\/product"}],"wp:featuredmedia":[{"embeddable":true,"href":"https:\/\/mostebglass.com\/es\/wp-json\/wp\/v2\/media\/4529"}],"wp:attachment":[{"href":"https:\/\/mostebglass.com\/es\/wp-json\/wp\/v2\/media?parent=988"}],"wp:term":[{"taxonomy":"product_brand","embeddable":true,"href":"https:\/\/mostebglass.com\/es\/wp-json\/wp\/v2\/product_brand?post=988"},{"taxonomy":"product_cat","embeddable":true,"href":"https:\/\/mostebglass.com\/es\/wp-json\/wp\/v2\/product_cat?post=988"},{"taxonomy":"product_tag","embeddable":true,"href":"https:\/\/mostebglass.com\/es\/wp-json\/wp\/v2\/product_tag?post=988"}],"curies":[{"name":"wp","href":"https:\/\/api.w.org\/{rel}","templated":true}]}}