{"id":1004,"date":"2025-08-27T13:47:46","date_gmt":"2025-08-27T05:47:46","guid":{"rendered":"https:\/\/mostebglass.com\/?post_type=product&#038;p=1004"},"modified":"2026-04-27T10:27:32","modified_gmt":"2026-04-27T02:27:32","slug":"refillable-diffuser-bottles-with-octagon-shape-bulk","status":"publish","type":"product","link":"https:\/\/mostebglass.com\/fr\/refillable-diffuser-bottles-with-octagon-shape-bulk\/","title":{"rendered":"Flacons diffuseurs rechargeables de 100 ml et 200 ml, de forme octogonale, en gros"},"content":{"rendered":"<p>Envie d&#039;un flacon d&#039;aromath\u00e9rapie digne d&#039;une \u0153uvre d&#039;art moderne\u00a0? Ce flacon diffuseur rechargeable arbore un design g\u00e9om\u00e9trique. Huit plans plats se rejoignent en ar\u00eates vives. Sa forme robuste, ses lignes droites et son aspect \u00e9pur\u00e9 lui conf\u00e8rent une allure sobre et \u00e9l\u00e9gante.<\/p>\n<h2>Caract\u00e9ristiques du produit<\/h2>\n<ul>\n<li><strong>Octogonal:<\/strong> Sa forme octogonale capte la lumi\u00e8re sous tous les angles, assurant ainsi une int\u00e9gration parfaite de votre flacon d&#039;aromath\u00e9rapie dans le d\u00e9cor.<\/li>\n<li><strong>Paroi plate :<\/strong> Inutile de s&#039;inqui\u00e9ter des courbes de la bouteille. L&#039;\u00e9tiquette adh\u00e8re parfaitement et ne glisse pas des doigts. Pratique et esth\u00e9tique.<\/li>\n<li><strong>Lignes douces :<\/strong> Les lignes \u00e9pur\u00e9es du flacon produisent un effet tridimensionnel saisissant, ajoutant une touche de sophistication \u00e0 son exposition.<\/li>\n<\/ul>\n<h2>Cas de r\u00e9ussite<\/h2>\n<p>Notre flacon diffuseur rechargeable en verre \u00e0 multiples facettes de 100 ml a \u00e9t\u00e9 choisi par une marque italienne de niche sp\u00e9cialis\u00e9e dans l&#039;art de vivre. Nous avons optimis\u00e9 la transparence du verre pour conf\u00e9rer au produit une allure haut de gamme. Notre client a opt\u00e9 pour un col argent\u00e9 \u00e9lectroplaqu\u00e9 sur mesure, associ\u00e9 \u00e0 des tiges de diffusion en fibre noire hautement absorbantes. Le flacon est par ailleurs rev\u00eatu de la finition semi-transparente signature de la marque, et arbore un logo minimaliste imprim\u00e9 en s\u00e9rigraphie.<\/p>\n<p>Depuis son lancement sur le march\u00e9 grand public, les flacons diffuseurs en vrac ont enregistr\u00e9 une hausse des ventes de 32 % au premier trimestre. Le produit a re\u00e7u un accueil extr\u00eamement positif de la part des consommateurs, avec de nombreuses commandes suppl\u00e9mentaires.<\/p>\n<h2>Comment personnaliser ce flacon diffuseur rechargeable<\/h2>\n<p>Commencez avec ce flacon d&#039;aromath\u00e9rapie rechargeable. Ensuite, personnalisez-le avec un flacon en verre.<\/p>\n<ul>\n<li>Colorez la bouteille en verre\u00a0: essayez le noir, l\u2019ambre ou un bleu clair. La couleur apporte de la profondeur et renforce l\u2019identit\u00e9 de marque.<\/li>\n<li>Ajustez le tranchant des bords\u00a0: des bords tranchants donnent un aspect moderne, tandis que des bords l\u00e9g\u00e8rement arrondis offrent une meilleure s\u00e9curit\u00e9.<\/li>\n<li>Aplatissez une face \u2014 Cr\u00e9ez un \u00ab panneau d\u2019\u00e9tiquette \u00bb pour la gravure laser ou l\u2019impression directe.<\/li>\n<li>Forme conique \u2014 Large \u00e0 la base, \u00e9troite au sommet. Apporte une touche esth\u00e9tique sans compromettre la stabilit\u00e9.<\/li>\n<\/ul>\n<p>Ces flacons diffuseurs en vrac sont bien plus que de simples fournitures de parfumerie ; ce sont des partenaires \u00e0 long terme pour votre marque.<\/p>","protected":false},"excerpt":{"rendered":"<p>D\u00e9couvrez nos flacons diffuseurs en gros et nos flacons diffuseurs rechargeables. Design octogonal minimaliste, livraison rapide, id\u00e9al pour les marques de parfums et les commandes en gros.<\/p>","protected":false},"featured_media":4777,"template":"","meta":{"site-sidebar-layout":"default","site-content-layout":"","ast-site-content-layout":"default","site-content-style":"default","site-sidebar-style":"default","ast-global-header-display":"","ast-banner-title-visibility":"","ast-main-header-display":"","ast-hfb-above-header-display":"","ast-hfb-below-header-display":"","ast-hfb-mobile-header-display":"","site-post-title":"","ast-breadcrumbs-content":"","ast-featured-img":"","footer-sml-layout":"","theme-transparent-header-meta":"default","adv-header-id-meta":"","stick-header-meta":"","header-above-stick-meta":"","header-main-stick-meta":"","header-below-stick-meta":"","astra-migrate-meta-layouts":"set","ast-page-background-enabled":"default","ast-page-background-meta":{"desktop":{"background-color":"var(--ast-global-color-5)","background-image":"","background-repeat":"repeat","background-position":"center center","background-size":"auto","background-attachment":"scroll","background-type":"","background-media":"","overlay-type":"","overlay-color":"","overlay-opacity":"","overlay-gradient":""},"tablet":{"background-color":"","background-image":"","background-repeat":"repeat","background-position":"center center","background-size":"auto","background-attachment":"scroll","background-type":"","background-media":"","overlay-type":"","overlay-color":"","overlay-opacity":"","overlay-gradient":""},"mobile":{"background-color":"","background-image":"","background-repeat":"repeat","background-position":"center center","background-size":"auto","background-attachment":"scroll","background-type":"","background-media":"","overlay-type":"","overlay-color":"","overlay-opacity":"","overlay-gradient":""}},"ast-content-background-meta":{"desktop":{"background-color":"var(--ast-global-color-4)","background-image":"","background-repeat":"repeat","background-position":"center center","background-size":"auto","background-attachment":"scroll","background-type":"","background-media":"","overlay-type":"","overlay-color":"","overlay-opacity":"","overlay-gradient":""},"tablet":{"background-color":"var(--ast-global-color-4)","background-image":"","background-repeat":"repeat","background-position":"center center","background-size":"auto","background-attachment":"scroll","background-type":"","background-media":"","overlay-type":"","overlay-color":"","overlay-opacity":"","overlay-gradient":""},"mobile":{"background-color":"var(--ast-global-color-4)","background-image":"","background-repeat":"repeat","background-position":"center center","background-size":"auto","background-attachment":"scroll","background-type":"","background-media":"","overlay-type":"","overlay-color":"","overlay-opacity":"","overlay-gradient":""}}},"product_brand":[],"product_cat":[54,21],"product_tag":[],"class_list":{"0":"post-1004","1":"product","2":"type-product","3":"status-publish","4":"has-post-thumbnail","6":"product_cat-reed-diffuser-bottles","7":"product_cat-product","8":"desktop-align-left","9":"tablet-align-left","10":"mobile-align-left","12":"first","13":"instock","14":"shipping-taxable","15":"product-type-simple"},"jetpack_sharing_enabled":true,"_links":{"self":[{"href":"https:\/\/mostebglass.com\/fr\/wp-json\/wp\/v2\/product\/1004","targetHints":{"allow":["GET"]}}],"collection":[{"href":"https:\/\/mostebglass.com\/fr\/wp-json\/wp\/v2\/product"}],"about":[{"href":"https:\/\/mostebglass.com\/fr\/wp-json\/wp\/v2\/types\/product"}],"wp:featuredmedia":[{"embeddable":true,"href":"https:\/\/mostebglass.com\/fr\/wp-json\/wp\/v2\/media\/4777"}],"wp:attachment":[{"href":"https:\/\/mostebglass.com\/fr\/wp-json\/wp\/v2\/media?parent=1004"}],"wp:term":[{"taxonomy":"product_brand","embeddable":true,"href":"https:\/\/mostebglass.com\/fr\/wp-json\/wp\/v2\/product_brand?post=1004"},{"taxonomy":"product_cat","embeddable":true,"href":"https:\/\/mostebglass.com\/fr\/wp-json\/wp\/v2\/product_cat?post=1004"},{"taxonomy":"product_tag","embeddable":true,"href":"https:\/\/mostebglass.com\/fr\/wp-json\/wp\/v2\/product_tag?post=1004"}],"curies":[{"name":"wp","href":"https:\/\/api.w.org\/{rel}","templated":true}]}}