{"id":1059,"date":"2025-08-28T14:48:24","date_gmt":"2025-08-28T06:48:24","guid":{"rendered":"https:\/\/mostebglass.com\/?post_type=product&#038;p=1059"},"modified":"2026-04-09T13:25:18","modified_gmt":"2026-04-09T05:25:18","slug":"square-reed-diffuser-bottle-with-threaded-lids-bulk","status":"publish","type":"product","link":"https:\/\/mostebglass.com\/fr\/square-reed-diffuser-bottle-with-threaded-lids-bulk\/","title":{"rendered":"Flacon diffuseur \u00e0 b\u00e2tonnets carr\u00e9 de 120 ml et 200 ml avec bouchon \u00e0 vis (vente en gros)"},"content":{"rendered":"<p>Vous recherchez un diffuseur de parfum \u00e9l\u00e9gant et raffin\u00e9\u00a0? Ce flacon diffuseur carr\u00e9 pr\u00e9sente une base conique \u00e0 angle droit et des c\u00f4t\u00e9s l\u00e9g\u00e8rement incurv\u00e9s vers l\u2019int\u00e9rieur. Son col court et pratique est dot\u00e9 d\u2019un filetage standard pour une fixation s\u00fbre aux bouchons de bouteille.<\/p>\n<h2>Caract\u00e9ristiques du produit<\/h2>\n<ul>\n<li><strong>Forme carr\u00e9e l\u00e9g\u00e8rement incurv\u00e9e\u00a0:<\/strong> La base plate et la courbe concave cr\u00e9ent un aspect raffin\u00e9.<\/li>\n<li><strong>Verre de haute qualit\u00e9 :<\/strong> Le verre \u00e9pais et transparent est incassable et met en valeur la couleur de vos huiles essentielles de diffuseur \u00e0 roseaux haut de gamme.<\/li>\n<li><strong>Le col filet\u00e9 est \u00e9tanche :<\/strong> Il maintient fermement le bouchon du flacon en place, garantissant ainsi que votre diffuseur \u00e0 roseaux reste \u00e9tanche pendant le transport et l&#039;utilisation.<\/li>\n<\/ul>\n<h2>Succ\u00e8s garanti : D&#039;un produit de niche \u00e0 un best-seller en seulement 3 mois<\/h2>\n<p>Une marque a remarqu\u00e9 que ses concurrents utilisaient des flacons ronds ou plats. Ils ne voyaient pas la diff\u00e9rence. Ils souhaitaient un diffuseur \u00e0 b\u00e2tonnets alliant stabilit\u00e9 et \u00e9l\u00e9gance, et nous leur avons recommand\u00e9 ce flacon carr\u00e9. S\u00e9duits par sa forme incurv\u00e9e, nous avons l\u00e9g\u00e8rement ajust\u00e9 cette courbe pour en accentuer l&#039;attrait visuel et test\u00e9 deux \u00e9paisseurs de verre afin de trouver le poids id\u00e9al. Finalement, ils ont commercialis\u00e9 12\u00a0000 flacons d\u00e9clin\u00e9s en trois parfums. En seulement 12 semaines, le parfum est devenu leur best-seller. Les distributeurs partenaires confirment que les clients \u00e9taient les premiers \u00e0 le choisir. La forme est un atout marketing ind\u00e9niable.<\/p>\n<h2>Envie de personnaliser ce diffuseur ?<\/h2>\n<ul>\n<li>Ajustez les courbes : des creux plus profonds cr\u00e9ent un effet \u00ab taille fine \u00bb ; des creux moins profonds cr\u00e9ent une \u00e9l\u00e9gance discr\u00e8te.<\/li>\n<li>Utilisez du verre teint\u00e9 \u2014 essayez un bleu marine profond, un ambre chaud ou un gris doux pour un parfum myst\u00e9rieux.<\/li>\n<li>Ajustez la hauteur de la bouteille : un col \u00e9troit donne un style plus moderne, tandis qu&#039;un col l\u00e9g\u00e8rement plus long cr\u00e9e un effet plus formel.<\/li>\n<li>Variez le rayon des angles\u00a0: angles pointus = un aspect plus industriel\u00a0; angles arrondis = une ambiance plus douce, plus confortable et plus d\u00e9tendue.<\/li>\n<\/ul>\n<p>Ajoutez une rainure discr\u00e8te au fond\u00a0: un petit logo ou motif ressortira \u00e0 la lumi\u00e8re. Ce ne sont pas de simples options\u00a0; elles peuvent transformer votre flacon diffuseur carr\u00e9 standard en un v\u00e9ritable embl\u00e8me de votre marque. En achetant vos flacons diffuseurs en gros, vous pouvez non seulement garnir vos rayons, mais aussi accro\u00eetre la notori\u00e9t\u00e9 de votre marque.<\/p>","protected":false},"excerpt":{"rendered":"<p data-pm-slice=\"1 1 []\">Les flacons diffuseurs carr\u00e9s \u00e0 fond \u00e9pais sont id\u00e9aux pour les grossistes et les marques de parfums. Nos flacons diffuseurs sont livr\u00e9s avec des \u00e9chantillons gratuits et une livraison rapide.<\/p>","protected":false},"featured_media":1066,"template":"","meta":{"site-sidebar-layout":"default","site-content-layout":"","ast-site-content-layout":"default","site-content-style":"default","site-sidebar-style":"default","ast-global-header-display":"","ast-banner-title-visibility":"","ast-main-header-display":"","ast-hfb-above-header-display":"","ast-hfb-below-header-display":"","ast-hfb-mobile-header-display":"","site-post-title":"","ast-breadcrumbs-content":"","ast-featured-img":"","footer-sml-layout":"","theme-transparent-header-meta":"default","adv-header-id-meta":"","stick-header-meta":"","header-above-stick-meta":"","header-main-stick-meta":"","header-below-stick-meta":"","astra-migrate-meta-layouts":"set","ast-page-background-enabled":"default","ast-page-background-meta":{"desktop":{"background-color":"var(--ast-global-color-5)","background-image":"","background-repeat":"repeat","background-position":"center center","background-size":"auto","background-attachment":"scroll","background-type":"","background-media":"","overlay-type":"","overlay-color":"","overlay-opacity":"","overlay-gradient":""},"tablet":{"background-color":"","background-image":"","background-repeat":"repeat","background-position":"center center","background-size":"auto","background-attachment":"scroll","background-type":"","background-media":"","overlay-type":"","overlay-color":"","overlay-opacity":"","overlay-gradient":""},"mobile":{"background-color":"","background-image":"","background-repeat":"repeat","background-position":"center center","background-size":"auto","background-attachment":"scroll","background-type":"","background-media":"","overlay-type":"","overlay-color":"","overlay-opacity":"","overlay-gradient":""}},"ast-content-background-meta":{"desktop":{"background-color":"var(--ast-global-color-4)","background-image":"","background-repeat":"repeat","background-position":"center center","background-size":"auto","background-attachment":"scroll","background-type":"","background-media":"","overlay-type":"","overlay-color":"","overlay-opacity":"","overlay-gradient":""},"tablet":{"background-color":"var(--ast-global-color-4)","background-image":"","background-repeat":"repeat","background-position":"center center","background-size":"auto","background-attachment":"scroll","background-type":"","background-media":"","overlay-type":"","overlay-color":"","overlay-opacity":"","overlay-gradient":""},"mobile":{"background-color":"var(--ast-global-color-4)","background-image":"","background-repeat":"repeat","background-position":"center center","background-size":"auto","background-attachment":"scroll","background-type":"","background-media":"","overlay-type":"","overlay-color":"","overlay-opacity":"","overlay-gradient":""}}},"product_brand":[],"product_cat":[54],"product_tag":[],"class_list":{"0":"post-1059","1":"product","2":"type-product","3":"status-publish","4":"has-post-thumbnail","6":"product_cat-reed-diffuser-bottles","7":"desktop-align-left","8":"tablet-align-left","9":"mobile-align-left","11":"first","12":"instock","13":"shipping-taxable","14":"product-type-simple"},"jetpack_sharing_enabled":true,"_links":{"self":[{"href":"https:\/\/mostebglass.com\/fr\/wp-json\/wp\/v2\/product\/1059","targetHints":{"allow":["GET"]}}],"collection":[{"href":"https:\/\/mostebglass.com\/fr\/wp-json\/wp\/v2\/product"}],"about":[{"href":"https:\/\/mostebglass.com\/fr\/wp-json\/wp\/v2\/types\/product"}],"wp:featuredmedia":[{"embeddable":true,"href":"https:\/\/mostebglass.com\/fr\/wp-json\/wp\/v2\/media\/1066"}],"wp:attachment":[{"href":"https:\/\/mostebglass.com\/fr\/wp-json\/wp\/v2\/media?parent=1059"}],"wp:term":[{"taxonomy":"product_brand","embeddable":true,"href":"https:\/\/mostebglass.com\/fr\/wp-json\/wp\/v2\/product_brand?post=1059"},{"taxonomy":"product_cat","embeddable":true,"href":"https:\/\/mostebglass.com\/fr\/wp-json\/wp\/v2\/product_cat?post=1059"},{"taxonomy":"product_tag","embeddable":true,"href":"https:\/\/mostebglass.com\/fr\/wp-json\/wp\/v2\/product_tag?post=1059"}],"curies":[{"name":"wp","href":"https:\/\/api.w.org\/{rel}","templated":true}]}}