{"id":1068,"date":"2025-08-28T15:52:49","date_gmt":"2025-08-28T07:52:49","guid":{"rendered":"https:\/\/mostebglass.com\/?post_type=product&#038;p=1068"},"modified":"2026-03-17T14:16:54","modified_gmt":"2026-03-17T06:16:54","slug":"custom-empty-car-diffuser-containers-with-hanging-rope-bulk","status":"publish","type":"product","link":"https:\/\/mostebglass.com\/fr\/custom-empty-car-diffuser-containers-with-hanging-rope-bulk\/","title":{"rendered":"Contenants diffuseurs de voiture vides personnalis\u00e9s de 10 ml avec cordelette de suspension (vente en gros)"},"content":{"rendered":"<p>Vous cherchez un diffuseur de voiture compact et \u00e9l\u00e9gant ? Ce diffuseur suspendu avec cordelette ne manque pas d&#039;originalit\u00e9. Son flacon cylindrique en verre contient 10 ml d&#039;huile essentielle et se suspend facilement. Sa forme lisse et sym\u00e9trique met en valeur les couleurs \u00e9clatantes des huiles essentielles.<\/p>\n<h2>Caract\u00e9ristiques du produit<\/h2>\n<ul>\n<li><strong>Compact et portable :<\/strong> Le format mini permet de transporter facilement le flacon et pr\u00e9serve la fragrance initiale, ce qui est id\u00e9al pour l&#039;aromath\u00e9rapie nomade.<\/li>\n<li><strong>Construction en verre et bois de qualit\u00e9 sup\u00e9rieure :<\/strong> Le verre transparent diffuse le riche et doux ar\u00f4me de l&#039;huile, tandis que le point en bois ajoute une touche chaleureuse et naturelle.<\/li>\n<li><strong>Conception Easy-Lataka\u00a0:<\/strong> Assemblez un cordon tricot\u00e9 pour suspendre votre diffuseur dans votre voiture ou ailleurs\u00a0; cela permet de gagner de la place et de r\u00e9pondre aux besoins de votre aromath\u00e9rapie mobile.<\/li>\n<\/ul>\n<h2>Succ\u00e8s garanti : Du concept au lancement national en seulement 6 semaines<\/h2>\n<p>L&#039;un de nos flacons diffuseurs suspendus pour voiture a \u00e9t\u00e9 choisi par une marque espagnole d&#039;accessoires automobiles. Ils ont opt\u00e9 pour le petit format de 10 ml, sp\u00e9cialement con\u00e7u pour une utilisation en voiture, et ont pr\u00e9cis\u00e9 avoir besoin d&#039;un verre \u00e9pais et tr\u00e8s transparent pour optimiser la durabilit\u00e9 et l&#039;esth\u00e9tique du produit. Le bouchon en bois a \u00e9t\u00e9 remplac\u00e9 par du bois de h\u00eatre sur lequel le logo de la marque est grav\u00e9 au laser. Quant au cordon de suspension, il a \u00e9t\u00e9 r\u00e9alis\u00e9 en tresse bicolore, associant des fils \u00e0 l&#039;\u00e9clat m\u00e9tallique \u00e0 un beige naturel, et dot\u00e9 d&#039;un syst\u00e8me de n\u0153ud coulissant permettant d&#039;ajuster sa longueur \u00e0 la convenance de l&#039;utilisateur.<\/p>\n<p>Apr\u00e8s le lancement officiel du produit, la marque a enregistr\u00e9 des ventes impressionnantes, en hausse de 41 % d\u00e8s le premier trimestre. Le client a pass\u00e9 six nouvelles commandes cons\u00e9cutives en l&#039;espace d&#039;un an.<\/p>\n<h2>Comment personnaliser les diffuseurs de voiture ?<\/h2>\n<ul>\n<li>Apposez votre logo sur le verre par gravure laser pour un rendu sophistiqu\u00e9 et haut de gamme.<\/li>\n<li>Teignez un flacon ambr\u00e9 doux ou un flacon en verre bleu pour compl\u00e9ter votre collection de parfums (par exemple, le bleu pour un m\u00e9lange apaisant).<\/li>\n<li>Personnalisez le bouchon en bois de la bouteille avec le sceau de votre marque ou une finition unique en grain de bois.<\/li>\n<li>Utilisez du verre d\u00e9poli pour une esth\u00e9tique mate et moderne, id\u00e9ale pour les marques minimalistes.<\/li>\n<\/ul>\n<p>Ce ne sont pas de simples options. Ce sont des moyens de transformer de simples flacons de diffuseur de voiture en objets souvenirs personnalis\u00e9s. En achetant des flacons de diffuseur de voiture vides en gros, vous ne vendez pas seulement un parfum, vous vendez un style.<\/p>","protected":false},"excerpt":{"rendered":"<p>Vente en gros de diffuseurs d&#039;ambiance pour voiture (bouteilles et contenants vides). Verre cylindrique de qualit\u00e9 sup\u00e9rieure, design \u00e9l\u00e9gant, prix comp\u00e9titif, livraison rapide.<\/p>","protected":false},"featured_media":4791,"template":"","meta":{"site-sidebar-layout":"default","site-content-layout":"","ast-site-content-layout":"default","site-content-style":"default","site-sidebar-style":"default","ast-global-header-display":"","ast-banner-title-visibility":"","ast-main-header-display":"","ast-hfb-above-header-display":"","ast-hfb-below-header-display":"","ast-hfb-mobile-header-display":"","site-post-title":"","ast-breadcrumbs-content":"","ast-featured-img":"","footer-sml-layout":"","theme-transparent-header-meta":"default","adv-header-id-meta":"","stick-header-meta":"","header-above-stick-meta":"","header-main-stick-meta":"","header-below-stick-meta":"","astra-migrate-meta-layouts":"set","ast-page-background-enabled":"default","ast-page-background-meta":{"desktop":{"background-color":"var(--ast-global-color-5)","background-image":"","background-repeat":"repeat","background-position":"center center","background-size":"auto","background-attachment":"scroll","background-type":"","background-media":"","overlay-type":"","overlay-color":"","overlay-opacity":"","overlay-gradient":""},"tablet":{"background-color":"","background-image":"","background-repeat":"repeat","background-position":"center center","background-size":"auto","background-attachment":"scroll","background-type":"","background-media":"","overlay-type":"","overlay-color":"","overlay-opacity":"","overlay-gradient":""},"mobile":{"background-color":"","background-image":"","background-repeat":"repeat","background-position":"center center","background-size":"auto","background-attachment":"scroll","background-type":"","background-media":"","overlay-type":"","overlay-color":"","overlay-opacity":"","overlay-gradient":""}},"ast-content-background-meta":{"desktop":{"background-color":"var(--ast-global-color-4)","background-image":"","background-repeat":"repeat","background-position":"center center","background-size":"auto","background-attachment":"scroll","background-type":"","background-media":"","overlay-type":"","overlay-color":"","overlay-opacity":"","overlay-gradient":""},"tablet":{"background-color":"var(--ast-global-color-4)","background-image":"","background-repeat":"repeat","background-position":"center center","background-size":"auto","background-attachment":"scroll","background-type":"","background-media":"","overlay-type":"","overlay-color":"","overlay-opacity":"","overlay-gradient":""},"mobile":{"background-color":"var(--ast-global-color-4)","background-image":"","background-repeat":"repeat","background-position":"center center","background-size":"auto","background-attachment":"scroll","background-type":"","background-media":"","overlay-type":"","overlay-color":"","overlay-opacity":"","overlay-gradient":""}}},"product_brand":[],"product_cat":[54],"product_tag":[],"class_list":{"0":"post-1068","1":"product","2":"type-product","3":"status-publish","4":"has-post-thumbnail","6":"product_cat-reed-diffuser-bottles","7":"desktop-align-left","8":"tablet-align-left","9":"mobile-align-left","11":"first","12":"instock","13":"shipping-taxable","14":"product-type-simple"},"jetpack_sharing_enabled":true,"_links":{"self":[{"href":"https:\/\/mostebglass.com\/fr\/wp-json\/wp\/v2\/product\/1068","targetHints":{"allow":["GET"]}}],"collection":[{"href":"https:\/\/mostebglass.com\/fr\/wp-json\/wp\/v2\/product"}],"about":[{"href":"https:\/\/mostebglass.com\/fr\/wp-json\/wp\/v2\/types\/product"}],"wp:featuredmedia":[{"embeddable":true,"href":"https:\/\/mostebglass.com\/fr\/wp-json\/wp\/v2\/media\/4791"}],"wp:attachment":[{"href":"https:\/\/mostebglass.com\/fr\/wp-json\/wp\/v2\/media?parent=1068"}],"wp:term":[{"taxonomy":"product_brand","embeddable":true,"href":"https:\/\/mostebglass.com\/fr\/wp-json\/wp\/v2\/product_brand?post=1068"},{"taxonomy":"product_cat","embeddable":true,"href":"https:\/\/mostebglass.com\/fr\/wp-json\/wp\/v2\/product_cat?post=1068"},{"taxonomy":"product_tag","embeddable":true,"href":"https:\/\/mostebglass.com\/fr\/wp-json\/wp\/v2\/product_tag?post=1068"}],"curies":[{"name":"wp","href":"https:\/\/api.w.org\/{rel}","templated":true}]}}