{"id":1093,"date":"2025-08-29T10:29:29","date_gmt":"2025-08-29T02:29:29","guid":{"rendered":"https:\/\/mostebglass.com\/?post_type=product&#038;p=1093"},"modified":"2026-04-09T13:34:12","modified_gmt":"2026-04-09T05:34:12","slug":"140ml-315ml-recipients-a-bougie-en-verre-transparent-avec-options-personnalisees","status":"publish","type":"product","link":"https:\/\/mostebglass.com\/fr\/140ml-315ml-clear-glass-candle-containers-with-custom-options\/","title":{"rendered":"R\u00e9cipients \u00e0 bougies ronds en verre transparent de 140 ml \u00e0 315 ml avec options personnalis\u00e9es"},"content":{"rendered":"<p style=\"text-align: left;\">Clear Vote recherche des bougeoirs alliant \u00e9l\u00e9gance intemporelle et durabilit\u00e9 moderne. Nos contenants en verre de haute qualit\u00e9 offrent une solution id\u00e9ale pour emballer vos bougies et sublimer votre d\u00e9coration int\u00e9rieure, vos r\u00e9ceptions de mariage ou vos collections de bougies de luxe. Avec des contenances de 140 ml \u00e0 315 ml et des options adaptables, ils s\u00e9lectionnent la bougie id\u00e9ale pour le vrac.<\/p>\n<h2>Fonctionnalit\u00e9s des produits pour rehausser votre marque<\/h2>\n<p><strong>Base ronde pour plus de stabilit\u00e9<\/strong><\/p>\n<p>Les bougeoirs Clear Vote sont dot\u00e9s d&#039;une base \u00e9paisse (73 \u00e0 90 mm de hauteur) et de bords arrondis et lisses, garantissant que votre bougie en verre reste droite sur la table du conteneur ou pendant l&#039;exp\u00e9dition de bougies en vrac.<\/p>\n<p><strong>Transparence de la cabane en cristal pour un attrait visuel<\/strong><\/p>\n<p>Les bougies transparentes augmentent la lumi\u00e8re des bougies en pot et pr\u00e9sentent des couleurs de cire vibrantes, ce qui fait de ces r\u00e9cipients \u00e0 bougies des r\u00e9cipients parfaits pour les lignes de bougies de luxe ou les d\u00e9corations pour la maison.<\/p>\n<p><strong>Options de beaut\u00e9 adaptables<\/strong><\/p>\n<p>Choisissez entre du verre clair ou teint\u00e9 (fum\u00e9, ambr\u00e9, givr\u00e9) et ayez un logo vieilli au laser ou un effet de bouclier pour s\u00e9lectionner un emballage de bougie qui correspond \u00e0 l&#039;identit\u00e9 de votre marque.<\/p>\n<h2>Sp\u00e9cifications cl\u00e9s<\/h2>\n<table style=\"border-collapse: collapse; width: 80%; margin-left: auto; margin-right: auto;\" border=\"0\" width=\"288\" cellspacing=\"0\" cellpadding=\"0\">\n<tbody>\n<tr style=\"height: 13.50pt;\">\n<td style=\"height: 13.50pt; width: 54.00pt;\" width=\"72\" height=\"18\">Fonctionnalit\u00e9<\/td>\n<td class=\"et2\" style=\"width: 162pt; text-align: center;\" colspan=\"3\" width=\"216\">D\u00e9tails<\/td>\n<\/tr>\n<tr style=\"height: 13.50pt;\">\n<td style=\"height: 13.50pt;\" height=\"18\">Poids<\/td>\n<td style=\"text-align: center;\">130 g<\/td>\n<td style=\"text-align: center;\">160 g<\/td>\n<td style=\"text-align: center;\">250g<\/td>\n<\/tr>\n<tr style=\"height: 13.50pt;\">\n<td style=\"height: 13.50pt;\" height=\"18\">Capacit\u00e9<\/td>\n<td style=\"text-align: center;\">140 ml<\/td>\n<td style=\"text-align: center;\">210 ml<\/td>\n<td style=\"text-align: center;\">315 ml<\/td>\n<\/tr>\n<tr style=\"height: 13.50pt;\">\n<td style=\"height: 13.50pt;\" height=\"18\">Dimensions<\/td>\n<td style=\"text-align: center;\">62x57x73mm<\/td>\n<td style=\"text-align: center;\">70x65x78mm<\/td>\n<td style=\"text-align: center;\">81x76x90mm<\/td>\n<\/tr>\n<tr style=\"height: 13.50pt;\">\n<td style=\"height: 13.50pt;\" height=\"18\">Options de couleur<\/td>\n<td class=\"et2\" style=\"text-align: center;\" colspan=\"3\">Clair\/teint\u00e9<\/td>\n<\/tr>\n<tr style=\"height: 13.50pt;\">\n<td style=\"height: 13.50pt;\" height=\"18\">Compatibilit\u00e9 du couvercle<\/td>\n<td class=\"et2\" style=\"text-align: center;\" colspan=\"3\">Facultatif<\/td>\n<\/tr>\n<\/tbody>\n<\/table>\n<h2>Options d&#039;adaptation<\/h2>\n<ol>\n<li><strong>Gravure au laser : <\/strong>Ajoutez une image de marque prudente au pot de bougie, permettant aux vendeurs et aux acheteurs en gros de choisir un emballage discret.<\/li>\n<li><strong>Ensemble en vrac stabilis\u00e9 :<\/strong> Les bougeoirs transparents sont con\u00e7us pour s&#039;embo\u00eeter les uns dans les autres, ce qui optimise le stockage des bougies en gros.<\/li>\n<li><strong>Verre \u00e9pais :<\/strong> Le plancher \u00e9pais assure la stabilit\u00e9 et \u00e9vite les accidents lors des br\u00fblures.<\/li>\n<\/ol>","protected":false},"excerpt":{"rendered":"<p>Sublimez votre marque avec des contenants \u00e0 bougies en verre et des photophores transparents\u00a0! Emballages de haute qualit\u00e9 \u00e0 prix comp\u00e9titifs. Couleurs et tailles personnalisables pour les commandes en gros et en gros.<\/p>","protected":false},"featured_media":1097,"template":"","meta":{"site-sidebar-layout":"default","site-content-layout":"","ast-site-content-layout":"default","site-content-style":"default","site-sidebar-style":"default","ast-global-header-display":"","ast-banner-title-visibility":"","ast-main-header-display":"","ast-hfb-above-header-display":"","ast-hfb-below-header-display":"","ast-hfb-mobile-header-display":"","site-post-title":"","ast-breadcrumbs-content":"","ast-featured-img":"","footer-sml-layout":"","theme-transparent-header-meta":"default","adv-header-id-meta":"","stick-header-meta":"","header-above-stick-meta":"","header-main-stick-meta":"","header-below-stick-meta":"","astra-migrate-meta-layouts":"set","ast-page-background-enabled":"default","ast-page-background-meta":{"desktop":{"background-color":"var(--ast-global-color-5)","background-image":"","background-repeat":"repeat","background-position":"center center","background-size":"auto","background-attachment":"scroll","background-type":"","background-media":"","overlay-type":"","overlay-color":"","overlay-opacity":"","overlay-gradient":""},"tablet":{"background-color":"","background-image":"","background-repeat":"repeat","background-position":"center center","background-size":"auto","background-attachment":"scroll","background-type":"","background-media":"","overlay-type":"","overlay-color":"","overlay-opacity":"","overlay-gradient":""},"mobile":{"background-color":"","background-image":"","background-repeat":"repeat","background-position":"center center","background-size":"auto","background-attachment":"scroll","background-type":"","background-media":"","overlay-type":"","overlay-color":"","overlay-opacity":"","overlay-gradient":""}},"ast-content-background-meta":{"desktop":{"background-color":"var(--ast-global-color-4)","background-image":"","background-repeat":"repeat","background-position":"center center","background-size":"auto","background-attachment":"scroll","background-type":"","background-media":"","overlay-type":"","overlay-color":"","overlay-opacity":"","overlay-gradient":""},"tablet":{"background-color":"var(--ast-global-color-4)","background-image":"","background-repeat":"repeat","background-position":"center center","background-size":"auto","background-attachment":"scroll","background-type":"","background-media":"","overlay-type":"","overlay-color":"","overlay-opacity":"","overlay-gradient":""},"mobile":{"background-color":"var(--ast-global-color-4)","background-image":"","background-repeat":"repeat","background-position":"center center","background-size":"auto","background-attachment":"scroll","background-type":"","background-media":"","overlay-type":"","overlay-color":"","overlay-opacity":"","overlay-gradient":""}}},"product_brand":[],"product_cat":[28,21],"product_tag":[],"class_list":{"0":"post-1093","1":"product","2":"type-product","3":"status-publish","4":"has-post-thumbnail","6":"product_cat-glass-candle-jars","7":"product_cat-product","8":"desktop-align-left","9":"tablet-align-left","10":"mobile-align-left","12":"first","13":"instock","14":"shipping-taxable","15":"product-type-simple"},"jetpack_sharing_enabled":true,"_links":{"self":[{"href":"https:\/\/mostebglass.com\/fr\/wp-json\/wp\/v2\/product\/1093","targetHints":{"allow":["GET"]}}],"collection":[{"href":"https:\/\/mostebglass.com\/fr\/wp-json\/wp\/v2\/product"}],"about":[{"href":"https:\/\/mostebglass.com\/fr\/wp-json\/wp\/v2\/types\/product"}],"wp:featuredmedia":[{"embeddable":true,"href":"https:\/\/mostebglass.com\/fr\/wp-json\/wp\/v2\/media\/1097"}],"wp:attachment":[{"href":"https:\/\/mostebglass.com\/fr\/wp-json\/wp\/v2\/media?parent=1093"}],"wp:term":[{"taxonomy":"product_brand","embeddable":true,"href":"https:\/\/mostebglass.com\/fr\/wp-json\/wp\/v2\/product_brand?post=1093"},{"taxonomy":"product_cat","embeddable":true,"href":"https:\/\/mostebglass.com\/fr\/wp-json\/wp\/v2\/product_cat?post=1093"},{"taxonomy":"product_tag","embeddable":true,"href":"https:\/\/mostebglass.com\/fr\/wp-json\/wp\/v2\/product_tag?post=1093"}],"curies":[{"name":"wp","href":"https:\/\/api.w.org\/{rel}","templated":true}]}}