{"id":1406,"date":"2025-09-09T12:04:32","date_gmt":"2025-09-09T04:04:32","guid":{"rendered":"https:\/\/mostebglass.com\/?post_type=product&#038;p=1406"},"modified":"2026-03-10T13:54:34","modified_gmt":"2026-03-10T05:54:34","slug":"green-glass-vases-with-vertical-stripes-bulk","status":"publish","type":"product","link":"https:\/\/mostebglass.com\/fr\/green-glass-vases-with-vertical-stripes-bulk\/","title":{"rendered":"Vases en verre vert \u00e0 rayures verticales (vente en gros)"},"content":{"rendered":"<p>Il s&#039;agit d&#039;un vase en verre \u00e0 fines c\u00f4tes, de couleur vert clair, disponible en trois formes charmantes\u00a0: citrouille, c\u00f4ne et cylindre. Son ouverture \u00e9vas\u00e9e et \u00e9troite facilite la composition florale.<\/p>\n<h2>Caract\u00e9ristiques du produit<\/h2>\n<ul>\n<li><strong>Il existe trois formes :<\/strong> Choisissez une jolie citrouille, un c\u00f4ne contemporain ou un cylindre \u00e0 l&#039;ancienne, selon votre style de d\u00e9coration.<\/li>\n<li><strong>Teinte vert tendre et cannelures :<\/strong> Sa couleur vert p\u00e2le et douce, ainsi que ses jolies cannelures \u00e0 bord vertical, conf\u00e8rent \u00e0 la surface un aspect archa\u00efque.<\/li>\n<li><strong>Base stable et plate :<\/strong> Les vases sont fabriqu\u00e9s avec un fond plat afin d&#039;assurer leur stabilit\u00e9 sur tout type de surface.<\/li>\n<\/ul>\n<h2>Sp\u00e9cifications cl\u00e9s<\/h2>\n<table style=\"border-collapse: collapse; width: 80%; margin-left: auto; margin-right: auto;\" border=\"0\" width=\"288\" cellspacing=\"0\" cellpadding=\"0\">\n<tbody>\n<tr style=\"height: 13.50pt;\">\n<td style=\"height: 13.5pt; width: 54pt; text-align: center;\" width=\"72\" height=\"18\">Style<\/td>\n<td style=\"width: 54pt; text-align: center;\" width=\"72\">Taille<\/td>\n<td style=\"width: 54pt; text-align: center;\" width=\"72\">Material<\/td>\n<td style=\"width: 54pt; text-align: center;\" width=\"72\">Options de couleur<\/td>\n<\/tr>\n<tr style=\"height: 13.50pt;\">\n<td style=\"height: 13.5pt; text-align: center;\" height=\"18\">Grand vase<\/td>\n<td style=\"text-align: center;\">68 x 110 x 35 mm<\/td>\n<td class=\"et2\" style=\"text-align: center;\" rowspan=\"3\">Verre<\/td>\n<td class=\"et2\" style=\"text-align: center;\" rowspan=\"3\">Transparent, gris, vert, rose, personnalis\u00e9<\/td>\n<\/tr>\n<tr style=\"height: 13.50pt;\">\n<td style=\"height: 13.5pt; text-align: center;\" height=\"18\">Vase rond<\/td>\n<td style=\"text-align: center;\">70 x 120 x 40 mm<\/td>\n<\/tr>\n<tr style=\"height: 13.50pt;\">\n<td style=\"height: 13.5pt; text-align: center;\" height=\"18\">Vase ovale<\/td>\n<td style=\"text-align: center;\">106 x 90 x 40 mm<\/td>\n<\/tr>\n<\/tbody>\n<\/table>\n<h2>Histoire \u00e0 succ\u00e8s<\/h2>\n<p>L&#039;un de nos clients, une grande cha\u00eene de magasins d&#039;ameublement, a command\u00e9 notre ensemble de vases textur\u00e9s vert sauge, comprenant 5\u00a0000 pi\u00e8ces de chaque mod\u00e8le. Les ventes moyennes de cet ensemble coordonn\u00e9 de vases ont augment\u00e9 de 40\u00a0%. La base des vases est rest\u00e9e intacte lors de la livraison en magasin, aucun fond n&#039;a \u00e9t\u00e9 cass\u00e9 et le taux d&#039;exposition a atteint 99,9\u00a0%. L&#039;immense succ\u00e8s rencontr\u00e9 aupr\u00e8s de la cha\u00eene a entra\u00een\u00e9 une nouvelle livraison de 1,2 million de vases afin de r\u00e9pondre \u00e0 la demande dans tous les magasins pendant les deux p\u00e9riodes de f\u00eates.<\/p>\n<h2>Id\u00e9es de personnalisation pour vous<\/h2>\n<ol>\n<li><strong>Variantes \u00e0 texture c\u00f4tel\u00e9e :<\/strong> Motif c\u00f4tel\u00e9 vertical Rishi de couleur rose pour un aspect de vase moderne.<\/li>\n<li><strong>Ensemble de couleurs saisonni\u00e8res :<\/strong> Proposez des ensembles de vases de table bleus et blancs pour les mariages d&#039;\u00e9t\u00e9 ou roses pour la d\u00e9coration printani\u00e8re de la maison.<\/li>\n<li><strong>Indicatifs monogramm\u00e9s :<\/strong> Pour des coffrets de vases personnalis\u00e9s, ajoutez des incrustations microscopiques de feuille d&#039;or \u00e0 l&#039;int\u00e9rieur du bord. La table se transforme ainsi en un \u00e9crin de luxe pour les mariages ou les \u00e9v\u00e9nements d&#039;entreprise \u2013 id\u00e9al pour les commandes group\u00e9es de vases.<\/li>\n<\/ol>","protected":false},"excerpt":{"rendered":"<p>Collection de vases d\u00e9coratifs en verre aux formes de citrouille, de c\u00f4ne et de cylindre. Leurs textures textur\u00e9es rehaussent la d\u00e9coration int\u00e9rieure moderne. Livraison rapide pour les commandes en gros.<\/p>","protected":false},"featured_media":1416,"template":"","meta":{"site-sidebar-layout":"default","site-content-layout":"","ast-site-content-layout":"default","site-content-style":"default","site-sidebar-style":"default","ast-global-header-display":"","ast-banner-title-visibility":"","ast-main-header-display":"","ast-hfb-above-header-display":"","ast-hfb-below-header-display":"","ast-hfb-mobile-header-display":"","site-post-title":"","ast-breadcrumbs-content":"","ast-featured-img":"","footer-sml-layout":"","theme-transparent-header-meta":"default","adv-header-id-meta":"","stick-header-meta":"","header-above-stick-meta":"","header-main-stick-meta":"","header-below-stick-meta":"","astra-migrate-meta-layouts":"set","ast-page-background-enabled":"default","ast-page-background-meta":{"desktop":{"background-color":"var(--ast-global-color-5)","background-image":"","background-repeat":"repeat","background-position":"center center","background-size":"auto","background-attachment":"scroll","background-type":"","background-media":"","overlay-type":"","overlay-color":"","overlay-opacity":"","overlay-gradient":""},"tablet":{"background-color":"","background-image":"","background-repeat":"repeat","background-position":"center center","background-size":"auto","background-attachment":"scroll","background-type":"","background-media":"","overlay-type":"","overlay-color":"","overlay-opacity":"","overlay-gradient":""},"mobile":{"background-color":"","background-image":"","background-repeat":"repeat","background-position":"center center","background-size":"auto","background-attachment":"scroll","background-type":"","background-media":"","overlay-type":"","overlay-color":"","overlay-opacity":"","overlay-gradient":""}},"ast-content-background-meta":{"desktop":{"background-color":"var(--ast-global-color-4)","background-image":"","background-repeat":"repeat","background-position":"center center","background-size":"auto","background-attachment":"scroll","background-type":"","background-media":"","overlay-type":"","overlay-color":"","overlay-opacity":"","overlay-gradient":""},"tablet":{"background-color":"var(--ast-global-color-4)","background-image":"","background-repeat":"repeat","background-position":"center center","background-size":"auto","background-attachment":"scroll","background-type":"","background-media":"","overlay-type":"","overlay-color":"","overlay-opacity":"","overlay-gradient":""},"mobile":{"background-color":"var(--ast-global-color-4)","background-image":"","background-repeat":"repeat","background-position":"center center","background-size":"auto","background-attachment":"scroll","background-type":"","background-media":"","overlay-type":"","overlay-color":"","overlay-opacity":"","overlay-gradient":""}}},"product_brand":[],"product_cat":[57,21],"product_tag":[],"class_list":{"0":"post-1406","1":"product","2":"type-product","3":"status-publish","4":"has-post-thumbnail","6":"product_cat-glass-vases","7":"product_cat-product","8":"desktop-align-left","9":"tablet-align-left","10":"mobile-align-left","12":"first","13":"instock","14":"shipping-taxable","15":"product-type-simple"},"jetpack_sharing_enabled":true,"_links":{"self":[{"href":"https:\/\/mostebglass.com\/fr\/wp-json\/wp\/v2\/product\/1406","targetHints":{"allow":["GET"]}}],"collection":[{"href":"https:\/\/mostebglass.com\/fr\/wp-json\/wp\/v2\/product"}],"about":[{"href":"https:\/\/mostebglass.com\/fr\/wp-json\/wp\/v2\/types\/product"}],"wp:featuredmedia":[{"embeddable":true,"href":"https:\/\/mostebglass.com\/fr\/wp-json\/wp\/v2\/media\/1416"}],"wp:attachment":[{"href":"https:\/\/mostebglass.com\/fr\/wp-json\/wp\/v2\/media?parent=1406"}],"wp:term":[{"taxonomy":"product_brand","embeddable":true,"href":"https:\/\/mostebglass.com\/fr\/wp-json\/wp\/v2\/product_brand?post=1406"},{"taxonomy":"product_cat","embeddable":true,"href":"https:\/\/mostebglass.com\/fr\/wp-json\/wp\/v2\/product_cat?post=1406"},{"taxonomy":"product_tag","embeddable":true,"href":"https:\/\/mostebglass.com\/fr\/wp-json\/wp\/v2\/product_tag?post=1406"}],"curies":[{"name":"wp","href":"https:\/\/api.w.org\/{rel}","templated":true}]}}