{"id":1523,"date":"2025-09-09T16:20:01","date_gmt":"2025-09-09T08:20:01","guid":{"rendered":"https:\/\/mostebglass.com\/?post_type=product&#038;p=1523"},"modified":"2026-05-09T16:04:11","modified_gmt":"2026-05-09T08:04:11","slug":"glass-flower-vases-with-stylish-ripple-effect-wholeale","status":"publish","type":"product","link":"https:\/\/mostebglass.com\/fr\/glass-flower-vases-with-stylish-ripple-effect-wholeale\/","title":{"rendered":"Glass Flower Vases with Stylish Ripple Effect Wholeale"},"content":{"rendered":"<p>Ces vases en verre transparent pr\u00e9sentent une forme ondul\u00e9e particuli\u00e8re. Leur corps court et trapu ainsi que leur col fin les rendent polyvalents et parfaitement adapt\u00e9s \u00e0 la mise en valeur de fleurs isol\u00e9es ou de petits bouquets.<\/p>\n<h2>Caract\u00e9ristiques du produit<\/h2>\n<ul>\n<li><strong>Motif ondul\u00e9 :<\/strong> M\u00eame vide, sa surface ondul\u00e9e capte la lumi\u00e8re et ajoute une profondeur visuelle.<\/li>\n<li><strong>Cou \u00e9troit et bouche \u00e9troite :<\/strong> Parfait pour les fleurs isol\u00e9es ou les bouquets denses, il ajoute une touche artisanale \u00e0 votre composition florale.<\/li>\n<li><strong>Verre transparent de qualit\u00e9 sup\u00e9rieure\u00a0:<\/strong> Le verre \u00e9pais et r\u00e9sistant offre une sensation haut de gamme et est incassable.<\/li>\n<\/ul>\n<h2>Sp\u00e9cifications cl\u00e9s<\/h2>\n<table style=\"border-collapse: collapse; margin-left: auto; margin-right: auto; width: 485.27pt;\" border=\"0\" width=\"647\" cellspacing=\"0\" cellpadding=\"0\">\n<tbody>\n<tr style=\"height: 13.50pt;\">\n<td style=\"height: 13.5pt; width: 107.25pt; text-align: center;\" width=\"143\" height=\"18\">Fonctionnalit\u00e9<\/td>\n<td style=\"width: 378pt; text-align: center;\" width=\"504\">Sp\u00e9cification<\/td>\n<\/tr>\n<tr style=\"height: 13.50pt;\">\n<td style=\"height: 13.5pt; text-align: center;\" height=\"18\">Hauteur<\/td>\n<td style=\"text-align: center;\">130 mm<\/td>\n<\/tr>\n<tr style=\"height: 13.50pt;\">\n<td style=\"height: 13.5pt; text-align: center;\" height=\"18\">Diam\u00e8tre de base<\/td>\n<td style=\"text-align: center;\">110 mm<\/td>\n<\/tr>\n<tr style=\"height: 13.50pt;\">\n<td style=\"height: 13.5pt; text-align: center;\" height=\"18\">Style de cou<\/td>\n<td style=\"text-align: center;\">Mince, effil\u00e9<\/td>\n<\/tr>\n<tr style=\"height: 13.50pt;\">\n<td style=\"height: 13.5pt; text-align: center;\" height=\"18\">Ouverture de la bouche<\/td>\n<td style=\"text-align: center;\">Petit (\u00e9conomique)<\/td>\n<\/tr>\n<tr style=\"height: 13.50pt;\">\n<td style=\"height: 13.5pt; text-align: center;\" height=\"18\">Material<\/td>\n<td style=\"text-align: center;\">Verre de haute qualit\u00e9<\/td>\n<\/tr>\n<tr style=\"height: 13.50pt;\">\n<td style=\"height: 13.5pt; text-align: center;\" height=\"18\">Finition<\/td>\n<td style=\"text-align: center;\">Textur\u00e9 (motif ondul\u00e9)<\/td>\n<\/tr>\n<tr style=\"height: 13.50pt;\">\n<td style=\"height: 13.5pt; text-align: center;\" height=\"18\">Options de couleur<\/td>\n<td style=\"text-align: center;\">Teinte transparente ou personnalis\u00e9e<\/td>\n<\/tr>\n<tr style=\"height: 13.50pt;\">\n<td style=\"height: 13.5pt; text-align: center;\" height=\"18\">Id\u00e9al pour<\/td>\n<td style=\"text-align: center;\">vases \u00e0 bourgeons, compositions florales, d\u00e9coration int\u00e9rieure, pr\u00e9sentoirs de jardini\u00e8res<\/td>\n<\/tr>\n<\/tbody>\n<\/table>\n<h2>Histoire \u00e0 succ\u00e8s<\/h2>\n<p>Notre petit vase, discret et textur\u00e9, a rejoint la collection d&#039;une marque de style de vie nordique. Nous l&#039;avons personnalis\u00e9 pour qu&#039;il s&#039;accorde \u00e0 l&#039;esth\u00e9tique naturelle de la marque\u00a0: le verre transparent d&#039;origine a \u00e9t\u00e9 remplac\u00e9 par un mat\u00e9riau plus translucide aux tons chauds, permettant de maintenir une tige bien droite\u00a0; la texture du vase a \u00e9t\u00e9 retravaill\u00e9e avec un motif ondul\u00e9 l\u00e9g\u00e8rement irr\u00e9gulier et fin, lui conf\u00e9rant un aspect artisanal\u00a0; enfin, l&#039;angle du bord a \u00e9t\u00e9 modifi\u00e9 pour faciliter le placement d&#039;une tige droite.<\/p>\n<p>Six semaines apr\u00e8s son lancement, le produit a enregistr\u00e9 une croissance des ventes d&#039;environ 49 %. Une fois le premier lot \u00e9puis\u00e9, le produit a \u00e9t\u00e9 r\u00e9approvisionn\u00e9 \u00e0 deux reprises et est devenu un produit phare \u00e0 forte rotation, n\u00e9cessitant un r\u00e9approvisionnement r\u00e9gulier dans les points de vente.<\/p>\n<h2>Comment personnaliser vos vases \u00e0 fleurs ?<\/h2>\n<ul>\n<li>Ajustez la profondeur des vagues\u00a0: les ondulations plus profondes ajoutent du relief, tandis que les plus l\u00e9g\u00e8res restent douces.<\/li>\n<li>Teinter the Glass \u2013 Le gris fum\u00e9 cr\u00e9e une \u00e9l\u00e9gance myst\u00e9rieuse, tandis que le vert tendre offre une exp\u00e9rience naturelle.<\/li>\n<li>Ajustez la longueur du manche\u00a0: les personnes plus longues sont plus \u00e0 l\u2019aise dans les espaces restreints, tandis que les personnes plus petites conviennent mieux aux petits espaces.<\/li>\n<\/ul>\n<p>Ce ne sont pas de simples objets du quotidien, ils peuvent transformer de simples r\u00e9cipients en verre en \u00e9l\u00e9ments de d\u00e9coration embl\u00e9matiques.<\/p>","protected":false},"excerpt":{"rendered":"<p data-pm-slice=\"1 1 []\">\u00c9l\u00e9gants vases \u00e0 fleurs en verre haute transparence. Leur texture ondul\u00e9e apporte une touche vintage \u00e0 votre d\u00e9coration int\u00e9rieure. \u00c9chantillons gratuits.<\/p>","protected":false},"featured_media":5431,"template":"","meta":{"site-sidebar-layout":"default","site-content-layout":"","ast-site-content-layout":"default","site-content-style":"default","site-sidebar-style":"default","ast-global-header-display":"","ast-banner-title-visibility":"","ast-main-header-display":"","ast-hfb-above-header-display":"","ast-hfb-below-header-display":"","ast-hfb-mobile-header-display":"","site-post-title":"","ast-breadcrumbs-content":"","ast-featured-img":"","footer-sml-layout":"","theme-transparent-header-meta":"default","adv-header-id-meta":"","stick-header-meta":"","header-above-stick-meta":"","header-main-stick-meta":"","header-below-stick-meta":"","astra-migrate-meta-layouts":"set","ast-page-background-enabled":"default","ast-page-background-meta":{"desktop":{"background-color":"var(--ast-global-color-5)","background-image":"","background-repeat":"repeat","background-position":"center center","background-size":"auto","background-attachment":"scroll","background-type":"","background-media":"","overlay-type":"","overlay-color":"","overlay-opacity":"","overlay-gradient":""},"tablet":{"background-color":"","background-image":"","background-repeat":"repeat","background-position":"center center","background-size":"auto","background-attachment":"scroll","background-type":"","background-media":"","overlay-type":"","overlay-color":"","overlay-opacity":"","overlay-gradient":""},"mobile":{"background-color":"","background-image":"","background-repeat":"repeat","background-position":"center center","background-size":"auto","background-attachment":"scroll","background-type":"","background-media":"","overlay-type":"","overlay-color":"","overlay-opacity":"","overlay-gradient":""}},"ast-content-background-meta":{"desktop":{"background-color":"var(--ast-global-color-4)","background-image":"","background-repeat":"repeat","background-position":"center center","background-size":"auto","background-attachment":"scroll","background-type":"","background-media":"","overlay-type":"","overlay-color":"","overlay-opacity":"","overlay-gradient":""},"tablet":{"background-color":"var(--ast-global-color-4)","background-image":"","background-repeat":"repeat","background-position":"center center","background-size":"auto","background-attachment":"scroll","background-type":"","background-media":"","overlay-type":"","overlay-color":"","overlay-opacity":"","overlay-gradient":""},"mobile":{"background-color":"var(--ast-global-color-4)","background-image":"","background-repeat":"repeat","background-position":"center center","background-size":"auto","background-attachment":"scroll","background-type":"","background-media":"","overlay-type":"","overlay-color":"","overlay-opacity":"","overlay-gradient":""}}},"product_brand":[],"product_cat":[57,21],"product_tag":[],"class_list":{"0":"post-1523","1":"product","2":"type-product","3":"status-publish","4":"has-post-thumbnail","6":"product_cat-glass-vases","7":"product_cat-product","8":"desktop-align-left","9":"tablet-align-left","10":"mobile-align-left","12":"first","13":"instock","14":"shipping-taxable","15":"product-type-simple"},"jetpack_sharing_enabled":true,"_links":{"self":[{"href":"https:\/\/mostebglass.com\/fr\/wp-json\/wp\/v2\/product\/1523","targetHints":{"allow":["GET"]}}],"collection":[{"href":"https:\/\/mostebglass.com\/fr\/wp-json\/wp\/v2\/product"}],"about":[{"href":"https:\/\/mostebglass.com\/fr\/wp-json\/wp\/v2\/types\/product"}],"wp:featuredmedia":[{"embeddable":true,"href":"https:\/\/mostebglass.com\/fr\/wp-json\/wp\/v2\/media\/5431"}],"wp:attachment":[{"href":"https:\/\/mostebglass.com\/fr\/wp-json\/wp\/v2\/media?parent=1523"}],"wp:term":[{"taxonomy":"product_brand","embeddable":true,"href":"https:\/\/mostebglass.com\/fr\/wp-json\/wp\/v2\/product_brand?post=1523"},{"taxonomy":"product_cat","embeddable":true,"href":"https:\/\/mostebglass.com\/fr\/wp-json\/wp\/v2\/product_cat?post=1523"},{"taxonomy":"product_tag","embeddable":true,"href":"https:\/\/mostebglass.com\/fr\/wp-json\/wp\/v2\/product_tag?post=1523"}],"curies":[{"name":"wp","href":"https:\/\/api.w.org\/{rel}","templated":true}]}}