{"id":1621,"date":"2025-09-11T11:39:16","date_gmt":"2025-09-11T03:39:16","guid":{"rendered":"https:\/\/mostebglass.com\/?post_type=product&#038;p=1621"},"modified":"2026-03-10T14:22:20","modified_gmt":"2026-03-10T06:22:20","slug":"clear-flower-bud-vases-with-thick-base-bulk","status":"publish","type":"product","link":"https:\/\/mostebglass.com\/fr\/clear-flower-bud-vases-with-thick-base-bulk\/","title":{"rendered":"Vases transparents pour boutons de fleurs \u00e0 base \u00e9paisse (en gros)"},"content":{"rendered":"<p>Ces vases \u00e0 bourgeons pr\u00e9sentent un design \u00e9pur\u00e9 et lisse et sont disponibles en trois formes diff\u00e9rentes : ronde, trap\u00e9zo\u00efdale et sph\u00e9rique, fabriqu\u00e9s en verre cristallin avec un fond robuste et \u00e9pais.<\/p>\n<h2>Caract\u00e9ristiques du produit<\/h2>\n<ul>\n<li><strong>Mat\u00e9riau en verre de haute transparence :<\/strong> Il est compos\u00e9 de verre transparent de haute puret\u00e9, qui offre une grande clart\u00e9 et pr\u00e9sente la vue des fleurs ou du liquide \u00e0 l&#039;int\u00e9rieur sous forme d&#039;un motif l\u00e9ger et a\u00e9rien.<\/li>\n<li><strong>Plusieurs formes :<\/strong> Il existe trois formes diff\u00e9rentes\u00a0: arrondies et robustes, trap\u00e9zo\u00efdales et arrondies, qui peuvent \u00eatre utilis\u00e9es individuellement ou ensemble pour r\u00e9pondre \u00e0 une grande vari\u00e9t\u00e9 de besoins en mati\u00e8re de d\u00e9coration d\u2019espace.<\/li>\n<li><strong>Conception \u00e0 base \u00e9paissie\u00a0:<\/strong> Cette am\u00e9lioration permet d&#039;assurer la stabilit\u00e9 de la bouteille ; de plus, sa texture et sa durabilit\u00e9 sont \u00e9galement am\u00e9lior\u00e9es.<\/li>\n<\/ul>\n<h2><strong data-spm-anchor-id=\"5176.28103460.0.i16.29ab2e31arMQTt\">Sp\u00e9cifications cl\u00e9s<\/strong><\/h2>\n<table style=\"border-collapse: collapse; width: 80%; margin-left: auto; margin-right: auto;\" border=\"0\" width=\"216\" cellspacing=\"0\" cellpadding=\"0\">\n<tbody>\n<tr style=\"height: 13.50pt;\">\n<td style=\"height: 13.5pt; width: 54pt; text-align: center;\" width=\"72\" height=\"18\">Style<\/td>\n<td style=\"width: 54pt; text-align: center;\" width=\"72\">Dimensions<\/td>\n<td style=\"width: 54pt; text-align: center;\" width=\"72\">Options de couleur<\/td>\n<\/tr>\n<tr style=\"height: 13.50pt;\">\n<td style=\"height: 13.5pt; text-align: center;\" height=\"18\">Petit vase ventru<\/td>\n<td style=\"text-align: center;\">50 x 68 x 28 mm<\/td>\n<td class=\"et2\" style=\"text-align: center;\" rowspan=\"3\">Clair ou personnalis\u00e9<\/td>\n<\/tr>\n<tr style=\"height: 13.50pt;\">\n<td style=\"height: 13.5pt; text-align: center;\" height=\"18\">Vase yourte moyen<\/td>\n<td style=\"text-align: center;\">70 x 76 x 33 mm<\/td>\n<\/tr>\n<tr style=\"height: 13.50pt;\">\n<td style=\"height: 13.5pt; text-align: center;\" height=\"18\">Grand vase ventral<\/td>\n<td style=\"text-align: center;\">67 x 100 x 45 mm<\/td>\n<\/tr>\n<\/tbody>\n<\/table>\n<h2>\u00c9tude de cas : Standardisation d&#039;une cha\u00eene h\u00f4teli\u00e8re multinationale<\/h2>\n<p>Une cha\u00eene h\u00f4teli\u00e8re internationale a command\u00e9 notre ensemble de trois vases en verre transparent, soit 20\u00a0000 unit\u00e9s. Ce stock important a permis de r\u00e9duire de 95\u00a0% les pertes li\u00e9es au nettoyage quotidien. La transparence du verre s&#039;harmonise avec tous les styles de d\u00e9coration, diminuant ainsi de 70\u00a0% la consommation d&#039;autres marques. L&#039;h\u00f4tel, pleinement satisfait, a pass\u00e9 une commande suppl\u00e9mentaire de 500\u00a0000 vases pour ses projets de r\u00e9novation et d&#039;agrandissement pr\u00e9vus dans les dix prochaines ann\u00e9es.<\/p>\n<h2>Vases en verre en gros\u00a0: options de personnalisation<\/h2>\n<ul>\n<li>D\u00e9tails du socle\u00a0: L\u2019ajout d\u2019un l\u00e9ger anneau en retrait ou d\u2019un biseau au bas du socle lest\u00e9 rend le design plus esth\u00e9tique.<\/li>\n<li>Variations du col : De l\u00e9g\u00e8res modifications apport\u00e9es au col \u00e9vas\u00e9 ou haut des cols de formes diverses leur conf\u00e8rent diff\u00e9rents niveaux de soutien de la tige.<\/li>\n<li>Options d&#039;assemblage\u00a0: Notre catalogue devrait proposer davantage d&#039;options permettant aux clients de personnaliser un ensemble de trois pi\u00e8ces.<\/li>\n<\/ul>","protected":false},"excerpt":{"rendered":"<p>Vases \u00e0 fleurs en verre transparent \u00e0 base \u00e9paisse. Vases en verre r\u00e9sistant, disponibles en gros, parfaits pour les fleuristes et la d\u00e9coration \u00e9v\u00e9nementielle. Livraison rapide.<\/p>","protected":false},"featured_media":1623,"template":"","meta":{"site-sidebar-layout":"default","site-content-layout":"","ast-site-content-layout":"default","site-content-style":"default","site-sidebar-style":"default","ast-global-header-display":"","ast-banner-title-visibility":"","ast-main-header-display":"","ast-hfb-above-header-display":"","ast-hfb-below-header-display":"","ast-hfb-mobile-header-display":"","site-post-title":"","ast-breadcrumbs-content":"","ast-featured-img":"","footer-sml-layout":"","theme-transparent-header-meta":"default","adv-header-id-meta":"","stick-header-meta":"","header-above-stick-meta":"","header-main-stick-meta":"","header-below-stick-meta":"","astra-migrate-meta-layouts":"set","ast-page-background-enabled":"default","ast-page-background-meta":{"desktop":{"background-color":"var(--ast-global-color-5)","background-image":"","background-repeat":"repeat","background-position":"center center","background-size":"auto","background-attachment":"scroll","background-type":"","background-media":"","overlay-type":"","overlay-color":"","overlay-opacity":"","overlay-gradient":""},"tablet":{"background-color":"","background-image":"","background-repeat":"repeat","background-position":"center center","background-size":"auto","background-attachment":"scroll","background-type":"","background-media":"","overlay-type":"","overlay-color":"","overlay-opacity":"","overlay-gradient":""},"mobile":{"background-color":"","background-image":"","background-repeat":"repeat","background-position":"center center","background-size":"auto","background-attachment":"scroll","background-type":"","background-media":"","overlay-type":"","overlay-color":"","overlay-opacity":"","overlay-gradient":""}},"ast-content-background-meta":{"desktop":{"background-color":"var(--ast-global-color-4)","background-image":"","background-repeat":"repeat","background-position":"center center","background-size":"auto","background-attachment":"scroll","background-type":"","background-media":"","overlay-type":"","overlay-color":"","overlay-opacity":"","overlay-gradient":""},"tablet":{"background-color":"var(--ast-global-color-4)","background-image":"","background-repeat":"repeat","background-position":"center center","background-size":"auto","background-attachment":"scroll","background-type":"","background-media":"","overlay-type":"","overlay-color":"","overlay-opacity":"","overlay-gradient":""},"mobile":{"background-color":"var(--ast-global-color-4)","background-image":"","background-repeat":"repeat","background-position":"center center","background-size":"auto","background-attachment":"scroll","background-type":"","background-media":"","overlay-type":"","overlay-color":"","overlay-opacity":"","overlay-gradient":""}}},"product_brand":[],"product_cat":[57,21],"product_tag":[],"class_list":{"0":"post-1621","1":"product","2":"type-product","3":"status-publish","4":"has-post-thumbnail","6":"product_cat-glass-vases","7":"product_cat-product","8":"desktop-align-left","9":"tablet-align-left","10":"mobile-align-left","12":"first","13":"instock","14":"shipping-taxable","15":"product-type-simple"},"jetpack_sharing_enabled":true,"_links":{"self":[{"href":"https:\/\/mostebglass.com\/fr\/wp-json\/wp\/v2\/product\/1621","targetHints":{"allow":["GET"]}}],"collection":[{"href":"https:\/\/mostebglass.com\/fr\/wp-json\/wp\/v2\/product"}],"about":[{"href":"https:\/\/mostebglass.com\/fr\/wp-json\/wp\/v2\/types\/product"}],"wp:featuredmedia":[{"embeddable":true,"href":"https:\/\/mostebglass.com\/fr\/wp-json\/wp\/v2\/media\/1623"}],"wp:attachment":[{"href":"https:\/\/mostebglass.com\/fr\/wp-json\/wp\/v2\/media?parent=1621"}],"wp:term":[{"taxonomy":"product_brand","embeddable":true,"href":"https:\/\/mostebglass.com\/fr\/wp-json\/wp\/v2\/product_brand?post=1621"},{"taxonomy":"product_cat","embeddable":true,"href":"https:\/\/mostebglass.com\/fr\/wp-json\/wp\/v2\/product_cat?post=1621"},{"taxonomy":"product_tag","embeddable":true,"href":"https:\/\/mostebglass.com\/fr\/wp-json\/wp\/v2\/product_tag?post=1621"}],"curies":[{"name":"wp","href":"https:\/\/api.w.org\/{rel}","templated":true}]}}