{"id":1761,"date":"2025-09-12T18:06:26","date_gmt":"2025-09-12T10:06:26","guid":{"rendered":"https:\/\/mostebglass.com\/?post_type=product&#038;p=1761"},"modified":"2026-03-03T16:42:27","modified_gmt":"2026-03-03T08:42:27","slug":"clear-apothecary-style-glass-vases-bulk","status":"publish","type":"product","link":"https:\/\/mostebglass.com\/fr\/clear-apothecary-style-glass-vases-bulk\/","title":{"rendered":"Vases en verre transparent de style apothicaire en gros"},"content":{"rendered":"<p>Ces vases \u00e0 bourgeons d&#039;apothicaire sont fabriqu\u00e9s en verre \u00e9pais ultra-transparent, avec une base solide et un col lisse et large.<\/p>\n<h2>Caract\u00e9ristiques du produit<\/h2>\n<ul>\n<li><strong>Le verre \u00e9pais de haute pr\u00e9cision :<\/strong> Ces types de vases sont fabriqu\u00e9s en verre \u00e9pais et tr\u00e8s transparent, ce qui leur conf\u00e8re une excellente clart\u00e9 ; ils sont \u00e9galement plus r\u00e9sistants et plus solides.<\/li>\n<li><strong>Conception \u00e0 double taille\u00a0:<\/strong> Il existe en deux tailles, ce qui permet de l&#039;agencer et de le pr\u00e9senter de diff\u00e9rentes mani\u00e8res en fonction des mat\u00e9riaux floraux disponibles et de l&#039;espace disponible.<\/li>\n<li><strong>Adaptabilit\u00e9 polyvalente\u00a0:<\/strong> Ces vases conviennent \u00e0 la maison, au bureau et \u00e0 la pr\u00e9sentation d&#039;objets, puisqu&#039;ils sont con\u00e7us pour mettre en valeur des bouquets ou des liquides.<\/li>\n<\/ul>\n<h3><strong data-spm-anchor-id=\"5176.28103460.0.i15.29ab2e31VyCSpX\">Sp\u00e9cifications cl\u00e9s<\/strong><\/h3>\n<table style=\"border-collapse: collapse; width: 80%; margin-left: auto; margin-right: auto;\" border=\"0\" width=\"216\" cellspacing=\"0\" cellpadding=\"0\">\n<tbody>\n<tr style=\"height: 13.50pt;\">\n<td style=\"height: 13.50pt; width: 54.00pt;\" width=\"72\" height=\"18\">\n<p style=\"text-align: center;\">Style<\/p>\n<\/td>\n<td style=\"width: 54pt; text-align: center;\" width=\"72\">Dimensions<\/td>\n<td style=\"width: 54pt; text-align: center;\" width=\"72\">Options de couleur<\/td>\n<\/tr>\n<tr style=\"height: 13.50pt;\">\n<td style=\"height: 13.5pt; text-align: center;\" height=\"18\">Vase \u00e0 ventre court<\/td>\n<td style=\"text-align: center;\">51 x 70 x 28 mm<\/td>\n<td class=\"et2\" style=\"text-align: center;\" rowspan=\"2\">Clair, personnalis\u00e9<\/td>\n<\/tr>\n<tr style=\"height: 13.50pt;\">\n<td style=\"height: 13.5pt; text-align: center;\" height=\"18\">Vase \u00e0 ventre haut<\/td>\n<td style=\"text-align: center;\">60 x 132 x 38 mm<\/td>\n<\/tr>\n<\/tbody>\n<\/table>\n<h2>Histoire \u00e0 succ\u00e8s<\/h2>\n<p>Une marque su\u00e9doise de d\u00e9coration int\u00e9rieure renomm\u00e9e nous a command\u00e9 des vases \u00e0 bourgeons en verre, con\u00e7us comme tels, avec leur col \u00e9pais et plat. Leurs lignes \u00e9pur\u00e9es ont am\u00e9lior\u00e9 l&#039;effet visuel de 52 %, et leur polyvalence, permettant d&#039;y pr\u00e9senter des fleurs individuelles, des fleurs s\u00e9ch\u00e9es et des liquides, a entra\u00een\u00e9 une hausse des ventes de 41 %. Face \u00e0 ce succ\u00e8s, la marque a pass\u00e9 une nouvelle commande de 370\u00a0000 vases afin d&#039;accro\u00eetre son approvisionnement sur le march\u00e9 de gros international.<\/p>\n<h2><a href=\"https:\/\/mostebglass.com\/fr\/pots-a-bougies-en-verre\/\"><img fetchpriority=\"high\" decoding=\"async\" class=\"wp-image-4184 aligncenter\" src=\"https:\/\/mostebglass.com\/wp-content\/uploads\/2025\/09\/glass-vases-bulk-with-reed.webp\" alt=\"vases en verre en gros\" width=\"500\" height=\"386\" srcset=\"https:\/\/mostebglass.com\/wp-content\/uploads\/2025\/09\/glass-vases-bulk-with-reed.webp 1024w, https:\/\/mostebglass.com\/wp-content\/uploads\/2025\/09\/glass-vases-bulk-with-reed-768x593.webp 768w, https:\/\/mostebglass.com\/wp-content\/uploads\/2025\/09\/glass-vases-bulk-with-reed-16x12.webp 16w, https:\/\/mostebglass.com\/wp-content\/uploads\/2025\/09\/glass-vases-bulk-with-reed-600x463.webp 600w\" sizes=\"(max-width: 500px) 100vw, 500px\" \/><\/a>Personnalisation de vases en verre en gros<\/h2>\n<ol>\n<li><strong>Ensemble de vases sp\u00e9cifique \u00e0 Bloom : <\/strong>Associez les vases aux types de fleurs\u00a0: un vase \u00e0 bourgeons pour les boutons floraux, un vase haut pour les compositions florales avec racines. Exemple\u00a0: un duo de vases en verre bleu et blanc avec des lys pour une tenue de mariage.<\/li>\n<li><strong>\u00c9dition limit\u00e9e pour les f\u00eates : <\/strong>Vases en verre saisonniers pour No\u00ebl (blanc) et pour Thanksgiving (sauge).<\/li>\n<\/ol>","protected":false},"excerpt":{"rendered":"<p>Vases en verre de style apothicaire, \u00e0 base \u00e9paisse et large ouverture. Vases en verre transparent disponibles en gros pour la pr\u00e9sentation de fleurs ou de liquides. Livraison rapide.<\/p>","protected":false},"featured_media":2721,"template":"","meta":{"site-sidebar-layout":"default","site-content-layout":"","ast-site-content-layout":"default","site-content-style":"default","site-sidebar-style":"default","ast-global-header-display":"","ast-banner-title-visibility":"","ast-main-header-display":"","ast-hfb-above-header-display":"","ast-hfb-below-header-display":"","ast-hfb-mobile-header-display":"","site-post-title":"","ast-breadcrumbs-content":"","ast-featured-img":"","footer-sml-layout":"","theme-transparent-header-meta":"default","adv-header-id-meta":"","stick-header-meta":"","header-above-stick-meta":"","header-main-stick-meta":"","header-below-stick-meta":"","astra-migrate-meta-layouts":"set","ast-page-background-enabled":"default","ast-page-background-meta":{"desktop":{"background-color":"var(--ast-global-color-5)","background-image":"","background-repeat":"repeat","background-position":"center center","background-size":"auto","background-attachment":"scroll","background-type":"","background-media":"","overlay-type":"","overlay-color":"","overlay-opacity":"","overlay-gradient":""},"tablet":{"background-color":"","background-image":"","background-repeat":"repeat","background-position":"center center","background-size":"auto","background-attachment":"scroll","background-type":"","background-media":"","overlay-type":"","overlay-color":"","overlay-opacity":"","overlay-gradient":""},"mobile":{"background-color":"","background-image":"","background-repeat":"repeat","background-position":"center center","background-size":"auto","background-attachment":"scroll","background-type":"","background-media":"","overlay-type":"","overlay-color":"","overlay-opacity":"","overlay-gradient":""}},"ast-content-background-meta":{"desktop":{"background-color":"var(--ast-global-color-4)","background-image":"","background-repeat":"repeat","background-position":"center center","background-size":"auto","background-attachment":"scroll","background-type":"","background-media":"","overlay-type":"","overlay-color":"","overlay-opacity":"","overlay-gradient":""},"tablet":{"background-color":"var(--ast-global-color-4)","background-image":"","background-repeat":"repeat","background-position":"center center","background-size":"auto","background-attachment":"scroll","background-type":"","background-media":"","overlay-type":"","overlay-color":"","overlay-opacity":"","overlay-gradient":""},"mobile":{"background-color":"var(--ast-global-color-4)","background-image":"","background-repeat":"repeat","background-position":"center center","background-size":"auto","background-attachment":"scroll","background-type":"","background-media":"","overlay-type":"","overlay-color":"","overlay-opacity":"","overlay-gradient":""}}},"product_brand":[],"product_cat":[21,57],"product_tag":[],"class_list":{"0":"post-1761","1":"product","2":"type-product","3":"status-publish","4":"has-post-thumbnail","6":"product_cat-product","7":"product_cat-glass-vases","8":"desktop-align-left","9":"tablet-align-left","10":"mobile-align-left","12":"first","13":"instock","14":"shipping-taxable","15":"product-type-simple"},"jetpack_sharing_enabled":true,"_links":{"self":[{"href":"https:\/\/mostebglass.com\/fr\/wp-json\/wp\/v2\/product\/1761","targetHints":{"allow":["GET"]}}],"collection":[{"href":"https:\/\/mostebglass.com\/fr\/wp-json\/wp\/v2\/product"}],"about":[{"href":"https:\/\/mostebglass.com\/fr\/wp-json\/wp\/v2\/types\/product"}],"wp:featuredmedia":[{"embeddable":true,"href":"https:\/\/mostebglass.com\/fr\/wp-json\/wp\/v2\/media\/2721"}],"wp:attachment":[{"href":"https:\/\/mostebglass.com\/fr\/wp-json\/wp\/v2\/media?parent=1761"}],"wp:term":[{"taxonomy":"product_brand","embeddable":true,"href":"https:\/\/mostebglass.com\/fr\/wp-json\/wp\/v2\/product_brand?post=1761"},{"taxonomy":"product_cat","embeddable":true,"href":"https:\/\/mostebglass.com\/fr\/wp-json\/wp\/v2\/product_cat?post=1761"},{"taxonomy":"product_tag","embeddable":true,"href":"https:\/\/mostebglass.com\/fr\/wp-json\/wp\/v2\/product_tag?post=1761"}],"curies":[{"name":"wp","href":"https:\/\/api.w.org\/{rel}","templated":true}]}}