{"id":1839,"date":"2025-09-16T17:21:12","date_gmt":"2025-09-16T09:21:12","guid":{"rendered":"https:\/\/mostebglass.com\/?post_type=product&#038;p=1839"},"modified":"2026-03-10T15:14:15","modified_gmt":"2026-03-10T07:14:15","slug":"clear-embossed-glass-bud-vases-bulk","status":"publish","type":"product","link":"https:\/\/mostebglass.com\/fr\/clear-embossed-glass-bud-vases-bulk\/","title":{"rendered":"Vases \u00e0 bourgeons en verre transparent gaufr\u00e9 en gros"},"content":{"rendered":"<p>Ces petits vases en verre sont d\u00e9cor\u00e9s de motifs g\u00e9om\u00e9triques en relief audacieux, tels que des matelassages en losange et des rainures verticales, et sont disponibles en trois styles, produisant un effet spectaculaire.<\/p>\n<h2>Caract\u00e9ristiques du produit<\/h2>\n<ul>\n<li><strong>Des cr\u00e9ations g\u00e9n\u00e9reusement r\u00e9alis\u00e9es \u00e0 la main :<\/strong> Les trois motifs en relief distinctifs conf\u00e8rent aux fleurs une texture marqu\u00e9e, un jeu d&#039;ombres et de lumi\u00e8res, et une touche d&#039;antan.<\/li>\n<li><strong>Base solide et stable :<\/strong> Tous les vases poss\u00e8dent une base lourde et plate, con\u00e7ue pour les emp\u00eacher de basculer, m\u00eame lorsqu&#039;on y d\u00e9pose un bouquet de fleurs asym\u00e9triques.<\/li>\n<li><strong>Col en forme de trompette \u00e9l\u00e9gant :<\/strong> La conception du col est pratique pour soutenir les tiges des fleurs et contribue \u00e9galement \u00e0 cr\u00e9er une silhouette magnifique.<\/li>\n<\/ul>\n<h3><strong data-spm-anchor-id=\"5176.28103460.0.i12.2fc72e31pE2N38\">Sp\u00e9cifications cl\u00e9s<\/strong><\/h3>\n<table style=\"border-collapse: collapse; width: 80%; margin-left: auto; margin-right: auto;\" border=\"0\" width=\"288\" cellspacing=\"0\" cellpadding=\"0\">\n<tbody>\n<tr style=\"height: 13.50pt;\">\n<td style=\"height: 13.5pt; width: 54pt; text-align: center;\" width=\"72\" height=\"18\">Style<\/td>\n<td style=\"width: 54pt; text-align: center;\" width=\"72\">Dimensions<\/td>\n<td style=\"width: 54pt; text-align: center;\" width=\"72\">Material<\/td>\n<td style=\"width: 54pt; text-align: center;\" width=\"72\">Options de couleur<\/td>\n<\/tr>\n<tr style=\"height: 13.50pt;\">\n<td style=\"height: 13.5pt; text-align: center;\" height=\"18\">En relief<\/td>\n<td style=\"text-align: center;\">55 x 100 x 35 mm<\/td>\n<td class=\"et2\" style=\"text-align: center;\" rowspan=\"3\">Verre<\/td>\n<td class=\"et2\" style=\"text-align: center;\" rowspan=\"3\">Clair, personnalis\u00e9<\/td>\n<\/tr>\n<tr style=\"height: 13.50pt;\">\n<td style=\"height: 13.5pt; text-align: center;\" height=\"18\">Rayon de miel<\/td>\n<td style=\"text-align: center;\">60 x 100 x 45 mm<\/td>\n<\/tr>\n<tr style=\"height: 13.50pt;\">\n<td style=\"height: 13.5pt; text-align: center;\" height=\"18\">C\u00f4tes fines<\/td>\n<td style=\"text-align: center;\">55 x 130 x 35 mm<\/td>\n<\/tr>\n<\/tbody>\n<\/table>\n<h2>T\u00e9moignage de r\u00e9ussite\u00a0: Commande group\u00e9e d\u2019un groupe h\u00f4telier de luxe<\/h2>\n<p>Nos grands petits vases en verre \u00e0 motif losange ont \u00e9t\u00e9 choisis par une cha\u00eene h\u00f4teli\u00e8re internationale de renom. Ces vases ont apport\u00e9 une valeur ajout\u00e9e exceptionnelle\u00a0: la satisfaction des clients quant \u00e0 la d\u00e9coration des chambres aurait augment\u00e9 de 25\u00a0%. Leur aspect uniforme et raffin\u00e9 leur a permis d\u2019harmoniser les compositions florales dans toutes leurs marques, r\u00e9duisant ainsi leurs d\u00e9penses fournisseurs de 15\u00a0%. S\u00e9duit par ces vases, le groupe h\u00f4telier a pass\u00e9 une nouvelle commande de 75\u00a0000 vases pour orner ses nouveaux h\u00f4tels et renouveler son stock.<\/p>\n<h2>Personnalisation des vases \u00e0 bourgeons en verre<\/h2>\n<ul>\n<li>Brillance m\u00e9tallique\u00a0: Appliquez une tr\u00e8s fine couche de brillance m\u00e9tallique (or, cuivre) sur les rainures en relief pour faire ressortir les d\u00e9tails.<\/li>\n<li>Taille et proportions\u00a0: Utilisez le m\u00eame motif textur\u00e9 sur des vases plus grands et plus attrayants ou sur de petits vases pour mini-bougies chauffe-plat.<\/li>\n<li>Conception du col et de l&#039;ouverture\u00a0: Modifiez l&#039;angle de l&#039;ouverture\u00a0; les bouquets plus l\u00e9gers doivent avoir l&#039;ouverture ouverte, tandis que les ouvertures plus \u00e9troites doivent avoir l&#039;ouverture ouverte.<\/li>\n<\/ul>","protected":false},"excerpt":{"rendered":"<p>Petits vases classiques en verre, orn\u00e9s de d\u00e9tails en relief et dot\u00e9s d&#039;une base stable. Ensemble de vases polyvalents, parfaits pour les fleurs, les tiges s\u00e9ch\u00e9es ou les objets d\u00e9coratifs. Options personnalis\u00e9es.<\/p>","protected":false},"featured_media":1840,"template":"","meta":{"site-sidebar-layout":"default","site-content-layout":"","ast-site-content-layout":"default","site-content-style":"default","site-sidebar-style":"default","ast-global-header-display":"","ast-banner-title-visibility":"","ast-main-header-display":"","ast-hfb-above-header-display":"","ast-hfb-below-header-display":"","ast-hfb-mobile-header-display":"","site-post-title":"","ast-breadcrumbs-content":"","ast-featured-img":"","footer-sml-layout":"","theme-transparent-header-meta":"default","adv-header-id-meta":"","stick-header-meta":"","header-above-stick-meta":"","header-main-stick-meta":"","header-below-stick-meta":"","astra-migrate-meta-layouts":"set","ast-page-background-enabled":"default","ast-page-background-meta":{"desktop":{"background-color":"var(--ast-global-color-5)","background-image":"","background-repeat":"repeat","background-position":"center center","background-size":"auto","background-attachment":"scroll","background-type":"","background-media":"","overlay-type":"","overlay-color":"","overlay-opacity":"","overlay-gradient":""},"tablet":{"background-color":"","background-image":"","background-repeat":"repeat","background-position":"center center","background-size":"auto","background-attachment":"scroll","background-type":"","background-media":"","overlay-type":"","overlay-color":"","overlay-opacity":"","overlay-gradient":""},"mobile":{"background-color":"","background-image":"","background-repeat":"repeat","background-position":"center center","background-size":"auto","background-attachment":"scroll","background-type":"","background-media":"","overlay-type":"","overlay-color":"","overlay-opacity":"","overlay-gradient":""}},"ast-content-background-meta":{"desktop":{"background-color":"var(--ast-global-color-4)","background-image":"","background-repeat":"repeat","background-position":"center center","background-size":"auto","background-attachment":"scroll","background-type":"","background-media":"","overlay-type":"","overlay-color":"","overlay-opacity":"","overlay-gradient":""},"tablet":{"background-color":"var(--ast-global-color-4)","background-image":"","background-repeat":"repeat","background-position":"center center","background-size":"auto","background-attachment":"scroll","background-type":"","background-media":"","overlay-type":"","overlay-color":"","overlay-opacity":"","overlay-gradient":""},"mobile":{"background-color":"var(--ast-global-color-4)","background-image":"","background-repeat":"repeat","background-position":"center center","background-size":"auto","background-attachment":"scroll","background-type":"","background-media":"","overlay-type":"","overlay-color":"","overlay-opacity":"","overlay-gradient":""}}},"product_brand":[],"product_cat":[57,21],"product_tag":[],"class_list":{"0":"post-1839","1":"product","2":"type-product","3":"status-publish","4":"has-post-thumbnail","6":"product_cat-glass-vases","7":"product_cat-product","8":"desktop-align-left","9":"tablet-align-left","10":"mobile-align-left","12":"first","13":"instock","14":"shipping-taxable","15":"product-type-simple"},"jetpack_sharing_enabled":true,"_links":{"self":[{"href":"https:\/\/mostebglass.com\/fr\/wp-json\/wp\/v2\/product\/1839","targetHints":{"allow":["GET"]}}],"collection":[{"href":"https:\/\/mostebglass.com\/fr\/wp-json\/wp\/v2\/product"}],"about":[{"href":"https:\/\/mostebglass.com\/fr\/wp-json\/wp\/v2\/types\/product"}],"wp:featuredmedia":[{"embeddable":true,"href":"https:\/\/mostebglass.com\/fr\/wp-json\/wp\/v2\/media\/1840"}],"wp:attachment":[{"href":"https:\/\/mostebglass.com\/fr\/wp-json\/wp\/v2\/media?parent=1839"}],"wp:term":[{"taxonomy":"product_brand","embeddable":true,"href":"https:\/\/mostebglass.com\/fr\/wp-json\/wp\/v2\/product_brand?post=1839"},{"taxonomy":"product_cat","embeddable":true,"href":"https:\/\/mostebglass.com\/fr\/wp-json\/wp\/v2\/product_cat?post=1839"},{"taxonomy":"product_tag","embeddable":true,"href":"https:\/\/mostebglass.com\/fr\/wp-json\/wp\/v2\/product_tag?post=1839"}],"curies":[{"name":"wp","href":"https:\/\/api.w.org\/{rel}","templated":true}]}}