{"id":1996,"date":"2025-09-17T17:14:21","date_gmt":"2025-09-17T09:14:21","guid":{"rendered":"https:\/\/mostebglass.com\/?post_type=product&#038;p=1996"},"modified":"2026-03-11T12:02:00","modified_gmt":"2026-03-11T04:02:00","slug":"clear-glassware-vases-cylindrical-with-striped-pattern-bulk","status":"publish","type":"product","link":"https:\/\/mostebglass.com\/fr\/clear-glassware-vases-cylindrical-with-striped-pattern-bulk\/","title":{"rendered":"Vases cylindriques en verre transparent \u00e0 rayures (vente en gros)"},"content":{"rendered":"<p>Our clear glassware vases, which comes in two sizes of 450 ml and 750 ml. The vases have a tall cylindrical form with well distributed vertical ribbed decorations between the bottom and the top. This fluted vase design will add visual depth to the glass as well as a subtle decorative appeal to the passing of light through the vase; such glass vases are used in the home furnishing, dining tables centerpieces, office desks, cafe tables, wedding tables, event decorations, etc.<\/p>\n<h2><strong>Caract\u00e9ristiques du produit<\/strong><\/h2>\n<ul>\n<li><strong>Motif c\u00f4tel\u00e9 textur\u00e9 :<\/strong> Les rayures verticales ajoutent de la profondeur et captent la lumi\u00e8re. M\u00eame un vase transparent vide se transforme en une magnifique \u0153uvre d'art.<\/li>\n<li><strong>Le verre apparent r\u00e9v\u00e8le les tiges :<\/strong> Le verre transparent permet de voir clairement chaque tige et sa courbe. Id\u00e9al pour la mise en valeur des fleurs hydroponiques.<\/li>\n<li><strong>Conception simple\u00a0:<\/strong> La forme cylindrique associ\u00e9e aux rayures verticales cr\u00e9e un style simple et \u00e9l\u00e9gant qui s'int\u00e8gre facilement \u00e0 tous les types de d\u00e9coration int\u00e9rieure.<\/li>\n<\/ul>\n<h2>Sp\u00e9cifications cl\u00e9s<\/h2>\n<table style=\"border-collapse: collapse; margin-left: auto; margin-right: auto; width: 271.52pt;\" border=\"0\" width=\"362\" cellspacing=\"0\" cellpadding=\"0\">\n<tbody>\n<tr style=\"height: 13.50pt;\">\n<td style=\"height: 13.50pt; width: 87.75pt;\" width=\"117\" height=\"18\">Fonctionnalit\u00e9<\/td>\n<td style=\"width: 183.75pt;\" width=\"245\">D\u00e9tail<\/td>\n<\/tr>\n<tr style=\"height: 13.50pt;\">\n<td style=\"height: 13.50pt;\" height=\"18\">Shape<\/td>\n<td>Cylindre nervur\u00e9<\/td>\n<\/tr>\n<tr style=\"height: 13.50pt;\">\n<td style=\"height: 13.50pt;\" height=\"18\">Material<\/td>\n<td>Verre borosilicat\u00e9<\/td>\n<\/tr>\n<tr style=\"height: 13.50pt;\">\n<td style=\"height: 13.50pt;\" height=\"18\">Diameter<\/td>\n<td>8,5 cm (les deux)<\/td>\n<\/tr>\n<tr style=\"height: 13.50pt;\">\n<td style=\"height: 13.50pt;\" height=\"18\">Heights<\/td>\n<td>10 cm, 15 cm<\/td>\n<\/tr>\n<tr style=\"height: 13.50pt;\">\n<td style=\"height: 13.50pt;\" height=\"18\">Capacit\u00e9<\/td>\n<td>450 ml, 750 ml<\/td>\n<\/tr>\n<tr style=\"height: 13.50pt;\">\n<td style=\"height: 13.50pt;\" height=\"18\">Taper<\/td>\n<td>vase \u00e0 fleurs, vase \u00e0 bourgeons, pot<\/td>\n<\/tr>\n<tr style=\"height: 13.50pt;\">\n<td style=\"height: 13.50pt;\" height=\"18\">Style<\/td>\n<td>Moderne, textur\u00e9<\/td>\n<\/tr>\n<tr style=\"height: 13.50pt;\">\n<td style=\"height: 13.50pt;\" height=\"18\">Id\u00e9al pour<\/td>\n<td>D\u00e9coration int\u00e9rieure, \u00e9talage floral<\/td>\n<\/tr>\n<\/tbody>\n<\/table>\n<h2>Cas de r\u00e9ussite<\/h2>\n<p>Our 450ml ribbed glass tabletop vase was selected by a local florist who is a boutique florist; they specialize in modern tabletop floral arrangements. A number of modifications were done to suit their aesthetic of minimalist brands: the ribs were a bit deeperened vertically to reflect better in the indoor light; they asked to have the parts of the glass gently frosted; their brand logo was very subtly laser-engraved at the bottom of the vase.<\/p>\n<p>Their sales of sale of tabletop floral set rose by 38 percent in a span of two months and even some of their restaurant partners started ordering these vases separately.<\/p>\n<h2>Conseils de personnalisation<\/h2>\n<ul>\n<li><strong>Base Engraving:<\/strong> Have a logo quietly but permanently marked on the thick glass base by laser engraving or sandblasted branding the base without hatching the ribbed body design.<\/li>\n<li><strong>Depth of Ribbed Pattern:<\/strong> Choose the depth and distance of the vertical fluted ribs to either achieve a more powerful effect of light-reflection or the minimalist effect.<\/li>\n<li><strong>Decorative Rim Treatment:<\/strong> Decorative: Have a thin electroplated rim around the vase opening in gold or silver to make the vase look decorative to wedding or luxurious decor collections.<\/li>\n<\/ul>","protected":false},"excerpt":{"rendered":"<p data-pm-slice=\"1 1 []\">Vases cylindriques en verre transparent haut de gamme \u00e0 lignes verticales, parfaits pour les d\u00e9corateurs, les d\u00e9taillants et les fleuristes. Livraison rapide et \u00e9chantillons gratuits disponibles.<\/p>","protected":false},"featured_media":2013,"template":"","meta":{"site-sidebar-layout":"default","site-content-layout":"","ast-site-content-layout":"default","site-content-style":"default","site-sidebar-style":"default","ast-global-header-display":"","ast-banner-title-visibility":"","ast-main-header-display":"","ast-hfb-above-header-display":"","ast-hfb-below-header-display":"","ast-hfb-mobile-header-display":"","site-post-title":"","ast-breadcrumbs-content":"","ast-featured-img":"","footer-sml-layout":"","theme-transparent-header-meta":"default","adv-header-id-meta":"","stick-header-meta":"","header-above-stick-meta":"","header-main-stick-meta":"","header-below-stick-meta":"","astra-migrate-meta-layouts":"set","ast-page-background-enabled":"default","ast-page-background-meta":{"desktop":{"background-color":"var(--ast-global-color-5)","background-image":"","background-repeat":"repeat","background-position":"center center","background-size":"auto","background-attachment":"scroll","background-type":"","background-media":"","overlay-type":"","overlay-color":"","overlay-opacity":"","overlay-gradient":""},"tablet":{"background-color":"","background-image":"","background-repeat":"repeat","background-position":"center center","background-size":"auto","background-attachment":"scroll","background-type":"","background-media":"","overlay-type":"","overlay-color":"","overlay-opacity":"","overlay-gradient":""},"mobile":{"background-color":"","background-image":"","background-repeat":"repeat","background-position":"center center","background-size":"auto","background-attachment":"scroll","background-type":"","background-media":"","overlay-type":"","overlay-color":"","overlay-opacity":"","overlay-gradient":""}},"ast-content-background-meta":{"desktop":{"background-color":"var(--ast-global-color-4)","background-image":"","background-repeat":"repeat","background-position":"center center","background-size":"auto","background-attachment":"scroll","background-type":"","background-media":"","overlay-type":"","overlay-color":"","overlay-opacity":"","overlay-gradient":""},"tablet":{"background-color":"var(--ast-global-color-4)","background-image":"","background-repeat":"repeat","background-position":"center center","background-size":"auto","background-attachment":"scroll","background-type":"","background-media":"","overlay-type":"","overlay-color":"","overlay-opacity":"","overlay-gradient":""},"mobile":{"background-color":"var(--ast-global-color-4)","background-image":"","background-repeat":"repeat","background-position":"center center","background-size":"auto","background-attachment":"scroll","background-type":"","background-media":"","overlay-type":"","overlay-color":"","overlay-opacity":"","overlay-gradient":""}}},"product_brand":[],"product_cat":[57,21],"product_tag":[],"class_list":{"0":"post-1996","1":"product","2":"type-product","3":"status-publish","4":"has-post-thumbnail","6":"product_cat-glass-vases","7":"product_cat-product","8":"desktop-align-left","9":"tablet-align-left","10":"mobile-align-left","12":"first","13":"instock","14":"shipping-taxable","15":"product-type-simple"},"jetpack_sharing_enabled":true,"_links":{"self":[{"href":"https:\/\/mostebglass.com\/fr\/wp-json\/wp\/v2\/product\/1996","targetHints":{"allow":["GET"]}}],"collection":[{"href":"https:\/\/mostebglass.com\/fr\/wp-json\/wp\/v2\/product"}],"about":[{"href":"https:\/\/mostebglass.com\/fr\/wp-json\/wp\/v2\/types\/product"}],"wp:featuredmedia":[{"embeddable":true,"href":"https:\/\/mostebglass.com\/fr\/wp-json\/wp\/v2\/media\/2013"}],"wp:attachment":[{"href":"https:\/\/mostebglass.com\/fr\/wp-json\/wp\/v2\/media?parent=1996"}],"wp:term":[{"taxonomy":"product_brand","embeddable":true,"href":"https:\/\/mostebglass.com\/fr\/wp-json\/wp\/v2\/product_brand?post=1996"},{"taxonomy":"product_cat","embeddable":true,"href":"https:\/\/mostebglass.com\/fr\/wp-json\/wp\/v2\/product_cat?post=1996"},{"taxonomy":"product_tag","embeddable":true,"href":"https:\/\/mostebglass.com\/fr\/wp-json\/wp\/v2\/product_tag?post=1996"}],"curies":[{"name":"wp","href":"https:\/\/api.w.org\/{rel}","templated":true}]}}