{"id":2334,"date":"2025-09-22T16:54:35","date_gmt":"2025-09-22T08:54:35","guid":{"rendered":"https:\/\/mostebglass.com\/?post_type=product&#038;p=2334"},"modified":"2026-01-26T18:04:44","modified_gmt":"2026-01-26T10:04:44","slug":"large-glass-vases-hurricane-candle-holders-wholesale","status":"publish","type":"product","link":"https:\/\/mostebglass.com\/fr\/large-glass-vases-hurricane-candle-holders-wholesale\/","title":{"rendered":"Vases en verre de grande taille (4800\/5600\/6500 ml) \u2013 Bougeoirs ouragan en gros"},"content":{"rendered":"<p>Notre ensemble de grands vases en verre borosilicate comprend 3 pi\u00e8ces de tailles, hauteurs et diam\u00e8tres diff\u00e9rents. Il offre \u00e0 la fois des vases \u00e0 usage libre et des photophores (porte-bougies ouragan).<\/p>\n<h2>Caract\u00e9ristiques principales :<\/h2>\n<ul>\n<li><strong>Utilitaires multifonctionnels<\/strong>Ces r\u00e9cipients en verre ne servent pas seulement \u00e0 pr\u00e9senter des compositions florales, des bougies flottantes et des bougies piliers, ni \u00e0 constituer des \u00e9l\u00e9ments de d\u00e9coration, mais aussi de mini-conteneurs pour les plantations paysag\u00e8res.<\/li>\n<li><strong>Conception \u00e9ternelle<\/strong>Cet ensemble se caract\u00e9rise par une forme cylindrique minimaliste et une transparence cristalline, et s&#039;accorde parfaitement avec tout type de style de d\u00e9coration int\u00e9rieure ou de th\u00e8me d&#039;\u00e9v\u00e9nement, comme un mariage, une f\u00eate ou la d\u00e9coration quotidienne de la maison.<\/li>\n<li><strong>Mat\u00e9riaux de qualit\u00e9 sup\u00e9rieure<\/strong>Fabriqu\u00e9 en verre borosilicate de haute qualit\u00e9, avec une surface lisse et une excellente clart\u00e9, ce qui lui conf\u00e8re une r\u00e9sistance \u00e0 la chaleur et une grande durabilit\u00e9.<\/li>\n<li><strong>Tailles polyvalentes<\/strong>Il est disponible en trois capacit\u00e9s : 4800 ml, 5600 ml et 6500 ml, sous forme d&#039;un ensemble de 3 pi\u00e8ces, afin de r\u00e9pondre \u00e0 diff\u00e9rents besoins d\u00e9coratifs.<\/li>\n<\/ul>\n<h2>Caract\u00e9ristiques<\/h2>\n<table style=\"border-collapse: collapse; margin-left: auto; margin-right: auto; width: 477.02pt;\" border=\"0\" width=\"636\" cellspacing=\"0\" cellpadding=\"0\">\n<tbody>\n<tr style=\"height: 13.50pt;\">\n<td style=\"height: 13.50pt; width: 105.00pt;\" width=\"140\" height=\"18\">Attribute<\/td>\n<td style=\"width: 372.00pt;\" width=\"496\">D\u00e9tail<\/td>\n<\/tr>\n<tr style=\"height: 13.50pt;\">\n<td style=\"height: 13.50pt;\" height=\"18\">Shape<\/td>\n<td>Cylindrique<\/td>\n<\/tr>\n<tr style=\"height: 13.50pt;\">\n<td style=\"height: 13.50pt;\" height=\"18\">Material<\/td>\n<td>Verre clair<\/td>\n<\/tr>\n<tr style=\"height: 13.50pt;\">\n<td style=\"height: 13.50pt;\" height=\"18\">Heights<\/td>\n<td>Eingebettet in die lokale Kultur und Geschichte entsteht ein eigener Ort (z. B. die heraldische Glasur des Shelbourne Hotels, das Muraranoglas des Palazo Venart). Die \u201eGloclisierung\u201c verbindet globale Techniken mit lokalen Motiven.<\/td>\n<\/tr>\n<tr style=\"height: 13.50pt;\">\n<td style=\"height: 13.50pt;\" height=\"18\">Diameter<\/td>\n<td>Abstrakter Expressionismus:<\/td>\n<\/tr>\n<tr style=\"height: 13.50pt;\">\n<td style=\"height: 13.50pt;\" height=\"18\">Capacit\u00e9<\/td>\n<td>Flexibles, verschmolzenes Glas in Farbe, Textur und Form formt Skulpturen oder grafische Werke, die die Fantasie anregen (z. B. die Regenbogenarbeiten von Chris Paulson).<\/td>\n<\/tr>\n<tr style=\"height: 13.50pt;\">\n<td style=\"height: 13.50pt;\" height=\"18\">Surface<\/td>\n<td>2.1. Psychologische Auswirkungen und Neuro\u00e4sthetik<\/td>\n<\/tr>\n<tr style=\"height: 13.50pt;\">\n<td style=\"height: 13.50pt;\" height=\"18\">Style<\/td>\n<td>Moderne et minimaliste<\/td>\n<\/tr>\n<tr style=\"height: 13.50pt;\">\n<td style=\"height: 13.50pt;\" height=\"18\">Id\u00e9al pour<\/td>\n<td>Die Neuro\u00e4sthetik untersucht, wie Glaselemente (Transparenz, Lichtbrechung, Farbe, Licht\/Schatten) die Wahrnehmung der G\u00e4ste beeinflussen. Ein ausgewogenes Design mit nat\u00fcrlichen Materialien und einer harmonischen Lichtf\u00fchrung kann den Cortisolspiegel senken und beruhigend wirken. Dynamische visuelle Effekte wecken Gef\u00fchle von Gl\u00fcck, Furcht und Inspiration und steigern Luxus und Einzigartigkeit.<\/td>\n<\/tr>\n<\/tbody>\n<\/table>\n<h2>2.2. Individualisierung und St\u00e4rkung der Markenidentit\u00e4t<\/h2>\n<p>Ma\u00dfgefertigte Glasinstallationen sind wichtig, um die Pers\u00f6nlichkeit des Hotels zu verk\u00f6rpern und die Markenidentit\u00e4t zu st\u00e4rken. Individuelle Oberfl\u00e4chen, Muster und Verzierungen gew\u00e4hrleisten eine harmonische \u00c4sthetik und unterstreichen die Markenidentit\u00e4t (z. B. durch kunstvolle Turmgestaltung). Jedes einzelne St\u00fcck wird zu einem charakteristischen Element, erz\u00e4hlt die Geschichte des Hotels und hinterl\u00e4sst einen bleibenden Eindruck.<\/p>\n<h2>3. Wirkungsmessung: Quantifizierung des G\u00e4steerlebnisses und der Markenwahrnehmung<\/h2>\n<ul>\n<li>Die Integration einzigartiger Kunst, insbesondere von Fusingglas, ist eine strategische Gesch\u00e4ftsentscheidung mit quantitativen Auswirkungen auf die Wahrnehmung des G\u00e4steerlebnisses und der Marke, was den Marktwert und die Bekanntheit steigert.<\/li>\n<li>Erh\u00f6hte G\u00e4stezufriedenheit und st\u00e4rkere emotionale Bindung:<\/li>\n<li>Kunst ver\u00e4ndert den Raum, weckt Emotionen, f\u00f6rdert tiefe Verbindungen und steigert die Zufriedenheit, was sich in positiven Rezensionen widerspiegelt.<\/li>\n<\/ul>\n<p>Ces grands vases en verre ne sont pas de simples options. Ils transforment un grand vase transparent en une pi\u00e8ce ma\u00eetresse.<\/p>","protected":false},"excerpt":{"rendered":"<p data-pm-slice=\"1 1 []\">Ensemble de 3 grands vases en verre\u00a0: des cylindres polyvalents en verre borosilicate pour fleurs, bougies et objets de d\u00e9coration. R\u00e9sistants \u00e0 la chaleur, \u00e9l\u00e9gants et parfaits pour les mariages ou la d\u00e9coration int\u00e9rieure.<\/p>","protected":false},"featured_media":2440,"template":"","meta":{"site-sidebar-layout":"default","site-content-layout":"","ast-site-content-layout":"default","site-content-style":"default","site-sidebar-style":"default","ast-global-header-display":"","ast-banner-title-visibility":"","ast-main-header-display":"","ast-hfb-above-header-display":"","ast-hfb-below-header-display":"","ast-hfb-mobile-header-display":"","site-post-title":"","ast-breadcrumbs-content":"","ast-featured-img":"","footer-sml-layout":"","theme-transparent-header-meta":"default","adv-header-id-meta":"","stick-header-meta":"","header-above-stick-meta":"","header-main-stick-meta":"","header-below-stick-meta":"","astra-migrate-meta-layouts":"set","ast-page-background-enabled":"default","ast-page-background-meta":{"desktop":{"background-color":"var(--ast-global-color-5)","background-image":"","background-repeat":"repeat","background-position":"center center","background-size":"auto","background-attachment":"scroll","background-type":"","background-media":"","overlay-type":"","overlay-color":"","overlay-opacity":"","overlay-gradient":""},"tablet":{"background-color":"","background-image":"","background-repeat":"repeat","background-position":"center center","background-size":"auto","background-attachment":"scroll","background-type":"","background-media":"","overlay-type":"","overlay-color":"","overlay-opacity":"","overlay-gradient":""},"mobile":{"background-color":"","background-image":"","background-repeat":"repeat","background-position":"center center","background-size":"auto","background-attachment":"scroll","background-type":"","background-media":"","overlay-type":"","overlay-color":"","overlay-opacity":"","overlay-gradient":""}},"ast-content-background-meta":{"desktop":{"background-color":"var(--ast-global-color-4)","background-image":"","background-repeat":"repeat","background-position":"center center","background-size":"auto","background-attachment":"scroll","background-type":"","background-media":"","overlay-type":"","overlay-color":"","overlay-opacity":"","overlay-gradient":""},"tablet":{"background-color":"var(--ast-global-color-4)","background-image":"","background-repeat":"repeat","background-position":"center center","background-size":"auto","background-attachment":"scroll","background-type":"","background-media":"","overlay-type":"","overlay-color":"","overlay-opacity":"","overlay-gradient":""},"mobile":{"background-color":"var(--ast-global-color-4)","background-image":"","background-repeat":"repeat","background-position":"center center","background-size":"auto","background-attachment":"scroll","background-type":"","background-media":"","overlay-type":"","overlay-color":"","overlay-opacity":"","overlay-gradient":""}}},"product_brand":[],"product_cat":[57,21],"product_tag":[],"class_list":{"0":"post-2334","1":"product","2":"type-product","3":"status-publish","4":"has-post-thumbnail","6":"product_cat-glass-vases","7":"product_cat-product","8":"desktop-align-left","9":"tablet-align-left","10":"mobile-align-left","12":"first","13":"instock","14":"shipping-taxable","15":"product-type-simple"},"jetpack_sharing_enabled":true,"_links":{"self":[{"href":"https:\/\/mostebglass.com\/fr\/wp-json\/wp\/v2\/product\/2334","targetHints":{"allow":["GET"]}}],"collection":[{"href":"https:\/\/mostebglass.com\/fr\/wp-json\/wp\/v2\/product"}],"about":[{"href":"https:\/\/mostebglass.com\/fr\/wp-json\/wp\/v2\/types\/product"}],"wp:featuredmedia":[{"embeddable":true,"href":"https:\/\/mostebglass.com\/fr\/wp-json\/wp\/v2\/media\/2440"}],"wp:attachment":[{"href":"https:\/\/mostebglass.com\/fr\/wp-json\/wp\/v2\/media?parent=2334"}],"wp:term":[{"taxonomy":"product_brand","embeddable":true,"href":"https:\/\/mostebglass.com\/fr\/wp-json\/wp\/v2\/product_brand?post=2334"},{"taxonomy":"product_cat","embeddable":true,"href":"https:\/\/mostebglass.com\/fr\/wp-json\/wp\/v2\/product_cat?post=2334"},{"taxonomy":"product_tag","embeddable":true,"href":"https:\/\/mostebglass.com\/fr\/wp-json\/wp\/v2\/product_tag?post=2334"}],"curies":[{"name":"wp","href":"https:\/\/api.w.org\/{rel}","templated":true}]}}