{"id":2693,"date":"2025-09-24T17:34:08","date_gmt":"2025-09-24T09:34:08","guid":{"rendered":"https:\/\/mostebglass.com\/?post_type=product&#038;p=2693"},"modified":"2026-03-20T14:18:47","modified_gmt":"2026-03-20T06:18:47","slug":"vase-de-plantes-vertes-en-gros-pour-la-decoration","status":"publish","type":"product","link":"https:\/\/mostebglass.com\/fr\/wholesale-vintage-green-plant-vase-for-decoration\/","title":{"rendered":"Vase vert vintage pour plantes, d\u00e9coration de table, vente en gros"},"content":{"rendered":"<p>Ces vases verts pour plantes sont fabriqu\u00e9s en verre vert clair, frais et transparent, d\u00e9cor\u00e9s d&#039;\u00e9l\u00e9gantes textures verticales et de d\u00e9licates ouvertures en forme d&#039;\u00e9ventail, et se d\u00e9clinent en trois styles diff\u00e9rents.<\/p>\n<h2>Caract\u00e9ristiques du produit<\/h2>\n<ul>\n<li><strong>Col en dentelle ondul\u00e9e :<\/strong> Le goulot de la bouteille pr\u00e9sente un motif de dentelle en forme de vague, alliant \u00e0 la fois style r\u00e9tro et fonctionnalit\u00e9 ornementale.<\/li>\n<li><strong>Conception \u00e0 facettes nervur\u00e9es verticales\u00a0:<\/strong> Le corps de la bouteille pr\u00e9sente un design \u00e0 facettes nervur\u00e9es verticales, ce qui ajoute une impression de lumi\u00e8re et d&#039;ombre ainsi qu&#039;une texture visuelle.<\/li>\n<li><strong>Adaptation du vase vert : <\/strong>Choisissez une teinte verte pour la d\u00e9coration de votre maison inspir\u00e9e par la sauge\u00a0: votre vase deviendra la pi\u00e8ce ma\u00eetresse de votre d\u00e9coration.<\/li>\n<\/ul>\n<h2><strong data-spm-anchor-id=\"5176.28103460.0.i17.29ab2e31jMt8zf\">Sp\u00e9cifications cl\u00e9s <\/strong><\/h2>\n<table style=\"border-collapse: collapse; width: 80%; margin-left: auto; margin-right: auto;\" border=\"0\" width=\"356\" cellspacing=\"0\" cellpadding=\"0\">\n<tbody>\n<tr style=\"height: 13.50pt;\">\n<td style=\"height: 13.5pt; width: 82.5pt; text-align: center;\" width=\"110\" height=\"18\">Shape<\/td>\n<td style=\"width: 62.25pt; text-align: center;\" width=\"83\">Taille (mm)<\/td>\n<td style=\"width: 122.25pt; text-align: center;\" width=\"163\">Options de couleur<\/td>\n<\/tr>\n<tr style=\"height: 13.50pt;\">\n<td style=\"height: 13.5pt; text-align: center;\" height=\"18\">grosse avec un cou festonn\u00e9<\/td>\n<td style=\"text-align: center;\">76x85x60<\/td>\n<td class=\"et2\" style=\"text-align: center;\" rowspan=\"3\">Transparent, bleu, vert ou personnalis\u00e9<\/td>\n<\/tr>\n<tr style=\"height: 13.50pt;\">\n<td style=\"height: 13.5pt; text-align: center;\" height=\"18\">Moyen avec col festonn\u00e9<\/td>\n<td style=\"text-align: center;\">61x135x50<\/td>\n<\/tr>\n<tr style=\"height: 13.50pt;\">\n<td style=\"height: 13.5pt; text-align: center;\" height=\"18\">Grand, avec un cou festonn\u00e9<\/td>\n<td style=\"text-align: center;\">74x150x60<\/td>\n<\/tr>\n<\/tbody>\n<\/table>\n<h2>Cas de r\u00e9ussite<\/h2>\n<p>Une marque de parfums australienne a choisi notre nouveau diffuseur et a cr\u00e9\u00e9 sa propre collection de parfums orientaux. Les motifs en relief du flacon ont \u00e9t\u00e9 travaill\u00e9s avec soin, et une finition givr\u00e9e semi-transparente personnalis\u00e9e a \u00e9t\u00e9 appliqu\u00e9e pour donner de la profondeur au produit. Associ\u00e9 \u00e0 un bouchon en aluminium noir mat et \u00e0 des tiges de rotin naturel de 3,5 mm con\u00e7ues sur mesure pour une diffusion uniforme, le r\u00e9sultat est un diffuseur qui allie \u00e0 la perfection expression artistique et fonctionnalit\u00e9.<\/p>\n<p>Les ventes de cette collection ont progress\u00e9 d&#039;environ 47 % en seulement trois mois apr\u00e8s son lancement. De plus, la marque a pass\u00e9 deux commandes importantes au deuxi\u00e8me trimestre, faisant de cette ligne l&#039;un de ses produits phares les plus vendus.<\/p>\n<h2>Votre guide de personnalisation<\/h2>\n<ol>\n<li><strong>Magie des allumettes color\u00e9es : <\/strong>Remplacez le bleu par du vert pour l&#039;assortir \u00e0 votre marque \u2013 sans frais suppl\u00e9mentaires pour les commandes en gros. Exemple\u00a0: kit de mariage SEZ \u00ab\u00a0Forest Bloom\u00a0\u00bb avec vases verts.<\/li>\n<li><strong>Histoire de marque laser t\u00e9trag\u00e9r\u00e9e : <\/strong>Ajoutez votre logo ou slogan en fonction du vase. Les \u00e9co-boires le partagent sur Instagram\u00a0: marketing gratuit.<\/li>\n<\/ol>","protected":false},"excerpt":{"rendered":"<p>Sublimez votre d\u00e9coration int\u00e9rieure avec des vases et ensembles de vases verts. Verre personnalis\u00e9, texture florale. Vente en gros. Id\u00e9al pour les mariages et la d\u00e9coration de table. Livraison rapide.<\/p>","protected":false},"featured_media":4548,"template":"","meta":{"site-sidebar-layout":"default","site-content-layout":"","ast-site-content-layout":"default","site-content-style":"default","site-sidebar-style":"default","ast-global-header-display":"","ast-banner-title-visibility":"","ast-main-header-display":"","ast-hfb-above-header-display":"","ast-hfb-below-header-display":"","ast-hfb-mobile-header-display":"","site-post-title":"","ast-breadcrumbs-content":"","ast-featured-img":"","footer-sml-layout":"","theme-transparent-header-meta":"default","adv-header-id-meta":"","stick-header-meta":"","header-above-stick-meta":"","header-main-stick-meta":"","header-below-stick-meta":"","astra-migrate-meta-layouts":"set","ast-page-background-enabled":"default","ast-page-background-meta":{"desktop":{"background-color":"var(--ast-global-color-5)","background-image":"","background-repeat":"repeat","background-position":"center center","background-size":"auto","background-attachment":"scroll","background-type":"","background-media":"","overlay-type":"","overlay-color":"","overlay-opacity":"","overlay-gradient":""},"tablet":{"background-color":"","background-image":"","background-repeat":"repeat","background-position":"center center","background-size":"auto","background-attachment":"scroll","background-type":"","background-media":"","overlay-type":"","overlay-color":"","overlay-opacity":"","overlay-gradient":""},"mobile":{"background-color":"","background-image":"","background-repeat":"repeat","background-position":"center center","background-size":"auto","background-attachment":"scroll","background-type":"","background-media":"","overlay-type":"","overlay-color":"","overlay-opacity":"","overlay-gradient":""}},"ast-content-background-meta":{"desktop":{"background-color":"var(--ast-global-color-4)","background-image":"","background-repeat":"repeat","background-position":"center center","background-size":"auto","background-attachment":"scroll","background-type":"","background-media":"","overlay-type":"","overlay-color":"","overlay-opacity":"","overlay-gradient":""},"tablet":{"background-color":"var(--ast-global-color-4)","background-image":"","background-repeat":"repeat","background-position":"center center","background-size":"auto","background-attachment":"scroll","background-type":"","background-media":"","overlay-type":"","overlay-color":"","overlay-opacity":"","overlay-gradient":""},"mobile":{"background-color":"var(--ast-global-color-4)","background-image":"","background-repeat":"repeat","background-position":"center center","background-size":"auto","background-attachment":"scroll","background-type":"","background-media":"","overlay-type":"","overlay-color":"","overlay-opacity":"","overlay-gradient":""}}},"product_brand":[],"product_cat":[21,57],"product_tag":[],"class_list":{"0":"post-2693","1":"product","2":"type-product","3":"status-publish","4":"has-post-thumbnail","6":"product_cat-product","7":"product_cat-glass-vases","8":"desktop-align-left","9":"tablet-align-left","10":"mobile-align-left","12":"first","13":"instock","14":"shipping-taxable","15":"product-type-simple"},"jetpack_sharing_enabled":true,"_links":{"self":[{"href":"https:\/\/mostebglass.com\/fr\/wp-json\/wp\/v2\/product\/2693","targetHints":{"allow":["GET"]}}],"collection":[{"href":"https:\/\/mostebglass.com\/fr\/wp-json\/wp\/v2\/product"}],"about":[{"href":"https:\/\/mostebglass.com\/fr\/wp-json\/wp\/v2\/types\/product"}],"wp:featuredmedia":[{"embeddable":true,"href":"https:\/\/mostebglass.com\/fr\/wp-json\/wp\/v2\/media\/4548"}],"wp:attachment":[{"href":"https:\/\/mostebglass.com\/fr\/wp-json\/wp\/v2\/media?parent=2693"}],"wp:term":[{"taxonomy":"product_brand","embeddable":true,"href":"https:\/\/mostebglass.com\/fr\/wp-json\/wp\/v2\/product_brand?post=2693"},{"taxonomy":"product_cat","embeddable":true,"href":"https:\/\/mostebglass.com\/fr\/wp-json\/wp\/v2\/product_cat?post=2693"},{"taxonomy":"product_tag","embeddable":true,"href":"https:\/\/mostebglass.com\/fr\/wp-json\/wp\/v2\/product_tag?post=2693"}],"curies":[{"name":"wp","href":"https:\/\/api.w.org\/{rel}","templated":true}]}}