{"id":2718,"date":"2025-09-25T09:17:05","date_gmt":"2025-09-25T01:17:05","guid":{"rendered":"https:\/\/mostebglass.com\/?post_type=product&#038;p=2718"},"modified":"2026-03-23T13:29:33","modified_gmt":"2026-03-23T05:29:33","slug":"gradient-glass-vase-set-in-different-shape-bulk","status":"publish","type":"product","link":"https:\/\/mostebglass.com\/fr\/gradient-glass-vase-set-in-different-shape-bulk\/","title":{"rendered":"Ensemble de vases en verre d\u00e9grad\u00e9 de formes diff\u00e9rentes (vente en gros)"},"content":{"rendered":"<p>Cette collection de cinq vases en verre pr\u00e9sente un d\u00e9grad\u00e9 de bleu \u00e0 jaune, se d\u00e9cline en diff\u00e9rentes formes et est d\u00e9cor\u00e9e de textures raffin\u00e9es, notamment des motifs floraux en relief, des tailles en diamant, ainsi que des motifs c\u00f4tel\u00e9s et en spirale, chacun r\u00e9v\u00e9lant sa beaut\u00e9 distincte.<\/p>\n<h2><strong>Caract\u00e9ristiques du produit<\/strong><\/h2>\n<ul>\n<li><strong>Formes diverses<\/strong>Ces 5 vases en verre pr\u00e9sentent des formes diff\u00e9rentes, notamment \u00e9lanc\u00e9es, en spirale, etc., qui peuvent \u00eatre adapt\u00e9es \u00e0 diff\u00e9rentes formes de fleurs et \u00e0 divers styles de d\u00e9coration.<\/li>\n<li><strong>D\u00e9grad\u00e9 de couleurs<\/strong>La combinaison de couleurs d\u00e9grad\u00e9es bleues et jaunes est fra\u00eeche et nuanc\u00e9e, ajoutant une beaut\u00e9 visuelle \u00e0 la composition florale.<\/li>\n<li><strong>Texture de surface riche<\/strong>Les d\u00e9tails de texture en losanges, en spirales, c\u00f4tel\u00e9s et floraux donnent \u00e0 chaque vase en verre un aspect artisanal.<\/li>\n<\/ul>\n<h2>Sp\u00e9cifications cl\u00e9s<\/h2>\n<table style=\"border-collapse: collapse; margin-left: auto; margin-right: auto; width: 468.77pt;\" border=\"0\" width=\"625\" cellspacing=\"0\" cellpadding=\"0\">\n<tbody>\n<tr style=\"height: 13.50pt;\">\n<td style=\"height: 13.5pt; width: 105pt; text-align: center;\" width=\"140\" height=\"18\">Fonctionnalit\u00e9<\/td>\n<td style=\"width: 363.75pt; text-align: center;\" width=\"485\">D\u00e9tails<\/td>\n<\/tr>\n<tr style=\"height: 13.50pt;\">\n<td style=\"height: 13.5pt; text-align: center;\" height=\"18\">Taille de l&#039;ensemble<\/td>\n<td style=\"text-align: center;\">5 pi\u00e8ces<\/td>\n<\/tr>\n<tr style=\"height: 13.50pt;\">\n<td style=\"height: 13.5pt; text-align: center;\" height=\"18\">Material<\/td>\n<td style=\"text-align: center;\">Verre sodocalcique<\/td>\n<\/tr>\n<tr style=\"height: 13.50pt;\">\n<td style=\"height: 13.5pt; text-align: center;\" height=\"18\">Couleur<\/td>\n<td style=\"text-align: center;\">D\u00e9grad\u00e9 bleu-jaune (personnalisable)<\/td>\n<\/tr>\n<tr style=\"height: 13.50pt;\">\n<td style=\"height: 13.5pt; text-align: center;\" height=\"18\">Vari\u00e9t\u00e9 de conception<\/td>\n<td style=\"text-align: center;\">Haut, \u00e9troit, spiral\u00e9, c\u00f4tel\u00e9, \u00e9vas\u00e9, textur\u00e9<\/td>\n<\/tr>\n<tr style=\"height: 13.50pt;\">\n<td style=\"height: 13.5pt; text-align: center;\" height=\"18\">D\u00e9tails de surface<\/td>\n<td style=\"text-align: center;\">Motif losange, rainure en spirale, relief floral<\/td>\n<\/tr>\n<tr style=\"height: 13.50pt;\">\n<td style=\"height: 13.5pt; text-align: center;\" height=\"18\">Id\u00e9al pour<\/td>\n<td style=\"text-align: center;\">bouton de vase, vase \u00e0 fleurs, tige artificielle, jardini\u00e8re<\/td>\n<\/tr>\n<tr style=\"height: 13.50pt;\">\n<td style=\"height: 13.5pt; text-align: center;\" height=\"18\">Style<\/td>\n<td style=\"text-align: center;\">Vase moderne, vases d\u00e9coratifs \u00e9l\u00e9gants<\/td>\n<\/tr>\n<\/tbody>\n<\/table>\n<h2>Histoire \u00e0 succ\u00e8s<\/h2>\n<p>Notre collection de petits vases de bureau a \u00e9t\u00e9 s\u00e9lectionn\u00e9e par une marque italienne de d\u00e9coration d&#039;int\u00e9rieur. Leur besoin \u00e9tant de cr\u00e9er des pr\u00e9sentations visuellement saisissantes, nous avons opt\u00e9 pour une strat\u00e9gie de personnalisation diff\u00e9renci\u00e9e\u00a0: nous avons accentu\u00e9 les brillances des diff\u00e9rentes textures (gaufrage diamant, rayures verticales et ondulations) afin de cr\u00e9er des jeux de lumi\u00e8re vari\u00e9s. De plus, nous avons standardis\u00e9 l&#039;ouverture des vases pour des dimensions plus adapt\u00e9es \u00e0 la pr\u00e9sentation de tiges individuelles ou de compositions de fleurs s\u00e9ch\u00e9es. Enfin, nous avons con\u00e7u un emballage cadeau sur mesure, reprenant l&#039;esth\u00e9tique des vases et s&#039;harmonisant ainsi avec l&#039;identit\u00e9 visuelle de la marque.<\/p>\n<p>D\u00e8s son lancement, les ventes de cette s\u00e9rie ont progress\u00e9 d&#039;environ 58 % au premier trimestre. Au deuxi\u00e8me trimestre, la marque a pass\u00e9 des commandes group\u00e9es pour l&#039;ensemble complet, en faisant l&#039;un de ses produits phares en vitrine.<\/p>\n<h2>Ensemble de vases en verre personnalisable<\/h2>\n<ul>\n<li>Gravure laser d&#039;un motif signature \u2013 une minuscule feuille, un soleil ou une forme abstraite pr\u00e8s de la base \u2013 visible uniquement de pr\u00e8s.<\/li>\n<li>Texturisez le manche \u2013 Un bord rainur\u00e9 ou cannel\u00e9 ajoute une touche de luxe tactile et masque les empreintes digitales.<\/li>\n<li>Teinter l\u00e9g\u00e8rement le verre transparent \u2013 \u200b\u200bM\u00eame les versions \u00ab transparentes \u00bb peuvent avoir une l\u00e9g\u00e8re teinte chaude ou froide pour une variation subtile.<\/li>\n<\/ul>\n<p>Il ne s&#039;agit pas de simples modifications esth\u00e9tiques. Elles transforment un magnifique vase en verre en un produit embl\u00e9matique.<\/p>","protected":false},"excerpt":{"rendered":"<p data-pm-slice=\"1 1 []\">Ensemble de vases en verre et en c\u00e9ramique, vendu en gros, orn\u00e9 de d\u00e9tails en relief et de formes \u00e9l\u00e9gantes. Les textures en relief et en spirale lui conf\u00e8rent un charme vintage. \u00c9chantillons gratuits disponibles.<\/p>","protected":false},"featured_media":2741,"template":"","meta":{"site-sidebar-layout":"default","site-content-layout":"","ast-site-content-layout":"default","site-content-style":"default","site-sidebar-style":"default","ast-global-header-display":"","ast-banner-title-visibility":"","ast-main-header-display":"","ast-hfb-above-header-display":"","ast-hfb-below-header-display":"","ast-hfb-mobile-header-display":"","site-post-title":"","ast-breadcrumbs-content":"","ast-featured-img":"","footer-sml-layout":"","theme-transparent-header-meta":"default","adv-header-id-meta":"","stick-header-meta":"","header-above-stick-meta":"","header-main-stick-meta":"","header-below-stick-meta":"","astra-migrate-meta-layouts":"set","ast-page-background-enabled":"default","ast-page-background-meta":{"desktop":{"background-color":"var(--ast-global-color-5)","background-image":"","background-repeat":"repeat","background-position":"center center","background-size":"auto","background-attachment":"scroll","background-type":"","background-media":"","overlay-type":"","overlay-color":"","overlay-opacity":"","overlay-gradient":""},"tablet":{"background-color":"","background-image":"","background-repeat":"repeat","background-position":"center center","background-size":"auto","background-attachment":"scroll","background-type":"","background-media":"","overlay-type":"","overlay-color":"","overlay-opacity":"","overlay-gradient":""},"mobile":{"background-color":"","background-image":"","background-repeat":"repeat","background-position":"center center","background-size":"auto","background-attachment":"scroll","background-type":"","background-media":"","overlay-type":"","overlay-color":"","overlay-opacity":"","overlay-gradient":""}},"ast-content-background-meta":{"desktop":{"background-color":"var(--ast-global-color-4)","background-image":"","background-repeat":"repeat","background-position":"center center","background-size":"auto","background-attachment":"scroll","background-type":"","background-media":"","overlay-type":"","overlay-color":"","overlay-opacity":"","overlay-gradient":""},"tablet":{"background-color":"var(--ast-global-color-4)","background-image":"","background-repeat":"repeat","background-position":"center center","background-size":"auto","background-attachment":"scroll","background-type":"","background-media":"","overlay-type":"","overlay-color":"","overlay-opacity":"","overlay-gradient":""},"mobile":{"background-color":"var(--ast-global-color-4)","background-image":"","background-repeat":"repeat","background-position":"center center","background-size":"auto","background-attachment":"scroll","background-type":"","background-media":"","overlay-type":"","overlay-color":"","overlay-opacity":"","overlay-gradient":""}}},"product_brand":[],"product_cat":[57,21],"product_tag":[],"class_list":{"0":"post-2718","1":"product","2":"type-product","3":"status-publish","4":"has-post-thumbnail","6":"product_cat-glass-vases","7":"product_cat-product","8":"desktop-align-left","9":"tablet-align-left","10":"mobile-align-left","12":"first","13":"instock","14":"shipping-taxable","15":"product-type-simple"},"jetpack_sharing_enabled":true,"_links":{"self":[{"href":"https:\/\/mostebglass.com\/fr\/wp-json\/wp\/v2\/product\/2718","targetHints":{"allow":["GET"]}}],"collection":[{"href":"https:\/\/mostebglass.com\/fr\/wp-json\/wp\/v2\/product"}],"about":[{"href":"https:\/\/mostebglass.com\/fr\/wp-json\/wp\/v2\/types\/product"}],"wp:featuredmedia":[{"embeddable":true,"href":"https:\/\/mostebglass.com\/fr\/wp-json\/wp\/v2\/media\/2741"}],"wp:attachment":[{"href":"https:\/\/mostebglass.com\/fr\/wp-json\/wp\/v2\/media?parent=2718"}],"wp:term":[{"taxonomy":"product_brand","embeddable":true,"href":"https:\/\/mostebglass.com\/fr\/wp-json\/wp\/v2\/product_brand?post=2718"},{"taxonomy":"product_cat","embeddable":true,"href":"https:\/\/mostebglass.com\/fr\/wp-json\/wp\/v2\/product_cat?post=2718"},{"taxonomy":"product_tag","embeddable":true,"href":"https:\/\/mostebglass.com\/fr\/wp-json\/wp\/v2\/product_tag?post=2718"}],"curies":[{"name":"wp","href":"https:\/\/api.w.org\/{rel}","templated":true}]}}