{"id":2750,"date":"2025-09-25T17:13:49","date_gmt":"2025-09-25T09:13:49","guid":{"rendered":"https:\/\/mostebglass.com\/?post_type=product&#038;p=2750"},"modified":"2025-09-25T17:13:52","modified_gmt":"2025-09-25T09:13:52","slug":"vases-a-bourgeons-en-verre-teinte-cameo-vintage-en-vrac","status":"publish","type":"product","link":"https:\/\/mostebglass.com\/fr\/vintage-cameo-stained-glass-bud-vases-bulk\/","title":{"rendered":"Vases \u00e0 bourgeons en verre teint\u00e9 cam\u00e9e vintage en vrac pour composition florale"},"content":{"rendered":"<p>Vous en avez assez des petits vases d\u00e9cevants\u00a0? Nous fabriquons en grande quantit\u00e9 des vases \u00e0 bourgeons en verre transparent orn\u00e9s de d\u00e9tails floraux textur\u00e9s \u2013 inutile d\u2019utiliser des tiges artificielles. Ces vases modernes transforment les tiges artificielles en de v\u00e9ritables bouquets. Les commandes en gros b\u00e9n\u00e9ficient d\u2019options de couleurs personnalis\u00e9es\u00a0: votre ensemble de vases deviendra la pi\u00e8ce ma\u00eetresse de votre d\u00e9coration.<\/p>\n<h2>Caract\u00e9ristiques du produit<\/h2>\n<p><strong>\u00c9l\u00e9gance de la texture florale<\/strong><\/p>\n<p>Les motifs floraux press\u00e9s \u00e0 la main sur le verre transparent donnent \u00e0 chaque vase un aspect artisanal, et non produit en s\u00e9rie.<\/p>\n<p><strong>La perfection du vase \u00e0 bourgeon<\/strong><\/p>\n<p>Les petits vases peuvent accueillir en grande quantit\u00e9 des tiges de fleurs individuelles ou des tiges impures \u2013 id\u00e9aux pour la d\u00e9coration int\u00e9rieure sur un bureau ou une table.<\/p>\n<p><strong>Harmonie personnalis\u00e9e des couleurs<\/strong><\/p>\n<p>Choisissez bleu, vert, marron ou transparent \u2013 \u200b\u200bvotre vase refl\u00e8te l\u2019esprit de votre marque, et pas seulement la saison.<\/p>\n<h2><strong data-spm-anchor-id=\"5176.28103460.0.i14.29ab2e314T5xkY\">Sp\u00e9cifications cl\u00e9s<\/strong><\/h2>\n<table style=\"border-collapse: collapse; width: 80%; margin-left: auto; margin-right: auto;\" border=\"0\" width=\"288\" cellspacing=\"0\" cellpadding=\"0\">\n<tbody>\n<tr style=\"height: 13.50pt;\">\n<td style=\"height: 13.5pt; width: 54pt; text-align: center;\" width=\"72\" height=\"18\">Style<\/td>\n<td style=\"width: 54pt; text-align: center;\" width=\"72\">Taille (mm)<\/td>\n<td style=\"width: 54pt; text-align: center;\" width=\"72\">Material<\/td>\n<td style=\"width: 54pt; text-align: center;\" width=\"72\">Options de couleur<\/td>\n<\/tr>\n<tr style=\"height: 13.50pt;\">\n<td style=\"height: 13.5pt; text-align: center;\" height=\"18\">Motif en relief<\/td>\n<td style=\"text-align: center;\">68 x 127 x 33<\/td>\n<td style=\"text-align: center;\">Verre<\/td>\n<td style=\"text-align: center;\">Transparent, bleu, vert, marron<\/td>\n<\/tr>\n<\/tbody>\n<\/table>\n<h3>Suggestions personnalis\u00e9es<\/h3>\n<ol>\n<li><strong>Pipettes de couleur saisonni\u00e8res :<\/strong>Un vase bleu et blanc est disponible en grande quantit\u00e9 pour le printemps, et un vase gris-vert est disponible en grande quantit\u00e9 pour l&#039;\u00e9t\u00e9 - sans frais suppl\u00e9mentaires pour les commandes en gros.<\/li>\n<li><strong>Motif en relief :<\/strong>Ce petit vase pr\u00e9sente un motif vintage en relief unique et est parfait pour composer des bouquets ou comme \u00e9l\u00e9ment d\u00e9coratif dans le salon, sur la table \u00e0 manger ou dans un bureau.<\/li>\n<\/ol>\n<p>&nbsp;<\/p>","protected":false},"excerpt":{"rendered":"<p>Vases \u00e0 bourgeons et petits vases en gros. Verre personnalis\u00e9, texture florale. Parfaits pour la d\u00e9coration int\u00e9rieure et les mariages. Prix de gros. Sublimez vos compositions florales d\u00e8s aujourd&#039;hui\u00a0!<\/p>","protected":false},"featured_media":2756,"template":"","meta":{"site-sidebar-layout":"default","site-content-layout":"","ast-site-content-layout":"default","site-content-style":"default","site-sidebar-style":"default","ast-global-header-display":"","ast-banner-title-visibility":"","ast-main-header-display":"","ast-hfb-above-header-display":"","ast-hfb-below-header-display":"","ast-hfb-mobile-header-display":"","site-post-title":"","ast-breadcrumbs-content":"","ast-featured-img":"","footer-sml-layout":"","theme-transparent-header-meta":"default","adv-header-id-meta":"","stick-header-meta":"","header-above-stick-meta":"","header-main-stick-meta":"","header-below-stick-meta":"","astra-migrate-meta-layouts":"set","ast-page-background-enabled":"default","ast-page-background-meta":{"desktop":{"background-color":"var(--ast-global-color-5)","background-image":"","background-repeat":"repeat","background-position":"center center","background-size":"auto","background-attachment":"scroll","background-type":"","background-media":"","overlay-type":"","overlay-color":"","overlay-opacity":"","overlay-gradient":""},"tablet":{"background-color":"","background-image":"","background-repeat":"repeat","background-position":"center center","background-size":"auto","background-attachment":"scroll","background-type":"","background-media":"","overlay-type":"","overlay-color":"","overlay-opacity":"","overlay-gradient":""},"mobile":{"background-color":"","background-image":"","background-repeat":"repeat","background-position":"center center","background-size":"auto","background-attachment":"scroll","background-type":"","background-media":"","overlay-type":"","overlay-color":"","overlay-opacity":"","overlay-gradient":""}},"ast-content-background-meta":{"desktop":{"background-color":"var(--ast-global-color-4)","background-image":"","background-repeat":"repeat","background-position":"center center","background-size":"auto","background-attachment":"scroll","background-type":"","background-media":"","overlay-type":"","overlay-color":"","overlay-opacity":"","overlay-gradient":""},"tablet":{"background-color":"var(--ast-global-color-4)","background-image":"","background-repeat":"repeat","background-position":"center center","background-size":"auto","background-attachment":"scroll","background-type":"","background-media":"","overlay-type":"","overlay-color":"","overlay-opacity":"","overlay-gradient":""},"mobile":{"background-color":"var(--ast-global-color-4)","background-image":"","background-repeat":"repeat","background-position":"center center","background-size":"auto","background-attachment":"scroll","background-type":"","background-media":"","overlay-type":"","overlay-color":"","overlay-opacity":"","overlay-gradient":""}}},"product_brand":[],"product_cat":[21,57],"product_tag":[],"class_list":{"0":"post-2750","1":"product","2":"type-product","3":"status-publish","4":"has-post-thumbnail","6":"product_cat-product","7":"product_cat-glass-vases","8":"desktop-align-left","9":"tablet-align-left","10":"mobile-align-left","12":"first","13":"instock","14":"shipping-taxable","15":"product-type-simple"},"jetpack_sharing_enabled":true,"_links":{"self":[{"href":"https:\/\/mostebglass.com\/fr\/wp-json\/wp\/v2\/product\/2750","targetHints":{"allow":["GET"]}}],"collection":[{"href":"https:\/\/mostebglass.com\/fr\/wp-json\/wp\/v2\/product"}],"about":[{"href":"https:\/\/mostebglass.com\/fr\/wp-json\/wp\/v2\/types\/product"}],"wp:featuredmedia":[{"embeddable":true,"href":"https:\/\/mostebglass.com\/fr\/wp-json\/wp\/v2\/media\/2756"}],"wp:attachment":[{"href":"https:\/\/mostebglass.com\/fr\/wp-json\/wp\/v2\/media?parent=2750"}],"wp:term":[{"taxonomy":"product_brand","embeddable":true,"href":"https:\/\/mostebglass.com\/fr\/wp-json\/wp\/v2\/product_brand?post=2750"},{"taxonomy":"product_cat","embeddable":true,"href":"https:\/\/mostebglass.com\/fr\/wp-json\/wp\/v2\/product_cat?post=2750"},{"taxonomy":"product_tag","embeddable":true,"href":"https:\/\/mostebglass.com\/fr\/wp-json\/wp\/v2\/product_tag?post=2750"}],"curies":[{"name":"wp","href":"https:\/\/api.w.org\/{rel}","templated":true}]}}