{"id":2751,"date":"2025-09-25T16:42:19","date_gmt":"2025-09-25T08:42:19","guid":{"rendered":"https:\/\/mostebglass.com\/?post_type=product&#038;p=2751"},"modified":"2026-04-17T13:24:51","modified_gmt":"2026-04-17T05:24:51","slug":"wholesale-4-pcs-textured-gold-flower-vase-set","status":"publish","type":"product","link":"https:\/\/mostebglass.com\/fr\/wholesale-4-pcs-textured-gold-flower-vase-set\/","title":{"rendered":"Ensemble de 4 vases \u00e0 fleurs dor\u00e9s textur\u00e9s en gros"},"content":{"rendered":"<p>Cet ensemble de 4 vases \u00e0 fleurs dor\u00e9s se d\u00e9cline en diff\u00e9rentes formes, comme des vases carr\u00e9s, allong\u00e9s \u00e0 motifs de losanges et des vases \u00e0 motif c\u00f4tel\u00e9, et pr\u00e9sente une finition dor\u00e9e brillante pour une sensation de luxe.<\/p>\n<h2><strong>Caract\u00e9ristiques du produit<\/strong><\/h2>\n<ul>\n<li><strong>Prononciation de Gold :<\/strong> L&#039;utilisation de l&#039;or comme couleur principale cr\u00e9e une exp\u00e9rience exceptionnelle et ajoute une touche d&#039;\u00e9l\u00e9gance \u00e0 n&#039;importe quel endroit.<\/li>\n<li><strong>Quatre formes uniques :<\/strong> Les acheteurs de vases carr\u00e9s, c\u00f4tel\u00e9s, \u00e0 motif losange et \u00e9vas\u00e9s ont un large choix au sein d&#039;un m\u00eame ensemble.<\/li>\n<li><strong>Polyvalent:<\/strong> La couleur or opulente, associ\u00e9e \u00e0 une vari\u00e9t\u00e9 de formes, convient aussi bien aux d\u00e9cors minimalistes qu&#039;aux d\u00e9cors \u00e9pur\u00e9s.<\/li>\n<\/ul>\n<h2>Sp\u00e9cifications cl\u00e9s<\/h2>\n<table style=\"border-collapse: collapse; margin-left: auto; margin-right: auto; width: 511.52pt;\" border=\"0\" width=\"682\" cellspacing=\"0\" cellpadding=\"0\">\n<tbody>\n<tr style=\"height: 13.50pt;\">\n<td style=\"height: 13.5pt; width: 105pt; text-align: center;\" width=\"140\" height=\"18\">Fonctionnalit\u00e9<\/td>\n<td style=\"width: 406.5pt; text-align: center;\" width=\"542\">D\u00e9tails<\/td>\n<\/tr>\n<tr style=\"height: 13.50pt;\">\n<td style=\"height: 13.5pt; text-align: center;\" height=\"18\">Taille de l&#039;ensemble<\/td>\n<td style=\"text-align: center;\">4 pi\u00e8ces<\/td>\n<\/tr>\n<tr style=\"height: 13.50pt;\">\n<td style=\"height: 13.5pt; text-align: center;\" height=\"18\">Material<\/td>\n<td style=\"text-align: center;\">Verre sodocalcique infus\u00e9 d&#039;or<\/td>\n<\/tr>\n<tr style=\"height: 13.50pt;\">\n<td style=\"height: 13.5pt; text-align: center;\" height=\"18\">Couleur<\/td>\n<td style=\"text-align: center;\">Or massif (personnalisable)<\/td>\n<\/tr>\n<tr style=\"height: 13.50pt;\">\n<td style=\"height: 13.5pt; text-align: center;\" height=\"18\">Formes<\/td>\n<td style=\"text-align: center;\">Base carr\u00e9e, cylindre haut \u00e0 texture losange, rond c\u00f4tel\u00e9 et cannel\u00e9<\/td>\n<\/tr>\n<tr style=\"height: 13.50pt;\">\n<td style=\"height: 13.5pt; text-align: center;\" height=\"18\">Texture de surface<\/td>\n<td style=\"text-align: center;\">Motif en losanges, nervures verticales, corps cannel\u00e9<\/td>\n<\/tr>\n<tr style=\"height: 13.50pt;\">\n<td style=\"height: 13.5pt; text-align: center;\" height=\"18\">Id\u00e9al pour<\/td>\n<td style=\"text-align: center;\">vase \u00e0 bourgeon, vase \u00e0 fleurs, tige artificielle, composition florale, jardini\u00e8re<\/td>\n<\/tr>\n<\/tbody>\n<\/table>\n<h2>T\u00e9moignage de r\u00e9ussite\u00a0: Commande personnalis\u00e9e d\u2019un d\u00e9taillant national de d\u00e9coration int\u00e9rieure<\/h2>\n<p>La cha\u00eene am\u00e9ricaine de d\u00e9coration d&#039;int\u00e9rieur a s\u00e9lectionn\u00e9 notre ensemble de petits vases et a cr\u00e9\u00e9 sa propre finition bicolore \u00ab or rose et laiton \u00bb. Leurs ventes en ligne ont connu une hausse de 350 % pour les articles d\u00e9coratifs d\u00e8s le lancement. Le produit a g\u00e9n\u00e9r\u00e9 une croissance sur les r\u00e9seaux sociaux d&#039;une valeur de 850\u00a0000 $ gr\u00e2ce \u00e0 des campagnes d&#039;influence. Forts du succ\u00e8s de leur premier projet, ils ont pass\u00e9 une deuxi\u00e8me commande de 600\u00a0000 vases. Ces vases seront distribu\u00e9s dans leur nouvel h\u00f4tel et leurs boutiques.<\/p>\n<h2>Options de personnalisation des vases \u00e0 fleurs dor\u00e9s<\/h2>\n<ul>\n<li>Finitions m\u00e9talliques personnalis\u00e9es\u00a0: L\u2019entreprise propose plusieurs finitions m\u00e9talliques de luxe, notamment le chrome poli, le bronze antique, le nickel noir et la patine.<\/li>\n<li>Combinaisons de textures et de motifs\u00a0: Les textures de surface personnalisables pour chaque forme de vase comprennent trois options\u00a0: lisse, c\u00f4tel\u00e9e et martel\u00e9e.<\/li>\n<li>Options de personnalisation\u00a0: La surface lisse d\u2019un des vases de l\u2019ensemble permet la gravure laser d\u2019initiales, de dates et de courts messages.<\/li>\n<\/ul>","protected":false},"excerpt":{"rendered":"<p data-pm-slice=\"1 1 []\">Ensemble de vases \u00e0 fleurs dor\u00e9s en gros, une collection luxueuse de quatre pi\u00e8ces aux designs et textures uniques. Parfait pour les mariages, les h\u00f4tels et les d\u00e9corations haut de gamme.<\/p>","protected":false},"featured_media":4880,"template":"","meta":{"site-sidebar-layout":"default","site-content-layout":"","ast-site-content-layout":"default","site-content-style":"default","site-sidebar-style":"default","ast-global-header-display":"","ast-banner-title-visibility":"","ast-main-header-display":"","ast-hfb-above-header-display":"","ast-hfb-below-header-display":"","ast-hfb-mobile-header-display":"","site-post-title":"","ast-breadcrumbs-content":"","ast-featured-img":"","footer-sml-layout":"","theme-transparent-header-meta":"default","adv-header-id-meta":"","stick-header-meta":"","header-above-stick-meta":"","header-main-stick-meta":"","header-below-stick-meta":"","astra-migrate-meta-layouts":"set","ast-page-background-enabled":"default","ast-page-background-meta":{"desktop":{"background-color":"var(--ast-global-color-5)","background-image":"","background-repeat":"repeat","background-position":"center center","background-size":"auto","background-attachment":"scroll","background-type":"","background-media":"","overlay-type":"","overlay-color":"","overlay-opacity":"","overlay-gradient":""},"tablet":{"background-color":"","background-image":"","background-repeat":"repeat","background-position":"center center","background-size":"auto","background-attachment":"scroll","background-type":"","background-media":"","overlay-type":"","overlay-color":"","overlay-opacity":"","overlay-gradient":""},"mobile":{"background-color":"","background-image":"","background-repeat":"repeat","background-position":"center center","background-size":"auto","background-attachment":"scroll","background-type":"","background-media":"","overlay-type":"","overlay-color":"","overlay-opacity":"","overlay-gradient":""}},"ast-content-background-meta":{"desktop":{"background-color":"var(--ast-global-color-4)","background-image":"","background-repeat":"repeat","background-position":"center center","background-size":"auto","background-attachment":"scroll","background-type":"","background-media":"","overlay-type":"","overlay-color":"","overlay-opacity":"","overlay-gradient":""},"tablet":{"background-color":"var(--ast-global-color-4)","background-image":"","background-repeat":"repeat","background-position":"center center","background-size":"auto","background-attachment":"scroll","background-type":"","background-media":"","overlay-type":"","overlay-color":"","overlay-opacity":"","overlay-gradient":""},"mobile":{"background-color":"var(--ast-global-color-4)","background-image":"","background-repeat":"repeat","background-position":"center center","background-size":"auto","background-attachment":"scroll","background-type":"","background-media":"","overlay-type":"","overlay-color":"","overlay-opacity":"","overlay-gradient":""}}},"product_brand":[],"product_cat":[57,21],"product_tag":[],"class_list":{"0":"post-2751","1":"product","2":"type-product","3":"status-publish","4":"has-post-thumbnail","6":"product_cat-glass-vases","7":"product_cat-product","8":"desktop-align-left","9":"tablet-align-left","10":"mobile-align-left","12":"first","13":"instock","14":"shipping-taxable","15":"product-type-simple"},"jetpack_sharing_enabled":true,"_links":{"self":[{"href":"https:\/\/mostebglass.com\/fr\/wp-json\/wp\/v2\/product\/2751","targetHints":{"allow":["GET"]}}],"collection":[{"href":"https:\/\/mostebglass.com\/fr\/wp-json\/wp\/v2\/product"}],"about":[{"href":"https:\/\/mostebglass.com\/fr\/wp-json\/wp\/v2\/types\/product"}],"wp:featuredmedia":[{"embeddable":true,"href":"https:\/\/mostebglass.com\/fr\/wp-json\/wp\/v2\/media\/4880"}],"wp:attachment":[{"href":"https:\/\/mostebglass.com\/fr\/wp-json\/wp\/v2\/media?parent=2751"}],"wp:term":[{"taxonomy":"product_brand","embeddable":true,"href":"https:\/\/mostebglass.com\/fr\/wp-json\/wp\/v2\/product_brand?post=2751"},{"taxonomy":"product_cat","embeddable":true,"href":"https:\/\/mostebglass.com\/fr\/wp-json\/wp\/v2\/product_cat?post=2751"},{"taxonomy":"product_tag","embeddable":true,"href":"https:\/\/mostebglass.com\/fr\/wp-json\/wp\/v2\/product_tag?post=2751"}],"curies":[{"name":"wp","href":"https:\/\/api.w.org\/{rel}","templated":true}]}}