{"id":2757,"date":"2025-09-26T17:36:43","date_gmt":"2025-09-26T09:36:43","guid":{"rendered":"https:\/\/mostebglass.com\/?post_type=product&#038;p=2757"},"modified":"2025-09-26T17:36:46","modified_gmt":"2025-09-26T09:36:46","slug":"vase-a-fleurs-colore-en-verre-pour-centre-de-table","status":"publish","type":"product","link":"https:\/\/mostebglass.com\/fr\/coloured-flower-vase-in-glass-for-home-centerpiece\/","title":{"rendered":"Vase \u00e0 fleurs color\u00e9 en verre pour centres de table pour la maison et les \u00e9v\u00e9nements"},"content":{"rendered":"<p>Vous en avez assez des vases qui ne refl\u00e8tent pas votre personnalit\u00e9\u00a0? Nous cr\u00e9ons des vases en verre aux textures florales raffin\u00e9es, sans avoir besoin de fausses tiges. Ces vases en verre color\u00e9 transforment votre d\u00e9coration int\u00e9rieure en un sujet de conversation. Pour les commandes en gros, profitez de couleurs personnalis\u00e9es qui refl\u00e8tent l&#039;essence de votre marque.<\/p>\n<h2>Caract\u00e9ristiques du produit<\/h2>\n<p><strong>La polyvalence des vases modernes<\/strong><\/p>\n<p>En forme d&#039;olive, \u00e0 abdomen rond ou en forme de larme, arr\u00eatez la magie sur le vase ou le bureau pour la magie.<\/p>\n<p><strong>Harmonie personnalis\u00e9e des couleurs<\/strong><\/p>\n<p>Choisissez vert sauge, ambre, gris ou transparent \u2013 \u200b\u200bvotre vase \u00e0 fleurs refl\u00e8te l\u2019esprit de votre marque.<\/p>\n<h3><strong data-spm-anchor-id=\"5176.28103460.0.i21.29ab2e314T5xkY\">Sp\u00e9cifications cl\u00e9s<\/strong><\/h3>\n<table style=\"border-collapse: collapse; width: 80%; margin-left: auto; margin-right: auto;\" border=\"0\" width=\"216\" cellspacing=\"0\" cellpadding=\"0\">\n<tbody>\n<tr style=\"height: 13.50pt;\">\n<td style=\"height: 13.5pt; width: 54pt; text-align: center;\" width=\"72\" height=\"18\">Shape<\/td>\n<td style=\"width: 54pt; text-align: center;\" width=\"72\">Taille (mm)<\/td>\n<td style=\"width: 54pt; text-align: center;\" width=\"72\">Options de couleur<\/td>\n<\/tr>\n<tr style=\"height: 13.50pt;\">\n<td style=\"height: 13.5pt; text-align: center;\" height=\"18\">En forme d&#039;olive<\/td>\n<td style=\"text-align: center;\">76x110x26<\/td>\n<td class=\"et2\" style=\"text-align: center;\" rowspan=\"3\">Clair, gris, ambre, vert for\u00eat<\/td>\n<\/tr>\n<tr style=\"height: 13.50pt;\">\n<td style=\"height: 13.5pt; text-align: center;\" height=\"18\">Ventre rond<\/td>\n<td style=\"text-align: center;\">73x128x36<\/td>\n<\/tr>\n<tr style=\"height: 13.50pt;\">\n<td style=\"height: 13.5pt; text-align: center;\" height=\"18\">Larme<\/td>\n<td style=\"text-align: center;\">70x143x34<\/td>\n<\/tr>\n<\/tbody>\n<\/table>\n<h2>Conseils personnalis\u00e9s<\/h2>\n<ol>\n<li><strong>Ensemble de vases \u00e0 bourgeons :<\/strong>Ce lot de deux vases en verre color\u00e9, \u00ab\u00a0pr\u00eats \u00e0 exposer\u00a0\u00bb, est fourni avec des tiges pr\u00e9-stabilis\u00e9es. Les d\u00e9taillants les vendent rapidement\u00a0: votre vase devient un v\u00e9ritable objet de d\u00e9coration.<\/li>\n<li><strong>Collection bas\u00e9e sur la taille\u00a0:<\/strong>Pour les magasins de d\u00e9coration, proposez un ensemble olive et larme intitul\u00e9 \u00ab Terre et \u00e9l\u00e9gance \u00bb. Dites-leur : \u00ab Jouez avec les formes pour une composition dynamique. \u00bb<\/li>\n<\/ol>","protected":false},"excerpt":{"rendered":"<p>Vases en verre color\u00e9 et ensembles de vases \u00e0 fleurs. Texture florale personnalis\u00e9e. Parfaits pour la d\u00e9coration int\u00e9rieure et les mariages. Vente en gros. Sublimez vos compositions florales d\u00e8s aujourd&#039;hui\u00a0!<\/p>","protected":false},"featured_media":2759,"template":"","meta":{"site-sidebar-layout":"default","site-content-layout":"","ast-site-content-layout":"default","site-content-style":"default","site-sidebar-style":"default","ast-global-header-display":"","ast-banner-title-visibility":"","ast-main-header-display":"","ast-hfb-above-header-display":"","ast-hfb-below-header-display":"","ast-hfb-mobile-header-display":"","site-post-title":"","ast-breadcrumbs-content":"","ast-featured-img":"","footer-sml-layout":"","theme-transparent-header-meta":"default","adv-header-id-meta":"","stick-header-meta":"","header-above-stick-meta":"","header-main-stick-meta":"","header-below-stick-meta":"","astra-migrate-meta-layouts":"set","ast-page-background-enabled":"default","ast-page-background-meta":{"desktop":{"background-color":"var(--ast-global-color-5)","background-image":"","background-repeat":"repeat","background-position":"center center","background-size":"auto","background-attachment":"scroll","background-type":"","background-media":"","overlay-type":"","overlay-color":"","overlay-opacity":"","overlay-gradient":""},"tablet":{"background-color":"","background-image":"","background-repeat":"repeat","background-position":"center center","background-size":"auto","background-attachment":"scroll","background-type":"","background-media":"","overlay-type":"","overlay-color":"","overlay-opacity":"","overlay-gradient":""},"mobile":{"background-color":"","background-image":"","background-repeat":"repeat","background-position":"center center","background-size":"auto","background-attachment":"scroll","background-type":"","background-media":"","overlay-type":"","overlay-color":"","overlay-opacity":"","overlay-gradient":""}},"ast-content-background-meta":{"desktop":{"background-color":"var(--ast-global-color-4)","background-image":"","background-repeat":"repeat","background-position":"center center","background-size":"auto","background-attachment":"scroll","background-type":"","background-media":"","overlay-type":"","overlay-color":"","overlay-opacity":"","overlay-gradient":""},"tablet":{"background-color":"var(--ast-global-color-4)","background-image":"","background-repeat":"repeat","background-position":"center center","background-size":"auto","background-attachment":"scroll","background-type":"","background-media":"","overlay-type":"","overlay-color":"","overlay-opacity":"","overlay-gradient":""},"mobile":{"background-color":"var(--ast-global-color-4)","background-image":"","background-repeat":"repeat","background-position":"center center","background-size":"auto","background-attachment":"scroll","background-type":"","background-media":"","overlay-type":"","overlay-color":"","overlay-opacity":"","overlay-gradient":""}}},"product_brand":[],"product_cat":[21,57],"product_tag":[],"class_list":{"0":"post-2757","1":"product","2":"type-product","3":"status-publish","4":"has-post-thumbnail","6":"product_cat-product","7":"product_cat-glass-vases","8":"desktop-align-left","9":"tablet-align-left","10":"mobile-align-left","12":"first","13":"instock","14":"shipping-taxable","15":"product-type-simple"},"jetpack_sharing_enabled":true,"_links":{"self":[{"href":"https:\/\/mostebglass.com\/fr\/wp-json\/wp\/v2\/product\/2757","targetHints":{"allow":["GET"]}}],"collection":[{"href":"https:\/\/mostebglass.com\/fr\/wp-json\/wp\/v2\/product"}],"about":[{"href":"https:\/\/mostebglass.com\/fr\/wp-json\/wp\/v2\/types\/product"}],"wp:featuredmedia":[{"embeddable":true,"href":"https:\/\/mostebglass.com\/fr\/wp-json\/wp\/v2\/media\/2759"}],"wp:attachment":[{"href":"https:\/\/mostebglass.com\/fr\/wp-json\/wp\/v2\/media?parent=2757"}],"wp:term":[{"taxonomy":"product_brand","embeddable":true,"href":"https:\/\/mostebglass.com\/fr\/wp-json\/wp\/v2\/product_brand?post=2757"},{"taxonomy":"product_cat","embeddable":true,"href":"https:\/\/mostebglass.com\/fr\/wp-json\/wp\/v2\/product_cat?post=2757"},{"taxonomy":"product_tag","embeddable":true,"href":"https:\/\/mostebglass.com\/fr\/wp-json\/wp\/v2\/product_tag?post=2757"}],"curies":[{"name":"wp","href":"https:\/\/api.w.org\/{rel}","templated":true}]}}