{"id":2848,"date":"2025-09-28T17:48:09","date_gmt":"2025-09-28T09:48:09","guid":{"rendered":"https:\/\/mostebglass.com\/?post_type=product&#038;p=2848"},"modified":"2026-05-08T13:44:49","modified_gmt":"2026-05-08T05:44:49","slug":"a-glass-vases-set-for-flower-decor-wholesale","status":"publish","type":"product","link":"https:\/\/mostebglass.com\/fr\/a-glass-vases-set-for-flower-decor-wholesale\/","title":{"rendered":"Ensemble de vases en verre pour d\u00e9coration florale (vente en gros)"},"content":{"rendered":"<p>Vous en avez assez des vases en verre qui ne vous inspirent pas ? Nous cr\u00e9ons des vases en verre aux d\u00e9grad\u00e9s de bleus raffin\u00e9s, sans tiges artificielles. Ces vases orn\u00e9s de fleurs en verre transforment votre d\u00e9coration int\u00e9rieure en un sujet de conversation instantan\u00e9. Commandez en gros et profitez de couleurs personnalis\u00e9es : votre ensemble de vases deviendra la pi\u00e8ce ma\u00eetresse de votre int\u00e9rieur.<\/p>\n<h2>Caract\u00e9ristiques du produit<\/h2>\n<ul>\n<li><strong>Motif color\u00e9 : <\/strong>L&#039;ajout de profondeur artistique \u00e0 une fleur de gorge peinte \u00e0 la main sur un vase en verre semble \u00eatre un art, et non une production de masse.<\/li>\n<li><strong>Harmonie des couleurs personnalis\u00e9e\u00a0: <\/strong>Choisissez une teinte sauge, ambre ou vert for\u00eat qui refl\u00e8te l&#039;histoire de votre marque \u2013 votre fleur en verre dans un vase est comme le reflet de votre \u00e2me.<\/li>\n<\/ul>\n<h2>Sp\u00e9cifications cl\u00e9s<\/h2>\n<table style=\"border-collapse: collapse; width: 80%; margin-left: auto; margin-right: auto;\" border=\"0\" width=\"216\" cellspacing=\"0\" cellpadding=\"0\">\n<tbody>\n<tr style=\"height: 13.50pt;\">\n<td style=\"height: 13.5pt; width: 54pt; text-align: center;\" width=\"72\" height=\"18\">Shape<\/td>\n<td style=\"width: 54pt; text-align: center;\" width=\"72\">Taille (mm)<\/td>\n<td style=\"width: 54pt; text-align: center;\" width=\"72\">Options de couleur<\/td>\n<\/tr>\n<tr style=\"height: 13.50pt;\">\n<td style=\"height: 13.5pt; text-align: center;\" height=\"18\">Vase rond plat<\/td>\n<td style=\"text-align: center;\">110 x 100 x 30<\/td>\n<td class=\"et2\" style=\"text-align: center;\" rowspan=\"3\">Transparent, ambre, gris, vert ou personnalis\u00e9<\/td>\n<\/tr>\n<tr style=\"height: 13.50pt;\">\n<td style=\"height: 13.5pt; text-align: center;\" height=\"18\">Vase rond aplati<\/td>\n<td style=\"text-align: center;\">90 x 111 x 30<\/td>\n<\/tr>\n<tr style=\"height: 13.50pt;\">\n<td style=\"height: 13.5pt; text-align: center;\" height=\"18\">Vase \u00e0 col haut<\/td>\n<td style=\"text-align: center;\">70 x 150 x 28<\/td>\n<\/tr>\n<\/tbody>\n<\/table>\n<h2>Suggestions d&#039;ajustement<\/h2>\n<ol>\n<li><strong>Raconter des histoires en toutes lettres :<\/strong>Choisissez une fleur en verre qui refl\u00e8te l&#039;identit\u00e9 de votre marque\u00a0: un col \u00e9lanc\u00e9 s&#039;accorde avec un mobilier luxueux, tandis qu&#039;une forme plate et arrondie \u00e9voque un style rustique. Votre fleur en verre incarne l&#039;esprit de votre marque.<\/li>\n<li><strong>Association color\u00e9e :<\/strong>Les marques apaisantes peuvent privil\u00e9gier le bleu sauge, tandis que les marques de luxe peuvent opter pour un bleu canard profond. Ajoutez un petit slogan\u00a0: \u00ab\u00a0Le bleu symbolise le calme, le verre symbolise la clart\u00e9.\u00a0\u00bb<\/li>\n<\/ol>","protected":false},"excerpt":{"rendered":"<p>Un ensemble de vases en verre pour collectionner les fleurs, et ces vases en verre pour d\u00e9corer votre int\u00e9rieur. Nous proposons la livraison directe d&#039;usine et des \u00e9chantillons gratuits.<\/p>","protected":false},"featured_media":2849,"template":"","meta":{"site-sidebar-layout":"default","site-content-layout":"","ast-site-content-layout":"default","site-content-style":"default","site-sidebar-style":"default","ast-global-header-display":"","ast-banner-title-visibility":"","ast-main-header-display":"","ast-hfb-above-header-display":"","ast-hfb-below-header-display":"","ast-hfb-mobile-header-display":"","site-post-title":"","ast-breadcrumbs-content":"","ast-featured-img":"","footer-sml-layout":"","theme-transparent-header-meta":"default","adv-header-id-meta":"","stick-header-meta":"","header-above-stick-meta":"","header-main-stick-meta":"","header-below-stick-meta":"","astra-migrate-meta-layouts":"set","ast-page-background-enabled":"default","ast-page-background-meta":{"desktop":{"background-color":"var(--ast-global-color-5)","background-image":"","background-repeat":"repeat","background-position":"center center","background-size":"auto","background-attachment":"scroll","background-type":"","background-media":"","overlay-type":"","overlay-color":"","overlay-opacity":"","overlay-gradient":""},"tablet":{"background-color":"","background-image":"","background-repeat":"repeat","background-position":"center center","background-size":"auto","background-attachment":"scroll","background-type":"","background-media":"","overlay-type":"","overlay-color":"","overlay-opacity":"","overlay-gradient":""},"mobile":{"background-color":"","background-image":"","background-repeat":"repeat","background-position":"center center","background-size":"auto","background-attachment":"scroll","background-type":"","background-media":"","overlay-type":"","overlay-color":"","overlay-opacity":"","overlay-gradient":""}},"ast-content-background-meta":{"desktop":{"background-color":"var(--ast-global-color-4)","background-image":"","background-repeat":"repeat","background-position":"center center","background-size":"auto","background-attachment":"scroll","background-type":"","background-media":"","overlay-type":"","overlay-color":"","overlay-opacity":"","overlay-gradient":""},"tablet":{"background-color":"var(--ast-global-color-4)","background-image":"","background-repeat":"repeat","background-position":"center center","background-size":"auto","background-attachment":"scroll","background-type":"","background-media":"","overlay-type":"","overlay-color":"","overlay-opacity":"","overlay-gradient":""},"mobile":{"background-color":"var(--ast-global-color-4)","background-image":"","background-repeat":"repeat","background-position":"center center","background-size":"auto","background-attachment":"scroll","background-type":"","background-media":"","overlay-type":"","overlay-color":"","overlay-opacity":"","overlay-gradient":""}}},"product_brand":[],"product_cat":[57,21],"product_tag":[],"class_list":{"0":"post-2848","1":"product","2":"type-product","3":"status-publish","4":"has-post-thumbnail","6":"product_cat-glass-vases","7":"product_cat-product","8":"desktop-align-left","9":"tablet-align-left","10":"mobile-align-left","12":"first","13":"instock","14":"shipping-taxable","15":"product-type-simple"},"jetpack_sharing_enabled":true,"_links":{"self":[{"href":"https:\/\/mostebglass.com\/fr\/wp-json\/wp\/v2\/product\/2848","targetHints":{"allow":["GET"]}}],"collection":[{"href":"https:\/\/mostebglass.com\/fr\/wp-json\/wp\/v2\/product"}],"about":[{"href":"https:\/\/mostebglass.com\/fr\/wp-json\/wp\/v2\/types\/product"}],"wp:featuredmedia":[{"embeddable":true,"href":"https:\/\/mostebglass.com\/fr\/wp-json\/wp\/v2\/media\/2849"}],"wp:attachment":[{"href":"https:\/\/mostebglass.com\/fr\/wp-json\/wp\/v2\/media?parent=2848"}],"wp:term":[{"taxonomy":"product_brand","embeddable":true,"href":"https:\/\/mostebglass.com\/fr\/wp-json\/wp\/v2\/product_brand?post=2848"},{"taxonomy":"product_cat","embeddable":true,"href":"https:\/\/mostebglass.com\/fr\/wp-json\/wp\/v2\/product_cat?post=2848"},{"taxonomy":"product_tag","embeddable":true,"href":"https:\/\/mostebglass.com\/fr\/wp-json\/wp\/v2\/product_tag?post=2848"}],"curies":[{"name":"wp","href":"https:\/\/api.w.org\/{rel}","templated":true}]}}