{"id":2893,"date":"2025-09-29T17:39:47","date_gmt":"2025-09-29T09:39:47","guid":{"rendered":"https:\/\/mostebglass.com\/?post_type=product&#038;p=2893"},"modified":"2025-09-29T17:39:50","modified_gmt":"2025-09-29T09:39:50","slug":"centre-de-table-en-verre-personnalise-vase-a-tournesol","status":"publish","type":"product","link":"https:\/\/mostebglass.com\/fr\/custom-glass-centrepiece-sunflower-vase\/","title":{"rendered":"Vase tournesol en verre personnalis\u00e9 pour d\u00e9corations florales modernes"},"content":{"rendered":"<p>Vous en avez assez des vases qui se fondent dans le d\u00e9cor\u00a0? Nous cr\u00e9ons des vases tournesol aux d\u00e9tails floraux textur\u00e9s, sans tiges artificielles. Ces vases en verre, v\u00e9ritables centres de table, transforment votre d\u00e9coration int\u00e9rieure en un sujet de conversation instantan\u00e9. Les commandes en gros b\u00e9n\u00e9ficient d&#039;un gaufrage personnalis\u00e9, \u00e0 l&#039;image de votre marque.<\/p>\n<h2>Caract\u00e9ristiques du produit<\/h2>\n<p><strong>texture florale \u00e9mergente<\/strong><\/p>\n<p>Les motifs floraux press\u00e9s \u00e0 la main ajoutent une profondeur artistique\u00a0: votre vase a un aspect artisanal, et non produit en s\u00e9rie.<\/p>\n<p><strong>La polyvalence du vase tournesol<\/strong><\/p>\n<p>Ce vase, grand ou petit, peut accueillir une seule tige ou une tige imparfaite \u2013 parfait pour une composition florale moderne sur une table ou un bureau.<\/p>\n<p><strong>Harmonie de gaufrage personnalis\u00e9e<\/strong><\/p>\n<p>Mettez en valeur la beaut\u00e9 de votre marque avec des touches de bleu et de blanc \u2013 vos vases en verre, v\u00e9ritables centres de table, deviennent le prolongement de votre histoire.<\/p>\n<h2>Sp\u00e9cifications cl\u00e9s<\/h2>\n<table style=\"border-collapse: collapse; width: 80%; margin-left: auto; margin-right: auto;\" border=\"0\" width=\"216\" cellspacing=\"0\" cellpadding=\"0\">\n<tbody>\n<tr style=\"height: 13.50pt;\">\n<td style=\"height: 13.5pt; width: 54pt; text-align: center;\" width=\"72\" height=\"18\">Shape<\/td>\n<td style=\"width: 54pt; text-align: center;\" width=\"72\">Taille (mm)<\/td>\n<td style=\"width: 54pt; text-align: center;\" width=\"72\">Options de couleur<\/td>\n<\/tr>\n<tr style=\"height: 13.50pt;\">\n<td style=\"height: 13.5pt; text-align: center;\" height=\"18\">Grand gaufrage<\/td>\n<td style=\"text-align: center;\">65 x 125 x 30<\/td>\n<td class=\"et2\" style=\"text-align: center;\" rowspan=\"2\">Effacer (Personnalis\u00e9)<\/td>\n<\/tr>\n<tr style=\"height: 13.50pt;\">\n<td style=\"height: 13.5pt; text-align: center;\" height=\"18\">Petit relief<\/td>\n<td style=\"text-align: center;\">60 x 85 x 27<\/td>\n<\/tr>\n<\/tbody>\n<\/table>\n<h2>Suggestions personnalis\u00e9es<\/h2>\n<ol>\n<li><strong>Histoire d&#039;un vase saisonnier :<\/strong>Pour les f\u00eates, d\u00e9couvrez notre vase tournesol couleur orange coucher de soleil en \u00e9t\u00e9, id\u00e9al pour les mariages sur la plage, et nos vases centres de table en verre blanc neige en hiver. Aucun suppl\u00e9ment pour les commandes en gros.<\/li>\n<li><strong>D\u00e9coration en relief unique :<\/strong>Les plus belles bouteilles sont grav\u00e9es de motifs ou de reliefs, ce qui les rend adapt\u00e9es \u00e0 diverses occasions.<\/li>\n<\/ol>","protected":false},"excerpt":{"rendered":"<p>Vase tournesol et vases en verre pour centre de table. Texture en relief personnalis\u00e9e. Vente en gros pour la d\u00e9coration int\u00e9rieure. Sublimez vos compositions florales avec une \u00e9l\u00e9gance naturelle.<\/p>","protected":false},"featured_media":2891,"template":"","meta":{"site-sidebar-layout":"default","site-content-layout":"","ast-site-content-layout":"default","site-content-style":"default","site-sidebar-style":"default","ast-global-header-display":"","ast-banner-title-visibility":"","ast-main-header-display":"","ast-hfb-above-header-display":"","ast-hfb-below-header-display":"","ast-hfb-mobile-header-display":"","site-post-title":"","ast-breadcrumbs-content":"","ast-featured-img":"","footer-sml-layout":"","theme-transparent-header-meta":"default","adv-header-id-meta":"","stick-header-meta":"","header-above-stick-meta":"","header-main-stick-meta":"","header-below-stick-meta":"","astra-migrate-meta-layouts":"set","ast-page-background-enabled":"default","ast-page-background-meta":{"desktop":{"background-color":"var(--ast-global-color-5)","background-image":"","background-repeat":"repeat","background-position":"center center","background-size":"auto","background-attachment":"scroll","background-type":"","background-media":"","overlay-type":"","overlay-color":"","overlay-opacity":"","overlay-gradient":""},"tablet":{"background-color":"","background-image":"","background-repeat":"repeat","background-position":"center center","background-size":"auto","background-attachment":"scroll","background-type":"","background-media":"","overlay-type":"","overlay-color":"","overlay-opacity":"","overlay-gradient":""},"mobile":{"background-color":"","background-image":"","background-repeat":"repeat","background-position":"center center","background-size":"auto","background-attachment":"scroll","background-type":"","background-media":"","overlay-type":"","overlay-color":"","overlay-opacity":"","overlay-gradient":""}},"ast-content-background-meta":{"desktop":{"background-color":"var(--ast-global-color-4)","background-image":"","background-repeat":"repeat","background-position":"center center","background-size":"auto","background-attachment":"scroll","background-type":"","background-media":"","overlay-type":"","overlay-color":"","overlay-opacity":"","overlay-gradient":""},"tablet":{"background-color":"var(--ast-global-color-4)","background-image":"","background-repeat":"repeat","background-position":"center center","background-size":"auto","background-attachment":"scroll","background-type":"","background-media":"","overlay-type":"","overlay-color":"","overlay-opacity":"","overlay-gradient":""},"mobile":{"background-color":"var(--ast-global-color-4)","background-image":"","background-repeat":"repeat","background-position":"center center","background-size":"auto","background-attachment":"scroll","background-type":"","background-media":"","overlay-type":"","overlay-color":"","overlay-opacity":"","overlay-gradient":""}}},"product_brand":[],"product_cat":[21,57],"product_tag":[],"class_list":{"0":"post-2893","1":"product","2":"type-product","3":"status-publish","4":"has-post-thumbnail","6":"product_cat-product","7":"product_cat-glass-vases","8":"desktop-align-left","9":"tablet-align-left","10":"mobile-align-left","12":"first","13":"instock","14":"shipping-taxable","15":"product-type-simple"},"jetpack_sharing_enabled":true,"_links":{"self":[{"href":"https:\/\/mostebglass.com\/fr\/wp-json\/wp\/v2\/product\/2893","targetHints":{"allow":["GET"]}}],"collection":[{"href":"https:\/\/mostebglass.com\/fr\/wp-json\/wp\/v2\/product"}],"about":[{"href":"https:\/\/mostebglass.com\/fr\/wp-json\/wp\/v2\/types\/product"}],"wp:featuredmedia":[{"embeddable":true,"href":"https:\/\/mostebglass.com\/fr\/wp-json\/wp\/v2\/media\/2891"}],"wp:attachment":[{"href":"https:\/\/mostebglass.com\/fr\/wp-json\/wp\/v2\/media?parent=2893"}],"wp:term":[{"taxonomy":"product_brand","embeddable":true,"href":"https:\/\/mostebglass.com\/fr\/wp-json\/wp\/v2\/product_brand?post=2893"},{"taxonomy":"product_cat","embeddable":true,"href":"https:\/\/mostebglass.com\/fr\/wp-json\/wp\/v2\/product_cat?post=2893"},{"taxonomy":"product_tag","embeddable":true,"href":"https:\/\/mostebglass.com\/fr\/wp-json\/wp\/v2\/product_tag?post=2893"}],"curies":[{"name":"wp","href":"https:\/\/api.w.org\/{rel}","templated":true}]}}