{"id":2927,"date":"2025-09-30T17:54:59","date_gmt":"2025-09-30T09:54:59","guid":{"rendered":"https:\/\/mostebglass.com\/?post_type=product&#038;p=2927"},"modified":"2025-09-30T17:55:02","modified_gmt":"2025-09-30T09:55:02","slug":"ensemble-de-vases-vintage-en-verre-assortis-de-fleurs-vase-court","status":"publish","type":"product","link":"https:\/\/mostebglass.com\/fr\/glass-vintage-vases-set-assorted-flower-short-vase\/","title":{"rendered":"Ensemble de vases vintage en verre transparent \u2013 \u200b\u200bVase court \u00e0 fleurs assorties pour d\u00e9coration d&#039;\u00e9v\u00e9nements"},"content":{"rendered":"<p>Vous en avez assez des vases qui se fondent dans le d\u00e9cor\u00a0? Nous cr\u00e9ons des vases vintage en verre aux d\u00e9tails floraux textur\u00e9s, sans avoir besoin de fausses tiges. Ces petits vases en verre transforment instantan\u00e9ment votre int\u00e9rieur en une \u0153uvre d&#039;art. Pour les commandes en gros, profitez d&#039;options de couleurs personnalis\u00e9es, en parfaite harmonie avec l&#039;identit\u00e9 de votre marque.<\/p>\n<h2>Caract\u00e9ristiques du produit<\/h2>\n<p><strong>\u00c9l\u00e9gance de la texture florale<\/strong><\/p>\n<p>Les motifs floraux press\u00e9s \u00e0 la main sur le verre transparent ajoutent une profondeur artistique\u00a0: vos vases vintage en verre ont un aspect artisanal, et non produit en masse.<\/p>\n<p><strong>attraction vintage en verre<\/strong><\/p>\n<p>Les formes d&#039;inspiration vintage, comme les bouteilles en nid d&#039;abeille et en forme de citrouille, sont \u00ab classiques \u00bb sans \u00eatre ostentatoires \u2013 la d\u00e9coration int\u00e9rieure Rishi est absolument faite pour les amoureux.<\/p>\n<p><strong>la polyvalence des vases courts en verre<\/strong><\/p>\n<p>De taille compacte, elle convient parfaitement aux tiges simples ou aux tiges imparfaites \u2013 id\u00e9ale pour une composition moderne en vase sur un bureau ou des \u00e9tag\u00e8res.<\/p>\n<p><strong>Harmonie de couleurs personnalis\u00e9e<\/strong><\/p>\n<p>Harmonisez l&#039;esth\u00e9tique de votre marque avec des touches de bleu et de blanc \u2013 vos vases vintage en verre semblent \u00eatre le prolongement de votre histoire.<\/p>\n<h2><strong data-spm-anchor-id=\"5176.28103460.0.i13.29ab2e31jUfGco\">Sp\u00e9cifications cl\u00e9s<\/strong><\/h2>\n<table style=\"border-collapse: collapse; width: 80%; margin-left: auto; margin-right: auto;\" border=\"0\" width=\"144\" cellspacing=\"0\" cellpadding=\"0\">\n<tbody>\n<tr style=\"height: 13.50pt;\">\n<td style=\"height: 13.5pt; width: 54pt; text-align: center;\" width=\"72\" height=\"18\">Fonctionnalit\u00e9<\/td>\n<td style=\"width: 54pt; text-align: center;\" width=\"72\">D\u00e9tails<\/td>\n<\/tr>\n<tr style=\"height: 13.50pt;\">\n<td style=\"height: 13.5pt; text-align: center;\" height=\"18\">L&#039;ensemble comprend<\/td>\n<td style=\"text-align: center;\">vase court en verre<\/td>\n<\/tr>\n<tr style=\"height: 13.50pt;\">\n<td style=\"height: 13.5pt; text-align: center;\" height=\"18\">Material<\/td>\n<td style=\"text-align: center;\">Verre<\/td>\n<\/tr>\n<tr style=\"height: 13.50pt;\">\n<td style=\"height: 13.5pt; text-align: center;\" height=\"18\">Couleurs disponibles<\/td>\n<td style=\"text-align: center;\">Transparent, orange, ambre ou personnalis\u00e9<\/td>\n<\/tr>\n<tr style=\"height: 13.50pt;\">\n<td style=\"height: 13.5pt; text-align: center;\" height=\"18\">Id\u00e9al pour<\/td>\n<td style=\"text-align: center;\">Compositions de bourgeons, tiges artificielles, mini-fleurs<\/td>\n<\/tr>\n<\/tbody>\n<\/table>\n<h2>Guide de personnalisation<\/h2>\n<ol>\n<li><strong>Choisissez parmi diff\u00e9rents types de motifs en relief\u00a0:<\/strong>Plus de 20 vases en relief vintage sont disponibles, parfaits pour diverses occasions, notamment les mariages et la d\u00e9coration int\u00e9rieure.<\/li>\n<li><strong>Ensemble de vases compacts :<\/strong>Associez-les \u00e0 un petit vase en verre avec des tiges de fleurs artificielles d\u00e9j\u00e0 bien fournies pour cr\u00e9er un \u00ab ensemble floral de bureau \u00bb.<\/li>\n<\/ol>","protected":false},"excerpt":{"rendered":"<p>Vases vintage en verre estamp\u00e9 \u00e0 la main et ensemble de petits vases en verre. Couleurs personnalisables. Vente en gros pour mariages et d\u00e9coration int\u00e9rieure. Cr\u00e9ez des compositions florales parfaites, en toute simplicit\u00e9. Commandez d\u00e8s maintenant\u00a0!<\/p>","protected":false},"featured_media":2931,"template":"","meta":{"site-sidebar-layout":"default","site-content-layout":"","ast-site-content-layout":"default","site-content-style":"default","site-sidebar-style":"default","ast-global-header-display":"","ast-banner-title-visibility":"","ast-main-header-display":"","ast-hfb-above-header-display":"","ast-hfb-below-header-display":"","ast-hfb-mobile-header-display":"","site-post-title":"","ast-breadcrumbs-content":"","ast-featured-img":"","footer-sml-layout":"","theme-transparent-header-meta":"default","adv-header-id-meta":"","stick-header-meta":"","header-above-stick-meta":"","header-main-stick-meta":"","header-below-stick-meta":"","astra-migrate-meta-layouts":"set","ast-page-background-enabled":"default","ast-page-background-meta":{"desktop":{"background-color":"var(--ast-global-color-5)","background-image":"","background-repeat":"repeat","background-position":"center center","background-size":"auto","background-attachment":"scroll","background-type":"","background-media":"","overlay-type":"","overlay-color":"","overlay-opacity":"","overlay-gradient":""},"tablet":{"background-color":"","background-image":"","background-repeat":"repeat","background-position":"center center","background-size":"auto","background-attachment":"scroll","background-type":"","background-media":"","overlay-type":"","overlay-color":"","overlay-opacity":"","overlay-gradient":""},"mobile":{"background-color":"","background-image":"","background-repeat":"repeat","background-position":"center center","background-size":"auto","background-attachment":"scroll","background-type":"","background-media":"","overlay-type":"","overlay-color":"","overlay-opacity":"","overlay-gradient":""}},"ast-content-background-meta":{"desktop":{"background-color":"var(--ast-global-color-4)","background-image":"","background-repeat":"repeat","background-position":"center center","background-size":"auto","background-attachment":"scroll","background-type":"","background-media":"","overlay-type":"","overlay-color":"","overlay-opacity":"","overlay-gradient":""},"tablet":{"background-color":"var(--ast-global-color-4)","background-image":"","background-repeat":"repeat","background-position":"center center","background-size":"auto","background-attachment":"scroll","background-type":"","background-media":"","overlay-type":"","overlay-color":"","overlay-opacity":"","overlay-gradient":""},"mobile":{"background-color":"var(--ast-global-color-4)","background-image":"","background-repeat":"repeat","background-position":"center center","background-size":"auto","background-attachment":"scroll","background-type":"","background-media":"","overlay-type":"","overlay-color":"","overlay-opacity":"","overlay-gradient":""}}},"product_brand":[],"product_cat":[21,57],"product_tag":[],"class_list":{"0":"post-2927","1":"product","2":"type-product","3":"status-publish","4":"has-post-thumbnail","6":"product_cat-product","7":"product_cat-glass-vases","8":"desktop-align-left","9":"tablet-align-left","10":"mobile-align-left","12":"first","13":"instock","14":"shipping-taxable","15":"product-type-simple"},"jetpack_sharing_enabled":true,"_links":{"self":[{"href":"https:\/\/mostebglass.com\/fr\/wp-json\/wp\/v2\/product\/2927","targetHints":{"allow":["GET"]}}],"collection":[{"href":"https:\/\/mostebglass.com\/fr\/wp-json\/wp\/v2\/product"}],"about":[{"href":"https:\/\/mostebglass.com\/fr\/wp-json\/wp\/v2\/types\/product"}],"wp:featuredmedia":[{"embeddable":true,"href":"https:\/\/mostebglass.com\/fr\/wp-json\/wp\/v2\/media\/2931"}],"wp:attachment":[{"href":"https:\/\/mostebglass.com\/fr\/wp-json\/wp\/v2\/media?parent=2927"}],"wp:term":[{"taxonomy":"product_brand","embeddable":true,"href":"https:\/\/mostebglass.com\/fr\/wp-json\/wp\/v2\/product_brand?post=2927"},{"taxonomy":"product_cat","embeddable":true,"href":"https:\/\/mostebglass.com\/fr\/wp-json\/wp\/v2\/product_cat?post=2927"},{"taxonomy":"product_tag","embeddable":true,"href":"https:\/\/mostebglass.com\/fr\/wp-json\/wp\/v2\/product_tag?post=2927"}],"curies":[{"name":"wp","href":"https:\/\/api.w.org\/{rel}","templated":true}]}}