{"id":3040,"date":"2025-10-15T15:21:06","date_gmt":"2025-10-15T07:21:06","guid":{"rendered":"https:\/\/mostebglass.com\/?post_type=product&#038;p=3040"},"modified":"2025-10-15T17:46:39","modified_gmt":"2025-10-15T09:46:39","slug":"vase-a-bourgeons-en-verre-transparent-pour-mariage","status":"publish","type":"product","link":"https:\/\/mostebglass.com\/fr\/vintage-clear-glass-bud-vase-for-wedding-decor\/","title":{"rendered":"Vase vintage en verre transparent pour d\u00e9coration de maison et de mariage"},"content":{"rendered":"<p>Vous en avez assez des vases en verre qui restent l\u00e0 sans \u00e2me\u00a0? Nous cr\u00e9ons des vases \u00e0 bourgeons vintage en verre transparent avec un relief r\u00e9tro\u00a0: fini la d\u00e9co ennuyeuse\u00a0! Ces vases \u00e0 roses transforment votre int\u00e9rieur en une v\u00e9ritable \u0153uvre d&#039;art. Pour toute commande en gros, nous vous proposons des vases en verre personnalis\u00e9s, \u00e0 l&#039;image de votre marque.<\/p>\n<h2>Caract\u00e9ristiques du produit<\/h2>\n<p><strong>Breloque vintage en relief<\/strong><\/p>\n<p>Le motif en losanges ajoute une touche vintage\u00a0; ce vase vintage en verre transparent d\u00e9gage une impression de fait main, et non de production de masse.<\/p>\n<p><strong>Parfait pour les fleurs solitaires<\/strong><\/p>\n<p>Sa forme \u00e9lanc\u00e9e est parfaite pour les compositions florales uniques : ce vase \u00e0 roses met l&#039;accent sur les fleurs, et non sur le vase lui-m\u00eame.<\/p>\n<p><strong>Pr\u00e9sentez instantan\u00e9ment votre marque<\/strong><\/p>\n<p>Personnalisez ce vase \u00e0 roses avec votre logo pour le rendre unique.<\/p>\n<h2><strong data-spm-anchor-id=\"5176.28103460.0.i18.29ab2e31aVMz0n\">Sp\u00e9cifications cl\u00e9s<\/strong><\/h2>\n<table style=\"border-collapse: collapse; width: 80%; margin-left: auto; margin-right: auto;\" border=\"0\" width=\"144\" cellspacing=\"0\" cellpadding=\"0\">\n<tbody>\n<tr>\n<td style=\"text-align: center;\" width=\"72\">Attribute<\/td>\n<td style=\"text-align: center;\" width=\"72\">D\u00e9tail<\/td>\n<\/tr>\n<tr>\n<td style=\"text-align: center;\">Option de couleur<\/td>\n<td style=\"text-align: center;\">Transparent, marron, vert, bleu, gris (personnalis\u00e9)<\/td>\n<\/tr>\n<tr>\n<td style=\"text-align: center;\">Surface<\/td>\n<td style=\"text-align: center;\">Relief r\u00e9tro<\/td>\n<\/tr>\n<tr>\n<td style=\"text-align: center;\">Utiliser<\/td>\n<td style=\"text-align: center;\">vase \u00e0 bourgeons, composition florale artificielle, centre de table<\/td>\n<\/tr>\n<tr>\n<td style=\"text-align: center;\">Id\u00e9al pour<\/td>\n<td style=\"text-align: center;\">D\u00e9coration int\u00e9rieure, stylisme de mariage, am\u00e9nagements de boutiques<\/td>\n<\/tr>\n<\/tbody>\n<\/table>\n<h2>Histoire \u00e0 succ\u00e8s<\/h2>\n<p>Le studio floral britannique a cr\u00e9\u00e9 l&#039;emballage id\u00e9al pour ce projet de mariage. La marque recherchait des vases magnifiques et polyvalents qui sublimeraient la beaut\u00e9 de ses roses et s&#039;accorderaient parfaitement au th\u00e8me champ\u00eatre et vintage du couple. Ils ont command\u00e9 un vase en verre sur mesure, orn\u00e9 de motifs floraux vintage. Fabriqu\u00e9s en verre \u00e9pais et de haute qualit\u00e9, ces vases allient beaut\u00e9 et robustesse. Chaque vase a \u00e9t\u00e9 con\u00e7u pour accueillir une rose ou un petit bouquet, ce qui le rend id\u00e9al pour les centres de table et les cadeaux d&#039;invit\u00e9s. Le vase \u00e0 roses est devenu un \u00e9l\u00e9ment phare de la d\u00e9coration du mariage, et les invit\u00e9s ont partag\u00e9 des dizaines de photos et de stories sur Instagram, soulignant son harmonie avec le th\u00e8me romantique. Suite \u00e0 l&#039;\u00e9v\u00e9nement, le studio a enregistr\u00e9 une augmentation de 40 % de ses commandes, de nouveaux clients souhaitant reproduire ce mod\u00e8le pour leurs mariages et autres \u00e9v\u00e9nements.<\/p>\n<h2>Votre guide de personnalisation<\/h2>\n<ol>\n<li><strong>Guide floral \u00ab\u00a0Code de floraison\u00a0\u00bb\u00a0:<\/strong>Un code QR est grav\u00e9 sur le dessous, vous permettant de le scanner pour obtenir des informations sur la marque ou des guides d&#039;utilisation.<\/li>\n<li><strong>Collection pratique et personnalisable\u00a0:<\/strong>Ce vase \u00e0 roses, en verre indigo profond orn\u00e9 d&#039;\u00e9toiles argent\u00e9es en relief, est id\u00e9al pour un mariage au clair de lune. Le message \u00ab\u00a0\u00c9closion sous les \u00e9toiles\u00a0\u00bb y est inscrit.<\/li>\n<\/ol>\n<p>&nbsp;<\/p>","protected":false},"excerpt":{"rendered":"<p>Vases \u00e0 bourgeons et \u00e0 roses en verre transparent de style vintage, d&#039;une \u00e9l\u00e9gance florale intemporelle. Id\u00e9aux pour les fleuristes, les organisateurs d&#039;\u00e9v\u00e9nements et les d\u00e9taillants \u00e0 la recherche de solutions de d\u00e9coration personnalisables et haut de gamme.<\/p>","protected":false},"featured_media":3042,"template":"","meta":{"site-sidebar-layout":"default","site-content-layout":"","ast-site-content-layout":"default","site-content-style":"default","site-sidebar-style":"default","ast-global-header-display":"","ast-banner-title-visibility":"","ast-main-header-display":"","ast-hfb-above-header-display":"","ast-hfb-below-header-display":"","ast-hfb-mobile-header-display":"","site-post-title":"","ast-breadcrumbs-content":"","ast-featured-img":"","footer-sml-layout":"","theme-transparent-header-meta":"default","adv-header-id-meta":"","stick-header-meta":"","header-above-stick-meta":"","header-main-stick-meta":"","header-below-stick-meta":"","astra-migrate-meta-layouts":"set","ast-page-background-enabled":"default","ast-page-background-meta":{"desktop":{"background-color":"var(--ast-global-color-5)","background-image":"","background-repeat":"repeat","background-position":"center center","background-size":"auto","background-attachment":"scroll","background-type":"","background-media":"","overlay-type":"","overlay-color":"","overlay-opacity":"","overlay-gradient":""},"tablet":{"background-color":"","background-image":"","background-repeat":"repeat","background-position":"center center","background-size":"auto","background-attachment":"scroll","background-type":"","background-media":"","overlay-type":"","overlay-color":"","overlay-opacity":"","overlay-gradient":""},"mobile":{"background-color":"","background-image":"","background-repeat":"repeat","background-position":"center center","background-size":"auto","background-attachment":"scroll","background-type":"","background-media":"","overlay-type":"","overlay-color":"","overlay-opacity":"","overlay-gradient":""}},"ast-content-background-meta":{"desktop":{"background-color":"var(--ast-global-color-4)","background-image":"","background-repeat":"repeat","background-position":"center center","background-size":"auto","background-attachment":"scroll","background-type":"","background-media":"","overlay-type":"","overlay-color":"","overlay-opacity":"","overlay-gradient":""},"tablet":{"background-color":"var(--ast-global-color-4)","background-image":"","background-repeat":"repeat","background-position":"center center","background-size":"auto","background-attachment":"scroll","background-type":"","background-media":"","overlay-type":"","overlay-color":"","overlay-opacity":"","overlay-gradient":""},"mobile":{"background-color":"var(--ast-global-color-4)","background-image":"","background-repeat":"repeat","background-position":"center center","background-size":"auto","background-attachment":"scroll","background-type":"","background-media":"","overlay-type":"","overlay-color":"","overlay-opacity":"","overlay-gradient":""}}},"product_brand":[],"product_cat":[21,57],"product_tag":[],"class_list":{"0":"post-3040","1":"product","2":"type-product","3":"status-publish","4":"has-post-thumbnail","6":"product_cat-product","7":"product_cat-glass-vases","8":"desktop-align-left","9":"tablet-align-left","10":"mobile-align-left","12":"first","13":"instock","14":"shipping-taxable","15":"product-type-simple"},"jetpack_sharing_enabled":true,"_links":{"self":[{"href":"https:\/\/mostebglass.com\/fr\/wp-json\/wp\/v2\/product\/3040","targetHints":{"allow":["GET"]}}],"collection":[{"href":"https:\/\/mostebglass.com\/fr\/wp-json\/wp\/v2\/product"}],"about":[{"href":"https:\/\/mostebglass.com\/fr\/wp-json\/wp\/v2\/types\/product"}],"wp:featuredmedia":[{"embeddable":true,"href":"https:\/\/mostebglass.com\/fr\/wp-json\/wp\/v2\/media\/3042"}],"wp:attachment":[{"href":"https:\/\/mostebglass.com\/fr\/wp-json\/wp\/v2\/media?parent=3040"}],"wp:term":[{"taxonomy":"product_brand","embeddable":true,"href":"https:\/\/mostebglass.com\/fr\/wp-json\/wp\/v2\/product_brand?post=3040"},{"taxonomy":"product_cat","embeddable":true,"href":"https:\/\/mostebglass.com\/fr\/wp-json\/wp\/v2\/product_cat?post=3040"},{"taxonomy":"product_tag","embeddable":true,"href":"https:\/\/mostebglass.com\/fr\/wp-json\/wp\/v2\/product_tag?post=3040"}],"curies":[{"name":"wp","href":"https:\/\/api.w.org\/{rel}","templated":true}]}}