{"id":3110,"date":"2025-10-22T17:23:26","date_gmt":"2025-10-22T09:23:26","guid":{"rendered":"https:\/\/mostebglass.com\/?post_type=product&#038;p=3110"},"modified":"2025-10-22T18:01:35","modified_gmt":"2025-10-22T10:01:35","slug":"ensemble-de-vases-anciens-en-verre-pour-la-decoration-de-la-maison-et-des-evenements","status":"publish","type":"product","link":"https:\/\/mostebglass.com\/fr\/antique-glass-vases-set-for-home-and-event-decor\/","title":{"rendered":"Ensemble de vases en verre antique transparent pour la d\u00e9coration de la maison et des \u00e9v\u00e9nements"},"content":{"rendered":"<p>Vous en avez assez des vases qui \u00e9touffent vos compositions florales\u00a0? Nous cr\u00e9ons des ensembles de petits vases en verre transparent plein de charme\u00a0: fini la d\u00e9co ennuyeuse\u00a0! Ces vases transparents transforment votre espace en un v\u00e9ritable havre de paix floral. Pour toute commande en gros, nous proposons des vases en verre personnalis\u00e9s, parfaitement adapt\u00e9s \u00e0 votre style.<\/p>\n<h2>Caract\u00e9ristiques du produit<\/h2>\n<p><strong>\u00c9l\u00e9gance textur\u00e9e<\/strong><\/p>\n<p>Les nervures et le motif apportent plus de profondeur\u00a0; votre petit vase \u00e0 fleurs ressemble \u00e0 une \u0153uvre d\u2019art d\u00e9corative en verre.<\/p>\n<p><strong>Clart\u00e9 cristalline<\/strong><\/p>\n<p>Le verre transparent de la meilleure qualit\u00e9 r\u00e9v\u00e8le chaque p\u00e9tale ; les acheteurs ne peuvent r\u00e9sister au vase transparent au premier regard.<\/p>\n<p><strong>Affichage polyvalent<\/strong><\/p>\n<p>Id\u00e9al pour une table de travail, des \u00e9tag\u00e8res ou comme support d\u00e9coratif \u00e0 tige creuse naturelle - votre vase\/pot en verre resplendit.<\/p>\n<h2>Sp\u00e9cifications cl\u00e9s<\/h2>\n<table style=\"border-collapse: collapse; width: 216.03pt;\" border=\"0\" width=\"288\" cellspacing=\"0\" cellpadding=\"0\">\n<tbody>\n<tr style=\"height: 13.50pt;\">\n<td style=\"height: 13.50pt; width: 54.00pt;\" width=\"72\" height=\"18\">Style<\/td>\n<td style=\"width: 54.00pt;\" width=\"72\">Taille (cm)<\/td>\n<td style=\"width: 54.00pt;\" width=\"72\">Material<\/td>\n<td style=\"width: 54.00pt;\" width=\"72\">Couleur<\/td>\n<\/tr>\n<tr style=\"height: 13.50pt;\">\n<td style=\"height: 13.50pt;\" height=\"18\">nervur\u00e9<\/td>\n<td>5.5&#215;11.2&#215;3.8<\/td>\n<td class=\"et2\" rowspan=\"3\">Verre<\/td>\n<td class=\"et2\" rowspan=\"3\">Clair ou personnalis\u00e9<\/td>\n<\/tr>\n<tr style=\"height: 13.50pt;\">\n<td style=\"height: 13.50pt;\" height=\"18\">Gourde<\/td>\n<td>6.0&#215;11.5&#215;3.8<\/td>\n<\/tr>\n<tr style=\"height: 13.50pt;\">\n<td style=\"height: 13.50pt;\" height=\"18\">Spirale<\/td>\n<td>5.9&#215;11.5&#215;3.8<\/td>\n<\/tr>\n<\/tbody>\n<\/table>\n<h2>Cas de r\u00e9ussite<\/h2>\n<p>Decor a collabor\u00e9 avec un studio pour cr\u00e9er de magnifiques vases en verre sur mesure pour sa collection florale saisonni\u00e8re. Chaque composition florale est dot\u00e9e d&#039;un col poli \u00e0 la main et d&#039;un verre \u00e9pais d&#039;une clart\u00e9 exceptionnelle, conf\u00e9rant aux fleurs une \u00e9l\u00e9gance raffin\u00e9e digne d&#039;une galerie d&#039;art. Le studio a imagin\u00e9 une gamme de vases en verre personnalis\u00e9s pour s&#039;adapter \u00e0 diff\u00e9rents styles d&#039;int\u00e9rieur\u00a0: des finitions mates aux teintes ambr\u00e9es p\u00e2les en passant par le gris fum\u00e9.<\/p>\n<p>Les vases parfaits mettent en valeur le grain et les couleurs de chaque fleur, embellissant ainsi l&#039;ensemble.<\/p>\n<p>Le studio a r\u00e9alis\u00e9 ces r\u00e9sultats en seulement deux mois\u00a0: les ventes ont augment\u00e9 de 80\u00a0% et les plaintes concernant les produits ont diminu\u00e9 de 70\u00a0%.<\/p>\n<h2>Votre guide de personnalisation<\/h2>\n<ol>\n<li><strong>Surface de la bouteille ajustable :<\/strong> En fonction du style de votre marque, choisissez l&#039;une de ces trois options (sablage, gravure laser ou \u00e9lectroplacage) pour ajouter votre logo ou des textures uniques, rendant ainsi le vase plus reconnaissable et d\u00e9coratif.<\/li>\n<li><strong>Personnalisation de la marque et des accessoires\u00a0:<\/strong> Outre un coffret cadeau personnalis\u00e9, des fleurs s\u00e9ch\u00e9es ou un diffuseur \u00e0 b\u00e2tonnets peuvent \u00eatre utilis\u00e9s pour offrir ou pour l&#039;aromath\u00e9rapie, augmentant ainsi la valeur intrins\u00e8que du produit et ses applications potentielles.<\/li>\n<\/ol>\n<p>&nbsp;<\/p>\n<p>&nbsp;<\/p>","protected":false},"excerpt":{"rendered":"<p>Vases en verre antique haut de gamme pour les professionnels. Nos vases transparents offrent une \u00e9l\u00e9gance intemporelle pour mettre en valeur vos compositions florales. Sublimez votre collection avec ce mod\u00e8le classique et de grande qualit\u00e9. Renseignez-vous pour les commandes en gros.<\/p>","protected":false},"featured_media":3111,"template":"","meta":{"site-sidebar-layout":"default","site-content-layout":"","ast-site-content-layout":"default","site-content-style":"default","site-sidebar-style":"default","ast-global-header-display":"","ast-banner-title-visibility":"","ast-main-header-display":"","ast-hfb-above-header-display":"","ast-hfb-below-header-display":"","ast-hfb-mobile-header-display":"","site-post-title":"","ast-breadcrumbs-content":"","ast-featured-img":"","footer-sml-layout":"","theme-transparent-header-meta":"default","adv-header-id-meta":"","stick-header-meta":"","header-above-stick-meta":"","header-main-stick-meta":"","header-below-stick-meta":"","astra-migrate-meta-layouts":"set","ast-page-background-enabled":"default","ast-page-background-meta":{"desktop":{"background-color":"var(--ast-global-color-5)","background-image":"","background-repeat":"repeat","background-position":"center center","background-size":"auto","background-attachment":"scroll","background-type":"","background-media":"","overlay-type":"","overlay-color":"","overlay-opacity":"","overlay-gradient":""},"tablet":{"background-color":"","background-image":"","background-repeat":"repeat","background-position":"center center","background-size":"auto","background-attachment":"scroll","background-type":"","background-media":"","overlay-type":"","overlay-color":"","overlay-opacity":"","overlay-gradient":""},"mobile":{"background-color":"","background-image":"","background-repeat":"repeat","background-position":"center center","background-size":"auto","background-attachment":"scroll","background-type":"","background-media":"","overlay-type":"","overlay-color":"","overlay-opacity":"","overlay-gradient":""}},"ast-content-background-meta":{"desktop":{"background-color":"var(--ast-global-color-4)","background-image":"","background-repeat":"repeat","background-position":"center center","background-size":"auto","background-attachment":"scroll","background-type":"","background-media":"","overlay-type":"","overlay-color":"","overlay-opacity":"","overlay-gradient":""},"tablet":{"background-color":"var(--ast-global-color-4)","background-image":"","background-repeat":"repeat","background-position":"center center","background-size":"auto","background-attachment":"scroll","background-type":"","background-media":"","overlay-type":"","overlay-color":"","overlay-opacity":"","overlay-gradient":""},"mobile":{"background-color":"var(--ast-global-color-4)","background-image":"","background-repeat":"repeat","background-position":"center center","background-size":"auto","background-attachment":"scroll","background-type":"","background-media":"","overlay-type":"","overlay-color":"","overlay-opacity":"","overlay-gradient":""}}},"product_brand":[],"product_cat":[21,57],"product_tag":[],"class_list":{"0":"post-3110","1":"product","2":"type-product","3":"status-publish","4":"has-post-thumbnail","6":"product_cat-product","7":"product_cat-glass-vases","8":"desktop-align-left","9":"tablet-align-left","10":"mobile-align-left","12":"first","13":"instock","14":"shipping-taxable","15":"product-type-simple"},"jetpack_sharing_enabled":true,"_links":{"self":[{"href":"https:\/\/mostebglass.com\/fr\/wp-json\/wp\/v2\/product\/3110","targetHints":{"allow":["GET"]}}],"collection":[{"href":"https:\/\/mostebglass.com\/fr\/wp-json\/wp\/v2\/product"}],"about":[{"href":"https:\/\/mostebglass.com\/fr\/wp-json\/wp\/v2\/types\/product"}],"wp:featuredmedia":[{"embeddable":true,"href":"https:\/\/mostebglass.com\/fr\/wp-json\/wp\/v2\/media\/3111"}],"wp:attachment":[{"href":"https:\/\/mostebglass.com\/fr\/wp-json\/wp\/v2\/media?parent=3110"}],"wp:term":[{"taxonomy":"product_brand","embeddable":true,"href":"https:\/\/mostebglass.com\/fr\/wp-json\/wp\/v2\/product_brand?post=3110"},{"taxonomy":"product_cat","embeddable":true,"href":"https:\/\/mostebglass.com\/fr\/wp-json\/wp\/v2\/product_cat?post=3110"},{"taxonomy":"product_tag","embeddable":true,"href":"https:\/\/mostebglass.com\/fr\/wp-json\/wp\/v2\/product_tag?post=3110"}],"curies":[{"name":"wp","href":"https:\/\/api.w.org\/{rel}","templated":true}]}}