{"id":3208,"date":"2025-10-29T14:47:45","date_gmt":"2025-10-29T06:47:45","guid":{"rendered":"https:\/\/mostebglass.com\/?post_type=product&#038;p=3208"},"modified":"2025-10-29T17:50:28","modified_gmt":"2025-10-29T09:50:28","slug":"vase-en-verre-court-fournisseur-de-vases-a-bourgeons-en-gros","status":"publish","type":"product","link":"https:\/\/mostebglass.com\/fr\/wholesale-short-glass-vase-bud-vases-supplier\/","title":{"rendered":"Vase en verre court de forme conique pour compositions florales minimalistes"},"content":{"rendered":"<p>Cessez d'utiliser des vases ennuyeux, des pi\u00e8ces d\u00e9coratives qui nuisent \u00e0 votre ambiance florale. Nous fabriquons des vases \u00e0 bourgeons courts avec une texture g\u00e9om\u00e9trique - finis les d\u00e9cors plats. Ces ensembles de vases en verre courts transforment votre espace en un r\u00eave floral. Les commandes en gros sont accompagn\u00e9es de vases en verre personnalis\u00e9s qui correspondent \u00e0 l'\u00e2me de votre marque.<\/p>\n<h2>Caract\u00e9ristiques du produit<\/h2>\n<p><strong>Texture g\u00e9om\u00e9trique\u200d\u200d\u200d\u200d\u200d\u200d\u200d<\/strong><\/p>\n<p>Les nervures sur le tissu lui donnent plus de profondeur, sans pour autant l'\u00e9craser. Votre vase minimaliste sera \u00e9l\u00e9gant et moderne dans n'importe quel espace.<\/p>\n<p><strong>Clair comme de l'eau de roche<\/strong><\/p>\n<p>Un contenant transparent id\u00e9al sera celui qui pr\u00e9sentera toutes les fleurs - les clients seront s\u00e9duits par sa nature claire et transparente d\u00e8s le d\u00e9part.<\/p>\n<p><strong>Diff\u00e9rentes tailles<\/strong><\/p>\n<p>Trois tailles diff\u00e9rentes, \u00e0 savoir petite, moyenne et grande, pour r\u00e9pondre aux diff\u00e9rents besoins des espaces - votre collection de vases peut se trouver sur une table basse, une \u00e9tag\u00e8re ou une \u200d\u200d\u200d\u200d\u200d\u200d\u200d table de mariage.<\/p>\n<h2>Sp\u00e9cifications cl\u00e9s<\/h2>\n<table style=\"border-collapse: collapse; width: 80%; margin-left: auto; margin-right: auto;\" border=\"0\" width=\"288\" cellspacing=\"0\" cellpadding=\"0\">\n<tbody>\n<tr style=\"height: 13.50pt;\">\n<td style=\"height: 13.5pt; width: 54pt; text-align: center;\" width=\"72\" height=\"18\">Style<\/td>\n<td style=\"width: 54pt; text-align: center;\" width=\"72\">Taille (cm)<\/td>\n<td style=\"width: 54pt; text-align: center;\" width=\"72\">Material<\/td>\n<td style=\"width: 54pt; text-align: center;\" width=\"72\">Couleur<\/td>\n<\/tr>\n<tr style=\"height: 13.50pt;\">\n<td style=\"height: 13.5pt; text-align: center;\" height=\"18\">Petit<\/td>\n<td style=\"text-align: center;\">5.0&#215;11.5&#215;2.9<\/td>\n<td class=\"et2\" style=\"text-align: center;\" rowspan=\"3\">Verre<\/td>\n<td class=\"et2\" style=\"text-align: center;\" rowspan=\"3\">Clair ou personnalis\u00e9<\/td>\n<\/tr>\n<tr style=\"height: 13.50pt;\">\n<td style=\"height: 13.5pt; text-align: center;\" height=\"18\">Moyen<\/td>\n<td style=\"text-align: center;\">6.6\u00d713.0x3.7<\/td>\n<\/tr>\n<tr style=\"height: 13.50pt;\">\n<td style=\"height: 13.5pt; text-align: center;\" height=\"18\">Grandes dimensions<\/td>\n<td style=\"text-align: center;\">7.0&#215;14.6&#215;3.5<\/td>\n<\/tr>\n<\/tbody>\n<\/table>\n<h2>Cas de r\u00e9ussite<\/h2>\n<p>Nous\u200d\u200d\u200d\u200d\u200d\u200d avons eu une excellente collaboration avec un studio floral de Melbourne, en Australie, pour produire une s\u00e9rie de vases en verre minimal sur mesure pour leur nouvelle ligne. La marque a cr\u00e9\u00e9 trois tailles diff\u00e9rentes de vases avec un motif de diamant qui unit visuellement les vases tout en restant distinct. En outre, les vases ont une finition mate et il est possible de faire graver un logo personnalis\u00e9 sur la base de chaque vase.<\/p>\n<p>La collection de vases s'est av\u00e9r\u00e9e \u00eatre le choix le plus attrayant pour les cadeaux de mariage et la d\u00e9coration d'int\u00e9rieur d\u00e8s sa sortie. Les ventes de vases du studio ont augment\u00e9 de 40% en seulement deux \u200d\u200d\u200d\u200d\u200d\u200d\u200d\u200dmois.<\/p>\n<h2>Votre guide de personnalisation<\/h2>\n<ol>\n<li><strong>Personnalisation\u200d\u200d\u200d\u200d\u200d\u200d\u200d des pi\u00e8ces :<\/strong> Pour donner au vase une apparence plus \u00e9l\u00e9gante et plus complexe, quelques options sont disponibles, comme la peinture au pistolet (ambre, gris fum\u00e9, blanc laiteux mat, etc.) ou la galvanoplastie avec un bord dor\u00e9.<\/li>\n<li><strong>Application du logo :<\/strong> La marque du vase peut \u00eatre reconnue de mani\u00e8re subtile et efficace au moyen de la s\u00e9rigraphie, du marquage \u00e0 chaud ou de l'embossage du logo sur le fond ou le col du \u200d\u200d\u200d\u200d\u200d\u200d\u200dvase.<\/li>\n<\/ol>","protected":false},"excerpt":{"rendered":"<p>\u00c9l\u00e9gant ensemble de vases courts en verre con\u00e7u pour un d\u00e9cor minimaliste. Ces vases \u00e0 bourgeons courts mettent magnifiquement en valeur les fleurs individuelles. Ils sont parfaits pour les mariages, les tables ou les cadeaux.<\/p>","protected":false},"featured_media":3209,"template":"","meta":{"site-sidebar-layout":"default","site-content-layout":"","ast-site-content-layout":"default","site-content-style":"default","site-sidebar-style":"default","ast-global-header-display":"","ast-banner-title-visibility":"","ast-main-header-display":"","ast-hfb-above-header-display":"","ast-hfb-below-header-display":"","ast-hfb-mobile-header-display":"","site-post-title":"","ast-breadcrumbs-content":"","ast-featured-img":"","footer-sml-layout":"","theme-transparent-header-meta":"default","adv-header-id-meta":"","stick-header-meta":"","header-above-stick-meta":"","header-main-stick-meta":"","header-below-stick-meta":"","astra-migrate-meta-layouts":"set","ast-page-background-enabled":"default","ast-page-background-meta":{"desktop":{"background-color":"var(--ast-global-color-5)","background-image":"","background-repeat":"repeat","background-position":"center center","background-size":"auto","background-attachment":"scroll","background-type":"","background-media":"","overlay-type":"","overlay-color":"","overlay-opacity":"","overlay-gradient":""},"tablet":{"background-color":"","background-image":"","background-repeat":"repeat","background-position":"center center","background-size":"auto","background-attachment":"scroll","background-type":"","background-media":"","overlay-type":"","overlay-color":"","overlay-opacity":"","overlay-gradient":""},"mobile":{"background-color":"","background-image":"","background-repeat":"repeat","background-position":"center center","background-size":"auto","background-attachment":"scroll","background-type":"","background-media":"","overlay-type":"","overlay-color":"","overlay-opacity":"","overlay-gradient":""}},"ast-content-background-meta":{"desktop":{"background-color":"var(--ast-global-color-4)","background-image":"","background-repeat":"repeat","background-position":"center center","background-size":"auto","background-attachment":"scroll","background-type":"","background-media":"","overlay-type":"","overlay-color":"","overlay-opacity":"","overlay-gradient":""},"tablet":{"background-color":"var(--ast-global-color-4)","background-image":"","background-repeat":"repeat","background-position":"center center","background-size":"auto","background-attachment":"scroll","background-type":"","background-media":"","overlay-type":"","overlay-color":"","overlay-opacity":"","overlay-gradient":""},"mobile":{"background-color":"var(--ast-global-color-4)","background-image":"","background-repeat":"repeat","background-position":"center center","background-size":"auto","background-attachment":"scroll","background-type":"","background-media":"","overlay-type":"","overlay-color":"","overlay-opacity":"","overlay-gradient":""}}},"product_brand":[],"product_cat":[21,57],"product_tag":[],"class_list":{"0":"post-3208","1":"product","2":"type-product","3":"status-publish","4":"has-post-thumbnail","6":"product_cat-product","7":"product_cat-glass-vases","8":"desktop-align-left","9":"tablet-align-left","10":"mobile-align-left","12":"first","13":"instock","14":"shipping-taxable","15":"product-type-simple"},"jetpack_sharing_enabled":true,"_links":{"self":[{"href":"https:\/\/mostebglass.com\/fr\/wp-json\/wp\/v2\/product\/3208","targetHints":{"allow":["GET"]}}],"collection":[{"href":"https:\/\/mostebglass.com\/fr\/wp-json\/wp\/v2\/product"}],"about":[{"href":"https:\/\/mostebglass.com\/fr\/wp-json\/wp\/v2\/types\/product"}],"wp:featuredmedia":[{"embeddable":true,"href":"https:\/\/mostebglass.com\/fr\/wp-json\/wp\/v2\/media\/3209"}],"wp:attachment":[{"href":"https:\/\/mostebglass.com\/fr\/wp-json\/wp\/v2\/media?parent=3208"}],"wp:term":[{"taxonomy":"product_brand","embeddable":true,"href":"https:\/\/mostebglass.com\/fr\/wp-json\/wp\/v2\/product_brand?post=3208"},{"taxonomy":"product_cat","embeddable":true,"href":"https:\/\/mostebglass.com\/fr\/wp-json\/wp\/v2\/product_cat?post=3208"},{"taxonomy":"product_tag","embeddable":true,"href":"https:\/\/mostebglass.com\/fr\/wp-json\/wp\/v2\/product_tag?post=3208"}],"curies":[{"name":"wp","href":"https:\/\/api.w.org\/{rel}","templated":true}]}}