{"id":383,"date":"2025-08-13T17:49:49","date_gmt":"2025-08-13T09:49:49","guid":{"rendered":"https:\/\/mostebglass.com\/?post_type=product&#038;p=383"},"modified":"2026-03-13T15:26:44","modified_gmt":"2026-03-13T07:26:44","slug":"recycled-glass-candle-jars-in-bulk-embossed-wide-mouth","status":"publish","type":"product","link":"https:\/\/mostebglass.com\/fr\/recycled-glass-candle-jars-in-bulk-embossed-wide-mouth\/","title":{"rendered":"Bocaux \u00e0 bougies en verre recycl\u00e9 en vrac \u2013 Large ouverture gaufr\u00e9e"},"content":{"rendered":"<p>Ces pots \u00e0 bougies en verre recycl\u00e9, disponibles en gros, pr\u00e9sentent une forme ronde \u00e0 large ouverture et d&#039;\u00e9l\u00e9gants motifs en relief : pointill\u00e9s, vagues, nid d&#039;abeille, g\u00e9om\u00e9triques et verticaux. Fabriqu\u00e9s en verre transparent, ces pots \u00e0 bougies allient \u00e9l\u00e9gance et simplicit\u00e9, ce qui les rend adapt\u00e9s \u00e0 tous types de pr\u00e9sentations. Con\u00e7us comme vases universels, ils trouvent leur place dans les maisons, lors de mariages, dans les spas, les caf\u00e9s, les bars et les points de vente. Leur emballage en verre \u00e9pais leur conf\u00e8re un aspect haut de gamme tout en restant pratiques pour la distribution en gros par les marques et les distributeurs.<\/p>\n<h2>Sp\u00e9cifications cl\u00e9s<\/h2>\n<table style=\"border-collapse: collapse; width: 80%; margin-right: auto; margin-left: auto;\" border=\"0\" width=\"80%\" cellspacing=\"0\" cellpadding=\"0\">\n<tbody>\n<tr style=\"height: 13.50pt;\">\n<td style=\"height: 13.50pt; width: 143.25pt;\" width=\"191\" height=\"18\">Nom du produit<\/td>\n<td style=\"width: 375.00pt;\" width=\"500\">Pot \u00e0 bougie en verre \u00e0 large ouverture<\/td>\n<\/tr>\n<tr style=\"height: 13.50pt;\">\n<td style=\"height: 13.50pt;\" height=\"18\">Material<\/td>\n<td>Verre recycl\u00e9 \u00e9pais de haute clart\u00e9<\/td>\n<\/tr>\n<tr style=\"height: 13.50pt;\">\n<td style=\"height: 13.50pt;\" height=\"18\">Processus de fabrication<\/td>\n<td>Presse \u00e0 la machine<\/td>\n<\/tr>\n<tr style=\"height: 13.50pt;\">\n<td style=\"height: 13.50pt;\" height=\"18\">Shape<\/td>\n<td>Pot rond en relief<\/td>\n<\/tr>\n<tr style=\"height: 13.50pt;\">\n<td style=\"height: 13.50pt;\" height=\"18\">Taille<\/td>\n<td>Hauteur 60 mm \u00d7 Diam\u00e8tre 80 mm<\/td>\n<\/tr>\n<tr style=\"height: 13.50pt;\">\n<td style=\"height: 13.50pt;\" height=\"18\">Style<\/td>\n<td>Relief minimaliste\/d\u00e9coratif<\/td>\n<\/tr>\n<tr style=\"height: 13.50pt;\">\n<td style=\"height: 13.50pt;\" height=\"18\">Couleur<\/td>\n<td>Couleur standard transparente, couleur personnalis\u00e9e disponible<\/td>\n<\/tr>\n<tr style=\"height: 13.50pt;\">\n<td style=\"height: 13.50pt;\" height=\"18\">Couvercle<\/td>\n<td>Optionnel selon les exigences du projet<\/td>\n<\/tr>\n<tr style=\"height: 13.50pt;\">\n<td style=\"height: 13.50pt;\" height=\"18\">Logo<\/td>\n<td>Personnalisation de l&#039;\u00e9tiquette inf\u00e9rieure<\/td>\n<\/tr>\n<tr style=\"height: 15.00pt;\">\n<td style=\"height: 15.00pt;\" height=\"20\">Application<\/td>\n<td>D\u00e9coration int\u00e9rieure, d\u00e9coration de mariage, coffrets cadeaux, caf\u00e9s, bars, centres de spa<\/td>\n<\/tr>\n<tr style=\"height: 13.50pt;\">\n<td style=\"height: 13.50pt;\" height=\"18\">Type d&#039;approvisionnement<\/td>\n<td>Vente en gros et en vrac \/ pots \u00e0 bougies en vrac<\/td>\n<\/tr>\n<\/tbody>\n<\/table>\n<h2>Caract\u00e9ristiques du produit<\/h2>\n<ol>\n<li><strong>Texture \u00e9l\u00e9gante en relief<\/strong>Divers motifs en relief seront utilis\u00e9s pour cr\u00e9er un effet visuel et donner l&#039;apparence de simples pots \u00e0 bougies luxueux et co\u00fbteux.<\/li>\n<li><strong>Construction en verre recycl\u00e9 \u00e9pais<\/strong>Fabriqu\u00e9 \u00e0 partir de pots \u00e0 bougies en verre recycl\u00e9 durable, ce r\u00e9cipient solide et r\u00e9sistant \u00e0 la chaleur convient \u00e0 la production de bougies en grande quantit\u00e9.<\/li>\n<li><strong>Conception de remplissage \u00e0 large ouverture<\/strong>La large ouverture permet de remplir facilement le pot avec la m\u00e8che et de bien l&#039;embellir, ce qui est parfaitement adapt\u00e9 \u00e0 la production professionnelle de contenants pour bougies et \u00e0 la fourniture en gros de pots de bougies.<\/li>\n<\/ol>\n<h2>Cas B2B r\u00e9ussi<\/h2>\n<p>Un fabricant canadien de bougies artisanales s&#039;est approvisionn\u00e9 en pots \u00e0 bougies en gros pour sa gamme saisonni\u00e8re de bougies d&#039;aromath\u00e9rapie. Le client a command\u00e9 12\u00a0000 pots en verre avec une teinte personnalis\u00e9e et une \u00e9tiquette de marque sur le fond. Ces pots ont servi de contenants de luxe pour des coffrets cadeaux vendus dans des boutiques et sur des plateformes en ligne. En trois mois, la gamme a \u00e9t\u00e9 \u00e9puis\u00e9e gr\u00e2ce \u00e0 l&#039;esth\u00e9tique raffin\u00e9e des pots et \u00e0 la qualit\u00e9 de leur emballage en verre. Le client a pass\u00e9 une nouvelle commande de 18\u00a0000 pots \u00e0 bougies en gros pour les f\u00eates de fin d&#039;ann\u00e9e et a \u00e9largi sa gamme avec de nouvelles variations de couleurs personnalis\u00e9es.<\/p>\n<h2>Recommandations de personnalisation aux acheteurs B2B<\/h2>\n<ol>\n<li><strong>Verre de couleur personnalis\u00e9e<\/strong>Les marques de parfums peuvent avoir diff\u00e9renci\u00e9 leurs pots \u00e0 bougies en verre en y ajoutant une couleur ambr\u00e9e, gris fum\u00e9 ou pastel.<\/li>\n<li><strong>Couvercle et emballage assortis<\/strong>Associez le couvercle en bambou, en m\u00e9tal ou en verre au contenant de la bougie et hissez le produit au niveau sup\u00e9rieur des bougies de luxe.<\/li>\n<li><strong>Solutions de marque priv\u00e9e<\/strong>Pour les acheteurs en gros et en grande quantit\u00e9, le marquage des \u00e9tiquettes inf\u00e9rieures associ\u00e9 \u00e0 des cartons personnalis\u00e9s facilite la production de contenants de bougies uniformes, pr\u00eats pour la vente au d\u00e9tail, qui peuvent \u00eatre distribu\u00e9s aux d\u00e9taillants \u00e0 grande \u00e9chelle.<\/li>\n<\/ol>","protected":false},"excerpt":{"rendered":"<p>Pots \u00e0 bougies en verre recycl\u00e9 haut de gamme, disponibles en gros, avec d&#039;\u00e9l\u00e9gants motifs en relief. Id\u00e9al pour les marques recherchant des contenants \u00e0 bougies chics et des emballages en verre de qualit\u00e9 sup\u00e9rieure.<\/p>","protected":false},"featured_media":4757,"template":"","meta":{"site-sidebar-layout":"default","site-content-layout":"","ast-site-content-layout":"default","site-content-style":"default","site-sidebar-style":"default","ast-global-header-display":"","ast-banner-title-visibility":"","ast-main-header-display":"","ast-hfb-above-header-display":"","ast-hfb-below-header-display":"","ast-hfb-mobile-header-display":"","site-post-title":"","ast-breadcrumbs-content":"","ast-featured-img":"","footer-sml-layout":"","theme-transparent-header-meta":"default","adv-header-id-meta":"","stick-header-meta":"","header-above-stick-meta":"","header-main-stick-meta":"","header-below-stick-meta":"","astra-migrate-meta-layouts":"set","ast-page-background-enabled":"default","ast-page-background-meta":{"desktop":{"background-color":"var(--ast-global-color-5)","background-image":"","background-repeat":"repeat","background-position":"center center","background-size":"auto","background-attachment":"scroll","background-type":"","background-media":"","overlay-type":"","overlay-color":"","overlay-opacity":"","overlay-gradient":""},"tablet":{"background-color":"","background-image":"","background-repeat":"repeat","background-position":"center center","background-size":"auto","background-attachment":"scroll","background-type":"","background-media":"","overlay-type":"","overlay-color":"","overlay-opacity":"","overlay-gradient":""},"mobile":{"background-color":"","background-image":"","background-repeat":"repeat","background-position":"center center","background-size":"auto","background-attachment":"scroll","background-type":"","background-media":"","overlay-type":"","overlay-color":"","overlay-opacity":"","overlay-gradient":""}},"ast-content-background-meta":{"desktop":{"background-color":"var(--ast-global-color-4)","background-image":"","background-repeat":"repeat","background-position":"center center","background-size":"auto","background-attachment":"scroll","background-type":"","background-media":"","overlay-type":"","overlay-color":"","overlay-opacity":"","overlay-gradient":""},"tablet":{"background-color":"var(--ast-global-color-4)","background-image":"","background-repeat":"repeat","background-position":"center center","background-size":"auto","background-attachment":"scroll","background-type":"","background-media":"","overlay-type":"","overlay-color":"","overlay-opacity":"","overlay-gradient":""},"mobile":{"background-color":"var(--ast-global-color-4)","background-image":"","background-repeat":"repeat","background-position":"center center","background-size":"auto","background-attachment":"scroll","background-type":"","background-media":"","overlay-type":"","overlay-color":"","overlay-opacity":"","overlay-gradient":""}}},"product_brand":[],"product_cat":[28,21],"product_tag":[30,29],"class_list":{"0":"post-383","1":"product","2":"type-product","3":"status-publish","4":"has-post-thumbnail","6":"product_cat-glass-candle-jars","7":"product_cat-product","8":"product_tag-candle-jars-unique","9":"product_tag-glass-candle-jars","10":"desktop-align-left","11":"tablet-align-left","12":"mobile-align-left","14":"first","15":"instock","16":"shipping-taxable","17":"product-type-simple"},"jetpack_sharing_enabled":true,"_links":{"self":[{"href":"https:\/\/mostebglass.com\/fr\/wp-json\/wp\/v2\/product\/383","targetHints":{"allow":["GET"]}}],"collection":[{"href":"https:\/\/mostebglass.com\/fr\/wp-json\/wp\/v2\/product"}],"about":[{"href":"https:\/\/mostebglass.com\/fr\/wp-json\/wp\/v2\/types\/product"}],"wp:featuredmedia":[{"embeddable":true,"href":"https:\/\/mostebglass.com\/fr\/wp-json\/wp\/v2\/media\/4757"}],"wp:attachment":[{"href":"https:\/\/mostebglass.com\/fr\/wp-json\/wp\/v2\/media?parent=383"}],"wp:term":[{"taxonomy":"product_brand","embeddable":true,"href":"https:\/\/mostebglass.com\/fr\/wp-json\/wp\/v2\/product_brand?post=383"},{"taxonomy":"product_cat","embeddable":true,"href":"https:\/\/mostebglass.com\/fr\/wp-json\/wp\/v2\/product_cat?post=383"},{"taxonomy":"product_tag","embeddable":true,"href":"https:\/\/mostebglass.com\/fr\/wp-json\/wp\/v2\/product_tag?post=383"}],"curies":[{"name":"wp","href":"https:\/\/api.w.org\/{rel}","templated":true}]}}