{"id":404,"date":"2025-08-13T17:48:15","date_gmt":"2025-08-13T09:48:15","guid":{"rendered":"https:\/\/mostebglass.com\/?post_type=product&#038;p=404"},"modified":"2026-03-19T18:02:29","modified_gmt":"2026-03-19T10:02:29","slug":"candle-jar-wholesale-16oz-candle-jars-bulk-supply","status":"publish","type":"product","link":"https:\/\/mostebglass.com\/fr\/candle-jar-wholesale-16oz-candle-jars-bulk-supply\/","title":{"rendered":"Pots de bougies en gros 454 ml | Fourniture en vrac de pots de bougies"},"content":{"rendered":"<p>Ces pots \u00e0 bougies en verre gaufr\u00e9, vendus en gros, pr\u00e9sentent une large ouverture arrondie et un fond stable. Leur design allie esth\u00e9tique et fonctionnalit\u00e9. Les bougies, aux textures distinctives, diffusent la lumi\u00e8re de mani\u00e8re optimale, conf\u00e9rant ainsi \u00e0 ces contenants une allure haut de gamme, id\u00e9ale pour les bougeoirs de luxe. D&#039;une contenance de 460 ml (16 oz), ces pots sont couramment utilis\u00e9s pour les bougies de soja, les bougies parfum\u00e9es et les collections de luxe. Fabriqu\u00e9s par un professionnel de l&#039;emballage en verre, ces pots en verre recycl\u00e9 allient robustesse et \u00e9l\u00e9gance, ce qui les rend parfaits pour la vente en gros et la fourniture de pots \u00e0 bougies en vrac.<\/p>\n<h2>Sp\u00e9cifications cl\u00e9s<\/h2>\n<table style=\"border-collapse: collapse; width: 80%; margin-left: auto; margin-right: auto;\" border=\"0\" width=\"637\" cellspacing=\"0\" cellpadding=\"0\">\n<tbody>\n<tr style=\"height: 13.50pt;\">\n<td style=\"height: 13.50pt; width: 153.00pt;\" width=\"204\" height=\"18\">Nom du produit<\/td>\n<td style=\"width: 324.75pt;\" width=\"433\">Pot \u00e0 bougie en verre gaufr\u00e9<\/td>\n<\/tr>\n<tr style=\"height: 13.50pt;\">\n<td style=\"height: 13.50pt;\" height=\"18\">Capacit\u00e9<\/td>\n<td>460 ml \/ 16 oz<\/td>\n<\/tr>\n<tr style=\"height: 13.50pt;\">\n<td style=\"height: 13.50pt;\" height=\"18\">Material<\/td>\n<td>Verre sodocalcique sans plomb (recycl\u00e9)<\/td>\n<\/tr>\n<tr style=\"height: 13.50pt;\">\n<td style=\"height: 13.50pt;\" height=\"18\">Shape<\/td>\n<td>Bouche ronde et large avec base<\/td>\n<\/tr>\n<tr style=\"height: 13.50pt;\">\n<td style=\"height: 13.50pt;\" height=\"18\">Diam\u00e8tre (Haut \/ Bas)<\/td>\n<td>85 mm \/ 67 mm<\/td>\n<\/tr>\n<tr style=\"height: 13.50pt;\">\n<td style=\"height: 13.50pt;\" height=\"18\">Hauteur<\/td>\n<td>130 mm<\/td>\n<\/tr>\n<tr style=\"height: 13.50pt;\">\n<td style=\"height: 13.50pt;\" height=\"18\">Couleur<\/td>\n<td>Clair (personnalisable)<\/td>\n<\/tr>\n<tr style=\"height: 13.50pt;\">\n<td style=\"height: 13.50pt;\" height=\"18\">Processus<\/td>\n<td>Presse \u00e0 la machine<\/td>\n<\/tr>\n<tr style=\"height: 13.50pt;\">\n<td style=\"height: 13.50pt;\" height=\"18\">Option de couvercle<\/td>\n<td>Personnalisable<\/td>\n<\/tr>\n<tr style=\"height: 13.50pt;\">\n<td style=\"height: 13.50pt;\" height=\"18\">Application<\/td>\n<td>Bougies de soja, bougies parfum\u00e9es, production de bougies en vrac<\/td>\n<\/tr>\n<tr style=\"height: 13.50pt;\">\n<td style=\"height: 13.50pt;\" height=\"18\">Type d&#039;emballage<\/td>\n<td>Vente en gros et en vrac<\/td>\n<\/tr>\n<\/tbody>\n<\/table>\n<h2>Caract\u00e9ristiques principales<\/h2>\n<ol>\n<li><strong>D\u00e9coration \u00e9l\u00e9gante en relief<\/strong>La d\u00e9coration de surface permet de diff\u00e9rencier la surface et de produire des contenants de bougies de luxe haut de gamme destin\u00e9s \u00e0 \u00eatre utilis\u00e9s dans une strat\u00e9gie de marque haut de gamme.<\/li>\n<li><strong>Fabrication de bougies optimis\u00e9e\u00a0:<\/strong> Sa structure en verre \u00e9pais assure un refroidissement uniforme et un \u00e9coulement r\u00e9gulier pour la fabrication de bougies en grande quantit\u00e9.<\/li>\n<li><strong>Approvisionnement efficace des grossistes<\/strong>La forme homog\u00e8ne et la structure robuste du contenant facilitent le remplissage automatis\u00e9, l&#039;\u00e9tiquetage et les op\u00e9rations de vente en gros \u00e0 grande \u00e9chelle de pots \u00e0 bougies.<\/li>\n<\/ol>\n<h2>\u00c9tude de cas r\u00e9ussie<\/h2>\n<p>Une marque am\u00e9ricaine de parfums d&#039;int\u00e9rieur haut de gamme s&#039;est approvisionn\u00e9e en 80\u00a0000 pots de bougies de 450\u00a0g (16\u00a0oz) via notre programme de vente en gros. Notre client est une entreprise hybride de vente directe au consommateur (DTC) sp\u00e9cialis\u00e9e dans les bougies \u00e9cologiques.<\/p>\n<p>Ils ont choisi des bocaux en verre recycl\u00e9 transparent, dont ils ont grav\u00e9 le fond avec leurs logos, et y ont fix\u00e9 un couvercle en bois noir mat. Ces bocaux ont \u00e9t\u00e9 utilis\u00e9s dans une collection saisonni\u00e8re d&#039;aromath\u00e9rapie vendue en ligne et en boutiques.<\/p>\n<p>La gamme de produits a enregistr\u00e9 une croissance des ventes de 42 % en un seul trimestre gr\u00e2ce \u00e0 la conception unique des contenants \u00e0 bougies et \u00e0 l&#039;attrait sup\u00e9rieur de l&#039;emballage. Depuis, le client a pass\u00e9 plusieurs commandes en gros, pour un total de plus de 200\u00a0000 unit\u00e9s par an.<\/p>\n<h2>Recommandations personnalis\u00e9es aux acheteurs B2B<\/h2>\n<ul>\n<li><strong>D\u00e9coration et marquage de surface<\/strong>Faites d\u00e9polir, galvaniser ou s\u00e9rigraphier votre bougeoir pour cr\u00e9er un emballage personnalis\u00e9 qui refl\u00e8te l&#039;image de votre entreprise.<\/li>\n<li><strong>Appariement du couvercle<\/strong>: Offrir une valorisation plus sophistiqu\u00e9e en associant le bocal \u00e0 des couvercles en bois, en m\u00e9tal ou en verre dans les contextes de vente en gros et de vente au d\u00e9tail en vrac.<\/li>\n<li><strong>Strat\u00e9gie couleur\/Strat\u00e9gie de collection<\/strong>Concevoir des variations de couleurs coordonn\u00e9es pour les gammes de produits saisonniers ou parfum\u00e9s, afin d&#039;am\u00e9liorer leur pr\u00e9sence en rayon et l&#039;image de marque.<\/li>\n<\/ul>\n<p>Ces solutions de conditionnement en vrac de pots \u00e0 bougies sont con\u00e7ues pour les marques recherchant un emballage en verre fiable, \u00e9volutif et visuellement distinctif pour les march\u00e9s modernes des bougies.<\/p>","protected":false},"excerpt":{"rendered":"<p>Vente en gros de pots \u00e0 bougies de 473 ml (16 oz). Contenants en verre recycl\u00e9 de qualit\u00e9 sup\u00e9rieure pour emballages de luxe et approvisionnement en gros.<\/p>","protected":false},"featured_media":4832,"template":"","meta":{"site-sidebar-layout":"default","site-content-layout":"","ast-site-content-layout":"default","site-content-style":"default","site-sidebar-style":"default","ast-global-header-display":"","ast-banner-title-visibility":"","ast-main-header-display":"","ast-hfb-above-header-display":"","ast-hfb-below-header-display":"","ast-hfb-mobile-header-display":"","site-post-title":"","ast-breadcrumbs-content":"","ast-featured-img":"","footer-sml-layout":"","theme-transparent-header-meta":"default","adv-header-id-meta":"","stick-header-meta":"","header-above-stick-meta":"","header-main-stick-meta":"","header-below-stick-meta":"","astra-migrate-meta-layouts":"set","ast-page-background-enabled":"default","ast-page-background-meta":{"desktop":{"background-color":"var(--ast-global-color-5)","background-image":"","background-repeat":"repeat","background-position":"center center","background-size":"auto","background-attachment":"scroll","background-type":"","background-media":"","overlay-type":"","overlay-color":"","overlay-opacity":"","overlay-gradient":""},"tablet":{"background-color":"","background-image":"","background-repeat":"repeat","background-position":"center center","background-size":"auto","background-attachment":"scroll","background-type":"","background-media":"","overlay-type":"","overlay-color":"","overlay-opacity":"","overlay-gradient":""},"mobile":{"background-color":"","background-image":"","background-repeat":"repeat","background-position":"center center","background-size":"auto","background-attachment":"scroll","background-type":"","background-media":"","overlay-type":"","overlay-color":"","overlay-opacity":"","overlay-gradient":""}},"ast-content-background-meta":{"desktop":{"background-color":"var(--ast-global-color-4)","background-image":"","background-repeat":"repeat","background-position":"center center","background-size":"auto","background-attachment":"scroll","background-type":"","background-media":"","overlay-type":"","overlay-color":"","overlay-opacity":"","overlay-gradient":""},"tablet":{"background-color":"var(--ast-global-color-4)","background-image":"","background-repeat":"repeat","background-position":"center center","background-size":"auto","background-attachment":"scroll","background-type":"","background-media":"","overlay-type":"","overlay-color":"","overlay-opacity":"","overlay-gradient":""},"mobile":{"background-color":"var(--ast-global-color-4)","background-image":"","background-repeat":"repeat","background-position":"center center","background-size":"auto","background-attachment":"scroll","background-type":"","background-media":"","overlay-type":"","overlay-color":"","overlay-opacity":"","overlay-gradient":""}}},"product_brand":[],"product_cat":[28,21],"product_tag":[36,35],"class_list":{"0":"post-404","1":"product","2":"type-product","3":"status-publish","4":"has-post-thumbnail","6":"product_cat-glass-candle-jars","7":"product_cat-product","8":"product_tag-candle-jars-bulk","9":"product_tag-glass-jar-candles","10":"desktop-align-left","11":"tablet-align-left","12":"mobile-align-left","14":"first","15":"instock","16":"shipping-taxable","17":"product-type-simple"},"jetpack_sharing_enabled":true,"_links":{"self":[{"href":"https:\/\/mostebglass.com\/fr\/wp-json\/wp\/v2\/product\/404","targetHints":{"allow":["GET"]}}],"collection":[{"href":"https:\/\/mostebglass.com\/fr\/wp-json\/wp\/v2\/product"}],"about":[{"href":"https:\/\/mostebglass.com\/fr\/wp-json\/wp\/v2\/types\/product"}],"wp:featuredmedia":[{"embeddable":true,"href":"https:\/\/mostebglass.com\/fr\/wp-json\/wp\/v2\/media\/4832"}],"wp:attachment":[{"href":"https:\/\/mostebglass.com\/fr\/wp-json\/wp\/v2\/media?parent=404"}],"wp:term":[{"taxonomy":"product_brand","embeddable":true,"href":"https:\/\/mostebglass.com\/fr\/wp-json\/wp\/v2\/product_brand?post=404"},{"taxonomy":"product_cat","embeddable":true,"href":"https:\/\/mostebglass.com\/fr\/wp-json\/wp\/v2\/product_cat?post=404"},{"taxonomy":"product_tag","embeddable":true,"href":"https:\/\/mostebglass.com\/fr\/wp-json\/wp\/v2\/product_tag?post=404"}],"curies":[{"name":"wp","href":"https:\/\/api.w.org\/{rel}","templated":true}]}}