{"id":409,"date":"2025-08-14T17:30:04","date_gmt":"2025-08-14T09:30:04","guid":{"rendered":"https:\/\/mostebglass.com\/?post_type=product&#038;p=409"},"modified":"2026-01-26T14:15:32","modified_gmt":"2026-01-26T06:15:32","slug":"360ml-clear-candle-glass-jars-unique-geometric-embossed-design","status":"publish","type":"product","link":"https:\/\/mostebglass.com\/fr\/360ml-clear-candle-glass-jars-unique-geometric-embossed-design\/","title":{"rendered":"Pots \u00e0 bougies en verre transparent de 360 \u200b\u200bml \u2013 Motif g\u00e9om\u00e9trique en relief unique"},"content":{"rendered":"<p>Ces pots \u00e0 bougies cylindriques en verre transparent, aux parois verticales droites, pr\u00e9sentent une surface orn\u00e9e d&#039;un motif g\u00e9om\u00e9trique en relief compos\u00e9 de facettes en forme de losange et d&#039;\u00e9toile, leur conf\u00e9rant un aspect textur\u00e9 et taill\u00e9. Incolore et d&#039;une clart\u00e9 cristalline, le verre laisse passer la lumi\u00e8re qui se refl\u00e8te sur la texture du motif. Son bord, lisse et plat, est d\u00e9pourvu de couvercle et d&#039;ornement. L&#039;ensemble, sym\u00e9trique, structur\u00e9 et d\u00e9coratif, favorise la diffusion de la lumi\u00e8re lors de l&#039;allumage d&#039;une bougie.<\/p>\n<h2>Caract\u00e9ristiques du produit<\/h2>\n<p><strong>Motifs d&#039;\u00e9toiles 3D pour un effet visuel saisissant\u00a0:\u00a0<\/strong>Des textures en forme de losange dessinent des motifs \u00e9voquant des m\u00e9ga-\u00e9toiles, cr\u00e9ant un contenant \u00e0 bougie \u00e0 l&#039;aspect artisanal et haut de gamme.<\/p>\n<p><strong>Conception par r\u00e9fraction de la lumi\u00e8re pour un attrait esth\u00e9tique\u00a0:\u00a0<\/strong>Le verre \u00e9pais et les gravures g\u00e9om\u00e9triques accentuent le jeu subtil des couleurs, transformant votre r\u00e9cipient en un v\u00e9ritable objet d\u00e9coratif, m\u00eame vide.<\/p>\n<p><strong>Flexibilit\u00e9 polyvalente :\u00a0<\/strong>Utilisez-le comme pot \u00e0 bougie, support \u00e0 bougie ou contenant de garage\u00a0: sa polyvalence en fait un objet de convoitise pour les marques de bougies en qu\u00eate d\u2019un objet \u00e0 la fois esth\u00e9tique et fonctionnel.<\/p>\n<h2>Sp\u00e9cifications cl\u00e9s<\/h2>\n<table style=\"border-collapse: collapse; width: 80%; margin-left: auto; margin-right: auto;\" border=\"0\" width=\"144\" cellspacing=\"0\" cellpadding=\"0\">\n<tbody>\n<tr style=\"height: 13.50pt;\">\n<td style=\"height: 13.50pt; width: 54.00pt;\" width=\"72\" height=\"18\">Fonctionnalit\u00e9<\/td>\n<td style=\"width: 54.00pt;\" width=\"72\">D\u00e9tails<\/td>\n<\/tr>\n<tr style=\"height: 13.50pt;\">\n<td style=\"height: 13.50pt;\" height=\"18\">Capacit\u00e9<\/td>\n<td>360 ml<\/td>\n<\/tr>\n<tr style=\"height: 13.50pt;\">\n<td style=\"height: 13.50pt;\" height=\"18\">Poids<\/td>\n<td>500 g<\/td>\n<\/tr>\n<tr style=\"height: 13.50pt;\">\n<td style=\"height: 13.50pt;\" height=\"18\">Motifs<\/td>\n<td>Pointill\u00e9s, Pointill\u00e9s, Diamant, Vertical, Goutte d&#039;eau, \u00c9toile<\/td>\n<\/tr>\n<tr style=\"height: 13.50pt;\">\n<td style=\"height: 13.50pt;\" height=\"18\">Dimensions<\/td>\n<td>95 * 95 * 87 mm<\/td>\n<\/tr>\n<tr style=\"height: 13.50pt;\">\n<td style=\"height: 13.50pt;\" height=\"18\">Material<\/td>\n<td>Verre cristallin<\/td>\n<\/tr>\n<tr style=\"height: 13.50pt;\">\n<td style=\"height: 13.50pt;\" height=\"18\">Couleur<\/td>\n<td>Clair<\/td>\n<\/tr>\n<\/tbody>\n<\/table>\n<h2>Id\u00e9es de conception personnalis\u00e9e<\/h2>\n<ol>\n<li><strong>Motifs saisonniers :<\/strong>Les mod\u00e8les d&#039;\u00e9t\u00e9 se caract\u00e9risent par un motif de goutte d&#039;eau, tandis que les mod\u00e8les d&#039;hiver arborent un motif en losange, cr\u00e9ant ainsi une collection de bougies parfum\u00e9es saisonni\u00e8res id\u00e9ale pour les vacances et les occasions sp\u00e9ciales.<\/li>\n<li><strong>Solutions d&#039;emballage \u00e9cologiques\u00a0:<\/strong>Promouvoir les bougeoirs en verre r\u00e9utilisables en proposant des suggestions de r\u00e9utilisation, comme pots de fleurs ou objets de rangement pour la cuisine, valorise ces produits et s&#039;inscrit dans une d\u00e9marche de d\u00e9veloppement durable.<\/li>\n<\/ol>\n<p>&nbsp;<\/p>\n<p>&nbsp;<\/p>","protected":false},"excerpt":{"rendered":"<p>D\u00e9couvrez nos pots \u00e0 bougies en verre et nos mod\u00e8les uniques, disponibles en gros. Id\u00e9aux pour les marques de bougies de luxe, les pots haut de gamme et les commandes en gros.<\/p>","protected":false},"featured_media":413,"template":"","meta":{"site-sidebar-layout":"default","site-content-layout":"","ast-site-content-layout":"default","site-content-style":"default","site-sidebar-style":"default","ast-global-header-display":"","ast-banner-title-visibility":"","ast-main-header-display":"","ast-hfb-above-header-display":"","ast-hfb-below-header-display":"","ast-hfb-mobile-header-display":"","site-post-title":"","ast-breadcrumbs-content":"","ast-featured-img":"","footer-sml-layout":"","theme-transparent-header-meta":"default","adv-header-id-meta":"","stick-header-meta":"","header-above-stick-meta":"","header-main-stick-meta":"","header-below-stick-meta":"","astra-migrate-meta-layouts":"set","ast-page-background-enabled":"default","ast-page-background-meta":{"desktop":{"background-color":"var(--ast-global-color-5)","background-image":"","background-repeat":"repeat","background-position":"center center","background-size":"auto","background-attachment":"scroll","background-type":"","background-media":"","overlay-type":"","overlay-color":"","overlay-opacity":"","overlay-gradient":""},"tablet":{"background-color":"","background-image":"","background-repeat":"repeat","background-position":"center center","background-size":"auto","background-attachment":"scroll","background-type":"","background-media":"","overlay-type":"","overlay-color":"","overlay-opacity":"","overlay-gradient":""},"mobile":{"background-color":"","background-image":"","background-repeat":"repeat","background-position":"center center","background-size":"auto","background-attachment":"scroll","background-type":"","background-media":"","overlay-type":"","overlay-color":"","overlay-opacity":"","overlay-gradient":""}},"ast-content-background-meta":{"desktop":{"background-color":"var(--ast-global-color-4)","background-image":"","background-repeat":"repeat","background-position":"center center","background-size":"auto","background-attachment":"scroll","background-type":"","background-media":"","overlay-type":"","overlay-color":"","overlay-opacity":"","overlay-gradient":""},"tablet":{"background-color":"var(--ast-global-color-4)","background-image":"","background-repeat":"repeat","background-position":"center center","background-size":"auto","background-attachment":"scroll","background-type":"","background-media":"","overlay-type":"","overlay-color":"","overlay-opacity":"","overlay-gradient":""},"mobile":{"background-color":"var(--ast-global-color-4)","background-image":"","background-repeat":"repeat","background-position":"center center","background-size":"auto","background-attachment":"scroll","background-type":"","background-media":"","overlay-type":"","overlay-color":"","overlay-opacity":"","overlay-gradient":""}}},"product_brand":[],"product_cat":[28],"product_tag":[37,38],"class_list":{"0":"post-409","1":"product","2":"type-product","3":"status-publish","4":"has-post-thumbnail","6":"product_cat-glass-candle-jars","7":"product_tag-candle-glass-jars","8":"product_tag-unique-candle-jars","9":"desktop-align-left","10":"tablet-align-left","11":"mobile-align-left","13":"first","14":"instock","15":"shipping-taxable","16":"product-type-simple"},"jetpack_sharing_enabled":true,"_links":{"self":[{"href":"https:\/\/mostebglass.com\/fr\/wp-json\/wp\/v2\/product\/409","targetHints":{"allow":["GET"]}}],"collection":[{"href":"https:\/\/mostebglass.com\/fr\/wp-json\/wp\/v2\/product"}],"about":[{"href":"https:\/\/mostebglass.com\/fr\/wp-json\/wp\/v2\/types\/product"}],"wp:featuredmedia":[{"embeddable":true,"href":"https:\/\/mostebglass.com\/fr\/wp-json\/wp\/v2\/media\/413"}],"wp:attachment":[{"href":"https:\/\/mostebglass.com\/fr\/wp-json\/wp\/v2\/media?parent=409"}],"wp:term":[{"taxonomy":"product_brand","embeddable":true,"href":"https:\/\/mostebglass.com\/fr\/wp-json\/wp\/v2\/product_brand?post=409"},{"taxonomy":"product_cat","embeddable":true,"href":"https:\/\/mostebglass.com\/fr\/wp-json\/wp\/v2\/product_cat?post=409"},{"taxonomy":"product_tag","embeddable":true,"href":"https:\/\/mostebglass.com\/fr\/wp-json\/wp\/v2\/product_tag?post=409"}],"curies":[{"name":"wp","href":"https:\/\/api.w.org\/{rel}","templated":true}]}}