{"id":414,"date":"2025-08-18T17:54:30","date_gmt":"2025-08-18T09:54:30","guid":{"rendered":"https:\/\/mostebglass.com\/?post_type=product&#038;p=414"},"modified":"2026-03-23T17:51:35","modified_gmt":"2026-03-23T09:51:35","slug":"wholesale-small-candle-containers-embossed-glass-candle-jars","status":"publish","type":"product","link":"https:\/\/mostebglass.com\/fr\/wholesale-small-candle-containers-embossed-glass-candle-jars\/","title":{"rendered":"Pots \u00e0 bougies en verre gaufr\u00e9 de 90 ml, petits contenants en gros"},"content":{"rendered":"<p>Nos petits contenants \u00e0 bougies cylindriques d&#039;une contenance de 90 ml pr\u00e9sentent de nombreux motifs en relief. Fabriqu\u00e9s en verre transparent de haute qualit\u00e9, ils arborent des d\u00e9cors originaux : losanges g\u00e9om\u00e9triques, cannelures verticales, bulles circulaires de formes vari\u00e9es ou encore motifs d&#039;inspiration antique. L&#039;\u00e9paisseur du verre leur conf\u00e8re une grande robustesse et une finition haut de gamme. La transparence du verre permet une diffusion optimale de la lumi\u00e8re et cr\u00e9e une ambiance chaleureuse et d\u00e9corative.<\/p>\n<h2>Application<\/h2>\n<p>Ces pots \u00e0 bougies en verre vides conviennent aux bougies parfum\u00e9es, aux bougies votives, aux \u00e9chantillons et autres petits produits. Ils peuvent \u00eatre utilis\u00e9s en d\u00e9coration int\u00e9rieure et \u00e9v\u00e9nementielle, dans les coffrets cadeaux et les services d&#039;h\u00f4tellerie-restauration. Ce format de 90 ml est particuli\u00e8rement adapt\u00e9 aux marques et aux grossistes pour leurs coffrets d\u00e9couverte, leurs gammes promotionnelles ou leurs collections \u00e0 forte rotation en magasin.<\/p>\n<h2>Sp\u00e9cifications cl\u00e9s<\/h2>\n<p>&nbsp;<\/p>\n<table style=\"border-collapse: collapse; width: 80%; margin-left: auto; margin-right: auto;\" border=\"0\" width=\"144\" cellspacing=\"0\" cellpadding=\"0\">\n<tbody>\n<tr style=\"height: 13.50pt;\">\n<td style=\"height: 13.50pt; width: 54.00pt;\" width=\"72\" height=\"18\">Fonctionnalit\u00e9<\/td>\n<td style=\"width: 54.00pt;\" width=\"72\">D\u00e9tails<\/td>\n<\/tr>\n<tr style=\"height: 13.50pt;\">\n<td style=\"height: 13.50pt;\" height=\"18\">Capacit\u00e9<\/td>\n<td>90 ml (55 mm de diam\u00e8tre, 52 mm de diam\u00e8tre \u00e0 la base, 65 mm de hauteur)<\/td>\n<\/tr>\n<tr style=\"height: 13.50pt;\">\n<td style=\"height: 13.50pt;\" height=\"18\">Poids<\/td>\n<td>120g<\/td>\n<\/tr>\n<tr style=\"height: 13.50pt;\">\n<td style=\"height: 13.50pt;\" height=\"18\">Motifs<\/td>\n<td>Escargot, Pointill\u00e9, Diamant, Vertical, Pissenlit, Spirale, Tournesol, Points rectangulaires, En forme d'\u00e9ventail, Points verticaux<\/td>\n<\/tr>\n<tr style=\"height: 13.50pt;\">\n<td style=\"height: 13.50pt;\" height=\"18\">Material<\/td>\n<td>Verre sodocalcique<\/td>\n<\/tr>\n<tr style=\"height: 13.50pt;\">\n<td style=\"height: 13.50pt;\" height=\"18\">Options de personnalisation<\/td>\n<td>Couleur, logo, couvercle, forme, taille, bo\u00eete d&#039;emballage<\/td>\n<\/tr>\n<\/tbody>\n<\/table>\n<h2>Caract\u00e9ristiques du produit<\/h2>\n<ul>\n<li data-section-id=\"15qnsrz\" data-start=\"867\" data-end=\"932\">Diversit\u00e9 de motifs en relief pour des gammes de produits diff\u00e9renci\u00e9es<\/li>\n<li data-section-id=\"1itew8e\" data-start=\"933\" data-end=\"1000\">Capacit\u00e9 compacte de 90 ml, id\u00e9ale pour les bougies de voyage et les \u00e9chantillons.<\/li>\n<li data-section-id=\"12u51z5\" data-start=\"1001\" data-end=\"1056\">Verre \u00e9pais et r\u00e9sistant offrant une excellente diffusion de la lumi\u00e8re<\/li>\n<\/ul>\n<h2>Conseils de personnalisation<\/h2>\n<ol>\n<li><strong>Couvercle\/Emballage\/\u00c9tiquetage<\/strong>: Ajoutez de la valeur au produit en fournissant des accessoires et des options d&#039;emballage adapt\u00e9s \u2013 Couvercles personnalis\u00e9s (m\u00e9tal, bambou, bois, li\u00e8ge), Emballage int\u00e9rieur (coussins en mousse, bo\u00eetes kraft, coffrets cadeaux), Kits multi-pots (vente au d\u00e9tail ou promotionnels).<\/li>\n<li><strong>Emballages interactifs pour les grossistes de pots \u00e0 bougies\u00a0:<\/strong>Ajoutez un code QR sur votre bo\u00eete de bougie, renvoyant vers l'histoire de votre marque ou vers des informations sur les bougies. Cela informe non seulement les consommateurs, mais renforce \u00e9galement leur confiance.<\/li>\n<\/ol>","protected":false},"excerpt":{"rendered":"<p>D\u00e9couvrez nos petits pots \u00e0 bougies de 90 ml orn\u00e9s de motifs en relief. Id\u00e9aux pour les bougies parfum\u00e9es, les coffrets cadeaux et la personnalisation en gros pour les marques, ces pots vides sont parfaits pour les bougies parfum\u00e9es.<\/p>","protected":false},"featured_media":4878,"template":"","meta":{"site-sidebar-layout":"default","site-content-layout":"","ast-site-content-layout":"default","site-content-style":"default","site-sidebar-style":"default","ast-global-header-display":"","ast-banner-title-visibility":"","ast-main-header-display":"","ast-hfb-above-header-display":"","ast-hfb-below-header-display":"","ast-hfb-mobile-header-display":"","site-post-title":"","ast-breadcrumbs-content":"","ast-featured-img":"","footer-sml-layout":"","theme-transparent-header-meta":"default","adv-header-id-meta":"","stick-header-meta":"","header-above-stick-meta":"","header-main-stick-meta":"","header-below-stick-meta":"","astra-migrate-meta-layouts":"set","ast-page-background-enabled":"default","ast-page-background-meta":{"desktop":{"background-color":"var(--ast-global-color-5)","background-image":"","background-repeat":"repeat","background-position":"center center","background-size":"auto","background-attachment":"scroll","background-type":"","background-media":"","overlay-type":"","overlay-color":"","overlay-opacity":"","overlay-gradient":""},"tablet":{"background-color":"","background-image":"","background-repeat":"repeat","background-position":"center center","background-size":"auto","background-attachment":"scroll","background-type":"","background-media":"","overlay-type":"","overlay-color":"","overlay-opacity":"","overlay-gradient":""},"mobile":{"background-color":"","background-image":"","background-repeat":"repeat","background-position":"center center","background-size":"auto","background-attachment":"scroll","background-type":"","background-media":"","overlay-type":"","overlay-color":"","overlay-opacity":"","overlay-gradient":""}},"ast-content-background-meta":{"desktop":{"background-color":"var(--ast-global-color-4)","background-image":"","background-repeat":"repeat","background-position":"center center","background-size":"auto","background-attachment":"scroll","background-type":"","background-media":"","overlay-type":"","overlay-color":"","overlay-opacity":"","overlay-gradient":""},"tablet":{"background-color":"var(--ast-global-color-4)","background-image":"","background-repeat":"repeat","background-position":"center center","background-size":"auto","background-attachment":"scroll","background-type":"","background-media":"","overlay-type":"","overlay-color":"","overlay-opacity":"","overlay-gradient":""},"mobile":{"background-color":"var(--ast-global-color-4)","background-image":"","background-repeat":"repeat","background-position":"center center","background-size":"auto","background-attachment":"scroll","background-type":"","background-media":"","overlay-type":"","overlay-color":"","overlay-opacity":"","overlay-gradient":""}}},"product_brand":[],"product_cat":[28,21],"product_tag":[39,40],"class_list":{"0":"post-414","1":"product","2":"type-product","3":"status-publish","4":"has-post-thumbnail","6":"product_cat-glass-candle-jars","7":"product_cat-product","8":"product_tag-candle-jar","9":"product_tag-empty-candle-jar","10":"desktop-align-left","11":"tablet-align-left","12":"mobile-align-left","14":"first","15":"instock","16":"shipping-taxable","17":"product-type-simple"},"jetpack_sharing_enabled":true,"_links":{"self":[{"href":"https:\/\/mostebglass.com\/fr\/wp-json\/wp\/v2\/product\/414","targetHints":{"allow":["GET"]}}],"collection":[{"href":"https:\/\/mostebglass.com\/fr\/wp-json\/wp\/v2\/product"}],"about":[{"href":"https:\/\/mostebglass.com\/fr\/wp-json\/wp\/v2\/types\/product"}],"wp:featuredmedia":[{"embeddable":true,"href":"https:\/\/mostebglass.com\/fr\/wp-json\/wp\/v2\/media\/4878"}],"wp:attachment":[{"href":"https:\/\/mostebglass.com\/fr\/wp-json\/wp\/v2\/media?parent=414"}],"wp:term":[{"taxonomy":"product_brand","embeddable":true,"href":"https:\/\/mostebglass.com\/fr\/wp-json\/wp\/v2\/product_brand?post=414"},{"taxonomy":"product_cat","embeddable":true,"href":"https:\/\/mostebglass.com\/fr\/wp-json\/wp\/v2\/product_cat?post=414"},{"taxonomy":"product_tag","embeddable":true,"href":"https:\/\/mostebglass.com\/fr\/wp-json\/wp\/v2\/product_tag?post=414"}],"curies":[{"name":"wp","href":"https:\/\/api.w.org\/{rel}","templated":true}]}}