{"id":4521,"date":"2026-02-28T15:44:08","date_gmt":"2026-02-28T07:44:08","guid":{"rendered":"https:\/\/mostebglass.com\/?post_type=product&#038;p=4521"},"modified":"2026-02-28T15:51:22","modified_gmt":"2026-02-28T07:51:22","slug":"dual-use-colored-glass-candle-stand-holders-bulk","status":"publish","type":"product","link":"https:\/\/mostebglass.com\/fr\/dual-use-colored-glass-candle-stand-holders-bulk\/","title":{"rendered":"Bougeoirs en verre color\u00e9 \u00e0 double usage (en gros)"},"content":{"rendered":"<p>Cette s\u00e9rie se compose de r\u00e9cipients en verre \u00e0 double usage (porte-bougie et pot \u00e0 bougie) dot\u00e9s d&#039;une base sculpt\u00e9e, c\u00f4tel\u00e9e et lest\u00e9e, et d&#039;une partie sup\u00e9rieure cannel\u00e9e verticalement. La gamme se d\u00e9cline en diff\u00e9rentes formes : \u00e9tag\u00e9es, cylindriques ou l\u00e9g\u00e8rement \u00e9vas\u00e9es, toutes harmonis\u00e9es par leur g\u00e9om\u00e9trie. La surface est orn\u00e9e de textures lin\u00e9aires en relief qui diffusent la lumi\u00e8re et cr\u00e9ent une douce lueur lorsque les bougies br\u00fblent.<\/p>\n<figure id=\"attachment_4526\" aria-describedby=\"caption-attachment-4526\" style=\"width: 500px\" class=\"wp-caption aligncenter\"><img fetchpriority=\"high\" decoding=\"async\" class=\"wp-image-4526\" title=\"Bougeoirs en verre\" src=\"https:\/\/mostebglass.com\/wp-content\/uploads\/2026\/02\/glass-Candle-Stand-Holders.webp\" alt=\"Bougeoirs en verre\" width=\"500\" height=\"500\" srcset=\"https:\/\/mostebglass.com\/wp-content\/uploads\/2026\/02\/glass-Candle-Stand-Holders.webp 1024w, https:\/\/mostebglass.com\/wp-content\/uploads\/2026\/02\/glass-Candle-Stand-Holders-768x768.webp 768w, https:\/\/mostebglass.com\/wp-content\/uploads\/2026\/02\/glass-Candle-Stand-Holders-12x12.webp 12w, https:\/\/mostebglass.com\/wp-content\/uploads\/2026\/02\/glass-Candle-Stand-Holders-300x300.webp 300w, https:\/\/mostebglass.com\/wp-content\/uploads\/2026\/02\/glass-Candle-Stand-Holders-600x600.webp 600w, https:\/\/mostebglass.com\/wp-content\/uploads\/2026\/02\/glass-Candle-Stand-Holders-100x100.webp 100w\" sizes=\"(max-width: 500px) 100vw, 500px\" \/><figcaption id=\"caption-attachment-4526\" class=\"wp-caption-text\">bougeoirs en verre ambr\u00e9<\/figcaption><\/figure>\n<p>Les variations de couleurs incluent, entre autres, des teintes transparentes et lumineuses, chaudes et atmosph\u00e9riques, disponibles en verre clair, rose, ambr\u00e9, vert et gris. La robustesse du verre lui conf\u00e8re stabilit\u00e9 et durabilit\u00e9.<\/p>\n<h2>Sp\u00e9cifications cl\u00e9s<\/h2>\n<table style=\"border-collapse: collapse; width: 80%; margin-left: auto; margin-right: auto;\" border=\"0\" width=\"80%\" cellspacing=\"0\" cellpadding=\"0\">\n<tbody>\n<tr style=\"height: 13.50pt;\">\n<td style=\"height: 13.50pt; width: 137.25pt;\" width=\"183\" height=\"18\">Caract\u00e9ristiques<\/td>\n<td style=\"width: 270.00pt;\" width=\"360\">Disponible aux deux extr\u00e9mit\u00e9s<\/td>\n<\/tr>\n<tr style=\"height: 13.50pt;\">\n<td style=\"height: 13.50pt;\" height=\"18\">Shape<\/td>\n<td>Rond<\/td>\n<\/tr>\n<tr style=\"height: 13.50pt;\">\n<td style=\"height: 13.50pt;\" height=\"18\">Material<\/td>\n<td>Verre sodocalcique sans plomb<\/td>\n<\/tr>\n<tr style=\"height: 13.50pt;\">\n<td style=\"height: 13.50pt;\" height=\"18\">Style<\/td>\n<td>moderne<\/td>\n<\/tr>\n<tr style=\"height: 13.50pt;\">\n<td style=\"height: 13.50pt;\" height=\"18\">Taille<\/td>\n<td>L&#039;image ci-dessus est l\u00e9gend\u00e9e<\/td>\n<\/tr>\n<tr style=\"height: 13.50pt;\">\n<td style=\"height: 13.50pt;\" height=\"18\">Traitement de surface<\/td>\n<td>En relief<\/td>\n<\/tr>\n<tr style=\"height: 13.50pt;\">\n<td style=\"height: 13.50pt;\" height=\"18\">Couleurs<\/td>\n<td>Transparent, ambre, vert, rose, gris<\/td>\n<\/tr>\n<tr style=\"height: 13.50pt;\">\n<td style=\"height: 13.50pt;\" height=\"18\">Options de personnalisation<\/td>\n<td>Couleur, taille, logo, accessoires, emballage<\/td>\n<\/tr>\n<\/tbody>\n<\/table>\n<h2>Applications<\/h2>\n<p>Cette \u00e9mission de t\u00e9l\u00e9vision vise deux objectifs. D&#039;une part, elle pr\u00e9sente des bougies piliers ou des bougies en petit contenant, et d&#039;autre part, des bougies coniques, permettant de r\u00e9pondre \u00e0 tous les besoins en mati\u00e8re de d\u00e9coration int\u00e9rieure, d&#039;h\u00f4tellerie, de mariage et de d\u00e9corations saisonni\u00e8res. La texture ornementale et la diversit\u00e9 des couleurs rendent ces produits adapt\u00e9s \u00e0 la vente au d\u00e9tail de bougies, aux boutiques d&#039;articles de d\u00e9coration, aux collections cadeaux et aux projets de d\u00e9coration \u00e9v\u00e9nementielle.<\/p>\n<h2>Suggestions des acheteurs B2B\u00a0: Personnalisation<\/h2>\n<ul>\n<li>Gravure, gaufrage ou s\u00e9rigraphie du logo.<\/li>\n<li>Cartons de marque, emballages personnalis\u00e9s (bo\u00eete cadeau, encart, bo\u00eete), et bo\u00eetes cadeaux, emballages personnalis\u00e9s (bo\u00eete cadeau, encart, bo\u00eete).<\/li>\n<li>La taille de la demande varie en fonction de la taille des bougies.<\/li>\n<li>Collections de d\u00e9tail. D\u00e9veloppement de marques priv\u00e9es.<\/li>\n<\/ul>\n<p>Cette s\u00e9rie privil\u00e9gie \u00e0 la fois l&#039;esth\u00e9tique du placement en magasin et les applications fonctionnelles des bougeoirs, offrant une excellente diff\u00e9renciation visuelle de la marque aux propri\u00e9taires de marques et aux grossistes.<\/p>","protected":false},"excerpt":{"rendered":"<p>Porte-bougies en verre \u00e0 double usage, disponibles en transparent, rose, ambre, vert et gris. Conviennent aux bougies piliers et coniques. Id\u00e9aux pour la vente au d\u00e9tail, la d\u00e9coration et les projets de marques priv\u00e9es.<\/p>","protected":false},"featured_media":4522,"template":"","meta":{"site-sidebar-layout":"default","site-content-layout":"","ast-site-content-layout":"default","site-content-style":"default","site-sidebar-style":"default","ast-global-header-display":"","ast-banner-title-visibility":"","ast-main-header-display":"","ast-hfb-above-header-display":"","ast-hfb-below-header-display":"","ast-hfb-mobile-header-display":"","site-post-title":"","ast-breadcrumbs-content":"","ast-featured-img":"","footer-sml-layout":"","theme-transparent-header-meta":"default","adv-header-id-meta":"","stick-header-meta":"","header-above-stick-meta":"","header-main-stick-meta":"","header-below-stick-meta":"","astra-migrate-meta-layouts":"set","ast-page-background-enabled":"default","ast-page-background-meta":{"desktop":{"background-color":"var(--ast-global-color-5)","background-image":"","background-repeat":"repeat","background-position":"center center","background-size":"auto","background-attachment":"scroll","background-type":"","background-media":"","overlay-type":"","overlay-color":"","overlay-opacity":"","overlay-gradient":""},"tablet":{"background-color":"","background-image":"","background-repeat":"repeat","background-position":"center center","background-size":"auto","background-attachment":"scroll","background-type":"","background-media":"","overlay-type":"","overlay-color":"","overlay-opacity":"","overlay-gradient":""},"mobile":{"background-color":"","background-image":"","background-repeat":"repeat","background-position":"center center","background-size":"auto","background-attachment":"scroll","background-type":"","background-media":"","overlay-type":"","overlay-color":"","overlay-opacity":"","overlay-gradient":""}},"ast-content-background-meta":{"desktop":{"background-color":"var(--ast-global-color-4)","background-image":"","background-repeat":"repeat","background-position":"center center","background-size":"auto","background-attachment":"scroll","background-type":"","background-media":"","overlay-type":"","overlay-color":"","overlay-opacity":"","overlay-gradient":""},"tablet":{"background-color":"var(--ast-global-color-4)","background-image":"","background-repeat":"repeat","background-position":"center center","background-size":"auto","background-attachment":"scroll","background-type":"","background-media":"","overlay-type":"","overlay-color":"","overlay-opacity":"","overlay-gradient":""},"mobile":{"background-color":"var(--ast-global-color-4)","background-image":"","background-repeat":"repeat","background-position":"center center","background-size":"auto","background-attachment":"scroll","background-type":"","background-media":"","overlay-type":"","overlay-color":"","overlay-opacity":"","overlay-gradient":""}}},"product_brand":[],"product_cat":[28,21],"product_tag":[],"class_list":{"0":"post-4521","1":"product","2":"type-product","3":"status-publish","4":"has-post-thumbnail","6":"product_cat-glass-candle-jars","7":"product_cat-product","8":"desktop-align-left","9":"tablet-align-left","10":"mobile-align-left","12":"first","13":"instock","14":"shipping-taxable","15":"product-type-simple"},"jetpack_sharing_enabled":true,"_links":{"self":[{"href":"https:\/\/mostebglass.com\/fr\/wp-json\/wp\/v2\/product\/4521","targetHints":{"allow":["GET"]}}],"collection":[{"href":"https:\/\/mostebglass.com\/fr\/wp-json\/wp\/v2\/product"}],"about":[{"href":"https:\/\/mostebglass.com\/fr\/wp-json\/wp\/v2\/types\/product"}],"wp:featuredmedia":[{"embeddable":true,"href":"https:\/\/mostebglass.com\/fr\/wp-json\/wp\/v2\/media\/4522"}],"wp:attachment":[{"href":"https:\/\/mostebglass.com\/fr\/wp-json\/wp\/v2\/media?parent=4521"}],"wp:term":[{"taxonomy":"product_brand","embeddable":true,"href":"https:\/\/mostebglass.com\/fr\/wp-json\/wp\/v2\/product_brand?post=4521"},{"taxonomy":"product_cat","embeddable":true,"href":"https:\/\/mostebglass.com\/fr\/wp-json\/wp\/v2\/product_cat?post=4521"},{"taxonomy":"product_tag","embeddable":true,"href":"https:\/\/mostebglass.com\/fr\/wp-json\/wp\/v2\/product_tag?post=4521"}],"curies":[{"name":"wp","href":"https:\/\/api.w.org\/{rel}","templated":true}]}}