{"id":516,"date":"2025-08-18T18:02:10","date_gmt":"2025-08-18T10:02:10","guid":{"rendered":"https:\/\/mostebglass.com\/?post_type=product&#038;p=516"},"modified":"2026-03-18T13:56:58","modified_gmt":"2026-03-18T05:56:58","slug":"reed-diffuser-bottles-polygon-bottom-style-wholesale","status":"publish","type":"product","link":"https:\/\/mostebglass.com\/fr\/reed-diffuser-bottles-polygon-bottom-style-wholesale\/","title":{"rendered":"Flacons diffuseurs \u00e0 b\u00e2tonnets de 120 ml, fond polygonal, vente en gros"},"content":{"rendered":"<h2>Pr\u00e9sentation du produit<\/h2>\n<p>Il vous faut un diffuseur en verre qui ne se contente pas de contenir des huiles essentielles\u00a0; il doit refl\u00e9ter votre marque. Ce diffuseur \u00e0 b\u00e2tonnets arbore un design \u00e9l\u00e9gant qui refl\u00e8te la lumi\u00e8re, cr\u00e9ant une exp\u00e9rience raffin\u00e9e et dynamique. C&#039;est la solution id\u00e9ale pour vos besoins de diffusion d&#039;huiles essentielles.<\/p>\n<h2>Caract\u00e9ristiques du produit<\/h2>\n<ul>\n<li>Verre de haute qualit\u00e9\u00a0: Nous utilisons un verre de haute qualit\u00e9 pour sa durabilit\u00e9 et sa clart\u00e9 cristalline\u00a0; vos huiles essentielles et parfums restent purs et font bel effet sur n\u2019importe quelle \u00e9tag\u00e8re.<\/li>\n<li>Con\u00e7u sur mesure pour Reed Depute\u00a0: l\u2019ouverture \u00e9troite maintient le roseau droit, r\u00e9duisant l\u2019\u00e9vaporation et assurant une meilleure tenue du parfum.<\/li>\n<li>Forme g\u00e9om\u00e9trique : La forme polygonale de la bouteille est unique, \u00e9l\u00e9gante et artistique, parfaite pour n&#039;importe quel espace.<\/li>\n<\/ul>\n<h2>Cas de r\u00e9ussite<\/h2>\n<p>Nos flacons diffuseurs en verre transparent de 120 ml ont \u00e9t\u00e9 choisis par une entreprise internationale de d\u00e9coration d&#039;int\u00e9rieur bas\u00e9e aux Pays-Bas. Concernant la personnalisation, le client a opt\u00e9 pour un bouchon en silicone sur mesure, astucieusement dissimul\u00e9 dans le goulot, plut\u00f4t que pour un bouchon standard. Ce bouchon maintient les tiges de diffusion en place tout en pr\u00e9servant l&#039;esth\u00e9tique minimaliste et \u00e9pur\u00e9e du flacon. Les tiges elles-m\u00eames ont \u00e9t\u00e9 revisit\u00e9es\u00a0: elles associent des tiges droites \u00e0 des extr\u00e9mit\u00e9s florales ornementales, apportant ainsi une richesse visuelle et une texture suppl\u00e9mentaires au produit.<\/p>\n<p>D\u00e8s son lancement, la s\u00e9rie a enregistr\u00e9 une croissance de 29 % de ses ventes au d\u00e9tail au cours du premier trimestre. Face \u00e0 un tel succ\u00e8s commercial, le client a pass\u00e9 quatre nouvelles commandes cons\u00e9cutives au cours des sept mois suivants.<\/p>\n<h2>Vous souhaitez personnaliser ce flacon diffuseur \u00e0 roseaux ?<\/h2>\n<p>Vous avez le choix, de vraies options. Envie d&#039;une finition anodis\u00e9e noire mate avec un logo dor\u00e9 estamp\u00e9 \u00e0 chaud\u00a0? Aucun probl\u00e8me. Envie d&#039;une berline personnalis\u00e9e avec des plaques d&#039;immatriculation et des \u00e9tiquettes color\u00e9es\u00a0? Facile. Du verre color\u00e9 sur mesure\u00a0? Aucun probl\u00e8me\u00a0! C&#039;est une fa\u00e7on de personnaliser votre collection de flacons diffuseurs \u00e0 b\u00e2tonnets. M\u00eame le bouchon peut \u00eatre personnalis\u00e9 selon la couleur de votre choix\u00a0: bois, m\u00e9tal ou plastique.<\/p>\n<p>Bien plus qu&#039;un simple bocal ou un contenant ordinaire, c&#039;est la bouteille en verre embl\u00e9matique de votre marque. Envie de la tester ou de passer une commande en gros\u00a0? Confiez-nous le lancement de votre prochain produit et faites-en un \u00e9v\u00e9nement inoubliable.<\/p>","protected":false},"excerpt":{"rendered":"<p>Flacons diffuseurs d&#039;huiles essentielles de haute qualit\u00e9, disponibles en gros, ainsi que des marques de d\u00e9coration int\u00e9rieure. Flacons en verre personnalisables pour les commandes en gros. \u00c9chantillons gratuits.<\/p>","protected":false},"featured_media":4803,"template":"","meta":{"site-sidebar-layout":"default","site-content-layout":"","ast-site-content-layout":"default","site-content-style":"default","site-sidebar-style":"default","ast-global-header-display":"","ast-banner-title-visibility":"","ast-main-header-display":"","ast-hfb-above-header-display":"","ast-hfb-below-header-display":"","ast-hfb-mobile-header-display":"","site-post-title":"","ast-breadcrumbs-content":"","ast-featured-img":"","footer-sml-layout":"","theme-transparent-header-meta":"default","adv-header-id-meta":"","stick-header-meta":"","header-above-stick-meta":"","header-main-stick-meta":"","header-below-stick-meta":"","astra-migrate-meta-layouts":"set","ast-page-background-enabled":"default","ast-page-background-meta":{"desktop":{"background-color":"var(--ast-global-color-5)","background-image":"","background-repeat":"repeat","background-position":"center center","background-size":"auto","background-attachment":"scroll","background-type":"","background-media":"","overlay-type":"","overlay-color":"","overlay-opacity":"","overlay-gradient":""},"tablet":{"background-color":"","background-image":"","background-repeat":"repeat","background-position":"center center","background-size":"auto","background-attachment":"scroll","background-type":"","background-media":"","overlay-type":"","overlay-color":"","overlay-opacity":"","overlay-gradient":""},"mobile":{"background-color":"","background-image":"","background-repeat":"repeat","background-position":"center center","background-size":"auto","background-attachment":"scroll","background-type":"","background-media":"","overlay-type":"","overlay-color":"","overlay-opacity":"","overlay-gradient":""}},"ast-content-background-meta":{"desktop":{"background-color":"var(--ast-global-color-4)","background-image":"","background-repeat":"repeat","background-position":"center center","background-size":"auto","background-attachment":"scroll","background-type":"","background-media":"","overlay-type":"","overlay-color":"","overlay-opacity":"","overlay-gradient":""},"tablet":{"background-color":"var(--ast-global-color-4)","background-image":"","background-repeat":"repeat","background-position":"center center","background-size":"auto","background-attachment":"scroll","background-type":"","background-media":"","overlay-type":"","overlay-color":"","overlay-opacity":"","overlay-gradient":""},"mobile":{"background-color":"var(--ast-global-color-4)","background-image":"","background-repeat":"repeat","background-position":"center center","background-size":"auto","background-attachment":"scroll","background-type":"","background-media":"","overlay-type":"","overlay-color":"","overlay-opacity":"","overlay-gradient":""}}},"product_brand":[],"product_cat":[54],"product_tag":[],"class_list":{"0":"post-516","1":"product","2":"type-product","3":"status-publish","4":"has-post-thumbnail","6":"product_cat-reed-diffuser-bottles","7":"desktop-align-left","8":"tablet-align-left","9":"mobile-align-left","11":"first","12":"instock","13":"shipping-taxable","14":"product-type-simple"},"jetpack_sharing_enabled":true,"_links":{"self":[{"href":"https:\/\/mostebglass.com\/fr\/wp-json\/wp\/v2\/product\/516","targetHints":{"allow":["GET"]}}],"collection":[{"href":"https:\/\/mostebglass.com\/fr\/wp-json\/wp\/v2\/product"}],"about":[{"href":"https:\/\/mostebglass.com\/fr\/wp-json\/wp\/v2\/types\/product"}],"wp:featuredmedia":[{"embeddable":true,"href":"https:\/\/mostebglass.com\/fr\/wp-json\/wp\/v2\/media\/4803"}],"wp:attachment":[{"href":"https:\/\/mostebglass.com\/fr\/wp-json\/wp\/v2\/media?parent=516"}],"wp:term":[{"taxonomy":"product_brand","embeddable":true,"href":"https:\/\/mostebglass.com\/fr\/wp-json\/wp\/v2\/product_brand?post=516"},{"taxonomy":"product_cat","embeddable":true,"href":"https:\/\/mostebglass.com\/fr\/wp-json\/wp\/v2\/product_cat?post=516"},{"taxonomy":"product_tag","embeddable":true,"href":"https:\/\/mostebglass.com\/fr\/wp-json\/wp\/v2\/product_tag?post=516"}],"curies":[{"name":"wp","href":"https:\/\/api.w.org\/{rel}","templated":true}]}}