{"id":531,"date":"2025-08-18T18:02:22","date_gmt":"2025-08-18T10:02:22","guid":{"rendered":"https:\/\/mostebglass.com\/?post_type=product&#038;p=531"},"modified":"2026-03-16T15:30:23","modified_gmt":"2026-03-16T07:30:23","slug":"reed-diffuser-bottles-with-patterned-glass-bulk","status":"publish","type":"product","link":"https:\/\/mostebglass.com\/fr\/reed-diffuser-bottles-with-patterned-glass-bulk\/","title":{"rendered":"Flacons diffuseurs \u00e0 roseaux transparents de 120 ml en verre \u00e0 motifs (vente en gros)"},"content":{"rendered":"<p>Vous n&#039;achetez pas seulement un diffuseur, vous cr\u00e9ez une marque. Chaque d\u00e9tail compte, de la r\u00e9duction de la quantit\u00e9 de verre \u00e0 la diffusion du parfum \u00e0 travers la tige. C&#039;est pourquoi ce flacon diffuseur arbore une forme arrondie et douce, un corps l\u00e9g\u00e8rement \u00e9vas\u00e9 et un col fin. Le flacon transparent pr\u00e9sente un motif sophistiqu\u00e9, \u00e0 la fois discret et saisissant. Il se distingue nettement des diffuseurs classiques.<\/p>\n<h2>Caract\u00e9ristiques du produit<\/h2>\n<ul>\n<li><strong>Mat\u00e9riau transparent :<\/strong> Fabriqu\u00e9 en verre transparent, le liquide diffuseur est parfaitement visible, offrant une exp\u00e9rience visuelle nette et limpide.<\/li>\n<li><strong>Finition textur\u00e9e \u00e9l\u00e9gante :<\/strong> Le motif d\u00e9coratif sur le verre ajoute de la profondeur et du luxe\u00a0; votre diffuseur d\u2019huiles essentielles atteint un niveau optimal sans para\u00eetre trop ostentatoire.<\/li>\n<li><strong>Conception stable et pratique\u00a0:<\/strong> Sa large base emp\u00eache tout basculement. Son col \u00e9troit maintient fermement la tige du diffuseur et r\u00e9duit l&#039;\u00e9vaporation, optimisant ainsi la diffusion des ar\u00f4mes et minimisant les risques de d\u00e9versement.<\/li>\n<\/ul>\n<h2>Comment une marque a r\u00e9invent\u00e9 sa gamme de produits<\/h2>\n<p>Nos flacons diffuseurs en verre gaufr\u00e9 de 120 ml ont \u00e9t\u00e9 s\u00e9lectionn\u00e9s par une marque italienne de parfums d&#039;int\u00e9rieur. Celle-ci a soulign\u00e9 l&#039;importance d&#039;un verre d&#039;une grande clart\u00e9, orn\u00e9 d&#039;un motif floral en relief profond. Le design comprend un logo de la marque estamp\u00e9 \u00e0 la feuille d&#039;or sur l&#039;\u00e9paule du flacon, des tiges de diffusion en rotin naturel et une collerette en aluminium dor\u00e9 mat.<br \/>\nAvec le lancement de cette nouvelle gamme de diffuseurs, les ventes saisonni\u00e8res ont enregistr\u00e9 une croissance impressionnante de 32 % au cours des quatre premiers mois. D\u00e8s la premi\u00e8re ann\u00e9e suivant la commercialisation du produit, le client a pass\u00e9 quatre commandes importantes cons\u00e9cutives.<\/p>\n<h2>Vous recherchez une personnalisation ? C&#039;est ici que vous pouvez briller.<\/h2>\n<p>Cette bouteille est personnalisable. Sa surface textur\u00e9e peut m\u00eame sublimer certaines finitions. Essayez celles-ci\u00a0:<\/p>\n<p>Les options de personnalisation incluent le marquage \u00e0 chaud (id\u00e9al pour un logo \u00e9l\u00e9gant), les \u00e9tiquettes (parfaites pour les \u00e9ditions limit\u00e9es) et des bouchons sophistiqu\u00e9s (en bois, bambou ou m\u00e9tal). La conception assure une diffusion lente et stable du parfum pour une exp\u00e9rience olfactive prolong\u00e9e. Parfait pour les nouveaux produits ou la modernisation des emballages de diffuseurs existants.<\/p>","protected":false},"excerpt":{"rendered":"<p>Flacons diffuseurs \u00e0 b\u00e2tonnets personnalis\u00e9s en gros \u2013 Des mod\u00e8les de haute qualit\u00e9 et durables, con\u00e7us pour les produits aromatiques et la d\u00e9coration int\u00e9rieure. \u00c9chantillons gratuits.<\/p>","protected":false},"featured_media":4784,"template":"","meta":{"site-sidebar-layout":"default","site-content-layout":"","ast-site-content-layout":"default","site-content-style":"default","site-sidebar-style":"default","ast-global-header-display":"","ast-banner-title-visibility":"","ast-main-header-display":"","ast-hfb-above-header-display":"","ast-hfb-below-header-display":"","ast-hfb-mobile-header-display":"","site-post-title":"","ast-breadcrumbs-content":"","ast-featured-img":"","footer-sml-layout":"","theme-transparent-header-meta":"default","adv-header-id-meta":"","stick-header-meta":"","header-above-stick-meta":"","header-main-stick-meta":"","header-below-stick-meta":"","astra-migrate-meta-layouts":"set","ast-page-background-enabled":"default","ast-page-background-meta":{"desktop":{"background-color":"var(--ast-global-color-5)","background-image":"","background-repeat":"repeat","background-position":"center center","background-size":"auto","background-attachment":"scroll","background-type":"","background-media":"","overlay-type":"","overlay-color":"","overlay-opacity":"","overlay-gradient":""},"tablet":{"background-color":"","background-image":"","background-repeat":"repeat","background-position":"center center","background-size":"auto","background-attachment":"scroll","background-type":"","background-media":"","overlay-type":"","overlay-color":"","overlay-opacity":"","overlay-gradient":""},"mobile":{"background-color":"","background-image":"","background-repeat":"repeat","background-position":"center center","background-size":"auto","background-attachment":"scroll","background-type":"","background-media":"","overlay-type":"","overlay-color":"","overlay-opacity":"","overlay-gradient":""}},"ast-content-background-meta":{"desktop":{"background-color":"var(--ast-global-color-4)","background-image":"","background-repeat":"repeat","background-position":"center center","background-size":"auto","background-attachment":"scroll","background-type":"","background-media":"","overlay-type":"","overlay-color":"","overlay-opacity":"","overlay-gradient":""},"tablet":{"background-color":"var(--ast-global-color-4)","background-image":"","background-repeat":"repeat","background-position":"center center","background-size":"auto","background-attachment":"scroll","background-type":"","background-media":"","overlay-type":"","overlay-color":"","overlay-opacity":"","overlay-gradient":""},"mobile":{"background-color":"var(--ast-global-color-4)","background-image":"","background-repeat":"repeat","background-position":"center center","background-size":"auto","background-attachment":"scroll","background-type":"","background-media":"","overlay-type":"","overlay-color":"","overlay-opacity":"","overlay-gradient":""}}},"product_brand":[],"product_cat":[54],"product_tag":[],"class_list":{"0":"post-531","1":"product","2":"type-product","3":"status-publish","4":"has-post-thumbnail","6":"product_cat-reed-diffuser-bottles","7":"desktop-align-left","8":"tablet-align-left","9":"mobile-align-left","11":"first","12":"instock","13":"shipping-taxable","14":"product-type-simple"},"jetpack_sharing_enabled":true,"_links":{"self":[{"href":"https:\/\/mostebglass.com\/fr\/wp-json\/wp\/v2\/product\/531","targetHints":{"allow":["GET"]}}],"collection":[{"href":"https:\/\/mostebglass.com\/fr\/wp-json\/wp\/v2\/product"}],"about":[{"href":"https:\/\/mostebglass.com\/fr\/wp-json\/wp\/v2\/types\/product"}],"wp:featuredmedia":[{"embeddable":true,"href":"https:\/\/mostebglass.com\/fr\/wp-json\/wp\/v2\/media\/4784"}],"wp:attachment":[{"href":"https:\/\/mostebglass.com\/fr\/wp-json\/wp\/v2\/media?parent=531"}],"wp:term":[{"taxonomy":"product_brand","embeddable":true,"href":"https:\/\/mostebglass.com\/fr\/wp-json\/wp\/v2\/product_brand?post=531"},{"taxonomy":"product_cat","embeddable":true,"href":"https:\/\/mostebglass.com\/fr\/wp-json\/wp\/v2\/product_cat?post=531"},{"taxonomy":"product_tag","embeddable":true,"href":"https:\/\/mostebglass.com\/fr\/wp-json\/wp\/v2\/product_tag?post=531"}],"curies":[{"name":"wp","href":"https:\/\/api.w.org\/{rel}","templated":true}]}}