{"id":539,"date":"2025-08-18T18:02:43","date_gmt":"2025-08-18T10:02:43","guid":{"rendered":"https:\/\/mostebglass.com\/?post_type=product&#038;p=539"},"modified":"2026-03-13T14:04:46","modified_gmt":"2026-03-13T06:04:46","slug":"clear-glass-diffuser-bottle-with-ribbed-texture-wholesale","status":"publish","type":"product","link":"https:\/\/mostebglass.com\/fr\/clear-glass-diffuser-bottle-with-ribbed-texture-wholesale\/","title":{"rendered":"Flacon diffuseur en verre transparent de 120 ml \u00e0 texture c\u00f4tel\u00e9e, vente en gros"},"content":{"rendered":"<p>Que vous lanciez une nouvelle gamme de produits ou renouveliez l&#039;emballage de votre diffuseur, ce diffuseur pr\u00e9sente une forme douce, plate et ronde, sillonn\u00e9e de haut en bas par des rainures verticales distinctes. Sa surface textur\u00e9e retient la lumi\u00e8re comme le givre matinal sur la vitre, ce qui le rend remarquable.<\/p>\n<h2>Caract\u00e9ristiques du produit<\/h2>\n<ul>\n<li><span aria-haspopup=\"dialog\" aria-expanded=\"false\" aria-controls=\"radix-_r_3k_\" data-state=\"closed\" data-slot=\"popover-trigger\"><strong>Personnalisation de la couleur du verre\u00a0:<\/strong> Le corps des bouteilles peut \u00eatre r\u00e9alis\u00e9 dans diff\u00e9rentes couleurs, notamment ambre, gris fum\u00e9, transparent, vert olive ou noir mat.<\/span> <span aria-haspopup=\"dialog\" aria-expanded=\"false\" aria-controls=\"radix-_r_3l_\" data-state=\"closed\" data-slot=\"popover-trigger\">Il est \u00e9galement possible de cr\u00e9er des couleurs personnalis\u00e9es pour correspondre \u00e0 l&#039;image de marque ou aux collections de parfums saisonniers.<\/span><\/li>\n<li><span aria-haspopup=\"dialog\" aria-expanded=\"false\" aria-controls=\"radix-_r_3m_\" data-state=\"closed\" data-slot=\"popover-trigger\"><strong>Finition des couvercles :<\/strong> L&#039;anneau ou le capuchon peut \u00eatre command\u00e9 en or, or rose, noir mat, argent bross\u00e9 ou aluminium imitation bois pour mieux correspondre au th\u00e8me du parfum.<\/span><\/li>\n<li><span aria-haspopup=\"dialog\" aria-expanded=\"false\" aria-controls=\"radix-_r_3n_\" data-state=\"closed\" data-slot=\"popover-trigger\"><strong>Impression:<\/strong> Le logo de la marque ou le nom du parfum peuvent \u00eatre int\u00e9gr\u00e9s par s\u00e9rigraphie, marquage \u00e0 chaud, impression UV ou moulage en verre en relief afin de rendre la marque encore plus unique.<\/span><\/li>\n<\/ul>\n<h2>Comment une marque a modernis\u00e9 sa gamme de parfums<\/h2>\n<p>Une entreprise de diffuseurs \u00e0 roseaux en bouteille de taille moyenne perdait de la place en rayon au profit de concurrents plus \u00e9l\u00e9gants. Leur ancien flacon avait l&#039;air plat, comme des bouteilles de jus recycl\u00e9es avec des roseaux plant\u00e9s dedans. L&#039;entreprise a opt\u00e9 pour ces flacons en verre stri\u00e9. Elle a ajout\u00e9 un logo s\u00e9rigraphi\u00e9 noir doux et un bouchon noir mat. La bouteille a \u00e9t\u00e9 conserv\u00e9e transparente pour mettre en valeur son huile pour diffuseur \u00e0 roseaux en bouteille dor\u00e9e. R\u00e9sultat\u00a0? Les d\u00e9taillants ont trouv\u00e9 le flacon \u00ab\u00a0semble cher\u00a0\u00bb. Les clients s&#039;arr\u00eataient pour le toucher. Ce petit moment de connexion a augment\u00e9 les taux de conversion de pr\u00e8s de 30\u00a0%.<\/p>\n<h2>Envie de personnaliser\u00a0? Voici par o\u00f9 commencer.<\/h2>\n<ol>\n<li><strong>S\u00e9rigraphie :<\/strong> Un marquage \u00e9pur\u00e9 et durable. Id\u00e9al pour des textes minimalistes ou des motifs complexes.<\/li>\n<li><strong>Finitions givr\u00e9es ou rev\u00eatues\u00a0:<\/strong> Vaporisation mate sur verre transparent\u00a0? Une \u00e9l\u00e9gance fum\u00e9e. Vous pouvez aussi peindre l\u2019int\u00e9gralit\u00e9 du flacon dans votre couleur pr\u00e9f\u00e9r\u00e9e, comme le gris, l\u2019or ou le transparent, pour l\u2019assortir \u00e0 votre collection de parfums.<\/li>\n<li><span aria-haspopup=\"dialog\" aria-expanded=\"false\" aria-controls=\"radix-_r_3o_\" data-state=\"closed\" data-slot=\"popover-trigger\"><strong>S\u00e9lection du type d&#039;anche :<\/strong> C&#039;est ici que sont propos\u00e9s les diff\u00e9rents types de diffuseurs \u00e0 roseaux, \u00e0 savoir les roseaux en rotin naturel, les roseaux en fibre noire, les roseaux m\u00e9talliques spiral\u00e9s ou les roseaux en forme de fleur, pour s&#039;adapter \u00e0 diff\u00e9rents styles de parfums.<\/span><\/li>\n<\/ol>","protected":false},"excerpt":{"rendered":"<p>Flacons et b\u00e2tonnets diffuseurs de qualit\u00e9 sup\u00e9rieure, emballages personnalisables pour diffuseurs d&#039;ar\u00f4mes, de spa et grossistes en flacons diffuseurs. \u00c9chantillons gratuits.<\/p>","protected":false},"featured_media":4749,"template":"","meta":{"site-sidebar-layout":"default","site-content-layout":"","ast-site-content-layout":"default","site-content-style":"default","site-sidebar-style":"default","ast-global-header-display":"","ast-banner-title-visibility":"","ast-main-header-display":"","ast-hfb-above-header-display":"","ast-hfb-below-header-display":"","ast-hfb-mobile-header-display":"","site-post-title":"","ast-breadcrumbs-content":"","ast-featured-img":"","footer-sml-layout":"","theme-transparent-header-meta":"default","adv-header-id-meta":"","stick-header-meta":"","header-above-stick-meta":"","header-main-stick-meta":"","header-below-stick-meta":"","astra-migrate-meta-layouts":"set","ast-page-background-enabled":"default","ast-page-background-meta":{"desktop":{"background-color":"var(--ast-global-color-5)","background-image":"","background-repeat":"repeat","background-position":"center center","background-size":"auto","background-attachment":"scroll","background-type":"","background-media":"","overlay-type":"","overlay-color":"","overlay-opacity":"","overlay-gradient":""},"tablet":{"background-color":"","background-image":"","background-repeat":"repeat","background-position":"center center","background-size":"auto","background-attachment":"scroll","background-type":"","background-media":"","overlay-type":"","overlay-color":"","overlay-opacity":"","overlay-gradient":""},"mobile":{"background-color":"","background-image":"","background-repeat":"repeat","background-position":"center center","background-size":"auto","background-attachment":"scroll","background-type":"","background-media":"","overlay-type":"","overlay-color":"","overlay-opacity":"","overlay-gradient":""}},"ast-content-background-meta":{"desktop":{"background-color":"var(--ast-global-color-4)","background-image":"","background-repeat":"repeat","background-position":"center center","background-size":"auto","background-attachment":"scroll","background-type":"","background-media":"","overlay-type":"","overlay-color":"","overlay-opacity":"","overlay-gradient":""},"tablet":{"background-color":"var(--ast-global-color-4)","background-image":"","background-repeat":"repeat","background-position":"center center","background-size":"auto","background-attachment":"scroll","background-type":"","background-media":"","overlay-type":"","overlay-color":"","overlay-opacity":"","overlay-gradient":""},"mobile":{"background-color":"var(--ast-global-color-4)","background-image":"","background-repeat":"repeat","background-position":"center center","background-size":"auto","background-attachment":"scroll","background-type":"","background-media":"","overlay-type":"","overlay-color":"","overlay-opacity":"","overlay-gradient":""}}},"product_brand":[],"product_cat":[54],"product_tag":[],"class_list":{"0":"post-539","1":"product","2":"type-product","3":"status-publish","4":"has-post-thumbnail","6":"product_cat-reed-diffuser-bottles","7":"desktop-align-left","8":"tablet-align-left","9":"mobile-align-left","11":"first","12":"instock","13":"shipping-taxable","14":"product-type-simple"},"jetpack_sharing_enabled":true,"_links":{"self":[{"href":"https:\/\/mostebglass.com\/fr\/wp-json\/wp\/v2\/product\/539","targetHints":{"allow":["GET"]}}],"collection":[{"href":"https:\/\/mostebglass.com\/fr\/wp-json\/wp\/v2\/product"}],"about":[{"href":"https:\/\/mostebglass.com\/fr\/wp-json\/wp\/v2\/types\/product"}],"wp:featuredmedia":[{"embeddable":true,"href":"https:\/\/mostebglass.com\/fr\/wp-json\/wp\/v2\/media\/4749"}],"wp:attachment":[{"href":"https:\/\/mostebglass.com\/fr\/wp-json\/wp\/v2\/media?parent=539"}],"wp:term":[{"taxonomy":"product_brand","embeddable":true,"href":"https:\/\/mostebglass.com\/fr\/wp-json\/wp\/v2\/product_brand?post=539"},{"taxonomy":"product_cat","embeddable":true,"href":"https:\/\/mostebglass.com\/fr\/wp-json\/wp\/v2\/product_cat?post=539"},{"taxonomy":"product_tag","embeddable":true,"href":"https:\/\/mostebglass.com\/fr\/wp-json\/wp\/v2\/product_tag?post=539"}],"curies":[{"name":"wp","href":"https:\/\/api.w.org\/{rel}","templated":true}]}}