{"id":558,"date":"2025-08-19T11:29:06","date_gmt":"2025-08-19T03:29:06","guid":{"rendered":"https:\/\/mostebglass.com\/?post_type=product&#038;p=558"},"modified":"2026-02-26T18:08:14","modified_gmt":"2026-02-26T10:08:14","slug":"25ml-48ml-flat-rim-mini-glass-candle-jars-for-wholesale","status":"publish","type":"product","link":"https:\/\/mostebglass.com\/fr\/25ml-48ml-flat-rim-mini-glass-candle-jars-for-wholesale\/","title":{"rendered":"25ml 48ml Flat Rim Mini Glass Candle Jars for Wholesale"},"content":{"rendered":"<p>The 25ml and 48ml mini glass candle jars have a clean cylindrical shape with straight smooth sides and a thick weighted base for extra stability. Made with high-clarity transparent glass, the jars have a minimalist and modern look conforming to their decorative or functional use.<\/p>\n<p>The size of 25ml is 37x45x28 mm and that of 48ml is 45x39x53 mm. Both mini glass jars have been made with a flat rim and smooth, non-threaded mouth making them particularly suitable for candle production and easy lid pairing.<\/p>\n<h2>Sp\u00e9cifications cl\u00e9s<\/h2>\n<table style=\"border-collapse: collapse; width: 80%; margin-left: auto; margin-right: auto;\" border=\"0\" width=\"80%\" cellspacing=\"0\" cellpadding=\"0\">\n<tbody>\n<tr style=\"height: 13.50pt;\">\n<td style=\"height: 13.50pt;\" height=\"18\">Capacit\u00e9<\/td>\n<td>25ml ( 37*45*28mm ) \/48ml ( 45*39*53mm )<\/td>\n<\/tr>\n<tr style=\"height: 13.50pt;\">\n<td style=\"height: 13.50pt;\" height=\"18\">Material<\/td>\n<td>Verre sodocalcique sans plomb<\/td>\n<\/tr>\n<tr style=\"height: 13.50pt;\">\n<td style=\"height: 13.50pt;\" height=\"18\">Options de personnalisation<\/td>\n<td>Color, capacity, size, label, logo, surface finish, accessories.<\/td>\n<\/tr>\n<\/tbody>\n<\/table>\n<h2>Application<\/h2>\n<p>Beyond candle use, these flat rim glass jars can also serve as mini shot glasses, tasting cups, samples, or small dessert serving cups, making them versatile in the hospitality, retail, gift set, and promotional packaging field.<\/p>\n<h2>Conseils de retouche<\/h2>\n<ol>\n<li><strong>Inserts pour couvercles de pots de bougies \u00e9cologiques, vendus en gros\u00a0:<\/strong>Nous proposons un couvercle de fermeture en silicone biod\u00e9gradable. Il s\u00e9duira les grossistes et les acheteurs qui privil\u00e9gient la stabilit\u00e9 sans compromettre la qualit\u00e9 et la durabilit\u00e9.<\/li>\n<li><strong>Code QR int\u00e9gr\u00e9 pour r\u00e9pondre aux questions fr\u00e9quemment pos\u00e9es\u00a0:<\/strong>Vous pourriez perdre un code QR sur le couvercle du pot, qui renvoie \u00e0 la culture d&#039;entreprise de votre soci\u00e9t\u00e9. Cela permet aux acheteurs de d\u00e9couvrir votre fabrication de bougies et l&#039;histoire de votre entreprise, ce qui augmente leur envie d&#039;acheter.<\/li>\n<\/ol>","protected":false},"excerpt":{"rendered":"<p>25ml and 48ml flat rim mini glass candle jars, compatible with bamboo or metal lids. Ideal for mini candles, gift sets, retail, and bulk production.<\/p>","protected":false},"featured_media":4498,"template":"","meta":{"site-sidebar-layout":"default","site-content-layout":"","ast-site-content-layout":"default","site-content-style":"default","site-sidebar-style":"default","ast-global-header-display":"","ast-banner-title-visibility":"","ast-main-header-display":"","ast-hfb-above-header-display":"","ast-hfb-below-header-display":"","ast-hfb-mobile-header-display":"","site-post-title":"","ast-breadcrumbs-content":"","ast-featured-img":"","footer-sml-layout":"","theme-transparent-header-meta":"default","adv-header-id-meta":"","stick-header-meta":"","header-above-stick-meta":"","header-main-stick-meta":"","header-below-stick-meta":"","astra-migrate-meta-layouts":"set","ast-page-background-enabled":"default","ast-page-background-meta":{"desktop":{"background-color":"var(--ast-global-color-5)","background-image":"","background-repeat":"repeat","background-position":"center center","background-size":"auto","background-attachment":"scroll","background-type":"","background-media":"","overlay-type":"","overlay-color":"","overlay-opacity":"","overlay-gradient":""},"tablet":{"background-color":"","background-image":"","background-repeat":"repeat","background-position":"center center","background-size":"auto","background-attachment":"scroll","background-type":"","background-media":"","overlay-type":"","overlay-color":"","overlay-opacity":"","overlay-gradient":""},"mobile":{"background-color":"","background-image":"","background-repeat":"repeat","background-position":"center center","background-size":"auto","background-attachment":"scroll","background-type":"","background-media":"","overlay-type":"","overlay-color":"","overlay-opacity":"","overlay-gradient":""}},"ast-content-background-meta":{"desktop":{"background-color":"var(--ast-global-color-4)","background-image":"","background-repeat":"repeat","background-position":"center center","background-size":"auto","background-attachment":"scroll","background-type":"","background-media":"","overlay-type":"","overlay-color":"","overlay-opacity":"","overlay-gradient":""},"tablet":{"background-color":"var(--ast-global-color-4)","background-image":"","background-repeat":"repeat","background-position":"center center","background-size":"auto","background-attachment":"scroll","background-type":"","background-media":"","overlay-type":"","overlay-color":"","overlay-opacity":"","overlay-gradient":""},"mobile":{"background-color":"var(--ast-global-color-4)","background-image":"","background-repeat":"repeat","background-position":"center center","background-size":"auto","background-attachment":"scroll","background-type":"","background-media":"","overlay-type":"","overlay-color":"","overlay-opacity":"","overlay-gradient":""}}},"product_brand":[],"product_cat":[28,21],"product_tag":[],"class_list":{"0":"post-558","1":"product","2":"type-product","3":"status-publish","4":"has-post-thumbnail","6":"product_cat-glass-candle-jars","7":"product_cat-product","8":"desktop-align-left","9":"tablet-align-left","10":"mobile-align-left","12":"first","13":"instock","14":"shipping-taxable","15":"product-type-simple"},"jetpack_sharing_enabled":true,"_links":{"self":[{"href":"https:\/\/mostebglass.com\/fr\/wp-json\/wp\/v2\/product\/558","targetHints":{"allow":["GET"]}}],"collection":[{"href":"https:\/\/mostebglass.com\/fr\/wp-json\/wp\/v2\/product"}],"about":[{"href":"https:\/\/mostebglass.com\/fr\/wp-json\/wp\/v2\/types\/product"}],"wp:featuredmedia":[{"embeddable":true,"href":"https:\/\/mostebglass.com\/fr\/wp-json\/wp\/v2\/media\/4498"}],"wp:attachment":[{"href":"https:\/\/mostebglass.com\/fr\/wp-json\/wp\/v2\/media?parent=558"}],"wp:term":[{"taxonomy":"product_brand","embeddable":true,"href":"https:\/\/mostebglass.com\/fr\/wp-json\/wp\/v2\/product_brand?post=558"},{"taxonomy":"product_cat","embeddable":true,"href":"https:\/\/mostebglass.com\/fr\/wp-json\/wp\/v2\/product_cat?post=558"},{"taxonomy":"product_tag","embeddable":true,"href":"https:\/\/mostebglass.com\/fr\/wp-json\/wp\/v2\/product_tag?post=558"}],"curies":[{"name":"wp","href":"https:\/\/api.w.org\/{rel}","templated":true}]}}