{"id":565,"date":"2025-08-19T13:48:58","date_gmt":"2025-08-19T05:48:58","guid":{"rendered":"https:\/\/mostebglass.com\/?post_type=product&#038;p=565"},"modified":"2026-01-29T13:37:43","modified_gmt":"2026-01-29T05:37:43","slug":"135ml-empty-candle-jars-with-lids-custom-glass-candle-jar-manufacturer","status":"publish","type":"product","link":"https:\/\/mostebglass.com\/fr\/135ml-empty-candle-jars-with-lids-custom-glass-candle-jar-manufacturer\/","title":{"rendered":"Pots \u00e0 bougies vides de 135 ml avec couvercles | Fabricant de pots \u00e0 bougies en verre sur mesure"},"content":{"rendered":"<p>Avec leur profil \u00e9l\u00e9gant et moderne, nos coupelles \u00e0 bougie vides de 135 ml, munies de couvercles, sont id\u00e9ales pour les bougies de grandes marques et la diffusion de parfums d&#039;int\u00e9rieur. Leur forme cylindrique droite, avec un bord lisse et une base \u00e9paisse et solide, est sublim\u00e9e par la transparence du verre. La couleur et la flamme de la bougie s&#039;y int\u00e8grent parfaitement, que ce soit dans un d\u00e9cor minimaliste ou d\u00e9coratif.<\/p>\n<div style=\"text-align: center;\"><img fetchpriority=\"high\" decoding=\"async\" class=\"\" src=\"https:\/\/mostebglass.com\/wp-content\/uploads\/2025\/08\/colored-empty-candle-jars-with-lids.webp\" alt=\"colored empty candle jars with lids\" width=\"434\" height=\"434\" \/><\/div>\n<h2>Utilisations suppl\u00e9mentaires<\/h2>\n<p>Outre les bougies, ce r\u00e9cipient peut \u00e9galement servir \u00e0 :<\/p>\n<ul>\n<li>Un petit pot de rangement d\u00e9coratif<\/li>\n<li>Un mini vase \u00e0 fleurs<\/li>\n<li>Un contenant d\u00e9coratif pour la maison<\/li>\n<\/ul>\n<p>This versatility adds extra value for brands targeting lifestyle or gift markets.<\/p>\n<h2>Sp\u00e9cifications cl\u00e9s<\/h2>\n<table style=\"border-collapse: collapse; width: 80%; margin-left: auto; margin-right: auto;\" border=\"0\" width=\"80%\" cellspacing=\"0\" cellpadding=\"0\">\n<tbody>\n<tr style=\"height: 13.50pt;\">\n<td style=\"height: 13.50pt; width: 183.00pt;\" width=\"244\" height=\"18\"><strong>Fonctionnalit\u00e9<\/strong><\/td>\n<td style=\"width: 414.00pt;\" width=\"552\"><strong>D\u00e9tails<\/strong><\/td>\n<\/tr>\n<tr style=\"height: 13.50pt;\">\n<td style=\"height: 13.50pt;\" height=\"18\">Capacit\u00e9<\/td>\n<td>135 ml<\/td>\n<\/tr>\n<tr style=\"height: 13.50pt;\">\n<td style=\"height: 13.50pt;\" height=\"18\">diam\u00e8tre de la bouche<\/td>\n<td>60 mm<\/td>\n<\/tr>\n<tr style=\"height: 13.50pt;\">\n<td style=\"height: 13.50pt;\" height=\"18\">Hauteur<\/td>\n<td>85 mm<\/td>\n<\/tr>\n<tr style=\"height: 13.50pt;\">\n<td style=\"height: 13.50pt;\" height=\"18\">diam\u00e8tre inf\u00e9rieur<\/td>\n<td>46 mm<\/td>\n<\/tr>\n<tr style=\"height: 12.00pt;\">\n<td style=\"height: 12.00pt;\" height=\"16\">bo\u00eete d&#039;exp\u00e9dition<\/td>\n<td>pack of 120<\/td>\n<\/tr>\n<tr style=\"height: 12.00pt;\">\n<td style=\"height: 12.00pt;\" height=\"16\">Compatibilit\u00e9 du couvercle<\/td>\n<td>Couvercles m\u00e9talliques (or, argent, noir, cuivre, etc.)<br \/>\nBouchons en li\u00e8ge naturel<br \/>\nCouvercles en bambou<\/td>\n<\/tr>\n<tr style=\"height: 13.50pt;\">\n<td style=\"height: 13.50pt;\" height=\"18\">Glass Customization Options<\/td>\n<td>Rev\u00eatement ext\u00e9rieur par pulv\u00e9risation (couleurs unies ou d\u00e9grad\u00e9es)<br \/>\nFinitions givr\u00e9es ou mates<br \/>\nS\u00e9rigraphie<br \/>\nrev\u00eatement int\u00e9rieur par pulv\u00e9risation<br \/>\nApplication d&#039;\u00e9tiquette<br \/>\neffet verre mercuris\u00e9<br \/>\nMotifs saisonniers et sur le th\u00e8me des f\u00eates<\/td>\n<\/tr>\n<\/tbody>\n<\/table>\n<div style=\"text-align: center;\"><img decoding=\"async\" class=\"\" src=\"https:\/\/mostebglass.com\/wp-content\/uploads\/2025\/08\/empty-candle-jars-with-lids-for-christmas.webp\" alt=\"empty candle jars with lids for christmas\" width=\"447\" height=\"447\" \/><\/div>\n<h2>Suggestions d&#039;identit\u00e9 de marque<\/h2>\n<ol>\n<li><strong>Blocage de couleurs :<\/strong> Utilisez les gammes de bougies en gros minimum ou de grands pots \u00e0 bougies transparents pour obtenir une couleur plus claire pour les collections saisonni\u00e8res.<\/li>\n<li><strong>Questions fr\u00e9quemment pos\u00e9es\u00a0:<\/strong> Besoin d&#039;aide pour choisir\u00a0? N&#039;h\u00e9sitez pas \u00e0 nous demander des informations sur notre s\u00e9lection de guides de bougies ou nos lots de pots de bougies en gros.<\/li>\n<\/ol>\n<p>Nous proposons des services OEM et ODM complets, incluant notamment la conception et le d\u00e9veloppement de moules, la d\u00e9coration et l&#039;emballage ; en tant que fabricant de contenants en verre, nous nous adressons aux grossistes, aux propri\u00e9taires de marques et m\u00eame aux entreprises de marques priv\u00e9es.<\/p>","protected":false},"excerpt":{"rendered":"<p>Pots \u00e0 bougies vides de 135 ml avec couvercles disponibles en m\u00e9tal, bambou ou li\u00e8ge. Logo personnalis\u00e9, finitions de verre et solutions OEM\/ODM pour les marques et grossistes de bougies.<\/p>","protected":false},"featured_media":4237,"template":"","meta":{"site-sidebar-layout":"default","site-content-layout":"","ast-site-content-layout":"default","site-content-style":"default","site-sidebar-style":"default","ast-global-header-display":"","ast-banner-title-visibility":"","ast-main-header-display":"","ast-hfb-above-header-display":"","ast-hfb-below-header-display":"","ast-hfb-mobile-header-display":"","site-post-title":"","ast-breadcrumbs-content":"","ast-featured-img":"","footer-sml-layout":"","theme-transparent-header-meta":"default","adv-header-id-meta":"","stick-header-meta":"","header-above-stick-meta":"","header-main-stick-meta":"","header-below-stick-meta":"","astra-migrate-meta-layouts":"set","ast-page-background-enabled":"default","ast-page-background-meta":{"desktop":{"background-color":"var(--ast-global-color-5)","background-image":"","background-repeat":"repeat","background-position":"center center","background-size":"auto","background-attachment":"scroll","background-type":"","background-media":"","overlay-type":"","overlay-color":"","overlay-opacity":"","overlay-gradient":""},"tablet":{"background-color":"","background-image":"","background-repeat":"repeat","background-position":"center center","background-size":"auto","background-attachment":"scroll","background-type":"","background-media":"","overlay-type":"","overlay-color":"","overlay-opacity":"","overlay-gradient":""},"mobile":{"background-color":"","background-image":"","background-repeat":"repeat","background-position":"center center","background-size":"auto","background-attachment":"scroll","background-type":"","background-media":"","overlay-type":"","overlay-color":"","overlay-opacity":"","overlay-gradient":""}},"ast-content-background-meta":{"desktop":{"background-color":"var(--ast-global-color-4)","background-image":"","background-repeat":"repeat","background-position":"center center","background-size":"auto","background-attachment":"scroll","background-type":"","background-media":"","overlay-type":"","overlay-color":"","overlay-opacity":"","overlay-gradient":""},"tablet":{"background-color":"var(--ast-global-color-4)","background-image":"","background-repeat":"repeat","background-position":"center center","background-size":"auto","background-attachment":"scroll","background-type":"","background-media":"","overlay-type":"","overlay-color":"","overlay-opacity":"","overlay-gradient":""},"mobile":{"background-color":"var(--ast-global-color-4)","background-image":"","background-repeat":"repeat","background-position":"center center","background-size":"auto","background-attachment":"scroll","background-type":"","background-media":"","overlay-type":"","overlay-color":"","overlay-opacity":"","overlay-gradient":""}}},"product_brand":[],"product_cat":[28],"product_tag":[],"class_list":{"0":"post-565","1":"product","2":"type-product","3":"status-publish","4":"has-post-thumbnail","6":"product_cat-glass-candle-jars","7":"desktop-align-left","8":"tablet-align-left","9":"mobile-align-left","11":"first","12":"instock","13":"shipping-taxable","14":"product-type-simple"},"jetpack_sharing_enabled":true,"_links":{"self":[{"href":"https:\/\/mostebglass.com\/fr\/wp-json\/wp\/v2\/product\/565","targetHints":{"allow":["GET"]}}],"collection":[{"href":"https:\/\/mostebglass.com\/fr\/wp-json\/wp\/v2\/product"}],"about":[{"href":"https:\/\/mostebglass.com\/fr\/wp-json\/wp\/v2\/types\/product"}],"wp:featuredmedia":[{"embeddable":true,"href":"https:\/\/mostebglass.com\/fr\/wp-json\/wp\/v2\/media\/4237"}],"wp:attachment":[{"href":"https:\/\/mostebglass.com\/fr\/wp-json\/wp\/v2\/media?parent=565"}],"wp:term":[{"taxonomy":"product_brand","embeddable":true,"href":"https:\/\/mostebglass.com\/fr\/wp-json\/wp\/v2\/product_brand?post=565"},{"taxonomy":"product_cat","embeddable":true,"href":"https:\/\/mostebglass.com\/fr\/wp-json\/wp\/v2\/product_cat?post=565"},{"taxonomy":"product_tag","embeddable":true,"href":"https:\/\/mostebglass.com\/fr\/wp-json\/wp\/v2\/product_tag?post=565"}],"curies":[{"name":"wp","href":"https:\/\/api.w.org\/{rel}","templated":true}]}}