{"id":567,"date":"2025-08-19T13:33:36","date_gmt":"2025-08-19T05:33:36","guid":{"rendered":"https:\/\/mostebglass.com\/?post_type=product&#038;p=567"},"modified":"2026-03-09T15:09:53","modified_gmt":"2026-03-09T07:09:53","slug":"custom-empty-diffuser-bottles-and-reeds-with-bowl-shape-bulk","status":"publish","type":"product","link":"https:\/\/mostebglass.com\/fr\/custom-empty-diffuser-bottles-and-reeds-with-bowl-shape-bulk\/","title":{"rendered":"Flacons diffuseurs vides personnalis\u00e9s de 130 ml et tiges en forme de bol (vente en gros)"},"content":{"rendered":"<p>Vous achetez bien plus que de simples flacons de diffuseur vides\u00a0; vous cr\u00e9ez une exp\u00e9rience de marque. Observez le flacon de notre diffuseur de 130\u00a0ml, avec sa forme de bol pour b\u00e2tonnets. Ce flacon pour diffuseur d&#039;huiles essentielles pr\u00e9sente des lignes g\u00e9om\u00e9triques \u00e9pur\u00e9es et des bords l\u00e9g\u00e8rement arrondis, alliant la stabilit\u00e9 d&#039;une large base \u00e0 l&#039;\u00e9l\u00e9gance raffin\u00e9e d&#039;un col fin. Fabriqu\u00e9 en verre cristallin de haute qualit\u00e9, ce flacon de diffuseur vide est une toile vierge, id\u00e9ale pour la distribution de produits d&#039;aromath\u00e9rapie ou pour l&#039;int\u00e9gration dans une solution d&#039;emballage compl\u00e8te.<\/p>\n<h2>Caract\u00e9ristiques du produit<\/h2>\n<ul>\n<li><strong>Verre de haute qualit\u00e9 :<\/strong> En cas de bris, la bouteille en verre \u00e9pais et r\u00e9sistant, ainsi que le syst\u00e8me d&#039;aromath\u00e9rapie \u00e0 tiges rigides, retiennent l&#039;huile essentielle et emp\u00eachent les fuites.<\/li>\n<li><strong>Forme lisse :<\/strong> La forme ronde et les lignes douces de la bouteille cr\u00e9ent une exp\u00e9rience visuelle chaleureuse et apaisante tout en lui assurant une grande stabilit\u00e9.<\/li>\n<li><strong>Conception minimale :<\/strong> Le design g\u00e9n\u00e9ral est minimaliste et \u00e9l\u00e9gant, d\u00e9pourvu d&#039;ornements superflus, et s&#039;adapte \u00e0 diff\u00e9rents styles d&#039;int\u00e9rieur.<\/li>\n<\/ul>\n<h2>Cas de r\u00e9ussite<\/h2>\n<p>L&#039;un de nos flacons diffuseurs en verre de 130 ml a \u00e9t\u00e9 choisi par une marque europ\u00e9enne de parfums d&#039;int\u00e9rieur. La partie inf\u00e9rieure du flacon est l\u00e9g\u00e8rement d\u00e9polie et orn\u00e9e d&#039;une s\u00e9rigraphie dor\u00e9e du nom de la marque, un d\u00e9tail tr\u00e8s chic et \u00e9l\u00e9gant.<\/p>\n<p>Au cours des cinq premiers mois suivant le lancement de la gamme de produits, les ventes ont progress\u00e9 de 27 %. Fort de ces retours positifs, le client a pass\u00e9 trois nouvelles commandes en huit mois, ce qui a permis d&#039;augmenter son volume d&#039;achats de pr\u00e8s de moiti\u00e9.<\/p>\n<h2>Vous souhaitez personnaliser le v\u00f4tre\u00a0? Voici comment proc\u00e9der.<\/h2>\n<ol>\n<li><strong>Impression:<\/strong> Impression de logos et de motifs\u00a0: Nous prenons en charge la s\u00e9rigraphie, le marquage \u00e0 chaud dor\u00e9, l\u2019impression UV ou l\u2019impression par d\u00e9calcomanie pour l\u2019identit\u00e9 de marque.<\/li>\n<li><strong>Personnalisation des anches :<\/strong> Les diffuseurs \u00e0 roseaux proposent des roseaux en rotin naturel, en fibre noire ou en forme de fleurs.<\/li>\n<li><strong>Solutions de fermeture adapt\u00e9es\u00a0:<\/strong> Ajoutez des bouchons d\u00e9coratifs, des capsules en bois ou des colliers m\u00e9talliques pour am\u00e9liorer la pr\u00e9sentation et l&#039;\u00e9tanch\u00e9it\u00e9.<\/li>\n<\/ol>","protected":false},"excerpt":{"rendered":"<p>Flacons et tiges de diffuseur personnalis\u00e9s, ainsi que flacons de diffuseur vides et r\u00e9sistants pour les marques d&#039;ar\u00f4mes, de spas et de parfums d&#039;int\u00e9rieur, disponibles en commandes en gros.<\/p>","protected":false},"featured_media":4676,"template":"","meta":{"site-sidebar-layout":"default","site-content-layout":"","ast-site-content-layout":"default","site-content-style":"default","site-sidebar-style":"default","ast-global-header-display":"","ast-banner-title-visibility":"","ast-main-header-display":"","ast-hfb-above-header-display":"","ast-hfb-below-header-display":"","ast-hfb-mobile-header-display":"","site-post-title":"","ast-breadcrumbs-content":"","ast-featured-img":"","footer-sml-layout":"","theme-transparent-header-meta":"default","adv-header-id-meta":"","stick-header-meta":"","header-above-stick-meta":"","header-main-stick-meta":"","header-below-stick-meta":"","astra-migrate-meta-layouts":"set","ast-page-background-enabled":"default","ast-page-background-meta":{"desktop":{"background-color":"var(--ast-global-color-5)","background-image":"","background-repeat":"repeat","background-position":"center center","background-size":"auto","background-attachment":"scroll","background-type":"","background-media":"","overlay-type":"","overlay-color":"","overlay-opacity":"","overlay-gradient":""},"tablet":{"background-color":"","background-image":"","background-repeat":"repeat","background-position":"center center","background-size":"auto","background-attachment":"scroll","background-type":"","background-media":"","overlay-type":"","overlay-color":"","overlay-opacity":"","overlay-gradient":""},"mobile":{"background-color":"","background-image":"","background-repeat":"repeat","background-position":"center center","background-size":"auto","background-attachment":"scroll","background-type":"","background-media":"","overlay-type":"","overlay-color":"","overlay-opacity":"","overlay-gradient":""}},"ast-content-background-meta":{"desktop":{"background-color":"var(--ast-global-color-4)","background-image":"","background-repeat":"repeat","background-position":"center center","background-size":"auto","background-attachment":"scroll","background-type":"","background-media":"","overlay-type":"","overlay-color":"","overlay-opacity":"","overlay-gradient":""},"tablet":{"background-color":"var(--ast-global-color-4)","background-image":"","background-repeat":"repeat","background-position":"center center","background-size":"auto","background-attachment":"scroll","background-type":"","background-media":"","overlay-type":"","overlay-color":"","overlay-opacity":"","overlay-gradient":""},"mobile":{"background-color":"var(--ast-global-color-4)","background-image":"","background-repeat":"repeat","background-position":"center center","background-size":"auto","background-attachment":"scroll","background-type":"","background-media":"","overlay-type":"","overlay-color":"","overlay-opacity":"","overlay-gradient":""}}},"product_brand":[],"product_cat":[54],"product_tag":[],"class_list":{"0":"post-567","1":"product","2":"type-product","3":"status-publish","4":"has-post-thumbnail","6":"product_cat-reed-diffuser-bottles","7":"desktop-align-left","8":"tablet-align-left","9":"mobile-align-left","11":"first","12":"instock","13":"shipping-taxable","14":"product-type-simple"},"jetpack_sharing_enabled":true,"_links":{"self":[{"href":"https:\/\/mostebglass.com\/fr\/wp-json\/wp\/v2\/product\/567","targetHints":{"allow":["GET"]}}],"collection":[{"href":"https:\/\/mostebglass.com\/fr\/wp-json\/wp\/v2\/product"}],"about":[{"href":"https:\/\/mostebglass.com\/fr\/wp-json\/wp\/v2\/types\/product"}],"wp:featuredmedia":[{"embeddable":true,"href":"https:\/\/mostebglass.com\/fr\/wp-json\/wp\/v2\/media\/4676"}],"wp:attachment":[{"href":"https:\/\/mostebglass.com\/fr\/wp-json\/wp\/v2\/media?parent=567"}],"wp:term":[{"taxonomy":"product_brand","embeddable":true,"href":"https:\/\/mostebglass.com\/fr\/wp-json\/wp\/v2\/product_brand?post=567"},{"taxonomy":"product_cat","embeddable":true,"href":"https:\/\/mostebglass.com\/fr\/wp-json\/wp\/v2\/product_cat?post=567"},{"taxonomy":"product_tag","embeddable":true,"href":"https:\/\/mostebglass.com\/fr\/wp-json\/wp\/v2\/product_tag?post=567"}],"curies":[{"name":"wp","href":"https:\/\/api.w.org\/{rel}","templated":true}]}}