{"id":585,"date":"2025-08-19T14:49:43","date_gmt":"2025-08-19T06:49:43","guid":{"rendered":"https:\/\/mostebglass.com\/?post_type=product&#038;p=585"},"modified":"2026-03-18T15:41:35","modified_gmt":"2026-03-18T07:41:35","slug":"aromatherapy-bottles-with-textured-glass-wholesale","status":"publish","type":"product","link":"https:\/\/mostebglass.com\/fr\/aromatherapy-bottles-with-textured-glass-wholesale\/","title":{"rendered":"Flacons d&#039;aromath\u00e9rapie de 50 ml et 100 ml en verre textur\u00e9, vente en gros"},"content":{"rendered":"<p>D\u00e9couvrez nos diffuseurs en verre, qui font \u00e9galement office de jolis flacons d&#039;aromath\u00e9rapie. Fabriqu\u00e9 en verre de haute qualit\u00e9, ce flacon transparent arbore un motif complexe et chatoyant qui apportera une touche d&#039;\u00e9l\u00e9gance \u00e0 votre int\u00e9rieur.<\/p>\n<h2>Caract\u00e9ristiques du produit<\/h2>\n<ul>\n<li><strong>Conception du mod\u00e8le:<\/strong> Les motifs irr\u00e9guliers sur la bouteille ajoutent de l&#039;expansion et des dimensions, am\u00e9liorant ainsi son attrait esth\u00e9tique.<\/li>\n<li><strong>Capacit\u00e9 id\u00e9ale de 100 ml :<\/strong> la taille id\u00e9ale pour la chambre, le bureau ou un coffret cadeau \u2013 profitez de semaines de parfum.<\/li>\n<li><strong>Mat\u00e9riau transparent :<\/strong> Fabriqu\u00e9 en verre transparent, le liquide diffuseur est clairement visible.<\/li>\n<\/ul>\n<h2>Cas de r\u00e9ussite<\/h2>\n<p>Nos flacons diffuseurs en verre gaufr\u00e9 ont \u00e9t\u00e9 s\u00e9lectionn\u00e9s par une marque de parfums de niche fran\u00e7aise pour sa gamme de produits. Lors de la personnalisation, le client a indiqu\u00e9 une contenance de 200 ml et a souhait\u00e9 que les textures en relief sur le corps du flacon soient plus prononc\u00e9es. Il a opt\u00e9 pour un motif asym\u00e9trique, compos\u00e9 de points et de m\u00e9daillons, afin d&#039;accentuer l&#039;aspect tactile du produit. Pour ce faire, nous avons con\u00e7u un fond lest\u00e9 en verre, assurant ainsi une meilleure stabilit\u00e9 au flacon. Le client a \u00e9galement choisi des tiges de diffusion noires, sp\u00e9cialement con\u00e7ues, de 28 cm de haut et en fibre, parfaitement adapt\u00e9es \u00e0 la ligne \u00e9lanc\u00e9e du flacon.<\/p>\n<p>Apr\u00e8s son lancement, la gamme a enregistr\u00e9 une croissance de 34 % des ventes en magasin en seulement deux mois. Le client a ensuite pass\u00e9 trois commandes group\u00e9es cons\u00e9cutives, ce qui lui a permis d&#039;\u00e9tendre son r\u00e9seau de distribution \u00e0 de nombreuses boutiques de cadeaux haut de gamme en Europe.<\/p>\n<h2>Envie de le personnaliser\u00a0? Essayez ces id\u00e9es de personnalisation.<\/h2>\n<ul>\n<li>Essayez de le personnaliser avec de l&#039;ambre ou du rose pour une ambiance moderne et myst\u00e9rieuse.<\/li>\n<li>Encouragez les visites r\u00e9p\u00e9t\u00e9es en proposant des recharges d\u2019huiles essentielles pour diffuseur de roseaux.<\/li>\n<li>Compl\u00e9tez votre diffuseur \u00e0 roseaux avec une brosse de nettoyage et un nouvel ensemble de diffuseurs \u00e0 roseaux pour un \u00ab kit de rafra\u00eechissement \u00bb.<\/li>\n<li>Ajoutez un bouchon personnalis\u00e9 avec le logo de votre marque, un petit d\u00e9tail qui ajoute une touche d\u2019identit\u00e9.<\/li>\n<\/ul>\n<p>Nous avons aid\u00e9 d&#039;innombrables marques \u00e0 transformer de simples diffuseurs en verre en best-sellers. Votre vision\u00a0? Nous vous aidons \u00e0 la concr\u00e9tiser, un flacon textur\u00e9 \u00e0 la fois.<\/p>","protected":false},"excerpt":{"rendered":"<p>Verres diffuseurs de haute qualit\u00e9 avec flacons d&#039;aromath\u00e9rapie pour commandes group\u00e9es B2B et emballages de parfum personnalis\u00e9s. \u00c9chantillons gratuits.<\/p>","protected":false},"featured_media":4810,"template":"","meta":{"site-sidebar-layout":"default","site-content-layout":"","ast-site-content-layout":"default","site-content-style":"default","site-sidebar-style":"default","ast-global-header-display":"","ast-banner-title-visibility":"","ast-main-header-display":"","ast-hfb-above-header-display":"","ast-hfb-below-header-display":"","ast-hfb-mobile-header-display":"","site-post-title":"","ast-breadcrumbs-content":"","ast-featured-img":"","footer-sml-layout":"","theme-transparent-header-meta":"default","adv-header-id-meta":"","stick-header-meta":"","header-above-stick-meta":"","header-main-stick-meta":"","header-below-stick-meta":"","astra-migrate-meta-layouts":"set","ast-page-background-enabled":"default","ast-page-background-meta":{"desktop":{"background-color":"var(--ast-global-color-5)","background-image":"","background-repeat":"repeat","background-position":"center center","background-size":"auto","background-attachment":"scroll","background-type":"","background-media":"","overlay-type":"","overlay-color":"","overlay-opacity":"","overlay-gradient":""},"tablet":{"background-color":"","background-image":"","background-repeat":"repeat","background-position":"center center","background-size":"auto","background-attachment":"scroll","background-type":"","background-media":"","overlay-type":"","overlay-color":"","overlay-opacity":"","overlay-gradient":""},"mobile":{"background-color":"","background-image":"","background-repeat":"repeat","background-position":"center center","background-size":"auto","background-attachment":"scroll","background-type":"","background-media":"","overlay-type":"","overlay-color":"","overlay-opacity":"","overlay-gradient":""}},"ast-content-background-meta":{"desktop":{"background-color":"var(--ast-global-color-4)","background-image":"","background-repeat":"repeat","background-position":"center center","background-size":"auto","background-attachment":"scroll","background-type":"","background-media":"","overlay-type":"","overlay-color":"","overlay-opacity":"","overlay-gradient":""},"tablet":{"background-color":"var(--ast-global-color-4)","background-image":"","background-repeat":"repeat","background-position":"center center","background-size":"auto","background-attachment":"scroll","background-type":"","background-media":"","overlay-type":"","overlay-color":"","overlay-opacity":"","overlay-gradient":""},"mobile":{"background-color":"var(--ast-global-color-4)","background-image":"","background-repeat":"repeat","background-position":"center center","background-size":"auto","background-attachment":"scroll","background-type":"","background-media":"","overlay-type":"","overlay-color":"","overlay-opacity":"","overlay-gradient":""}}},"product_brand":[],"product_cat":[54],"product_tag":[],"class_list":{"0":"post-585","1":"product","2":"type-product","3":"status-publish","4":"has-post-thumbnail","6":"product_cat-reed-diffuser-bottles","7":"desktop-align-left","8":"tablet-align-left","9":"mobile-align-left","11":"first","12":"instock","13":"shipping-taxable","14":"product-type-simple"},"jetpack_sharing_enabled":true,"_links":{"self":[{"href":"https:\/\/mostebglass.com\/fr\/wp-json\/wp\/v2\/product\/585","targetHints":{"allow":["GET"]}}],"collection":[{"href":"https:\/\/mostebglass.com\/fr\/wp-json\/wp\/v2\/product"}],"about":[{"href":"https:\/\/mostebglass.com\/fr\/wp-json\/wp\/v2\/types\/product"}],"wp:featuredmedia":[{"embeddable":true,"href":"https:\/\/mostebglass.com\/fr\/wp-json\/wp\/v2\/media\/4810"}],"wp:attachment":[{"href":"https:\/\/mostebglass.com\/fr\/wp-json\/wp\/v2\/media?parent=585"}],"wp:term":[{"taxonomy":"product_brand","embeddable":true,"href":"https:\/\/mostebglass.com\/fr\/wp-json\/wp\/v2\/product_brand?post=585"},{"taxonomy":"product_cat","embeddable":true,"href":"https:\/\/mostebglass.com\/fr\/wp-json\/wp\/v2\/product_cat?post=585"},{"taxonomy":"product_tag","embeddable":true,"href":"https:\/\/mostebglass.com\/fr\/wp-json\/wp\/v2\/product_tag?post=585"}],"curies":[{"name":"wp","href":"https:\/\/api.w.org\/{rel}","templated":true}]}}