{"id":605,"date":"2025-08-19T16:29:46","date_gmt":"2025-08-19T08:29:46","guid":{"rendered":"https:\/\/mostebglass.com\/?post_type=product&#038;p=605"},"modified":"2026-03-16T10:50:15","modified_gmt":"2026-03-16T02:50:15","slug":"custom-reed-diffuser-glass-bottles-with-tree-shape-bulk","status":"publish","type":"product","link":"https:\/\/mostebglass.com\/fr\/custom-reed-diffuser-glass-bottles-with-tree-shape-bulk\/","title":{"rendered":"Flacons en verre de diffuseur \u00e0 roseaux personnalis\u00e9s de 98 ml en forme d&#039;arbre (vente en gros)"},"content":{"rendered":"<p>Ces flacons diffuseurs de parfum en verre sont bien plus que de simples flacons\u00a0: ce sont de v\u00e9ritables objets festifs. Leur forme rappelle celle d&#039;un sapin de No\u00ebl traditionnel\u00a0: les panneaux triangulaires s&#039;\u00e9tirent lentement vers la base, cr\u00e9ant une ambiance joyeuse et festive. Le bouchon se visse facilement. Enti\u00e8rement r\u00e9alis\u00e9 en verre transparent de haute qualit\u00e9, le flacon permet une diffusion naturelle du parfum.<\/p>\n<h2>Caract\u00e9ristiques du produit<\/h2>\n<ul>\n<li><strong>Forme du sapin de No\u00ebl :<\/strong> La forme de sapin de No\u00ebl de la bouteille cr\u00e9e une ambiance festive, id\u00e9ale pour les d\u00e9corations sur le th\u00e8me de No\u00ebl.<\/li>\n<li><strong>Mat\u00e9riaux transparents :<\/strong> Fabriqu\u00e9 en verre transparent, le contenu du diffuseur est parfaitement visible, cr\u00e9ant ainsi une ambiance propre et fra\u00eeche.<\/li>\n<li><strong>Structure \u00e0 plusieurs niveaux :<\/strong> La structure triangulaire stratifi\u00e9e de la bouteille cr\u00e9e une forme tridimensionnelle unique et tr\u00e8s d\u00e9corative.<\/li>\n<\/ul>\n<h2>\u00c9tude de cas\u00a0: Comment une marque a su tirer profit de la p\u00e9riode des f\u00eates<\/h2>\n<p>Une jeune entreprise de parfums d&#039;int\u00e9rieur souhaitait lancer une collection de No\u00ebl en \u00e9dition limit\u00e9e. Elle a choisi nos flacons diffuseurs et nos b\u00e2tonnets pour leur design unique et attrayant. Nous l&#039;avons aid\u00e9e \u00e0 cr\u00e9er un effet givr\u00e9 \u00ab\u00a0effet neige\u00a0\u00bb, \u00e0 ajouter des b\u00e2tonnets de cannelle et \u00e0 les emballer dans des coffrets cadeaux rouges, ferm\u00e9s par des rubans. En six semaines, le produit \u00e9tait \u00e9puis\u00e9. Les d\u00e9taillants ont \u00e9t\u00e9 conquis par ce design innovant. Les clients conservent m\u00eame les flacons comme objets de d\u00e9coration apr\u00e8s utilisation. C&#039;est la preuve du pouvoir d&#039;un design ing\u00e9nieux.<\/p>\n<h2>Pourquoi ne pas personnaliser vos propres flacons en verre pour diffuseur \u00e0 roseaux ?<\/h2>\n<ul>\n<li>Essayez des diffuseurs en verre rouge ou vert pour ajouter une touche moderne \u00e0 votre d\u00e9coration de f\u00eates.<\/li>\n<li>Nous proposons des diffuseurs sans parfum, permettant ainsi \u00e0 nos clients de cr\u00e9er leurs propres m\u00e9langes d&#039;huiles essentielles.<\/li>\n<li>Associ\u00e9s \u00e0 nos diffuseurs \u00e0 b\u00e2tonnets plaqu\u00e9s or, ils constituent le cadeau id\u00e9al.<\/li>\n<li>Ajoutez une \u00e9tiquette personnalis\u00e9e pour transformer votre diffuseur en objet souvenir.<\/li>\n<\/ul>\n<p>Nous avons aid\u00e9 de nombreuses marques \u00e0 transformer leurs flacons diffuseurs de parfum en verre, \u00e0 la fois uniques et \u00e9l\u00e9gants, en best-sellers. Vous avez une id\u00e9e\u00a0? Nous pouvons vous aider \u00e0 la concr\u00e9tiser.<\/p>","protected":false},"excerpt":{"rendered":"<p>Flacons en verre pour diffuseurs \u00e0 b\u00e2tonnets, flacons et b\u00e2tonnets de diffuseur en gros, parfaits pour le conditionnement de parfums en vrac.<\/p>","protected":false},"featured_media":4766,"template":"","meta":{"site-sidebar-layout":"default","site-content-layout":"","ast-site-content-layout":"default","site-content-style":"default","site-sidebar-style":"default","ast-global-header-display":"","ast-banner-title-visibility":"","ast-main-header-display":"","ast-hfb-above-header-display":"","ast-hfb-below-header-display":"","ast-hfb-mobile-header-display":"","site-post-title":"","ast-breadcrumbs-content":"","ast-featured-img":"","footer-sml-layout":"","theme-transparent-header-meta":"default","adv-header-id-meta":"","stick-header-meta":"","header-above-stick-meta":"","header-main-stick-meta":"","header-below-stick-meta":"","astra-migrate-meta-layouts":"set","ast-page-background-enabled":"default","ast-page-background-meta":{"desktop":{"background-color":"var(--ast-global-color-5)","background-image":"","background-repeat":"repeat","background-position":"center center","background-size":"auto","background-attachment":"scroll","background-type":"","background-media":"","overlay-type":"","overlay-color":"","overlay-opacity":"","overlay-gradient":""},"tablet":{"background-color":"","background-image":"","background-repeat":"repeat","background-position":"center center","background-size":"auto","background-attachment":"scroll","background-type":"","background-media":"","overlay-type":"","overlay-color":"","overlay-opacity":"","overlay-gradient":""},"mobile":{"background-color":"","background-image":"","background-repeat":"repeat","background-position":"center center","background-size":"auto","background-attachment":"scroll","background-type":"","background-media":"","overlay-type":"","overlay-color":"","overlay-opacity":"","overlay-gradient":""}},"ast-content-background-meta":{"desktop":{"background-color":"var(--ast-global-color-4)","background-image":"","background-repeat":"repeat","background-position":"center center","background-size":"auto","background-attachment":"scroll","background-type":"","background-media":"","overlay-type":"","overlay-color":"","overlay-opacity":"","overlay-gradient":""},"tablet":{"background-color":"var(--ast-global-color-4)","background-image":"","background-repeat":"repeat","background-position":"center center","background-size":"auto","background-attachment":"scroll","background-type":"","background-media":"","overlay-type":"","overlay-color":"","overlay-opacity":"","overlay-gradient":""},"mobile":{"background-color":"var(--ast-global-color-4)","background-image":"","background-repeat":"repeat","background-position":"center center","background-size":"auto","background-attachment":"scroll","background-type":"","background-media":"","overlay-type":"","overlay-color":"","overlay-opacity":"","overlay-gradient":""}}},"product_brand":[],"product_cat":[54],"product_tag":[],"class_list":{"0":"post-605","1":"product","2":"type-product","3":"status-publish","4":"has-post-thumbnail","6":"product_cat-reed-diffuser-bottles","7":"desktop-align-left","8":"tablet-align-left","9":"mobile-align-left","11":"first","12":"instock","13":"shipping-taxable","14":"product-type-simple"},"jetpack_sharing_enabled":true,"_links":{"self":[{"href":"https:\/\/mostebglass.com\/fr\/wp-json\/wp\/v2\/product\/605","targetHints":{"allow":["GET"]}}],"collection":[{"href":"https:\/\/mostebglass.com\/fr\/wp-json\/wp\/v2\/product"}],"about":[{"href":"https:\/\/mostebglass.com\/fr\/wp-json\/wp\/v2\/types\/product"}],"wp:featuredmedia":[{"embeddable":true,"href":"https:\/\/mostebglass.com\/fr\/wp-json\/wp\/v2\/media\/4766"}],"wp:attachment":[{"href":"https:\/\/mostebglass.com\/fr\/wp-json\/wp\/v2\/media?parent=605"}],"wp:term":[{"taxonomy":"product_brand","embeddable":true,"href":"https:\/\/mostebglass.com\/fr\/wp-json\/wp\/v2\/product_brand?post=605"},{"taxonomy":"product_cat","embeddable":true,"href":"https:\/\/mostebglass.com\/fr\/wp-json\/wp\/v2\/product_cat?post=605"},{"taxonomy":"product_tag","embeddable":true,"href":"https:\/\/mostebglass.com\/fr\/wp-json\/wp\/v2\/product_tag?post=605"}],"curies":[{"name":"wp","href":"https:\/\/api.w.org\/{rel}","templated":true}]}}