{"id":615,"date":"2025-08-20T09:56:43","date_gmt":"2025-08-20T01:56:43","guid":{"rendered":"https:\/\/mostebglass.com\/?post_type=product&#038;p=615"},"modified":"2026-02-26T10:50:54","modified_gmt":"2026-02-26T02:50:54","slug":"square-candle-jars-mini-clear-votive-shot-glass-containers","status":"publish","type":"product","link":"https:\/\/mostebglass.com\/fr\/square-candle-jars-mini-clear-votive-shot-glass-containers\/","title":{"rendered":"Pots \u00e0 bougies carr\u00e9s de 50 ml et 67 ml | Mini-contenants transparents pour bougies votives et verres \u00e0 liqueur"},"content":{"rendered":"<p>Ces pots \u00e0 bougies carr\u00e9s en verre de 50 ml et 67 ml, vendus en gros, pr\u00e9sentent une forme carr\u00e9e compacte aux angles l\u00e9g\u00e8rement arrondis et une base \u00e9paisse et solide pour une meilleure stabilit\u00e9. Le petit pot en verre transparent, lisse et plat, avec sa large ouverture, offre un style g\u00e9om\u00e9trique \u00e9pur\u00e9 et moderne. La base \u00e9paisse assure poids et stabilit\u00e9, tandis que la transparence du verre permet d&#039;admirer la cire et la flamme, et diffuse une lueur vive et raffin\u00e9e une fois allum\u00e9e. La forme droite des parois int\u00e9rieures assure une r\u00e9partition uniforme de la cire et une combustion contr\u00f4l\u00e9e.<\/p>\n<h2><img fetchpriority=\"high\" decoding=\"async\" class=\"aligncenter wp-image-4366\" src=\"https:\/\/mostebglass.com\/wp-content\/uploads\/2025\/08\/square-candle-jars-in-bulk-01.webp\" alt=\"\" width=\"500\" height=\"500\" srcset=\"https:\/\/mostebglass.com\/wp-content\/uploads\/2025\/08\/square-candle-jars-in-bulk-01.webp 1024w, https:\/\/mostebglass.com\/wp-content\/uploads\/2025\/08\/square-candle-jars-in-bulk-01-768x768.webp 768w, https:\/\/mostebglass.com\/wp-content\/uploads\/2025\/08\/square-candle-jars-in-bulk-01-12x12.webp 12w, https:\/\/mostebglass.com\/wp-content\/uploads\/2025\/08\/square-candle-jars-in-bulk-01-300x300.webp 300w, https:\/\/mostebglass.com\/wp-content\/uploads\/2025\/08\/square-candle-jars-in-bulk-01-600x600.webp 600w, https:\/\/mostebglass.com\/wp-content\/uploads\/2025\/08\/square-candle-jars-in-bulk-01-100x100.webp 100w\" sizes=\"(max-width: 500px) 100vw, 500px\" \/>Application<\/h2>\n<p>Con\u00e7us pour une grande polyvalence, nos pots \u00e0 bougies carr\u00e9s conviennent aux bougies votives, aux \u00e9chantillons de bougies, aux mini-bougies parfum\u00e9es et aux coffrets cadeaux. Gr\u00e2ce \u00e0 leur base robuste et leur forme de gobelet, ils peuvent \u00e9galement servir de mini-verres \u00e0 whisky ou de verres \u00e0 shot apr\u00e8s un nettoyage appropri\u00e9, contribuant ainsi \u00e0 une d\u00e9marche d&#039;emballage r\u00e9utilisable et durable. Id\u00e9aux pour les marques de bougies, l&#039;h\u00f4tellerie-restauration, les cadeaux d&#039;invit\u00e9s et les projets promotionnels personnalis\u00e9s.<\/p>\n<h2>Sp\u00e9cifications cl\u00e9s<\/h2>\n<table style=\"border-collapse: collapse; width: 80%; margin-left: auto; margin-right: auto;\" border=\"0\" width=\"144\" cellspacing=\"0\" cellpadding=\"0\">\n<tbody>\n<tr style=\"height: 13.50pt;\">\n<td style=\"height: 13.50pt; width: 54.00pt;\" width=\"72\" height=\"18\">Fonctionnalit\u00e9<\/td>\n<td style=\"width: 54.00pt;\" width=\"72\">D\u00e9tails<\/td>\n<\/tr>\n<tr style=\"height: 13.50pt;\">\n<td style=\"height: 13.50pt;\" height=\"18\">Taille<\/td>\n<td>50 ml (49*43*60 mm), 67 ml (50*44*62 mm)<\/td>\n<\/tr>\n<tr style=\"height: 13.50pt;\">\n<td style=\"height: 13.50pt;\" height=\"18\">Material<\/td>\n<td>Verre sodocalcique sans plomb<\/td>\n<\/tr>\n<tr style=\"height: 13.50pt;\">\n<td style=\"height: 13.50pt;\" height=\"18\">Options de couleur<\/td>\n<td>Clair, et votre couleur personnalis\u00e9e<\/td>\n<\/tr>\n<tr style=\"height: 13.50pt;\">\n<td style=\"height: 13.50pt;\" height=\"18\">Compatibilit\u00e9 du couvercle<\/td>\n<td>Couvercles en bois ou en m\u00e9tal<\/td>\n<\/tr>\n<\/tbody>\n<\/table>\n<p><img decoding=\"async\" class=\"aligncenter wp-image-4368\" src=\"https:\/\/mostebglass.com\/wp-content\/uploads\/2025\/08\/square-candle-jars-in-bulk-03.jpg\" alt=\"\" width=\"500\" height=\"500\" srcset=\"https:\/\/mostebglass.com\/wp-content\/uploads\/2025\/08\/square-candle-jars-in-bulk-03.jpg 1024w, https:\/\/mostebglass.com\/wp-content\/uploads\/2025\/08\/square-candle-jars-in-bulk-03-768x768.jpg 768w, https:\/\/mostebglass.com\/wp-content\/uploads\/2025\/08\/square-candle-jars-in-bulk-03-12x12.jpg 12w, https:\/\/mostebglass.com\/wp-content\/uploads\/2025\/08\/square-candle-jars-in-bulk-03-300x300.jpg 300w, https:\/\/mostebglass.com\/wp-content\/uploads\/2025\/08\/square-candle-jars-in-bulk-03-600x600.jpg 600w, https:\/\/mostebglass.com\/wp-content\/uploads\/2025\/08\/square-candle-jars-in-bulk-03-100x100.jpg 100w\" sizes=\"(max-width: 500px) 100vw, 500px\" \/><\/p>\n<h2>Conseils de personnalisation pour vous<\/h2>\n<ol>\n<li><strong>Accents \u00e9cologiques :<\/strong> Chapeaux en bambou pour exposer votre contenant \u00e0 bougie avec couvercle en m\u00e9tal recycl\u00e9 ou capuchon en bambou.<\/li>\n<li><strong>Th\u00e8me saisonnier :<\/strong> Utilisez du verre transparent pour illustrer les couleurs saisonni\u00e8res (par exemple, rouge pour No\u00ebl, pastel pour le printemps, printemps en vrac, s\u00e9lectionnez votre s\u00e9lection de produits de bougies pour une nouvelle ann\u00e9e).<\/li>\n<li><strong>Ingr\u00e9dients interactifs :<\/strong> Bougies avec code QR grav\u00e9 au laser, conseils d&#039;entretien ou histoires de marque\u00a0: transformez un simple pot de bougie de haute qualit\u00e9 en un outil de narration pour le client de la marque \u00ab\u00a0bougie \u00e0 bougie\u00a0\u00bb.<\/li>\n<\/ol>","protected":false},"excerpt":{"rendered":"<p>Pots carr\u00e9s miniatures de 50 ml et 67 ml pour bougies, disponibles en gros. Id\u00e9aux pour les bougies votives, les \u00e9chantillons, les coffrets cadeaux ou la r\u00e9utilisation dans des verres \u00e0 liqueur. Personnalisation possible.<\/p>","protected":false},"featured_media":4377,"template":"","meta":{"site-sidebar-layout":"default","site-content-layout":"","ast-site-content-layout":"default","site-content-style":"default","site-sidebar-style":"default","ast-global-header-display":"","ast-banner-title-visibility":"","ast-main-header-display":"","ast-hfb-above-header-display":"","ast-hfb-below-header-display":"","ast-hfb-mobile-header-display":"","site-post-title":"","ast-breadcrumbs-content":"","ast-featured-img":"","footer-sml-layout":"","theme-transparent-header-meta":"default","adv-header-id-meta":"","stick-header-meta":"","header-above-stick-meta":"","header-main-stick-meta":"","header-below-stick-meta":"","astra-migrate-meta-layouts":"set","ast-page-background-enabled":"default","ast-page-background-meta":{"desktop":{"background-color":"var(--ast-global-color-5)","background-image":"","background-repeat":"repeat","background-position":"center center","background-size":"auto","background-attachment":"scroll","background-type":"","background-media":"","overlay-type":"","overlay-color":"","overlay-opacity":"","overlay-gradient":""},"tablet":{"background-color":"","background-image":"","background-repeat":"repeat","background-position":"center center","background-size":"auto","background-attachment":"scroll","background-type":"","background-media":"","overlay-type":"","overlay-color":"","overlay-opacity":"","overlay-gradient":""},"mobile":{"background-color":"","background-image":"","background-repeat":"repeat","background-position":"center center","background-size":"auto","background-attachment":"scroll","background-type":"","background-media":"","overlay-type":"","overlay-color":"","overlay-opacity":"","overlay-gradient":""}},"ast-content-background-meta":{"desktop":{"background-color":"var(--ast-global-color-4)","background-image":"","background-repeat":"repeat","background-position":"center center","background-size":"auto","background-attachment":"scroll","background-type":"","background-media":"","overlay-type":"","overlay-color":"","overlay-opacity":"","overlay-gradient":""},"tablet":{"background-color":"var(--ast-global-color-4)","background-image":"","background-repeat":"repeat","background-position":"center center","background-size":"auto","background-attachment":"scroll","background-type":"","background-media":"","overlay-type":"","overlay-color":"","overlay-opacity":"","overlay-gradient":""},"mobile":{"background-color":"var(--ast-global-color-4)","background-image":"","background-repeat":"repeat","background-position":"center center","background-size":"auto","background-attachment":"scroll","background-type":"","background-media":"","overlay-type":"","overlay-color":"","overlay-opacity":"","overlay-gradient":""}}},"product_brand":[],"product_cat":[28],"product_tag":[],"class_list":{"0":"post-615","1":"product","2":"type-product","3":"status-publish","4":"has-post-thumbnail","6":"product_cat-glass-candle-jars","7":"desktop-align-left","8":"tablet-align-left","9":"mobile-align-left","11":"first","12":"instock","13":"shipping-taxable","14":"product-type-simple"},"jetpack_sharing_enabled":true,"_links":{"self":[{"href":"https:\/\/mostebglass.com\/fr\/wp-json\/wp\/v2\/product\/615","targetHints":{"allow":["GET"]}}],"collection":[{"href":"https:\/\/mostebglass.com\/fr\/wp-json\/wp\/v2\/product"}],"about":[{"href":"https:\/\/mostebglass.com\/fr\/wp-json\/wp\/v2\/types\/product"}],"wp:featuredmedia":[{"embeddable":true,"href":"https:\/\/mostebglass.com\/fr\/wp-json\/wp\/v2\/media\/4377"}],"wp:attachment":[{"href":"https:\/\/mostebglass.com\/fr\/wp-json\/wp\/v2\/media?parent=615"}],"wp:term":[{"taxonomy":"product_brand","embeddable":true,"href":"https:\/\/mostebglass.com\/fr\/wp-json\/wp\/v2\/product_brand?post=615"},{"taxonomy":"product_cat","embeddable":true,"href":"https:\/\/mostebglass.com\/fr\/wp-json\/wp\/v2\/product_cat?post=615"},{"taxonomy":"product_tag","embeddable":true,"href":"https:\/\/mostebglass.com\/fr\/wp-json\/wp\/v2\/product_tag?post=615"}],"curies":[{"name":"wp","href":"https:\/\/api.w.org\/{rel}","templated":true}]}}