{"id":641,"date":"2025-08-20T13:01:11","date_gmt":"2025-08-20T05:01:11","guid":{"rendered":"https:\/\/mostebglass.com\/?post_type=product&#038;p=641"},"modified":"2026-03-03T16:41:37","modified_gmt":"2026-03-03T08:41:37","slug":"unique-wide-mouth-candle-jars-wholesale","status":"publish","type":"product","link":"https:\/\/mostebglass.com\/fr\/unique-wide-mouth-candle-jars-wholesale\/","title":{"rendered":"Pots \u00e0 bougies uniques \u00e0 large ouverture de 55 ml en gros\u00a0"},"content":{"rendered":"<p>Ce pot \u00e0 bougie en verre de 55 ml pr\u00e9sente une forme compacte et une large ouverture, un rebord l\u00e9g\u00e8rement \u00e9vas\u00e9 et un fond \u00e9pais et renforc\u00e9 pour une stabilit\u00e9 optimale. Fabriqu\u00e9 en verre transparent, il offre un design \u00e9pur\u00e9 et minimaliste qui mettra en valeur les bougies chauffe-plat, les bougies parfum\u00e9es en format \u00e9chantillon, les bougies votives et les coffrets cadeaux. Une fois vide, ce pot peut \u00eatre r\u00e9utilis\u00e9 comme petit r\u00e9cipient pour ranger condiments, accessoires ou objets d\u00e9coratifs.<\/p>\n<h2>Caract\u00e9ristiques du produit<\/h2>\n<ul>\n<li><strong>Ouverture \u00e9vas\u00e9e \u00e0 large bouche :<\/strong> Cette conception facilitera le versement de la cire et permettra \u00e9galement de centrer facilement les m\u00e8ches de cire lors de la production gr\u00e2ce au bord incurv\u00e9 vers l&#039;ext\u00e9rieur.<\/li>\n<li><strong>Bord roul\u00e9 \u00e9pais :<\/strong> Il renforce la structure de la bouche, minimisant ainsi le risque d&#039;\u00e9br\u00e9chure, et procure une sensation de douceur et de s\u00e9curit\u00e9.<\/li>\n<li><strong>Surface inf\u00e9rieure plate :<\/strong> Assure la stabilit\u00e9 de la table et emp\u00eache qu&#039;elle ne vacille sur la table, le plateau ou les supports d\u00e9coratifs.<\/li>\n<\/ul>\n<h2>Sp\u00e9cifications cl\u00e9s<\/h2>\n<table style=\"border-collapse: collapse; width: 80%; margin-left: auto; margin-right: auto;\" border=\"0\" width=\"144\" cellspacing=\"0\" cellpadding=\"0\">\n<tbody>\n<tr style=\"height: 13.50pt;\">\n<td style=\"height: 13.5pt; width: 54pt; text-align: center;\" width=\"72\" height=\"18\">Fonctionnalit\u00e9<\/td>\n<td style=\"width: 54pt; text-align: center;\" width=\"72\">D\u00e9tails<\/td>\n<\/tr>\n<tr style=\"height: 13.50pt;\">\n<td style=\"height: 13.5pt; text-align: center;\" height=\"18\">Capacit\u00e9<\/td>\n<td style=\"text-align: center;\">55 ml<\/td>\n<\/tr>\n<tr style=\"height: 13.50pt;\">\n<td style=\"height: 13.5pt; text-align: center;\" height=\"18\">Dimensions<\/td>\n<td style=\"text-align: center;\">61*45*45 mm<\/td>\n<\/tr>\n<tr style=\"height: 13.50pt;\">\n<td style=\"height: 13.5pt; text-align: center;\" height=\"18\">Material<\/td>\n<td style=\"text-align: center;\">Verre cristallin<\/td>\n<\/tr>\n<tr style=\"height: 13.50pt;\">\n<td style=\"height: 13.5pt; text-align: center;\" height=\"18\">Options de couleur<\/td>\n<td style=\"text-align: center;\">Verre clair ou teint\u00e9 sur mesure<\/td>\n<\/tr>\n<\/tbody>\n<\/table>\n<h2>Conseils de personnalisation pour vous<\/h2>\n<ol>\n<li><strong>Soin corporel givr\u00e9 ou d\u00e9grad\u00e9\u00a0:<\/strong> Utilisez une pulv\u00e9risation enti\u00e8rement givr\u00e9e, un rev\u00eatement en d\u00e9grad\u00e9 ascendant ou un masquage partiel pour mettre en valeur la structure \u00e9paisse de la base.<\/li>\n<li><strong>Logo en relief sur mur droit\u00a0:<\/strong> La surface cylindrique droite peut \u00eatre utilis\u00e9e pour embosser ou fa\u00e7onner la marque directement dans le verre.<\/li>\n<li><strong>D\u00e9veloppement de couvercles sur mesure\u00a0:<\/strong> Conception\u00a0: Des mod\u00e8les con\u00e7us pour s\u2019harmoniser avec les couvercles en verre, en bambou, en bois ou en m\u00e9tal, en fonction du diam\u00e8tre du bord roul\u00e9.<\/li>\n<\/ol>","protected":false},"excerpt":{"rendered":"<p>D\u00e9couvrez nos pots \u00e0 bougies \u00e0 large ouverture, id\u00e9aux pour le conditionnement en gros. Des contenants de haute qualit\u00e9 et personnalisables, disponibles en pots \u00e0 bougies uniques et en gros \u00e0 des prix comp\u00e9titifs.<\/p>","protected":false},"featured_media":4582,"template":"","meta":{"site-sidebar-layout":"default","site-content-layout":"","ast-site-content-layout":"default","site-content-style":"default","site-sidebar-style":"default","ast-global-header-display":"","ast-banner-title-visibility":"","ast-main-header-display":"","ast-hfb-above-header-display":"","ast-hfb-below-header-display":"","ast-hfb-mobile-header-display":"","site-post-title":"","ast-breadcrumbs-content":"","ast-featured-img":"","footer-sml-layout":"","theme-transparent-header-meta":"default","adv-header-id-meta":"","stick-header-meta":"","header-above-stick-meta":"","header-main-stick-meta":"","header-below-stick-meta":"","astra-migrate-meta-layouts":"set","ast-page-background-enabled":"default","ast-page-background-meta":{"desktop":{"background-color":"var(--ast-global-color-5)","background-image":"","background-repeat":"repeat","background-position":"center center","background-size":"auto","background-attachment":"scroll","background-type":"","background-media":"","overlay-type":"","overlay-color":"","overlay-opacity":"","overlay-gradient":""},"tablet":{"background-color":"","background-image":"","background-repeat":"repeat","background-position":"center center","background-size":"auto","background-attachment":"scroll","background-type":"","background-media":"","overlay-type":"","overlay-color":"","overlay-opacity":"","overlay-gradient":""},"mobile":{"background-color":"","background-image":"","background-repeat":"repeat","background-position":"center center","background-size":"auto","background-attachment":"scroll","background-type":"","background-media":"","overlay-type":"","overlay-color":"","overlay-opacity":"","overlay-gradient":""}},"ast-content-background-meta":{"desktop":{"background-color":"var(--ast-global-color-4)","background-image":"","background-repeat":"repeat","background-position":"center center","background-size":"auto","background-attachment":"scroll","background-type":"","background-media":"","overlay-type":"","overlay-color":"","overlay-opacity":"","overlay-gradient":""},"tablet":{"background-color":"var(--ast-global-color-4)","background-image":"","background-repeat":"repeat","background-position":"center center","background-size":"auto","background-attachment":"scroll","background-type":"","background-media":"","overlay-type":"","overlay-color":"","overlay-opacity":"","overlay-gradient":""},"mobile":{"background-color":"var(--ast-global-color-4)","background-image":"","background-repeat":"repeat","background-position":"center center","background-size":"auto","background-attachment":"scroll","background-type":"","background-media":"","overlay-type":"","overlay-color":"","overlay-opacity":"","overlay-gradient":""}}},"product_brand":[],"product_cat":[28],"product_tag":[],"class_list":{"0":"post-641","1":"product","2":"type-product","3":"status-publish","4":"has-post-thumbnail","6":"product_cat-glass-candle-jars","7":"desktop-align-left","8":"tablet-align-left","9":"mobile-align-left","11":"first","12":"instock","13":"shipping-taxable","14":"product-type-simple"},"jetpack_sharing_enabled":true,"_links":{"self":[{"href":"https:\/\/mostebglass.com\/fr\/wp-json\/wp\/v2\/product\/641","targetHints":{"allow":["GET"]}}],"collection":[{"href":"https:\/\/mostebglass.com\/fr\/wp-json\/wp\/v2\/product"}],"about":[{"href":"https:\/\/mostebglass.com\/fr\/wp-json\/wp\/v2\/types\/product"}],"wp:featuredmedia":[{"embeddable":true,"href":"https:\/\/mostebglass.com\/fr\/wp-json\/wp\/v2\/media\/4582"}],"wp:attachment":[{"href":"https:\/\/mostebglass.com\/fr\/wp-json\/wp\/v2\/media?parent=641"}],"wp:term":[{"taxonomy":"product_brand","embeddable":true,"href":"https:\/\/mostebglass.com\/fr\/wp-json\/wp\/v2\/product_brand?post=641"},{"taxonomy":"product_cat","embeddable":true,"href":"https:\/\/mostebglass.com\/fr\/wp-json\/wp\/v2\/product_cat?post=641"},{"taxonomy":"product_tag","embeddable":true,"href":"https:\/\/mostebglass.com\/fr\/wp-json\/wp\/v2\/product_tag?post=641"}],"curies":[{"name":"wp","href":"https:\/\/api.w.org\/{rel}","templated":true}]}}