{"id":694,"date":"2025-08-21T09:49:17","date_gmt":"2025-08-21T01:49:17","guid":{"rendered":"https:\/\/mostebglass.com\/?post_type=product&#038;p=694"},"modified":"2025-08-21T17:35:16","modified_gmt":"2025-08-21T09:35:16","slug":"cloche-a-bougie-grossiste-210ml-petits-recipients-a-bougie-avec-couvercles","status":"publish","type":"product","link":"https:\/\/mostebglass.com\/fr\/candle-bell-jar-wholesale-210ml-small-size-candle-vessels-with-covers\/","title":{"rendered":"Vente en gros de cloches \u00e0 bougies en pot \u2013 Petits r\u00e9cipients \u00e0 bougies de 210 ml avec couvercles"},"content":{"rendered":"<p>Vous recherchez des pots \u00e0 bougies haut de gamme alliant durabilit\u00e9, \u00e9l\u00e9gance et fonctionnalit\u00e9\u00a0? Nos cloches \u00e0 bougies en gros sont la solution id\u00e9ale pour les marques et les distributeurs de bougies souhaitant enrichir leur gamme. Con\u00e7us pour une stabilit\u00e9, une transparence et une personnalisation optimales, ces contenants sont parfaits pour le conditionnement de bougies de luxe, la production en grande quantit\u00e9 ou la vente de cadeaux.<\/p>\n<h2>Caract\u00e9ristiques du produit<\/h2>\n<p><strong>Conception du couvercle anti-poussi\u00e8re<\/strong><\/p>\n<p>Le couvercle en verre en forme de d\u00f4me, muni d&#039;une poign\u00e9e \u00e0 bouton, emp\u00eache la poussi\u00e8re et l&#039;humidit\u00e9 de p\u00e9n\u00e9trer, pr\u00e9servant ainsi la qualit\u00e9 de votre bo\u00eete \u00e0 bougie et de votre bougie de luxe.<\/p>\n<p><strong>Deux tailles disponibles pour plus de polyvalence<\/strong><\/p>\n<p>Choisissez entre des hauteurs de 84 mm (grande) ou de 72 mm (petite) pour correspondre \u00e0 la forme de la bougie et aux besoins de vente en gros et en gros.<\/p>\n<h2>Sp\u00e9cifications cl\u00e9s<\/h2>\n<table style=\"border-collapse: collapse; width: 80%; margin-right: auto; margin-left: auto;\" border=\"0\" width=\"144\" cellspacing=\"0\" cellpadding=\"0\">\n<tbody>\n<tr>\n<td width=\"72\">Fonctionnalit\u00e9<\/td>\n<td width=\"72\">D\u00e9tails<\/td>\n<\/tr>\n<tr>\n<td>Capacit\u00e9<\/td>\n<td>210 ml<\/td>\n<\/tr>\n<tr>\n<td>Dimensions<\/td>\n<td>Dimensions : Grand : 84 x 89 x 112 mm ; Petit : 72 x 89 x 79 mm<\/td>\n<\/tr>\n<tr>\n<td>Poids<\/td>\n<td>320 g (grand) \/ 290 g (petit)<\/td>\n<\/tr>\n<tr>\n<td>Material<\/td>\n<td>Verre<\/td>\n<\/tr>\n<tr>\n<td>Options de couleur<\/td>\n<td>Verre clair ou teint\u00e9 sur mesure<\/td>\n<\/tr>\n<\/tbody>\n<\/table>\n<h2>Id\u00e9es de personnalisation pour vous<\/h2>\n<ol>\n<li><strong>Fabriqu\u00e9 \u00e0 partir de mat\u00e9riaux respectueux de l&#039;environnement :<\/strong>Ce produit est enti\u00e8rement fabriqu\u00e9 \u00e0 partir de verre recycl\u00e9, ce qui le rend id\u00e9al pour les consommateurs soucieux de l&#039;environnement, notamment ceux qui privil\u00e9gient la stabilit\u00e9.<\/li>\n<li><strong>Logo de la marque grav\u00e9 au laser\u00a0:<\/strong>Gr\u00e2ce \u00e0 une technique de gravure laser de haute pr\u00e9cision, le motif id\u00e9al (fleuri, logo minimaliste, etc.) est grav\u00e9 dans le verre. Cette technique conf\u00e8re une touche d&#039;\u00e9l\u00e9gance \u00e0 notre collection de bougies de luxe en pot avec couvercle, vendues en gros.<\/li>\n<\/ol>","protected":false},"excerpt":{"rendered":"<p>D\u00e9couvrez notre gamme de pots \u00e0 bougies en cloche en gros, id\u00e9ale pour vos emballages de bougies. Des contenants de haute qualit\u00e9, avec couvercles, \u00e0 des prix comp\u00e9titifs.<\/p>","protected":false},"featured_media":713,"template":"","meta":{"site-sidebar-layout":"default","site-content-layout":"","ast-site-content-layout":"default","site-content-style":"default","site-sidebar-style":"default","ast-global-header-display":"","ast-banner-title-visibility":"","ast-main-header-display":"","ast-hfb-above-header-display":"","ast-hfb-below-header-display":"","ast-hfb-mobile-header-display":"","site-post-title":"","ast-breadcrumbs-content":"","ast-featured-img":"","footer-sml-layout":"","theme-transparent-header-meta":"default","adv-header-id-meta":"","stick-header-meta":"","header-above-stick-meta":"","header-main-stick-meta":"","header-below-stick-meta":"","astra-migrate-meta-layouts":"set","ast-page-background-enabled":"default","ast-page-background-meta":{"desktop":{"background-color":"var(--ast-global-color-5)","background-image":"","background-repeat":"repeat","background-position":"center center","background-size":"auto","background-attachment":"scroll","background-type":"","background-media":"","overlay-type":"","overlay-color":"","overlay-opacity":"","overlay-gradient":""},"tablet":{"background-color":"","background-image":"","background-repeat":"repeat","background-position":"center center","background-size":"auto","background-attachment":"scroll","background-type":"","background-media":"","overlay-type":"","overlay-color":"","overlay-opacity":"","overlay-gradient":""},"mobile":{"background-color":"","background-image":"","background-repeat":"repeat","background-position":"center center","background-size":"auto","background-attachment":"scroll","background-type":"","background-media":"","overlay-type":"","overlay-color":"","overlay-opacity":"","overlay-gradient":""}},"ast-content-background-meta":{"desktop":{"background-color":"var(--ast-global-color-4)","background-image":"","background-repeat":"repeat","background-position":"center center","background-size":"auto","background-attachment":"scroll","background-type":"","background-media":"","overlay-type":"","overlay-color":"","overlay-opacity":"","overlay-gradient":""},"tablet":{"background-color":"var(--ast-global-color-4)","background-image":"","background-repeat":"repeat","background-position":"center center","background-size":"auto","background-attachment":"scroll","background-type":"","background-media":"","overlay-type":"","overlay-color":"","overlay-opacity":"","overlay-gradient":""},"mobile":{"background-color":"var(--ast-global-color-4)","background-image":"","background-repeat":"repeat","background-position":"center center","background-size":"auto","background-attachment":"scroll","background-type":"","background-media":"","overlay-type":"","overlay-color":"","overlay-opacity":"","overlay-gradient":""}}},"product_brand":[],"product_cat":[28],"product_tag":[],"class_list":{"0":"post-694","1":"product","2":"type-product","3":"status-publish","4":"has-post-thumbnail","6":"product_cat-glass-candle-jars","7":"desktop-align-left","8":"tablet-align-left","9":"mobile-align-left","11":"first","12":"instock","13":"shipping-taxable","14":"product-type-simple"},"jetpack_sharing_enabled":true,"_links":{"self":[{"href":"https:\/\/mostebglass.com\/fr\/wp-json\/wp\/v2\/product\/694","targetHints":{"allow":["GET"]}}],"collection":[{"href":"https:\/\/mostebglass.com\/fr\/wp-json\/wp\/v2\/product"}],"about":[{"href":"https:\/\/mostebglass.com\/fr\/wp-json\/wp\/v2\/types\/product"}],"wp:featuredmedia":[{"embeddable":true,"href":"https:\/\/mostebglass.com\/fr\/wp-json\/wp\/v2\/media\/713"}],"wp:attachment":[{"href":"https:\/\/mostebglass.com\/fr\/wp-json\/wp\/v2\/media?parent=694"}],"wp:term":[{"taxonomy":"product_brand","embeddable":true,"href":"https:\/\/mostebglass.com\/fr\/wp-json\/wp\/v2\/product_brand?post=694"},{"taxonomy":"product_cat","embeddable":true,"href":"https:\/\/mostebglass.com\/fr\/wp-json\/wp\/v2\/product_cat?post=694"},{"taxonomy":"product_tag","embeddable":true,"href":"https:\/\/mostebglass.com\/fr\/wp-json\/wp\/v2\/product_tag?post=694"}],"curies":[{"name":"wp","href":"https:\/\/api.w.org\/{rel}","templated":true}]}}