{"id":696,"date":"2025-08-21T09:48:11","date_gmt":"2025-08-21T01:48:11","guid":{"rendered":"https:\/\/mostebglass.com\/?post_type=product&#038;p=696"},"modified":"2026-03-20T13:25:38","modified_gmt":"2026-03-20T05:25:38","slug":"grossiste-flacons-diffuseurs-reed-a-rayures-verticales","status":"publish","type":"product","link":"https:\/\/mostebglass.com\/fr\/wholesale-reed-diffuser-bottles-with-vertical-stripes\/","title":{"rendered":"Flacons diffuseurs \u00e0 roseaux de 50 ml et 100 ml en gros, \u00e0 rayures verticales"},"content":{"rendered":"<p>Vous recherchez un flacon en verre pour un produit d&#039;aromath\u00e9rapie professionnel et soign\u00e9, \u00e0 l&#039;image de votre marque\u00a0? Ce diffuseur d&#039;huiles essentielles \u00e0 b\u00e2tonnets, au design \u00e9pur\u00e9 et naturel, pr\u00e9sente une forme lisse et arrondie, rehauss\u00e9e d&#039;une texture c\u00f4tel\u00e9e verticale. Un design simple et \u00e9l\u00e9gant, id\u00e9al pour une utilisation imm\u00e9diate en aromath\u00e9rapie.<\/p>\n<h2>Caract\u00e9ristiques du produit<\/h2>\n<ul>\n<li><strong>Design \u00e9l\u00e9gant et pratique :<\/strong> Sa forme arrondie avec des rainures verticales apporte une touche de modernit\u00e9 \u00e0 votre flacon en verre pour aromath\u00e9rapie, am\u00e9liorant sa prise en main et sa profondeur visuelle.<\/li>\n<li><strong>Verre de qualit\u00e9 sup\u00e9rieure\u00a0:<\/strong> Fabriqu\u00e9 en verre de haute qualit\u00e9, il emp\u00eache le ternissement et pr\u00e9serve l&#039;int\u00e9grit\u00e9 de votre parfum, ce qui le rend id\u00e9al pour une conservation \u00e0 long terme.<\/li>\n<li><strong>Col filet\u00e9 :<\/strong> Le col filet\u00e9 permet une int\u00e9gration facile avec un bouchon \u00e0 visser pour assurer une \u00e9tanch\u00e9it\u00e9 parfaite.<\/li>\n<\/ul>\n<h2>Cas de r\u00e9ussite<\/h2>\n<p>Une marque espagnole de parfums d&#039;int\u00e9rieur a choisi notre flacon diffuseur rond de 50 ml \u00e0 la texture c\u00f4tel\u00e9e. Le client a opt\u00e9 pour une finition personnalis\u00e9e \u00e0 filetage de pr\u00e9cision au niveau du col, permettant une fixation parfaite avec un collier en c\u00e9ramique con\u00e7u par la marque, tout en offrant la possibilit\u00e9 d&#039;utiliser tout type de bouchon. De plus, le client a exig\u00e9 l&#039;utilisation de tiges en fibre de carbone noir pour garantir une diffusion optimale du parfum\u00a0; nous l&#039;avons \u00e9galement accompagn\u00e9 dans la conception d&#039;une \u00e9tiquette minimaliste enveloppante, l\u00e9g\u00e8rement micro-gaufr\u00e9e.<\/p>\n<p>Apr\u00e8s son lancement, la s\u00e9rie a g\u00e9n\u00e9r\u00e9 une augmentation de 29 % des ventes au d\u00e9tail en un seul trimestre ; le client a pass\u00e9 quatre commandes importantes cons\u00e9cutives au cours des cinq mois suivants.<\/p>\n<h2>Conseils de personnalisation<\/h2>\n<ul>\n<li>Couleur du flacon : Verre ambr\u00e9 doux (pour la protection UV)<\/li>\n<li>Bouchon : Bouchon \u00e0 vis en aluminium noir avec insert \u00e0 anche<\/li>\n<li>Taille\u00a0: Besoin d\u2019une forme unique\u00a0? Nous pouvons nous adapter \u00e0 vos besoins sp\u00e9cifiques en aromath\u00e9rapie.<\/li>\n<li>Logo\u00a0: Am\u00e9liorez la notori\u00e9t\u00e9 de votre marque en imprimant, en gaufrant ou en d\u00e9bossant votre logo sur une bouteille ou un bouchon.<\/li>\n<\/ul>\n<p>Que vous vendiez des diffuseurs \u00e0 b\u00e2tonnets ou des diffuseurs d&#039;huiles essentielles, ces flacons diffuseurs en gros vous garantissent un approvisionnement de haute qualit\u00e9. Ne manquez pas cette opportunit\u00e9 pour compl\u00e9ter votre gamme de produits\u00a0!<\/p>","protected":false},"excerpt":{"rendered":"<p>Diffuseurs en verre personnalis\u00e9s et diffuseurs \u00e0 b\u00e2tonnets en verre en gros. Emballages en verre r\u00e9sistants pour les secteurs des ar\u00f4mes et de la d\u00e9coration int\u00e9rieure. \u00c9chantillons gratuits.<\/p>","protected":false},"featured_media":4836,"template":"","meta":{"site-sidebar-layout":"default","site-content-layout":"","ast-site-content-layout":"default","site-content-style":"default","site-sidebar-style":"default","ast-global-header-display":"","ast-banner-title-visibility":"","ast-main-header-display":"","ast-hfb-above-header-display":"","ast-hfb-below-header-display":"","ast-hfb-mobile-header-display":"","site-post-title":"","ast-breadcrumbs-content":"","ast-featured-img":"","footer-sml-layout":"","theme-transparent-header-meta":"default","adv-header-id-meta":"","stick-header-meta":"","header-above-stick-meta":"","header-main-stick-meta":"","header-below-stick-meta":"","astra-migrate-meta-layouts":"set","ast-page-background-enabled":"default","ast-page-background-meta":{"desktop":{"background-color":"var(--ast-global-color-5)","background-image":"","background-repeat":"repeat","background-position":"center center","background-size":"auto","background-attachment":"scroll","background-type":"","background-media":"","overlay-type":"","overlay-color":"","overlay-opacity":"","overlay-gradient":""},"tablet":{"background-color":"","background-image":"","background-repeat":"repeat","background-position":"center center","background-size":"auto","background-attachment":"scroll","background-type":"","background-media":"","overlay-type":"","overlay-color":"","overlay-opacity":"","overlay-gradient":""},"mobile":{"background-color":"","background-image":"","background-repeat":"repeat","background-position":"center center","background-size":"auto","background-attachment":"scroll","background-type":"","background-media":"","overlay-type":"","overlay-color":"","overlay-opacity":"","overlay-gradient":""}},"ast-content-background-meta":{"desktop":{"background-color":"var(--ast-global-color-4)","background-image":"","background-repeat":"repeat","background-position":"center center","background-size":"auto","background-attachment":"scroll","background-type":"","background-media":"","overlay-type":"","overlay-color":"","overlay-opacity":"","overlay-gradient":""},"tablet":{"background-color":"var(--ast-global-color-4)","background-image":"","background-repeat":"repeat","background-position":"center center","background-size":"auto","background-attachment":"scroll","background-type":"","background-media":"","overlay-type":"","overlay-color":"","overlay-opacity":"","overlay-gradient":""},"mobile":{"background-color":"var(--ast-global-color-4)","background-image":"","background-repeat":"repeat","background-position":"center center","background-size":"auto","background-attachment":"scroll","background-type":"","background-media":"","overlay-type":"","overlay-color":"","overlay-opacity":"","overlay-gradient":""}}},"product_brand":[],"product_cat":[54],"product_tag":[],"class_list":{"0":"post-696","1":"product","2":"type-product","3":"status-publish","4":"has-post-thumbnail","6":"product_cat-reed-diffuser-bottles","7":"desktop-align-left","8":"tablet-align-left","9":"mobile-align-left","11":"first","12":"instock","13":"shipping-taxable","14":"product-type-simple"},"jetpack_sharing_enabled":true,"_links":{"self":[{"href":"https:\/\/mostebglass.com\/fr\/wp-json\/wp\/v2\/product\/696","targetHints":{"allow":["GET"]}}],"collection":[{"href":"https:\/\/mostebglass.com\/fr\/wp-json\/wp\/v2\/product"}],"about":[{"href":"https:\/\/mostebglass.com\/fr\/wp-json\/wp\/v2\/types\/product"}],"wp:featuredmedia":[{"embeddable":true,"href":"https:\/\/mostebglass.com\/fr\/wp-json\/wp\/v2\/media\/4836"}],"wp:attachment":[{"href":"https:\/\/mostebglass.com\/fr\/wp-json\/wp\/v2\/media?parent=696"}],"wp:term":[{"taxonomy":"product_brand","embeddable":true,"href":"https:\/\/mostebglass.com\/fr\/wp-json\/wp\/v2\/product_brand?post=696"},{"taxonomy":"product_cat","embeddable":true,"href":"https:\/\/mostebglass.com\/fr\/wp-json\/wp\/v2\/product_cat?post=696"},{"taxonomy":"product_tag","embeddable":true,"href":"https:\/\/mostebglass.com\/fr\/wp-json\/wp\/v2\/product_tag?post=696"}],"curies":[{"name":"wp","href":"https:\/\/api.w.org\/{rel}","templated":true}]}}