{"id":700,"date":"2025-08-21T10:44:05","date_gmt":"2025-08-21T02:44:05","guid":{"rendered":"https:\/\/mostebglass.com\/?post_type=product&#038;p=700"},"modified":"2026-03-02T17:28:45","modified_gmt":"2026-03-02T09:28:45","slug":"glass-bell-candle-holder-clear-glass-candle-jars-wholesale","status":"publish","type":"product","link":"https:\/\/mostebglass.com\/fr\/glass-bell-candle-holder-clear-glass-candle-jars-wholesale\/","title":{"rendered":"Bougeoir cloche en verre - Pots \u00e0 bougies en verre transparent de 390 ml (vente en gros)"},"content":{"rendered":"<p>Cette bouteille en verre de 390 ml se compose de deux parties\u00a0: un fond cylindrique et un couvercle en forme de d\u00f4me muni d\u2019une poign\u00e9e ronde. Son design classique de cloche en verre se caract\u00e9rise par une silhouette \u00e9pur\u00e9e, des parois verticales nettes et une base lisse et \u00e9paisse qui lui conf\u00e8re une excellente stabilit\u00e9.<\/p>\n<p>Ce r\u00e9cipient est fabriqu\u00e9 en verre sodocalcique de haute clart\u00e9, ce qui lui conf\u00e8re une excellente transparence et une \u00e9paisseur uniforme. La base et le couvercle en forme de cloche s&#039;embo\u00eetent parfaitement gr\u00e2ce \u00e0 un rebord plat et poli qui maintient le contenu en place et permet de voir l&#039;int\u00e9gralit\u00e9 du produit.<\/p>\n<h2>Sp\u00e9cifications cl\u00e9s<\/h2>\n<table style=\"border-collapse: collapse; width: 80%; margin-right: auto; margin-left: auto;\" border=\"0\" width=\"144\" cellspacing=\"0\" cellpadding=\"0\">\n<tbody>\n<tr>\n<td>Capacit\u00e9<\/td>\n<td>390 ml<\/td>\n<\/tr>\n<tr>\n<td>Dimensions<\/td>\n<td>Comme le montre la figure ci-dessus<\/td>\n<\/tr>\n<tr>\n<td>Couleur<\/td>\n<td>Transparent ou de votre couleur personnalis\u00e9e<\/td>\n<\/tr>\n<tr>\n<td>Material<\/td>\n<td>Verre sodocalcique sans plomb<\/td>\n<\/tr>\n<tr>\n<td>Options de personnalisation<\/td>\n<td>Capacit\u00e9, taille, couleur, logo, forme, accessoires, bo\u00eete d&#039;emballage<\/td>\n<\/tr>\n<\/tbody>\n<\/table>\n<h2>Applications<\/h2>\n<ul>\n<li><strong>Bougies parfum\u00e9es et aromath\u00e9rapie<\/strong>Cloche en verre id\u00e9ale pour les bougies parfum\u00e9es, les bougies en cire de soja et les collections de parfums de luxe. Son couvercle en forme de d\u00f4me pr\u00e9serve le parfum et la surface de la bougie lorsqu&#039;elle n&#039;est pas utilis\u00e9e.<\/li>\n<li><strong>Pr\u00e9sentoir d\u00e9coratif<\/strong>Ce r\u00e9cipient peut servir \u00e0 pr\u00e9senter des objets d\u00e9coratifs tels que des fleurs s\u00e9ch\u00e9es, des fleurs stabilis\u00e9es, des cristaux ou des d\u00e9corations saisonni\u00e8res. Sa forme de cloche bien d\u00e9finie est id\u00e9ale pour la pr\u00e9sentation de produits en magasin et dans les int\u00e9rieurs.<\/li>\n<li><strong>Emballages cadeaux et de vente au d\u00e9tail<\/strong>Id\u00e9al pour les marques de bougies artisanales, les coffrets cadeaux de f\u00eates et les emballages de luxe o\u00f9 le merchandising visuel est indispensable.<\/li>\n<\/ul>\n<figure id=\"attachment_4554\" aria-describedby=\"caption-attachment-4554\" style=\"width: 500px\" class=\"wp-caption aligncenter\"><img fetchpriority=\"high\" decoding=\"async\" class=\"wp-image-4554\" src=\"https:\/\/mostebglass.com\/wp-content\/uploads\/2025\/08\/pink-glass-bell-candle-holder-sample.webp\" alt=\"D\u00e9tails du bougeoir en forme de cloche en verre\" width=\"500\" height=\"500\" srcset=\"https:\/\/mostebglass.com\/wp-content\/uploads\/2025\/08\/pink-glass-bell-candle-holder-sample.webp 1024w, https:\/\/mostebglass.com\/wp-content\/uploads\/2025\/08\/pink-glass-bell-candle-holder-sample-768x768.webp 768w, https:\/\/mostebglass.com\/wp-content\/uploads\/2025\/08\/pink-glass-bell-candle-holder-sample-12x12.webp 12w, https:\/\/mostebglass.com\/wp-content\/uploads\/2025\/08\/pink-glass-bell-candle-holder-sample-300x300.webp 300w, https:\/\/mostebglass.com\/wp-content\/uploads\/2025\/08\/pink-glass-bell-candle-holder-sample-600x600.webp 600w, https:\/\/mostebglass.com\/wp-content\/uploads\/2025\/08\/pink-glass-bell-candle-holder-sample-100x100.webp 100w\" sizes=\"(max-width: 500px) 100vw, 500px\" \/><figcaption id=\"caption-attachment-4554\" class=\"wp-caption-text\">Un bougeoir cloche en verre rose d\u00e9grad\u00e9<\/figcaption><\/figure>\n<h2>Recommandations de personnalisation B2B<\/h2>\n<p>Ce mod\u00e8le offre diverses options de personnalisation aux propri\u00e9taires de marques, aux distributeurs et aux acheteurs en gros de pots \u00e0 bougies en verre transparent\u00a0:<\/p>\n<ul>\n<li><strong>Logo de d\u00e9coration<\/strong>Impression s\u00e9rigraphique, dorure \u00e0 chaud, d\u00e9calcomanie, gravure laser.<\/li>\n<li><strong>finitions de surface<\/strong>Verre d\u00e9poli, gris fum\u00e9, teinte ambr\u00e9e, rev\u00eatement par pulv\u00e9risation d\u00e9grad\u00e9.<\/li>\n<li><strong>Modifications structurelles<\/strong>: Diam\u00e8tre ou hauteur sp\u00e9ciale des moules exclusifs.<\/li>\n<li><strong>Modifications apport\u00e9es au couvercle<\/strong>: r\u00e9glage de la forme du bouton ou couvercle en verre color\u00e9.<\/li>\n<li><strong>Options d&#039;emballage<\/strong>Bo\u00eetes rigides personnalis\u00e9es, inserts de protection, bo\u00eetes de marque.<\/li>\n<li><strong>Service de remplissage de bougies<\/strong>Remplissage de cire cl\u00e9 en main pour bougies sous leur propre marque.<\/li>\n<\/ul>\n<p>Le godet int\u00e9rieur cylindrique standard est \u00e9galement compatible avec la ligne de production de bougies existante, ce qui permet aux grands acheteurs de r\u00e9aliser des \u00e9conomies sur les co\u00fbts d&#039;outillage.<\/p>","protected":false},"excerpt":{"rendered":"<p>Bougeoir cloche en verre de 390 ml avec couvercle en forme de d\u00f4me transparent. Id\u00e9al pour les bougies parfum\u00e9es et la d\u00e9coration. Disponible en gros avec des pots \u00e0 bougies en verre transparent et personnalisation possible.<\/p>","protected":false},"featured_media":4553,"template":"","meta":{"site-sidebar-layout":"default","site-content-layout":"","ast-site-content-layout":"default","site-content-style":"default","site-sidebar-style":"default","ast-global-header-display":"","ast-banner-title-visibility":"","ast-main-header-display":"","ast-hfb-above-header-display":"","ast-hfb-below-header-display":"","ast-hfb-mobile-header-display":"","site-post-title":"","ast-breadcrumbs-content":"","ast-featured-img":"","footer-sml-layout":"","theme-transparent-header-meta":"default","adv-header-id-meta":"","stick-header-meta":"","header-above-stick-meta":"","header-main-stick-meta":"","header-below-stick-meta":"","astra-migrate-meta-layouts":"set","ast-page-background-enabled":"default","ast-page-background-meta":{"desktop":{"background-color":"var(--ast-global-color-5)","background-image":"","background-repeat":"repeat","background-position":"center center","background-size":"auto","background-attachment":"scroll","background-type":"","background-media":"","overlay-type":"","overlay-color":"","overlay-opacity":"","overlay-gradient":""},"tablet":{"background-color":"","background-image":"","background-repeat":"repeat","background-position":"center center","background-size":"auto","background-attachment":"scroll","background-type":"","background-media":"","overlay-type":"","overlay-color":"","overlay-opacity":"","overlay-gradient":""},"mobile":{"background-color":"","background-image":"","background-repeat":"repeat","background-position":"center center","background-size":"auto","background-attachment":"scroll","background-type":"","background-media":"","overlay-type":"","overlay-color":"","overlay-opacity":"","overlay-gradient":""}},"ast-content-background-meta":{"desktop":{"background-color":"var(--ast-global-color-4)","background-image":"","background-repeat":"repeat","background-position":"center center","background-size":"auto","background-attachment":"scroll","background-type":"","background-media":"","overlay-type":"","overlay-color":"","overlay-opacity":"","overlay-gradient":""},"tablet":{"background-color":"var(--ast-global-color-4)","background-image":"","background-repeat":"repeat","background-position":"center center","background-size":"auto","background-attachment":"scroll","background-type":"","background-media":"","overlay-type":"","overlay-color":"","overlay-opacity":"","overlay-gradient":""},"mobile":{"background-color":"var(--ast-global-color-4)","background-image":"","background-repeat":"repeat","background-position":"center center","background-size":"auto","background-attachment":"scroll","background-type":"","background-media":"","overlay-type":"","overlay-color":"","overlay-opacity":"","overlay-gradient":""}}},"product_brand":[],"product_cat":[28,21],"product_tag":[],"class_list":{"0":"post-700","1":"product","2":"type-product","3":"status-publish","4":"has-post-thumbnail","6":"product_cat-glass-candle-jars","7":"product_cat-product","8":"desktop-align-left","9":"tablet-align-left","10":"mobile-align-left","12":"first","13":"instock","14":"shipping-taxable","15":"product-type-simple"},"jetpack_sharing_enabled":true,"_links":{"self":[{"href":"https:\/\/mostebglass.com\/fr\/wp-json\/wp\/v2\/product\/700","targetHints":{"allow":["GET"]}}],"collection":[{"href":"https:\/\/mostebglass.com\/fr\/wp-json\/wp\/v2\/product"}],"about":[{"href":"https:\/\/mostebglass.com\/fr\/wp-json\/wp\/v2\/types\/product"}],"wp:featuredmedia":[{"embeddable":true,"href":"https:\/\/mostebglass.com\/fr\/wp-json\/wp\/v2\/media\/4553"}],"wp:attachment":[{"href":"https:\/\/mostebglass.com\/fr\/wp-json\/wp\/v2\/media?parent=700"}],"wp:term":[{"taxonomy":"product_brand","embeddable":true,"href":"https:\/\/mostebglass.com\/fr\/wp-json\/wp\/v2\/product_brand?post=700"},{"taxonomy":"product_cat","embeddable":true,"href":"https:\/\/mostebglass.com\/fr\/wp-json\/wp\/v2\/product_cat?post=700"},{"taxonomy":"product_tag","embeddable":true,"href":"https:\/\/mostebglass.com\/fr\/wp-json\/wp\/v2\/product_tag?post=700"}],"curies":[{"name":"wp","href":"https:\/\/api.w.org\/{rel}","templated":true}]}}