{"id":706,"date":"2025-08-21T10:12:54","date_gmt":"2025-08-21T02:12:54","guid":{"rendered":"https:\/\/mostebglass.com\/?post_type=product&#038;p=706"},"modified":"2026-03-16T13:08:51","modified_gmt":"2026-03-16T05:08:51","slug":"bouteilles-de-diffusion-et-roseaux-vides-en-vrac-avec-motif-en-spirale","status":"publish","type":"product","link":"https:\/\/mostebglass.com\/fr\/bulk-empty-diffuser-bottles-and-reeds-with-spiral-design\/","title":{"rendered":"Flacons et b\u00e2tonnets de diffuseur vides en vrac de 100 ml et 250 ml avec motif en spirale"},"content":{"rendered":"<p>Le flacon diffuseur vide et ses tiges pr\u00e9sentent un design en spirale unique qui apporte une touche d&#039;\u00e9l\u00e9gance \u00e0 toute pi\u00e8ce. Le flacon en verre transparent permet d&#039;admirer le liquide color\u00e9 qu&#039;il contient, tandis que sa structure robuste garantit sa durabilit\u00e9. Ce flacon diffuseur est id\u00e9al pour la maison ou le bureau et s&#039;associe parfaitement aux tiges pour diffuser un parfum agr\u00e9able et constant. Son design contemporain et minimaliste s&#039;int\u00e8gre harmonieusement \u00e0 tous les int\u00e9rieurs.<\/p>\n<h2>Caract\u00e9ristiques du produit<\/h2>\n<ul>\n<li><strong>Texture en spirale accrocheuse :<\/strong> Le motif c\u00f4tel\u00e9 rotatif ajoute du mouvement et de la profondeur \u00e0 votre diffuseur, ce qui lui permet de se d\u00e9marquer sur les \u00e9tag\u00e8res et les r\u00e9seaux sociaux.<\/li>\n<li><strong>Forme sph\u00e9rique :<\/strong> La forme circulaire de la bouteille, avec ses lignes douces et rondes, cr\u00e9e une beaut\u00e9 unique et d\u00e9corative.<\/li>\n<li><strong>Verre transparent durable :<\/strong> Bouteille en verre haute d\u00e9finition r\u00e9sistante aux rayures et aux produits chimiques, ce qui la rend id\u00e9ale pour le stockage \u00e0 long terme et l&#039;utilisation fr\u00e9quente.<\/li>\n<\/ul>\n<h2>Comment une marque a cr\u00e9\u00e9 un best-seller<\/h2>\n<p>Une start-up du secteur de l&#039;aromath\u00e9rapie a achet\u00e9 3\u00a0000 de ces flacons et tiges de diffuseur vides. Elle a choisi une couleur vert clair pour le corps du flacon et y a appos\u00e9 son logo unique. L&#039;association du design en spirale et de la couleur personnalis\u00e9e a rendu ses produits populaires. En seulement deux mois, elle a re\u00e7u de nombreuses commandes r\u00e9p\u00e9t\u00e9es et ses ventes ont consid\u00e9rablement augment\u00e9. Cela prouve que ces flacons de diffuseur vides peuvent r\u00e9ellement booster votre activit\u00e9.<\/p>\n<h2>Votre marque, vos r\u00e8gles<\/h2>\n<ul>\n<li>Artisanat personnalis\u00e9 : vous pouvez choisir le gla\u00e7age, la peinture ou la sculpture pour donner \u00e0 la bouteille en verre une texture sp\u00e9ciale.<\/li>\n<li>Couvercles : remplacez le bouchon standard par des couvercles en bois, en m\u00e9tal ou en c\u00e9ramique pour correspondre au style de votre produit.<\/li>\n<li>Taille : Si 50 ml et 100 ml ne r\u00e9pondent pas \u00e0 vos exigences, nous pouvons adapter la taille du verre de d\u00e9samor\u00e7age pour r\u00e9pondre \u00e0 vos exigences sp\u00e9cifiques.<\/li>\n<\/ul>","protected":false},"excerpt":{"rendered":"<p>Vente en gros de flacons et de roseaux de diffuseur vides. Qualit\u00e9 sup\u00e9rieure, prix d&#039;usine, \u00e9chantillons gratuits pour les acheteurs B2B.<\/p>","protected":false},"featured_media":4780,"template":"","meta":{"site-sidebar-layout":"default","site-content-layout":"","ast-site-content-layout":"default","site-content-style":"default","site-sidebar-style":"default","ast-global-header-display":"","ast-banner-title-visibility":"","ast-main-header-display":"","ast-hfb-above-header-display":"","ast-hfb-below-header-display":"","ast-hfb-mobile-header-display":"","site-post-title":"","ast-breadcrumbs-content":"","ast-featured-img":"","footer-sml-layout":"","theme-transparent-header-meta":"default","adv-header-id-meta":"","stick-header-meta":"","header-above-stick-meta":"","header-main-stick-meta":"","header-below-stick-meta":"","astra-migrate-meta-layouts":"set","ast-page-background-enabled":"default","ast-page-background-meta":{"desktop":{"background-color":"var(--ast-global-color-5)","background-image":"","background-repeat":"repeat","background-position":"center center","background-size":"auto","background-attachment":"scroll","background-type":"","background-media":"","overlay-type":"","overlay-color":"","overlay-opacity":"","overlay-gradient":""},"tablet":{"background-color":"","background-image":"","background-repeat":"repeat","background-position":"center center","background-size":"auto","background-attachment":"scroll","background-type":"","background-media":"","overlay-type":"","overlay-color":"","overlay-opacity":"","overlay-gradient":""},"mobile":{"background-color":"","background-image":"","background-repeat":"repeat","background-position":"center center","background-size":"auto","background-attachment":"scroll","background-type":"","background-media":"","overlay-type":"","overlay-color":"","overlay-opacity":"","overlay-gradient":""}},"ast-content-background-meta":{"desktop":{"background-color":"var(--ast-global-color-4)","background-image":"","background-repeat":"repeat","background-position":"center center","background-size":"auto","background-attachment":"scroll","background-type":"","background-media":"","overlay-type":"","overlay-color":"","overlay-opacity":"","overlay-gradient":""},"tablet":{"background-color":"var(--ast-global-color-4)","background-image":"","background-repeat":"repeat","background-position":"center center","background-size":"auto","background-attachment":"scroll","background-type":"","background-media":"","overlay-type":"","overlay-color":"","overlay-opacity":"","overlay-gradient":""},"mobile":{"background-color":"var(--ast-global-color-4)","background-image":"","background-repeat":"repeat","background-position":"center center","background-size":"auto","background-attachment":"scroll","background-type":"","background-media":"","overlay-type":"","overlay-color":"","overlay-opacity":"","overlay-gradient":""}}},"product_brand":[],"product_cat":[54],"product_tag":[],"class_list":{"0":"post-706","1":"product","2":"type-product","3":"status-publish","4":"has-post-thumbnail","6":"product_cat-reed-diffuser-bottles","7":"desktop-align-left","8":"tablet-align-left","9":"mobile-align-left","11":"first","12":"instock","13":"shipping-taxable","14":"product-type-simple"},"jetpack_sharing_enabled":true,"_links":{"self":[{"href":"https:\/\/mostebglass.com\/fr\/wp-json\/wp\/v2\/product\/706","targetHints":{"allow":["GET"]}}],"collection":[{"href":"https:\/\/mostebglass.com\/fr\/wp-json\/wp\/v2\/product"}],"about":[{"href":"https:\/\/mostebglass.com\/fr\/wp-json\/wp\/v2\/types\/product"}],"wp:featuredmedia":[{"embeddable":true,"href":"https:\/\/mostebglass.com\/fr\/wp-json\/wp\/v2\/media\/4780"}],"wp:attachment":[{"href":"https:\/\/mostebglass.com\/fr\/wp-json\/wp\/v2\/media?parent=706"}],"wp:term":[{"taxonomy":"product_brand","embeddable":true,"href":"https:\/\/mostebglass.com\/fr\/wp-json\/wp\/v2\/product_brand?post=706"},{"taxonomy":"product_cat","embeddable":true,"href":"https:\/\/mostebglass.com\/fr\/wp-json\/wp\/v2\/product_cat?post=706"},{"taxonomy":"product_tag","embeddable":true,"href":"https:\/\/mostebglass.com\/fr\/wp-json\/wp\/v2\/product_tag?post=706"}],"curies":[{"name":"wp","href":"https:\/\/api.w.org\/{rel}","templated":true}]}}