{"id":729,"date":"2025-08-21T12:49:19","date_gmt":"2025-08-21T04:49:19","guid":{"rendered":"https:\/\/mostebglass.com\/?post_type=product&#038;p=729"},"modified":"2026-04-09T15:24:15","modified_gmt":"2026-04-09T07:24:15","slug":"clear-reed-diffuser-containers-with-vertical-stripes-wholesale","status":"publish","type":"product","link":"https:\/\/mostebglass.com\/fr\/clear-reed-diffuser-containers-with-vertical-stripes-wholesale\/","title":{"rendered":"Diffuseurs \u00e0 b\u00e2tonnets transparents de 50 ml et 100 ml avec rayures verticales (vente en gros)"},"content":{"rendered":"<p>Fabriqu\u00e9 en verre de qualit\u00e9 sup\u00e9rieure, ce diffuseur en verre avec tiges, \u00e9galement disponible en version transparente, pr\u00e9sente une \u00e9l\u00e9gante forme cylindrique aux bords verticaux nets. Ce flacon transparent et durable est d&#039;une transparence cristalline, id\u00e9al pour mettre en valeur votre parfum unique. Nous sommes sp\u00e9cialis\u00e9s dans les parfums en vrac et une gamme compl\u00e8te de fournitures pour diffuseurs, notamment des flacons et des pots polyvalents, offrant des produits de haute qualit\u00e9 \u00e0 des prix abordables.<\/p>\n<h2>Caract\u00e9ristiques du produit<\/h2>\n<ul>\n<li>Conception pratique : les rayures verticales et une large ouverture (associ\u00e9e \u00e0 un bouchon s\u00e9curis\u00e9) rendent ce diffuseur classique avec b\u00e2ton facile \u00e0 remplir, et il se coordonne facilement avec d&#039;autres diffuseurs \u00e0 roseaux et conteneurs de diffuseur, ce qui le rend id\u00e9al pour un usage quotidien.<\/li>\n<li>Transparent : Fabriqu\u00e9 \u00e0 partir de verre diffuseur de qualit\u00e9 sup\u00e9rieure, le parfum \u00e0 l&#039;int\u00e9rieur de ce flacon diffuseur transparent (un diffuseur \u00e0 roseau transparent remarquable) est clairement visible, cr\u00e9ant une exp\u00e9rience visuelle fra\u00eeche et pure.<\/li>\n<li>Mince : Le flacon fin et les lignes \u00e9pur\u00e9es de ce diffuseur en verre avec b\u00e2tonnets cr\u00e9ent un design simple et \u00e9l\u00e9gant qui compl\u00e8te n&#039;importe quel style d&#039;affichage, s&#039;int\u00e9grant parfaitement aux contenants de diffuseurs \u00e0 roseaux.<\/li>\n<\/ul>\n<h2>Histoire vraie\u00a0: Comment une marque a doubl\u00e9 le nombre de ses clients fid\u00e8les<\/h2>\n<p>Une marque de bien-\u00eatre californienne souhaitait lancer un diffuseur original avec tige. Ses clients adoraient le parfum, mais ne se souvenaient pas des autres flacons et contenants en verre disponibles en rayon. Ils ont donc opt\u00e9 pour notre diffuseur \u00e0 tige transparent personnalis\u00e9, fabriqu\u00e9 en verre vert tendre, avec un bouchon \u00e0 l&#039;effigie de la marque et un emballage sur mesure. Le produit a rencontr\u00e9 un tel succ\u00e8s qu&#039;ils ont \u00e9largi leur gamme en six mois, utilisant le m\u00eame flacon transparent, doublant ainsi leur chiffre d&#039;affaires.<\/p>\n<h2>Vos options de personnalisation<\/h2>\n<p>Ne vous contentez pas de produits standard. Nous vous facilitons la personnalisation de chaque d\u00e9tail de votre diffuseur en verre\u00a0: b\u00e2tonnets, flacons transparents ou diffuseurs \u00e0 roseaux.<\/p>\n<ul>\n<li>Finitions sp\u00e9ciales : Diffuseurs en verre mat, givr\u00e9 ou color\u00e9 pour une sensation haut de gamme, adapt\u00e9s aux diffuseurs \u00e0 roseaux transparents et aux r\u00e9cipients diffuseurs.<\/li>\n<li>Modules compl\u00e9mentaires\u00a0: bouchons personnalis\u00e9s et emballage diffuseur de marque pour rehausser l&#039;attrait de votre produit.<\/li>\n<li>Applications du logo : S\u00e9rigraphie, \u00e9tiquetage ou gravure au jet de sable sur les surfaces en verre des diffuseurs.<\/li>\n<\/ul>\n<p>Vous souhaitez un diffuseur de parfum personnalis\u00e9 et exclusif avec b\u00e2tonnets, accompagn\u00e9 de contenants ou d&#039;un emballage personnalis\u00e9s\u00a0? Nous le fabriquerons sur mesure, rien que pour vous.<\/p>","protected":false},"excerpt":{"rendered":"<p>Vente en gros de flacons diffuseurs transparents et de diffuseurs \u00e0 b\u00e2tonnets. Commandes en gros, \u00e9chantillons gratuits, qualit\u00e9 sup\u00e9rieure\u00a0: id\u00e9al pour les marques et fournisseurs de parfums.<\/p>","protected":false},"featured_media":5015,"template":"","meta":{"site-sidebar-layout":"default","site-content-layout":"","ast-site-content-layout":"default","site-content-style":"default","site-sidebar-style":"default","ast-global-header-display":"","ast-banner-title-visibility":"","ast-main-header-display":"","ast-hfb-above-header-display":"","ast-hfb-below-header-display":"","ast-hfb-mobile-header-display":"","site-post-title":"","ast-breadcrumbs-content":"","ast-featured-img":"","footer-sml-layout":"","theme-transparent-header-meta":"default","adv-header-id-meta":"","stick-header-meta":"","header-above-stick-meta":"","header-main-stick-meta":"","header-below-stick-meta":"","astra-migrate-meta-layouts":"set","ast-page-background-enabled":"default","ast-page-background-meta":{"desktop":{"background-color":"var(--ast-global-color-5)","background-image":"","background-repeat":"repeat","background-position":"center center","background-size":"auto","background-attachment":"scroll","background-type":"","background-media":"","overlay-type":"","overlay-color":"","overlay-opacity":"","overlay-gradient":""},"tablet":{"background-color":"","background-image":"","background-repeat":"repeat","background-position":"center center","background-size":"auto","background-attachment":"scroll","background-type":"","background-media":"","overlay-type":"","overlay-color":"","overlay-opacity":"","overlay-gradient":""},"mobile":{"background-color":"","background-image":"","background-repeat":"repeat","background-position":"center center","background-size":"auto","background-attachment":"scroll","background-type":"","background-media":"","overlay-type":"","overlay-color":"","overlay-opacity":"","overlay-gradient":""}},"ast-content-background-meta":{"desktop":{"background-color":"var(--ast-global-color-4)","background-image":"","background-repeat":"repeat","background-position":"center center","background-size":"auto","background-attachment":"scroll","background-type":"","background-media":"","overlay-type":"","overlay-color":"","overlay-opacity":"","overlay-gradient":""},"tablet":{"background-color":"var(--ast-global-color-4)","background-image":"","background-repeat":"repeat","background-position":"center center","background-size":"auto","background-attachment":"scroll","background-type":"","background-media":"","overlay-type":"","overlay-color":"","overlay-opacity":"","overlay-gradient":""},"mobile":{"background-color":"var(--ast-global-color-4)","background-image":"","background-repeat":"repeat","background-position":"center center","background-size":"auto","background-attachment":"scroll","background-type":"","background-media":"","overlay-type":"","overlay-color":"","overlay-opacity":"","overlay-gradient":""}}},"product_brand":[],"product_cat":[54],"product_tag":[],"class_list":{"0":"post-729","1":"product","2":"type-product","3":"status-publish","4":"has-post-thumbnail","6":"product_cat-reed-diffuser-bottles","7":"desktop-align-left","8":"tablet-align-left","9":"mobile-align-left","11":"first","12":"instock","13":"shipping-taxable","14":"product-type-simple"},"jetpack_sharing_enabled":true,"_links":{"self":[{"href":"https:\/\/mostebglass.com\/fr\/wp-json\/wp\/v2\/product\/729","targetHints":{"allow":["GET"]}}],"collection":[{"href":"https:\/\/mostebglass.com\/fr\/wp-json\/wp\/v2\/product"}],"about":[{"href":"https:\/\/mostebglass.com\/fr\/wp-json\/wp\/v2\/types\/product"}],"wp:featuredmedia":[{"embeddable":true,"href":"https:\/\/mostebglass.com\/fr\/wp-json\/wp\/v2\/media\/5015"}],"wp:attachment":[{"href":"https:\/\/mostebglass.com\/fr\/wp-json\/wp\/v2\/media?parent=729"}],"wp:term":[{"taxonomy":"product_brand","embeddable":true,"href":"https:\/\/mostebglass.com\/fr\/wp-json\/wp\/v2\/product_brand?post=729"},{"taxonomy":"product_cat","embeddable":true,"href":"https:\/\/mostebglass.com\/fr\/wp-json\/wp\/v2\/product_cat?post=729"},{"taxonomy":"product_tag","embeddable":true,"href":"https:\/\/mostebglass.com\/fr\/wp-json\/wp\/v2\/product_tag?post=729"}],"curies":[{"name":"wp","href":"https:\/\/api.w.org\/{rel}","templated":true}]}}