{"id":755,"date":"2025-08-21T19:14:33","date_gmt":"2025-08-21T11:14:33","guid":{"rendered":"https:\/\/mostebglass.com\/?post_type=product&#038;p=755"},"modified":"2026-03-13T14:29:12","modified_gmt":"2026-03-13T06:29:12","slug":"empty-glass-diffuser-bottles-in-pumpkin-shape-for-wholesale","status":"publish","type":"product","link":"https:\/\/mostebglass.com\/fr\/empty-glass-diffuser-bottles-in-pumpkin-shape-for-wholesale\/","title":{"rendered":"Flacons diffuseurs en verre vides de 100 ml et 200 ml en forme de citrouille, disponibles en gros."},"content":{"rendered":"<p>Que vous achetiez des flacons diffuseurs en verre vides pour une nouvelle gamme de parfums ou que vous cr\u00e9iez une collection compl\u00e8te d&#039;emballages pour parfums, ce flacon court et trapu, aux lignes g\u00e9om\u00e9triques \u00e9pur\u00e9es, \u00e9voque une citrouille moderne baign\u00e9e de soleil. Bien plus qu&#039;un simple flacon, c&#039;est un diffuseur en verre sur pied, con\u00e7u pour la vente.<\/p>\n<h2>Caract\u00e9ristiques du produit<\/h2>\n<ul>\n<li><strong>Design en verre facett\u00e9\u00a0:<\/strong> La bouteille, con\u00e7ue en plusieurs couches et prenant la forme d&#039;une citrouille, refl\u00e8te la lumi\u00e8re avec une grande \u00e9l\u00e9gance et s&#039;int\u00e8gre harmonieusement \u00e0 tous les int\u00e9rieurs.<\/li>\n<li><strong>Base ronde stable :<\/strong> Sa base large et arrondie lui permet de ne pas basculer pendant son utilisation, ce qui la rend s\u00fbre et pratique \u00e0 utiliser sur des \u00e9tag\u00e8res, des tables et des plans de travail.<\/li>\n<li><strong>Choix de colliers d\u00e9coratifs haut de gamme\u00a0:<\/strong> Les clients ont la possibilit\u00e9 d&#039;opter pour un \u00e9l\u00e9gant col m\u00e9tallique, dor\u00e9 ou noir, qui apporte une touche sophistiqu\u00e9e et rehausse l&#039;attrait g\u00e9n\u00e9ral.<\/li>\n<\/ul>\n<h2>Succ\u00e8s r\u00e9el : comment une marque a doubl\u00e9 l&#039;int\u00e9r\u00eat des d\u00e9taillants<\/h2>\n<p>Une marque californienne lance une nouvelle gamme de produits d&#039;aromath\u00e9rapie. Elle a choisi nos flacons diffuseurs en verre de 100 ml. Pour sa personnalisation, elle a opt\u00e9 pour des flacons diffuseurs vides en verre ambr\u00e9, grav\u00e9s au laser. Ces diffuseurs en verre, fournis avec leurs b\u00e2tonnets, sont devenus un best-seller. Les d\u00e9taillants privil\u00e9gient un design unique, et les ventes de la marque ont progress\u00e9 de 35 % en trois mois. Cela d\u00e9montre l&#039;impact positif d&#039;un flacon bien con\u00e7u sur l&#039;attractivit\u00e9 d&#039;un produit.<\/p>\n<h2>Conseils de personnalisation<\/h2>\n<ol>\n<li>Pour un aspect plus doux, appliquez une finition d\u00e9polie aux nervures, ou utilisez la gravure \u00e0 l&#039;acide pour accentuer les lignes du verre diffuseur.<\/li>\n<li>Les bouteilles peuvent \u00eatre personnalis\u00e9es en noir mat doux, une option rare sur le march\u00e9.<\/li>\n<li>Remplacez le bouchon standard par un bouchon en bois naturel ou en verre.<\/li>\n<\/ol>","protected":false},"excerpt":{"rendered":"<p>Diffuseur en verre de haute qualit\u00e9 avec b\u00e2tonnets et flacons diffuseurs vides. Id\u00e9al pour les commandes en gros, la personnalisation et les \u00e9chantillons gratuits pour votre entreprise.<\/p>","protected":false},"featured_media":4752,"template":"","meta":{"site-sidebar-layout":"default","site-content-layout":"","ast-site-content-layout":"default","site-content-style":"default","site-sidebar-style":"default","ast-global-header-display":"","ast-banner-title-visibility":"","ast-main-header-display":"","ast-hfb-above-header-display":"","ast-hfb-below-header-display":"","ast-hfb-mobile-header-display":"","site-post-title":"","ast-breadcrumbs-content":"","ast-featured-img":"","footer-sml-layout":"","theme-transparent-header-meta":"default","adv-header-id-meta":"","stick-header-meta":"","header-above-stick-meta":"","header-main-stick-meta":"","header-below-stick-meta":"","astra-migrate-meta-layouts":"set","ast-page-background-enabled":"default","ast-page-background-meta":{"desktop":{"background-color":"var(--ast-global-color-5)","background-image":"","background-repeat":"repeat","background-position":"center center","background-size":"auto","background-attachment":"scroll","background-type":"","background-media":"","overlay-type":"","overlay-color":"","overlay-opacity":"","overlay-gradient":""},"tablet":{"background-color":"","background-image":"","background-repeat":"repeat","background-position":"center center","background-size":"auto","background-attachment":"scroll","background-type":"","background-media":"","overlay-type":"","overlay-color":"","overlay-opacity":"","overlay-gradient":""},"mobile":{"background-color":"","background-image":"","background-repeat":"repeat","background-position":"center center","background-size":"auto","background-attachment":"scroll","background-type":"","background-media":"","overlay-type":"","overlay-color":"","overlay-opacity":"","overlay-gradient":""}},"ast-content-background-meta":{"desktop":{"background-color":"var(--ast-global-color-4)","background-image":"","background-repeat":"repeat","background-position":"center center","background-size":"auto","background-attachment":"scroll","background-type":"","background-media":"","overlay-type":"","overlay-color":"","overlay-opacity":"","overlay-gradient":""},"tablet":{"background-color":"var(--ast-global-color-4)","background-image":"","background-repeat":"repeat","background-position":"center center","background-size":"auto","background-attachment":"scroll","background-type":"","background-media":"","overlay-type":"","overlay-color":"","overlay-opacity":"","overlay-gradient":""},"mobile":{"background-color":"var(--ast-global-color-4)","background-image":"","background-repeat":"repeat","background-position":"center center","background-size":"auto","background-attachment":"scroll","background-type":"","background-media":"","overlay-type":"","overlay-color":"","overlay-opacity":"","overlay-gradient":""}}},"product_brand":[],"product_cat":[54],"product_tag":[],"class_list":{"0":"post-755","1":"product","2":"type-product","3":"status-publish","4":"has-post-thumbnail","6":"product_cat-reed-diffuser-bottles","7":"desktop-align-left","8":"tablet-align-left","9":"mobile-align-left","11":"first","12":"instock","13":"shipping-taxable","14":"product-type-simple"},"jetpack_sharing_enabled":true,"_links":{"self":[{"href":"https:\/\/mostebglass.com\/fr\/wp-json\/wp\/v2\/product\/755","targetHints":{"allow":["GET"]}}],"collection":[{"href":"https:\/\/mostebglass.com\/fr\/wp-json\/wp\/v2\/product"}],"about":[{"href":"https:\/\/mostebglass.com\/fr\/wp-json\/wp\/v2\/types\/product"}],"wp:featuredmedia":[{"embeddable":true,"href":"https:\/\/mostebglass.com\/fr\/wp-json\/wp\/v2\/media\/4752"}],"wp:attachment":[{"href":"https:\/\/mostebglass.com\/fr\/wp-json\/wp\/v2\/media?parent=755"}],"wp:term":[{"taxonomy":"product_brand","embeddable":true,"href":"https:\/\/mostebglass.com\/fr\/wp-json\/wp\/v2\/product_brand?post=755"},{"taxonomy":"product_cat","embeddable":true,"href":"https:\/\/mostebglass.com\/fr\/wp-json\/wp\/v2\/product_cat?post=755"},{"taxonomy":"product_tag","embeddable":true,"href":"https:\/\/mostebglass.com\/fr\/wp-json\/wp\/v2\/product_tag?post=755"}],"curies":[{"name":"wp","href":"https:\/\/api.w.org\/{rel}","templated":true}]}}