{"id":766,"date":"2025-08-22T10:26:40","date_gmt":"2025-08-22T02:26:40","guid":{"rendered":"https:\/\/mostebglass.com\/?post_type=product&#038;p=766"},"modified":"2026-03-03T14:08:27","modified_gmt":"2026-03-03T06:08:27","slug":"glass-round-votive-candle-holders-in-ball-style-bulk","status":"publish","type":"product","link":"https:\/\/mostebglass.com\/fr\/glass-round-votive-candle-holders-in-ball-style-bulk\/","title":{"rendered":"Bougeoirs votifs ronds en verre, style boule, en gros"},"content":{"rendered":"<p>Ce photophore rond en verre est d&#039;une transparence exceptionnelle gr\u00e2ce \u00e0 son excellente clart\u00e9 et sa surface lisse et polie qui met en valeur la flamme de la bougie. Sa base \u00e9paisse et robuste lui conf\u00e8re une grande durabilit\u00e9 et une excellente r\u00e9sistance \u00e0 la chaleur. Ses formes arrondies et son design ext\u00e9rieur incurv\u00e9 lui donnent une allure douce et moderne, tandis que son int\u00e9rieur profond maintient la cire fermement en place, \u00e9vitant ainsi tout d\u00e9bordement. Ceci permet un versement g\u00e9n\u00e9reux et un positionnement pr\u00e9cis de la m\u00e8che, id\u00e9al aussi bien pour les bougies coul\u00e9es \u00e0 la main que pour les bougies remplies \u00e0 la machine.<\/p>\n<h2>Caract\u00e9ristiques du produit<\/h2>\n<ul>\n<li><strong>Structure visuelle \u00e0 double couche\u00a0:<\/strong> La paroi arrondie et la coupe int\u00e9rieure donnent un effet particulier de profondeur, rappelant celle d&#039;un bocal \u00e0 poissons.<\/li>\n<li><strong>Grande ouverture de la bouche :<\/strong> La cire est facile \u00e0 verser, la m\u00e8che se centre facilement et le nettoyage est ais\u00e9.<\/li>\n<li><strong>Cavit\u00e9 interne profonde :<\/strong> R\u00e9duit les risques de d\u00e9bordement de la cire et maintient la cire fondue dans un r\u00e9cipient propre.<\/li>\n<\/ul>\n<h2>Sp\u00e9cifications cl\u00e9s<\/h2>\n<table style=\"border-collapse: collapse; width: 80%; margin-left: auto; margin-right: auto;\" border=\"0\" width=\"144\" cellspacing=\"0\" cellpadding=\"0\">\n<tbody>\n<tr style=\"height: 13.50pt;\">\n<td style=\"height: 13.5pt; width: 54pt; text-align: center;\" width=\"72\" height=\"18\">Fonctionnalit\u00e9<\/td>\n<td style=\"width: 54pt; text-align: center;\" width=\"72\">D\u00e9tails<\/td>\n<\/tr>\n<tr style=\"height: 13.50pt;\">\n<td style=\"height: 13.5pt; text-align: center;\" height=\"18\">Dimensions<\/td>\n<td style=\"text-align: center;\">68*25 mm<\/td>\n<\/tr>\n<tr style=\"height: 13.50pt;\">\n<td style=\"height: 13.5pt; text-align: center;\" height=\"18\">Material<\/td>\n<td style=\"text-align: center;\">Verre cristallin<\/td>\n<\/tr>\n<tr style=\"height: 13.50pt;\">\n<td style=\"height: 13.5pt; text-align: center;\" height=\"18\">Options de couleur<\/td>\n<td style=\"text-align: center;\">Clair, comme vous le souhaitez<\/td>\n<\/tr>\n<\/tbody>\n<\/table>\n<h2>Cas de r\u00e9ussite<\/h2>\n<p>Une marque de parfums d&#039;int\u00e9rieur du nord de l&#039;Italie, sp\u00e9cialis\u00e9e dans les bougies botaniques \u00e0 la cire de soja, a choisi de concevoir sur mesure notre bougeoir en verre en forme de bol. L&#039;ext\u00e9rieur d\u00e9poli du bougeoir met en valeur les fleurs s\u00e9ch\u00e9es incrust\u00e9es dans la cire, sublimant ainsi son design minimaliste d&#039;inspiration m\u00e9diterran\u00e9enne. La large base est orn\u00e9e d&#039;un d\u00e9licat motif de branches d&#039;olivier en relief, tandis que le logo de la marque est imprim\u00e9 en feuille d&#039;or mat sur le bord ext\u00e9rieur. Nous avons \u00e9galement command\u00e9 un couvercle cendrier sur mesure, grav\u00e9 au laser, qui s&#039;adapte parfaitement \u00e0 la large ouverture du bougeoir.<\/p>\n<p>Les retours clients indiquent que la qualit\u00e9 per\u00e7ue du produit a progress\u00e9 de 35 % lors des tests en magasin. On a \u00e9galement constat\u00e9 une hausse de 28 % du taux de r\u00e9achat du produit dans les deux mois suivant son lancement.<\/p>\n<h2>Id\u00e9es de personnalisation pour vous<\/h2>\n<ol>\n<li><strong>Effets de finition de surface :<\/strong> Finition givr\u00e9e, rev\u00eatement int\u00e9rieur pulv\u00e9ris\u00e9, rev\u00eatement ext\u00e9rieur mat ou \u00e9lectroplacage iris\u00e9 pour accentuer l&#039;effet visuel.<\/li>\n<li><strong>Gravure ou moulure de base :<\/strong> Logo de marque personnalis\u00e9 en relief ou fond \u00e0 motif profond pour identifier l\u00e9g\u00e8rement la marque.<\/li>\n<li><strong>Couvercle correspondant :<\/strong> Couvercle en verre, couvercle en bois, couvercle en bambou ou capuchon en m\u00e9tal adapt\u00e9 \u00e0 la structure \u00e0 large rebord.<\/li>\n<\/ol>","protected":false},"excerpt":{"rendered":"<p>Boostez vos ventes avec des photophores ronds\u00a0! Livraison gratuite sur les pots \u00e0 bougies en gros + mod\u00e8les de design exclusifs. Id\u00e9al pour les marques de bougies de luxe.<\/p>","protected":false},"featured_media":4575,"template":"","meta":{"site-sidebar-layout":"default","site-content-layout":"","ast-site-content-layout":"default","site-content-style":"default","site-sidebar-style":"default","ast-global-header-display":"","ast-banner-title-visibility":"","ast-main-header-display":"","ast-hfb-above-header-display":"","ast-hfb-below-header-display":"","ast-hfb-mobile-header-display":"","site-post-title":"","ast-breadcrumbs-content":"","ast-featured-img":"","footer-sml-layout":"","theme-transparent-header-meta":"default","adv-header-id-meta":"","stick-header-meta":"","header-above-stick-meta":"","header-main-stick-meta":"","header-below-stick-meta":"","astra-migrate-meta-layouts":"set","ast-page-background-enabled":"default","ast-page-background-meta":{"desktop":{"background-color":"var(--ast-global-color-5)","background-image":"","background-repeat":"repeat","background-position":"center center","background-size":"auto","background-attachment":"scroll","background-type":"","background-media":"","overlay-type":"","overlay-color":"","overlay-opacity":"","overlay-gradient":""},"tablet":{"background-color":"","background-image":"","background-repeat":"repeat","background-position":"center center","background-size":"auto","background-attachment":"scroll","background-type":"","background-media":"","overlay-type":"","overlay-color":"","overlay-opacity":"","overlay-gradient":""},"mobile":{"background-color":"","background-image":"","background-repeat":"repeat","background-position":"center center","background-size":"auto","background-attachment":"scroll","background-type":"","background-media":"","overlay-type":"","overlay-color":"","overlay-opacity":"","overlay-gradient":""}},"ast-content-background-meta":{"desktop":{"background-color":"var(--ast-global-color-4)","background-image":"","background-repeat":"repeat","background-position":"center center","background-size":"auto","background-attachment":"scroll","background-type":"","background-media":"","overlay-type":"","overlay-color":"","overlay-opacity":"","overlay-gradient":""},"tablet":{"background-color":"var(--ast-global-color-4)","background-image":"","background-repeat":"repeat","background-position":"center center","background-size":"auto","background-attachment":"scroll","background-type":"","background-media":"","overlay-type":"","overlay-color":"","overlay-opacity":"","overlay-gradient":""},"mobile":{"background-color":"var(--ast-global-color-4)","background-image":"","background-repeat":"repeat","background-position":"center center","background-size":"auto","background-attachment":"scroll","background-type":"","background-media":"","overlay-type":"","overlay-color":"","overlay-opacity":"","overlay-gradient":""}}},"product_brand":[],"product_cat":[28],"product_tag":[],"class_list":{"0":"post-766","1":"product","2":"type-product","3":"status-publish","4":"has-post-thumbnail","6":"product_cat-glass-candle-jars","7":"desktop-align-left","8":"tablet-align-left","9":"mobile-align-left","11":"first","12":"instock","13":"shipping-taxable","14":"product-type-simple"},"jetpack_sharing_enabled":true,"_links":{"self":[{"href":"https:\/\/mostebglass.com\/fr\/wp-json\/wp\/v2\/product\/766","targetHints":{"allow":["GET"]}}],"collection":[{"href":"https:\/\/mostebglass.com\/fr\/wp-json\/wp\/v2\/product"}],"about":[{"href":"https:\/\/mostebglass.com\/fr\/wp-json\/wp\/v2\/types\/product"}],"wp:featuredmedia":[{"embeddable":true,"href":"https:\/\/mostebglass.com\/fr\/wp-json\/wp\/v2\/media\/4575"}],"wp:attachment":[{"href":"https:\/\/mostebglass.com\/fr\/wp-json\/wp\/v2\/media?parent=766"}],"wp:term":[{"taxonomy":"product_brand","embeddable":true,"href":"https:\/\/mostebglass.com\/fr\/wp-json\/wp\/v2\/product_brand?post=766"},{"taxonomy":"product_cat","embeddable":true,"href":"https:\/\/mostebglass.com\/fr\/wp-json\/wp\/v2\/product_cat?post=766"},{"taxonomy":"product_tag","embeddable":true,"href":"https:\/\/mostebglass.com\/fr\/wp-json\/wp\/v2\/product_tag?post=766"}],"curies":[{"name":"wp","href":"https:\/\/api.w.org\/{rel}","templated":true}]}}