{"id":776,"date":"2025-08-22T10:46:08","date_gmt":"2025-08-22T02:46:08","guid":{"rendered":"https:\/\/mostebglass.com\/?post_type=product&#038;p=776"},"modified":"2026-03-19T15:14:25","modified_gmt":"2026-03-19T07:14:25","slug":"hanging-car-diffuser-bottles-with-diamond-glass-bulk","status":"publish","type":"product","link":"https:\/\/mostebglass.com\/fr\/hanging-car-diffuser-bottles-with-diamond-glass-bulk\/","title":{"rendered":"Flacons diffuseurs de voiture suspendus de 8 ml en verre diamant\u00e9 (vente en gros)"},"content":{"rendered":"<p>Ce diffuseur de voiture \u00e9l\u00e9gant se pr\u00e9sente dans un flacon en verre facett\u00e9 en forme de diamant, qui diffuse une lumi\u00e8re \u00e9clatante. Son format compact de 8 ml s&#039;int\u00e8gre parfaitement \u00e0 tous les v\u00e9hicules. Le bouchon en bois multicouche et la ficelle color\u00e9e ajoutent une touche d&#039;originalit\u00e9.<\/p>\n<h2>Caract\u00e9ristiques du produit<\/h2>\n<ul>\n<li>Flacon en forme de diamant : Le verre transparent cr\u00e9e un design unique et \u00e9l\u00e9gant en forme de diamant, vous permettant de voir clairement la quantit\u00e9 de parfum restante.<\/li>\n<li>Compact et portable : Son format compact prend un minimum de place, ce qui facilite son rangement dans votre voiture ou son accrochage \u00e0 votre bagage cabine.<\/li>\n<li>Comprend une lani\u00e8re\u00a0: Son design \u00e9l\u00e9gant et pratique vous permet d\u2019accrocher la lani\u00e8re et le capuchon en bois multicouche dans votre voiture ou sur votre sac.<\/li>\n<\/ul>\n<h2>Succ\u00e8s\u00a0: Comment une marque a renforc\u00e9 l\u2019attrait du commerce de d\u00e9tail<\/h2>\n<p>Auparavant, une marque vendait en ligne des diffuseurs en verre ordinaires et vides, mais les clients se plaignaient de leur aspect \u00ab bon march\u00e9 \u00bb. Nous les avons remplac\u00e9s par des flacons diffuseurs suspendus pour voiture, en verre vert for\u00eat personnalis\u00e9, avec un bouchon grav\u00e9 et une ficelle aux tons naturels.<\/p>\n<p>R\u00e9sultat\u00a0? Leur taux de conversion sur Amazon a bondi de 92\u00a0% en trois mois. Les d\u00e9taillants sont unanimes\u00a0: le produit est haut de gamme. Un acheteur a d\u00e9clar\u00e9\u00a0: \u00ab\u00a0On a l\u2019impression d\u2019avoir un article de luxe, pas un simple diffuseur de voiture.\u00a0\u00bb<\/p>\n<h2>Vous souhaitez personnaliser ce diffuseur de voiture ?<\/h2>\n<p>Ne vous contentez pas de l&#039;existant. Nous pouvons personnaliser chaque d\u00e9tail\u00a0:<\/p>\n<ul>\n<li>Cordon et perles\u00a0: Choisissez la couleur du cordon et le mat\u00e9riau des perles (bois, acrylique ou pierre) pour qu\u2019ils compl\u00e8tent la palette de couleurs de votre marque.<\/li>\n<li>Couleur de la bouteille\u00a0: Pour un effet en forme de bouclier ou de couleur unie en noir, bleu, ambre ou une teinte personnalis\u00e9e, des gla\u00e7ures en verre color\u00e9 peuvent \u00eatre utilis\u00e9es pour rehausser l\u2019attrait visuel.<\/li>\n<li>Format flexible\u00a0: Besoin d\u2019un \u00e9chantillon de 5\u00a0ml ou d\u2019un parfum longue dur\u00e9e de 10\u00a0ml\u00a0? Nous avons ce qu\u2019il vous faut.<\/li>\n<li>Logo et image de marque\u00a0: Pour une mise en valeur claire de votre marque, choisissez parmi les finitions d\u00e9polies\/sabl\u00e9es, s\u00e9rigraphi\u00e9es ou grav\u00e9es au laser.<\/li>\n<\/ul>\n<p>Ces flacons diffuseurs suspendus pour voiture ne sont pas seulement pratiques ; ce sont aussi des vendeurs silencieux.<\/p>","protected":false},"excerpt":{"rendered":"<p>Diffuseurs d&#039;ambiance haut de gamme pour voiture, disponibles en flacons et diffuseurs suspendus, en gros. Commandez en grande quantit\u00e9, personnalisez votre style et recevez des \u00e9chantillons gratuits d\u00e8s aujourd&#039;hui.<\/p>","protected":false},"featured_media":4822,"template":"","meta":{"site-sidebar-layout":"default","site-content-layout":"","ast-site-content-layout":"default","site-content-style":"default","site-sidebar-style":"default","ast-global-header-display":"","ast-banner-title-visibility":"","ast-main-header-display":"","ast-hfb-above-header-display":"","ast-hfb-below-header-display":"","ast-hfb-mobile-header-display":"","site-post-title":"","ast-breadcrumbs-content":"","ast-featured-img":"","footer-sml-layout":"","theme-transparent-header-meta":"default","adv-header-id-meta":"","stick-header-meta":"","header-above-stick-meta":"","header-main-stick-meta":"","header-below-stick-meta":"","astra-migrate-meta-layouts":"set","ast-page-background-enabled":"default","ast-page-background-meta":{"desktop":{"background-color":"var(--ast-global-color-5)","background-image":"","background-repeat":"repeat","background-position":"center center","background-size":"auto","background-attachment":"scroll","background-type":"","background-media":"","overlay-type":"","overlay-color":"","overlay-opacity":"","overlay-gradient":""},"tablet":{"background-color":"","background-image":"","background-repeat":"repeat","background-position":"center center","background-size":"auto","background-attachment":"scroll","background-type":"","background-media":"","overlay-type":"","overlay-color":"","overlay-opacity":"","overlay-gradient":""},"mobile":{"background-color":"","background-image":"","background-repeat":"repeat","background-position":"center center","background-size":"auto","background-attachment":"scroll","background-type":"","background-media":"","overlay-type":"","overlay-color":"","overlay-opacity":"","overlay-gradient":""}},"ast-content-background-meta":{"desktop":{"background-color":"var(--ast-global-color-4)","background-image":"","background-repeat":"repeat","background-position":"center center","background-size":"auto","background-attachment":"scroll","background-type":"","background-media":"","overlay-type":"","overlay-color":"","overlay-opacity":"","overlay-gradient":""},"tablet":{"background-color":"var(--ast-global-color-4)","background-image":"","background-repeat":"repeat","background-position":"center center","background-size":"auto","background-attachment":"scroll","background-type":"","background-media":"","overlay-type":"","overlay-color":"","overlay-opacity":"","overlay-gradient":""},"mobile":{"background-color":"var(--ast-global-color-4)","background-image":"","background-repeat":"repeat","background-position":"center center","background-size":"auto","background-attachment":"scroll","background-type":"","background-media":"","overlay-type":"","overlay-color":"","overlay-opacity":"","overlay-gradient":""}}},"product_brand":[],"product_cat":[54],"product_tag":[],"class_list":{"0":"post-776","1":"product","2":"type-product","3":"status-publish","4":"has-post-thumbnail","6":"product_cat-reed-diffuser-bottles","7":"desktop-align-left","8":"tablet-align-left","9":"mobile-align-left","11":"first","12":"instock","13":"shipping-taxable","14":"product-type-simple"},"jetpack_sharing_enabled":true,"_links":{"self":[{"href":"https:\/\/mostebglass.com\/fr\/wp-json\/wp\/v2\/product\/776","targetHints":{"allow":["GET"]}}],"collection":[{"href":"https:\/\/mostebglass.com\/fr\/wp-json\/wp\/v2\/product"}],"about":[{"href":"https:\/\/mostebglass.com\/fr\/wp-json\/wp\/v2\/types\/product"}],"wp:featuredmedia":[{"embeddable":true,"href":"https:\/\/mostebglass.com\/fr\/wp-json\/wp\/v2\/media\/4822"}],"wp:attachment":[{"href":"https:\/\/mostebglass.com\/fr\/wp-json\/wp\/v2\/media?parent=776"}],"wp:term":[{"taxonomy":"product_brand","embeddable":true,"href":"https:\/\/mostebglass.com\/fr\/wp-json\/wp\/v2\/product_brand?post=776"},{"taxonomy":"product_cat","embeddable":true,"href":"https:\/\/mostebglass.com\/fr\/wp-json\/wp\/v2\/product_cat?post=776"},{"taxonomy":"product_tag","embeddable":true,"href":"https:\/\/mostebglass.com\/fr\/wp-json\/wp\/v2\/product_tag?post=776"}],"curies":[{"name":"wp","href":"https:\/\/api.w.org\/{rel}","templated":true}]}}