{"id":788,"date":"2025-08-22T13:27:34","date_gmt":"2025-08-22T05:27:34","guid":{"rendered":"https:\/\/mostebglass.com\/?post_type=product&#038;p=788"},"modified":"2026-03-18T11:38:33","modified_gmt":"2026-03-18T03:38:33","slug":"hanging-empty-car-diffuser-bottles-with-wood-lids-wholesale","status":"publish","type":"product","link":"https:\/\/mostebglass.com\/fr\/hanging-empty-car-diffuser-bottles-with-wood-lids-wholesale\/","title":{"rendered":"Flacons diffuseurs de voiture vides de 10 ml \u00e0 suspendre, avec bouchons en bois (vente en gros)"},"content":{"rendered":"<p>Ce flacon diffuseur suspendu, sp\u00e9cialement con\u00e7u pour les voitures, est devenu un incontournable. Sa forme de cloche douce et arrondie offre des courbes harmonieuses et sans angles vifs. Fabriqu\u00e9 en verre de haute qualit\u00e9 avec une finition mate et douce, il pr\u00e9sente une surface d\u00e9polie qui lui conf\u00e8re une \u00e9l\u00e9gance sobre, et sa qualit\u00e9 est ind\u00e9niable.<\/p>\n<h2>Caract\u00e9ristiques du produit<\/h2>\n<ul>\n<li><strong>\u00c9l\u00e9gance en forme de cloche :<\/strong> Le diffuseur en verre lisse et rond d\u00e9gage une aura luxueuse, tandis que sa surface givr\u00e9e et mate refl\u00e8te d\u00e9licatement la lumi\u00e8re.<\/li>\n<li><strong>Texture frustr\u00e9e :<\/strong> Le verre d\u00e9poli conf\u00e8re une touche d&#039;\u00e9l\u00e9gance au diffuseur et semble r\u00e9sistant aux taches, presque aux empreintes digitales.<\/li>\n<li><strong>Compact et l\u00e9ger :<\/strong> Avec une capacit\u00e9 de 10 ml, il est facile \u00e0 compacter, \u00e0 transporter ou \u00e0 suspendre, et permet un gain de place.<\/li>\n<\/ul>\n<h2>Cas de r\u00e9ussite<\/h2>\n<p>Notre petit flacon rond de 10 ml de parfum d&#039;ambiance pour voiture a \u00e9t\u00e9 choisi par une marque allemande sp\u00e9cialis\u00e9e dans les accessoires automobiles. Lors de la personnalisation, le client a opt\u00e9 pour diff\u00e9rentes couleurs, comme l&#039;ambre, le rose, le bleu et le transparent, afin d&#039;harmoniser et de diff\u00e9rencier les diverses fragrances. De plus, le cordon de suspension a \u00e9t\u00e9 remplac\u00e9 par une lani\u00e8re plate en cuir tress\u00e9 aux extr\u00e9mit\u00e9s thermosoud\u00e9es. Enfin, le client a choisi d&#039;int\u00e9grer un micro-gaufrage sur le bouchon, avec un symbole \u00e0 la place du logo de la marque.<\/p>\n<p>Apr\u00e8s son lancement, la gamme de produits a enregistr\u00e9 une hausse de 44 % de ses ventes en ligne au cours des deux premiers mois suivant sa commercialisation. En seulement neuf mois, le client a pass\u00e9 cinq commandes de r\u00e9approvisionnement successives.<\/p>\n<h2>Vous souhaitez personnaliser votre exp\u00e9rience\u00a0? Commencez ici.<\/h2>\n<ul>\n<li>Couleur du flacon\u00a0: Optez pour un flacon transparent d\u00e9poli noir, vert sauge, bleu marine ou une palette de couleurs personnalis\u00e9e. Les couleurs mates rehaussent instantan\u00e9ment l\u2019\u00e9l\u00e9gance de votre diffuseur.<\/li>\n<li>Forme de la bouteille\u00a0: d\u00e9coupes g\u00e9om\u00e9triques telles que diamants, larme et hexagones (pour une r\u00e9flexion accrue de la lumi\u00e8re).<\/li>\n<li>Format id\u00e9al\u00a0: 10\u00a0ml, mais nous pouvons \u00e9galement fournir des formats allant jusqu\u2019\u00e0 8\u00a0ml ou 12\u00a0ml pour les \u00e9chantillons ou une utilisation \u00e0 long terme.<\/li>\n<li>Logo et image de marque\u00a0: Imprimez votre logo sur l\u2019emballage ou cr\u00e9ez une version sp\u00e9ciale pour les f\u00eates afin de renforcer la notori\u00e9t\u00e9 de votre marque.<\/li>\n<li>Doris et perles\u00a0: assortissez-les aux couleurs de votre marque. Utilisez du coton bio, des fils recycl\u00e9s ou m\u00eame des cordons en cuir pour un style affirm\u00e9.<\/li>\n<\/ul>","protected":false},"excerpt":{"rendered":"<p>Flacons diffuseurs suspendus haut de gamme et flacons diffuseurs vides pour voiture en gros. Commandez d\u00e8s maintenant pour b\u00e9n\u00e9ficier de prix comp\u00e9titifs, d&#039;une livraison rapide et d&#039;une garantie de qualit\u00e9.<\/p>","protected":false},"featured_media":4801,"template":"","meta":{"site-sidebar-layout":"default","site-content-layout":"","ast-site-content-layout":"default","site-content-style":"default","site-sidebar-style":"default","ast-global-header-display":"","ast-banner-title-visibility":"","ast-main-header-display":"","ast-hfb-above-header-display":"","ast-hfb-below-header-display":"","ast-hfb-mobile-header-display":"","site-post-title":"","ast-breadcrumbs-content":"","ast-featured-img":"","footer-sml-layout":"","theme-transparent-header-meta":"default","adv-header-id-meta":"","stick-header-meta":"","header-above-stick-meta":"","header-main-stick-meta":"","header-below-stick-meta":"","astra-migrate-meta-layouts":"set","ast-page-background-enabled":"default","ast-page-background-meta":{"desktop":{"background-color":"var(--ast-global-color-5)","background-image":"","background-repeat":"repeat","background-position":"center center","background-size":"auto","background-attachment":"scroll","background-type":"","background-media":"","overlay-type":"","overlay-color":"","overlay-opacity":"","overlay-gradient":""},"tablet":{"background-color":"","background-image":"","background-repeat":"repeat","background-position":"center center","background-size":"auto","background-attachment":"scroll","background-type":"","background-media":"","overlay-type":"","overlay-color":"","overlay-opacity":"","overlay-gradient":""},"mobile":{"background-color":"","background-image":"","background-repeat":"repeat","background-position":"center center","background-size":"auto","background-attachment":"scroll","background-type":"","background-media":"","overlay-type":"","overlay-color":"","overlay-opacity":"","overlay-gradient":""}},"ast-content-background-meta":{"desktop":{"background-color":"var(--ast-global-color-4)","background-image":"","background-repeat":"repeat","background-position":"center center","background-size":"auto","background-attachment":"scroll","background-type":"","background-media":"","overlay-type":"","overlay-color":"","overlay-opacity":"","overlay-gradient":""},"tablet":{"background-color":"var(--ast-global-color-4)","background-image":"","background-repeat":"repeat","background-position":"center center","background-size":"auto","background-attachment":"scroll","background-type":"","background-media":"","overlay-type":"","overlay-color":"","overlay-opacity":"","overlay-gradient":""},"mobile":{"background-color":"var(--ast-global-color-4)","background-image":"","background-repeat":"repeat","background-position":"center center","background-size":"auto","background-attachment":"scroll","background-type":"","background-media":"","overlay-type":"","overlay-color":"","overlay-opacity":"","overlay-gradient":""}}},"product_brand":[],"product_cat":[54],"product_tag":[],"class_list":{"0":"post-788","1":"product","2":"type-product","3":"status-publish","4":"has-post-thumbnail","6":"product_cat-reed-diffuser-bottles","7":"desktop-align-left","8":"tablet-align-left","9":"mobile-align-left","11":"first","12":"instock","13":"shipping-taxable","14":"product-type-simple"},"jetpack_sharing_enabled":true,"_links":{"self":[{"href":"https:\/\/mostebglass.com\/fr\/wp-json\/wp\/v2\/product\/788","targetHints":{"allow":["GET"]}}],"collection":[{"href":"https:\/\/mostebglass.com\/fr\/wp-json\/wp\/v2\/product"}],"about":[{"href":"https:\/\/mostebglass.com\/fr\/wp-json\/wp\/v2\/types\/product"}],"wp:featuredmedia":[{"embeddable":true,"href":"https:\/\/mostebglass.com\/fr\/wp-json\/wp\/v2\/media\/4801"}],"wp:attachment":[{"href":"https:\/\/mostebglass.com\/fr\/wp-json\/wp\/v2\/media?parent=788"}],"wp:term":[{"taxonomy":"product_brand","embeddable":true,"href":"https:\/\/mostebglass.com\/fr\/wp-json\/wp\/v2\/product_brand?post=788"},{"taxonomy":"product_cat","embeddable":true,"href":"https:\/\/mostebglass.com\/fr\/wp-json\/wp\/v2\/product_cat?post=788"},{"taxonomy":"product_tag","embeddable":true,"href":"https:\/\/mostebglass.com\/fr\/wp-json\/wp\/v2\/product_tag?post=788"}],"curies":[{"name":"wp","href":"https:\/\/api.w.org\/{rel}","templated":true}]}}