{"id":805,"date":"2025-08-22T17:00:16","date_gmt":"2025-08-22T09:00:16","guid":{"rendered":"https:\/\/mostebglass.com\/?post_type=product&#038;p=805"},"modified":"2026-03-16T16:09:15","modified_gmt":"2026-03-16T08:09:15","slug":"diffuser-glass-bottle-with-diamond-pattern-bulk","status":"publish","type":"product","link":"https:\/\/mostebglass.com\/fr\/diffuser-glass-bottle-with-diamond-pattern-bulk\/","title":{"rendered":"Flacon diffuseur en verre de 200 ml avec motif diamant (vente en gros)"},"content":{"rendered":"<p>Vous recherchez un flacon diffuseur \u00e9l\u00e9gant en verre\u00a0? Ce flacon en verre transparent arbore une forme arrondie et \u00e9pur\u00e9e. Orn\u00e9 d&#039;un d\u00e9licat motif en losanges, il poss\u00e8de un col \u00e9troit. Polyvalent, il r\u00e9pond \u00e0 tous vos besoins en aromath\u00e9rapie et convient parfaitement comme diffuseur \u00e0 b\u00e2tonnets ou pour la diffusion en grande quantit\u00e9.<\/p>\n<h2>Caract\u00e9ristiques du produit<\/h2>\n<ul>\n<li><strong>Forme classique :<\/strong> Son col \u00e9troit et \u00e9lanc\u00e9 cr\u00e9e une forme \u00e9l\u00e9gante et raffin\u00e9e qui s&#039;accorde avec diff\u00e9rents styles d&#039;aromath\u00e9rapie et est du plus bel effet en exposition.<\/li>\n<li><strong>Motif diamant textur\u00e9 :<\/strong> Le motif en losanges ajoute une touche de sophistication, faisant ressortir ces diffuseurs \u00e0 b\u00e2tonnets sur l&#039;\u00e9tag\u00e8re.<\/li>\n<li><strong>Verre de qualit\u00e9 sup\u00e9rieure\u00a0:<\/strong> Fabriqu\u00e9es en verre de haute qualit\u00e9, ces bouteilles de diffuseur sont durables et \u00e9l\u00e9gantes, et rehaussent tout emballage d&#039;aromath\u00e9rapie.<\/li>\n<\/ul>\n<h2>Histoires \u00e0 succ\u00e8s<\/h2>\n<p>Notre flacon diffuseur de 200 ml a \u00e9t\u00e9 choisi par une maison de parfumerie fran\u00e7aise pour son design \u00e0 la texture cristalline. Fabriqu\u00e9 en verre haute transparence, il est orn\u00e9 d&#039;une gravure en relief profonde et facett\u00e9e, con\u00e7ue pour optimiser la r\u00e9fraction de la lumi\u00e8re. Il est dot\u00e9 d&#039;un col en aluminium plaqu\u00e9 or et est fourni avec des tiges de diffusion en fibre noire. Le logo de la marque est s\u00e9rigraphi\u00e9 en blanc sur l&#039;\u00e9paule du flacon.<\/p>\n<p>Apr\u00e8s son lancement officiel, le produit a enregistr\u00e9 une croissance ph\u00e9nom\u00e9nale de ses ventes, avec une hausse de 38 % durant la saison. Par la suite, le client a pass\u00e9 cinq commandes group\u00e9es cons\u00e9cutives d\u00e8s la premi\u00e8re ann\u00e9e de commercialisation.<\/p>\n<h2>Envie de personnaliser\u00a0? Voici par o\u00f9 commencer.<\/h2>\n<ul>\n<li>Jeux de couleurs\u00a0: Passez du transparent au noir, au bleu ou \u00e0 des teintes personnalis\u00e9es.<\/li>\n<li>Styles de bouchons\u00a0: Choisissez entre le bois, le m\u00e9tal ou le bambou\u00a0\u2014 chacun offre une ambiance diff\u00e9rente.<\/li>\n<li>Ajustements de taille\u00a0: Bien que le format 200\u00a0ml soit tr\u00e8s appr\u00e9ci\u00e9, vous pouvez varier les contenances en grande quantit\u00e9 pour offrir plus de choix\u00a0: 100\u00a0ml pour les coffrets de voyage ou 300\u00a0ml pour une utilisation domestique plus importante. Proposez-les en assortiment pour optimiser vos ventes de diffuseurs.<\/li>\n<\/ul>\n<p>Ces flacons diffuseurs en vrac ne sont pas seulement fonctionnels. Ils constituent la premi\u00e8re impression que vous donnez de votre marque.<\/p>","protected":false},"excerpt":{"rendered":"<p>Flacons diffuseurs en vrac et flacons en verre pour diffuseurs, disponibles en gros. Qualit\u00e9 sup\u00e9rieure, personnalisables, remises sur volume pour votre entreprise.<\/p>","protected":false},"featured_media":4786,"template":"","meta":{"site-sidebar-layout":"default","site-content-layout":"","ast-site-content-layout":"default","site-content-style":"default","site-sidebar-style":"default","ast-global-header-display":"","ast-banner-title-visibility":"","ast-main-header-display":"","ast-hfb-above-header-display":"","ast-hfb-below-header-display":"","ast-hfb-mobile-header-display":"","site-post-title":"","ast-breadcrumbs-content":"","ast-featured-img":"","footer-sml-layout":"","theme-transparent-header-meta":"default","adv-header-id-meta":"","stick-header-meta":"","header-above-stick-meta":"","header-main-stick-meta":"","header-below-stick-meta":"","astra-migrate-meta-layouts":"set","ast-page-background-enabled":"default","ast-page-background-meta":{"desktop":{"background-color":"var(--ast-global-color-5)","background-image":"","background-repeat":"repeat","background-position":"center center","background-size":"auto","background-attachment":"scroll","background-type":"","background-media":"","overlay-type":"","overlay-color":"","overlay-opacity":"","overlay-gradient":""},"tablet":{"background-color":"","background-image":"","background-repeat":"repeat","background-position":"center center","background-size":"auto","background-attachment":"scroll","background-type":"","background-media":"","overlay-type":"","overlay-color":"","overlay-opacity":"","overlay-gradient":""},"mobile":{"background-color":"","background-image":"","background-repeat":"repeat","background-position":"center center","background-size":"auto","background-attachment":"scroll","background-type":"","background-media":"","overlay-type":"","overlay-color":"","overlay-opacity":"","overlay-gradient":""}},"ast-content-background-meta":{"desktop":{"background-color":"var(--ast-global-color-4)","background-image":"","background-repeat":"repeat","background-position":"center center","background-size":"auto","background-attachment":"scroll","background-type":"","background-media":"","overlay-type":"","overlay-color":"","overlay-opacity":"","overlay-gradient":""},"tablet":{"background-color":"var(--ast-global-color-4)","background-image":"","background-repeat":"repeat","background-position":"center center","background-size":"auto","background-attachment":"scroll","background-type":"","background-media":"","overlay-type":"","overlay-color":"","overlay-opacity":"","overlay-gradient":""},"mobile":{"background-color":"var(--ast-global-color-4)","background-image":"","background-repeat":"repeat","background-position":"center center","background-size":"auto","background-attachment":"scroll","background-type":"","background-media":"","overlay-type":"","overlay-color":"","overlay-opacity":"","overlay-gradient":""}}},"product_brand":[],"product_cat":[54],"product_tag":[],"class_list":{"0":"post-805","1":"product","2":"type-product","3":"status-publish","4":"has-post-thumbnail","6":"product_cat-reed-diffuser-bottles","7":"desktop-align-left","8":"tablet-align-left","9":"mobile-align-left","11":"first","12":"instock","13":"shipping-taxable","14":"product-type-simple"},"jetpack_sharing_enabled":true,"_links":{"self":[{"href":"https:\/\/mostebglass.com\/fr\/wp-json\/wp\/v2\/product\/805","targetHints":{"allow":["GET"]}}],"collection":[{"href":"https:\/\/mostebglass.com\/fr\/wp-json\/wp\/v2\/product"}],"about":[{"href":"https:\/\/mostebglass.com\/fr\/wp-json\/wp\/v2\/types\/product"}],"wp:featuredmedia":[{"embeddable":true,"href":"https:\/\/mostebglass.com\/fr\/wp-json\/wp\/v2\/media\/4786"}],"wp:attachment":[{"href":"https:\/\/mostebglass.com\/fr\/wp-json\/wp\/v2\/media?parent=805"}],"wp:term":[{"taxonomy":"product_brand","embeddable":true,"href":"https:\/\/mostebglass.com\/fr\/wp-json\/wp\/v2\/product_brand?post=805"},{"taxonomy":"product_cat","embeddable":true,"href":"https:\/\/mostebglass.com\/fr\/wp-json\/wp\/v2\/product_cat?post=805"},{"taxonomy":"product_tag","embeddable":true,"href":"https:\/\/mostebglass.com\/fr\/wp-json\/wp\/v2\/product_tag?post=805"}],"curies":[{"name":"wp","href":"https:\/\/api.w.org\/{rel}","templated":true}]}}